{"id":1845,"date":"2025-01-17T10:57:38","date_gmt":"2025-01-17T09:57:38","guid":{"rendered":"https:\/\/wp.unil.ch\/dinarr\/?page_id=1845"},"modified":"2025-02-26T15:33:05","modified_gmt":"2025-02-26T14:33:05","slug":"programme","status":"publish","type":"page","link":"https:\/\/wp.unil.ch\/dinarr\/programme\/","title":{"rendered":"Programme"},"content":{"rendered":"\n<p class=\"has-accent-color has-text-color has-link-color wp-elements-48708d2a2bd951f1da99930061a05e73\"><strong>Jeudi 6 mars, UNIL, b\u00e2timent Villanova<\/strong><\/p>\n\n\n\n<div class=\"wp-block-group is-layout-flex wp-block-group-is-layout-flex\">\n<p>9h00 &#8211; 9h30<\/p>\n\n\n\n<p><strong>Rapha\u00ebl Baroni<\/strong><\/p>\n\n\n\n<p class=\"wp-container-content-9cfa9a5a\"><em>Introduction<\/em><\/p>\n<\/div>\n\n\n\n<div class=\"wp-block-group is-layout-flex wp-container-core-group-is-layout-87ee99ac wp-block-group-is-layout-flex\">\n<p>9h30 &#8211; 10h15<\/p>\n\n\n\n<p><strong>Alain Rabatel<\/strong><\/p>\n\n\n\n<p><em>La th\u00e9orisation pragma-\u00e9nonciative du point de vue, sa m\u00e9thodologie et quelques aper\u00e7us de sa didactisation<\/em><\/p>\n<\/div>\n\n\n\n<div class=\"wp-block-group is-horizontal is-layout-flex wp-container-core-group-is-layout-ff9a1bb6 wp-block-group-is-layout-flex\">\n<div class=\"wp-block-group is-layout-flex wp-container-core-group-is-layout-87ee99ac wp-block-group-is-layout-flex\">\n<p>10h15 &#8211; 11h00<\/p>\n<\/div>\n\n\n\n<p><strong>Sylvie Patron<\/strong><\/p>\n\n\n\n<p><em>\u00ab&nbsp;Le narrateur&nbsp;\u00bb est aussi une narratrice. Entre narratologie savante et narratologie scolaire&nbsp;: un \u00e9clairage r\u00e9ciproque sur la question du narrateur et des modes de narration<\/em><\/p>\n<\/div>\n\n\n\n<div class=\"wp-block-group is-layout-flex wp-container-core-group-is-layout-87ee99ac wp-block-group-is-layout-flex\">\n<p class=\"has-accent-color has-text-color has-link-color wp-elements-52019b8bd654fa00bc3d416e86c2822c\">11h00 &#8211; 11h15<\/p>\n\n\n\n<p class=\"has-accent-color has-text-color has-link-color wp-elements-37cd4e8a4c2d5924687b6c703cc0cf49\"><strong>PAUSE<\/strong><\/p>\n<\/div>\n\n\n\n<div class=\"wp-block-group is-layout-flex wp-container-core-group-is-layout-87ee99ac wp-block-group-is-layout-flex\">\n<p>11h15 &#8211; 12h00<\/p>\n\n\n\n<p><strong>Arthur Br\u00fcgger<\/strong><\/p>\n\n\n\n<p><em>Pour un retour de la personne dans l\u2019analyse narratologique. Rouvrir la question de la voix narrative<\/em><\/p>\n<\/div>\n\n\n\n<div class=\"wp-block-group is-layout-flex wp-container-core-group-is-layout-87ee99ac wp-block-group-is-layout-flex\">\n<p>12h00 &#8211; 12h45<\/p>\n\n\n\n<p><strong>J\u00e9r\u00f4me Meizoz<\/strong><\/p>\n\n\n\n<p><em>Postures auctoriales. Que faire de l\u2019auteur dans l\u2019enseignement de la litt\u00e9rature ?<\/em><\/p>\n<\/div>\n\n\n\n<div class=\"wp-block-group is-layout-flex wp-container-core-group-is-layout-87ee99ac wp-block-group-is-layout-flex\">\n<p class=\"has-accent-color has-text-color has-link-color wp-elements-f6e795aa44f21817856d9ac9e6914189\">12h45 &#8211; 13h45<\/p>\n\n\n\n<p class=\"has-accent-color has-text-color has-link-color wp-elements-f120bd4cd1ee7e37a6aad4b137a589b0\"><strong>REPAS<\/strong><\/p>\n<\/div>\n\n\n\n<div class=\"wp-block-group is-layout-flex wp-block-group-is-layout-flex\">\n<p>13h45 &#8211; 14h30<\/p>\n\n\n\n<p><strong>Vincent Jouve<\/strong><\/p>\n\n\n\n<p><em>Le personnage comme support d\u2019identification<\/em><\/p>\n<\/div>\n\n\n\n<div class=\"wp-block-group is-layout-flex wp-container-core-group-is-layout-87ee99ac wp-block-group-is-layout-flex\">\n<p>14h30 &#8211; 15h15<\/p>\n\n\n\n<p><strong>Marc Marti<\/strong><\/p>\n\n\n\n<p><em>La m\u00e9talepse<\/em><\/p>\n<\/div>\n\n\n\n<div class=\"wp-block-group is-layout-flex wp-container-core-group-is-layout-87ee99ac wp-block-group-is-layout-flex\">\n<p class=\"has-accent-color has-text-color has-link-color wp-elements-5970d0389900c778b90354779f84acf0\">15h15 &#8211; 15h30<\/p>\n\n\n\n<p class=\"has-accent-color has-text-color has-link-color wp-elements-37cd4e8a4c2d5924687b6c703cc0cf49\"><strong>PAUSE<\/strong><\/p>\n<\/div>\n\n\n\n<div class=\"wp-block-group is-layout-flex wp-container-core-group-is-layout-87ee99ac wp-block-group-is-layout-flex\">\n<p>15h30 &#8211; 16h15<\/p>\n\n\n\n<p><strong>Marc Escola<\/strong><\/p>\n\n\n\n<p><em>De quelques usages (bien) r\u00e9els de textes (seulement) possibles<\/em><\/p>\n<\/div>\n\n\n\n<div class=\"wp-block-group is-nowrap is-layout-flex wp-container-core-group-is-layout-ad2f72ca wp-block-group-is-layout-flex\">\n<p>16h15 &#8211; 17h00<\/p>\n\n\n\n<p><strong>Aur\u00e9lien Maignant<\/strong><\/p>\n\n\n\n<p><em>La narration non-fiable<\/em><\/p>\n<\/div>\n\n\n\n<div style=\"height:50px\" aria-hidden=\"true\" class=\"wp-block-spacer\"><\/div>\n\n\n\n<p class=\"has-accent-color has-text-color has-link-color wp-elements-d7dcce52405a5b505db06b24a5dca852\"><strong>Vendredi 7 mars, HEP Vaud, salle C33-720<\/strong><\/p>\n\n\n\n<div class=\"wp-block-group is-layout-flex wp-container-core-group-is-layout-87ee99ac wp-block-group-is-layout-flex\">\n<p>9h00 &#8211; 9h45<\/p>\n\n\n\n<p><strong>Rapha\u00ebl Baroni<\/strong><\/p>\n\n\n\n<p><em>Polyphonie et valeurs: quand les textes se remettent \u00e0 parler<\/em><\/p>\n<\/div>\n\n\n\n<div class=\"wp-block-group is-layout-flex wp-container-core-group-is-layout-87ee99ac wp-block-group-is-layout-flex\">\n<p>9h45 &#8211; 10h30<\/p>\n\n\n\n<p><strong>J\u00e9r\u00f4me David<\/strong><\/p>\n\n\n\n<p><em>Le premier degr\u00e9 de la litt\u00e9rature<\/em><\/p>\n<\/div>\n\n\n\n<div class=\"wp-block-group is-layout-flex wp-container-core-group-is-layout-87ee99ac wp-block-group-is-layout-flex\">\n<p class=\"has-accent-color has-text-color has-link-color wp-elements-d53904e552b674c53c90bc482efaf789\">10h30 &#8211; 10h45<\/p>\n\n\n\n<p class=\"has-accent-color has-text-color has-link-color wp-elements-37cd4e8a4c2d5924687b6c703cc0cf49\"><strong>PAUSE<\/strong><\/p>\n<\/div>\n\n\n\n<div class=\"wp-block-group is-layout-flex wp-container-core-group-is-layout-87ee99ac wp-block-group-is-layout-flex\">\n<p>10h45 &#8211; 11h00<\/p>\n\n\n\n<p><strong>Vanessa Depallens &amp; Sonya Florey<\/strong><\/p>\n\n\n\n<p><em>Introduction<\/em><\/p>\n<\/div>\n\n\n\n<div class=\"wp-block-group is-layout-flex wp-container-core-group-is-layout-87ee99ac wp-block-group-is-layout-flex\">\n<p>11h00 &#8211; 11h30<\/p>\n\n\n\n<p><strong>Yves Renaud<\/strong><\/p>\n\n\n\n<p><em>\u00c9crire le point de vue interne<\/em><\/p>\n<\/div>\n\n\n\n<div class=\"wp-block-group is-layout-flex wp-container-core-group-is-layout-87ee99ac wp-block-group-is-layout-flex\">\n<p>11h30 &#8211; 12h00<\/p>\n\n\n\n<p><strong>L\u00e9o Bolliger<\/strong><\/p>\n\n\n\n<p><em>Un, deux, trois, partez ! Entame narrative dans treize nouvelles de C.F. Ramuz<\/em><\/p>\n<\/div>\n\n\n\n<div class=\"wp-block-group is-layout-flex wp-container-core-group-is-layout-87ee99ac wp-block-group-is-layout-flex\">\n<p>12h00 &#8211; 12h15<\/p>\n\n\n\n<p><strong>Discussion<\/strong><\/p>\n<\/div>\n\n\n\n<div class=\"wp-block-group is-layout-flex wp-container-core-group-is-layout-87ee99ac wp-block-group-is-layout-flex\">\n<p class=\"has-accent-color has-text-color has-link-color wp-elements-8802e268cab9be11ae7e14e4641c5c28\">12h15 &#8211; 13h30<\/p>\n\n\n\n<p class=\"has-accent-color has-text-color has-link-color wp-elements-f120bd4cd1ee7e37a6aad4b137a589b0\"><strong>REPAS<\/strong><\/p>\n<\/div>\n\n\n\n<div class=\"wp-block-group is-layout-flex wp-container-core-group-is-layout-87ee99ac wp-block-group-is-layout-flex\">\n<p>13h30 &#8211; 14h00<\/p>\n\n\n\n<p><strong>Vanessa Depallens<\/strong><\/p>\n\n\n\n<p><em>\u00c9crire une description r\u00e9ussie<\/em><\/p>\n<\/div>\n\n\n\n<div class=\"wp-block-group is-layout-flex wp-container-core-group-is-layout-87ee99ac wp-block-group-is-layout-flex\">\n<p>14h00 &#8211; 14h30<\/p>\n\n\n\n<p><strong>Marie B\u00e9guin &amp; Sonya Florey<\/strong><\/p>\n\n\n\n<p><em>Passion et sch\u00e9ma quinaire<\/em><\/p>\n<\/div>\n\n\n\n<div class=\"wp-block-group is-layout-flex wp-container-core-group-is-layout-87ee99ac wp-block-group-is-layout-flex\">\n<p>14h30 &#8211; 14h45<\/p>\n\n\n\n<p><strong>Discussion<\/strong><\/p>\n<\/div>\n\n\n\n<div class=\"wp-block-group is-layout-flex wp-container-core-group-is-layout-87ee99ac wp-block-group-is-layout-flex\">\n<p class=\"has-accent-color has-text-color has-link-color wp-elements-bb937f1201afd89de9f19a9bc5a4dc60\">14h45 &#8211; 15h00<\/p>\n\n\n\n<p class=\"has-accent-color has-text-color has-link-color wp-elements-37cd4e8a4c2d5924687b6c703cc0cf49\"><strong>PAUSE<\/strong><\/p>\n<\/div>\n\n\n\n<div class=\"wp-block-group is-layout-flex wp-container-core-group-is-layout-87ee99ac wp-block-group-is-layout-flex\">\n<p>15h00 &#8211; 15h30<\/p>\n\n\n\n<p><strong>Claire Detcheverry<\/strong><\/p>\n\n\n\n<p><em>Narratologie transm\u00e9diale<\/em><\/p>\n<\/div>\n\n\n\n<div class=\"wp-block-group is-layout-flex wp-container-core-group-is-layout-87ee99ac wp-block-group-is-layout-flex\">\n<p>15h30 &#8211; 16h00<\/p>\n\n\n\n<p><strong>Sandrine Aeby &amp; Gla\u00ecs Sales Cordeiro<\/strong><\/p>\n\n\n\n<p><em>Syst\u00e8me r\u00e9cit-personnages<\/em><\/p>\n<\/div>\n\n\n\n<div class=\"wp-block-group is-layout-flex wp-container-core-group-is-layout-87ee99ac wp-block-group-is-layout-flex\">\n<p>16h00 &#8211; 16h15<\/p>\n\n\n\n<p><strong>Discussion<\/strong><\/p>\n<\/div>\n\n\n\n<div class=\"wp-block-group is-layout-flex wp-container-core-group-is-layout-87ee99ac wp-block-group-is-layout-flex\">\n<p class=\"has-accent-color has-text-color has-link-color wp-elements-ff397b8519b8fe8d7133e6682d669791\">16h15 &#8211; 16h30<\/p>\n\n\n\n<p class=\"has-accent-color has-text-color has-link-color wp-elements-37cd4e8a4c2d5924687b6c703cc0cf49\"><strong>PAUSE<\/strong><\/p>\n<\/div>\n\n\n\n<div class=\"wp-block-group is-layout-flex wp-container-core-group-is-layout-87ee99ac wp-block-group-is-layout-flex\">\n<p>16h30 &#8211; 17h30<\/p>\n\n\n\n<p><strong>Table ronde<\/strong><\/p>\n\n\n\n<p>Nathalie Denizot, Chlo\u00e9 Gabathuler, Jean-Louis Dufays &amp; Jean-Fran\u00e7ois Boutin<\/p>\n<\/div>\n","protected":false},"excerpt":{"rendered":"<p>Jeudi 6 mars, UNIL, b\u00e2timent Villanova 9h00 &#8211; 9h30 Rapha\u00ebl Baroni Introduction 9h30 &#8211; 10h15 Alain Rabatel La th\u00e9orisation pragma-\u00e9nonciative du point de vue, sa m\u00e9thodologie et quelques&hellip;<\/p>\n","protected":false},"author":1002371,"featured_media":0,"parent":0,"menu_order":0,"comment_status":"closed","ping_status":"closed","template":"template-full-width.php","meta":{"_seopress_robots_primary_cat":"","_seopress_titles_title":"","_seopress_titles_desc":"","_seopress_robots_index":"","footnotes":""},"class_list":["post-1845","page","type-page","status-publish","has-post-thumbnail"],"_links":{"self":[{"href":"https:\/\/wp.unil.ch\/dinarr\/wp-json\/wp\/v2\/pages\/1845","targetHints":{"allow":["GET"]}}],"collection":[{"href":"https:\/\/wp.unil.ch\/dinarr\/wp-json\/wp\/v2\/pages"}],"about":[{"href":"https:\/\/wp.unil.ch\/dinarr\/wp-json\/wp\/v2\/types\/page"}],"author":[{"embeddable":true,"href":"https:\/\/wp.unil.ch\/dinarr\/wp-json\/wp\/v2\/users\/1002371"}],"replies":[{"embeddable":true,"href":"https:\/\/wp.unil.ch\/dinarr\/wp-json\/wp\/v2\/comments?post=1845"}],"version-history":[{"count":5,"href":"https:\/\/wp.unil.ch\/dinarr\/wp-json\/wp\/v2\/pages\/1845\/revisions"}],"predecessor-version":[{"id":1983,"href":"https:\/\/wp.unil.ch\/dinarr\/wp-json\/wp\/v2\/pages\/1845\/revisions\/1983"}],"wp:attachment":[{"href":"https:\/\/wp.unil.ch\/dinarr\/wp-json\/wp\/v2\/media?parent=1845"}],"curies":[{"name":"wp","href":"https:\/\/api.w.org\/{rel}","templated":true}]}}