{"id":1694,"date":"2024-09-30T14:31:56","date_gmt":"2024-09-30T12:31:56","guid":{"rendered":"https:\/\/wp.unil.ch\/dinarr\/?page_id=1694"},"modified":"2026-04-07T17:06:46","modified_gmt":"2026-04-07T15:06:46","slug":"interventions","status":"publish","type":"page","link":"https:\/\/wp.unil.ch\/dinarr\/interventions\/","title":{"rendered":"CONF\u00c9RENCES ET FORMATIONS"},"content":{"rendered":"\n<h3 class=\"wp-block-heading\">Conf\u00e9rences<\/h3>\n\n\n\n<p>2026\u00a0: Conf\u00e9rence de Rapha\u00ebl Baroni \u00ab\u00a0Narratologie et enseignement du fran\u00e7ais\u00a0\u00bb \u00e0 la journ\u00e9e d\u2019\u00e9tude\u00a0<em>Didactiques en discussion\u00a0: questions vives et regards crois\u00e9s en didactique du FL1, du FLES et des langues anciennes<\/em>, Universit\u00e9 de Li\u00e8ge, 16 janvier<\/p>\n\n\n\n<p>2025\u00a0: Conf\u00e9rence de Rapha\u00ebl Baroni \u00ab\u00a0Quel outillage narratologique mobiliser \u00e0 l\u2019\u00e9chelle d\u2019une lecture int\u00e9grale\u00a0?\u00a0\u00bb au colloque international de didactique de la litt\u00e9rature, <em>Lire des \u0153uvres int\u00e9grales de l&rsquo;\u00e9cole \u00e0 l&rsquo;universit\u00e9<\/em>, Bordeaux, 22-23 mai.<\/p>\n\n\n\n<p>2025: Conf\u00e9rence de Rapha\u00ebl Baroni \u00ab\u00a0<a href=\"https:\/\/www.college-de-france.fr\/fr\/agenda\/seminaire\/comment-lire-suite\/valeurs-litteraires-et-polyphonie-quand-les-textes-se-remettent-parler\">Valeurs litt\u00e9raires et polyphonie: quand les textes se remettent \u00e0 parler<\/a>\u00a0\u00bb sans le s\u00e9minaire <em>Comment lire?<\/em> au Coll\u00e8ge de France, Paris, 11 f\u00e9vrier.<\/p>\n\n\n\n<p>2025&nbsp;: Conf\u00e9rence de Rapha\u00ebl Baroni \u00ab&nbsp;Les sp\u00e9cificit\u00e9s m\u00e9diatiques des r\u00e9cits en bande dessin\u00e9e&nbsp;: la mise en espace du temps&nbsp;\u00bb au colloque du PREAC, Angoul\u00eame, 27 janvier.<\/p>\n\n\n\n<p>2024&nbsp;: Conf\u00e9rence de Rapha\u00ebl Baroni \u00ab&nbsp;Le partage des voix de l\u2019auteur, du narrateur et du personnage&nbsp;: les enjeux \u00e9thiques de la polyphonie romanesque&nbsp;\u00bb au colloque <em>Comment lire aujourd\u2019hui&nbsp;? Mutations des pratiques acad\u00e9miques en critique et th\u00e9orie litt\u00e9raires (2000-2020)<\/em>, Saint-Etienne, 12 d\u00e9cembre.<\/p>\n\n\n\n<p>2024&nbsp;: Conf\u00e9rence de Rapha\u00ebl Baroni et Claire Detcheverry \u00ab&nbsp;Sur la pertinence de la narratologie transm\u00e9diale pour la lecture d\u2019albums jeunesse au primaire&nbsp;\u00bb au colloque <em>Enseigner toutes les litt\u00e9ratures<\/em>, 25<sup>e<\/sup> rencontres des chercheurs et chercheuses en didactique de la litt\u00e9rature, Paris, 18 octobre.<\/p>\n\n\n\n<p>2024&nbsp;: Conf\u00e9rence de Rapha\u00ebl Baroni \u00ab&nbsp;Profondeur temporelle et rythme du r\u00e9cit&nbsp;: du mod\u00e8le genettien aux approches exp\u00e9rientielles de la temporalit\u00e9&nbsp;\u00bb au symposium du RRENAB, S\u00e8te, 6 juin.<\/p>\n\n\n\n<p>2024 : Conf\u00e9rence de Luc Mahieu \u00ab Le rapport des enseignant\u00b7es \u00e0 la th\u00e9orie du r\u00e9cit \/ \u00e0 la narratologie : entre m\u00e9fiance techniciste et s\u00e9duction de la boite \u00e0 outils \u00bb \u00e0 la journ\u00e9e d\u2019\u00e9tude de la FDi, Facult\u00e9 des lettres, <em>Recherches en Sciences humaines&nbsp;: quels rapports au savoir, \u00e0 l&rsquo;\u00e9crit et \u00e0 la lecture&nbsp;?<\/em>, Lausanne, 16 mai.<\/p>\n\n\n\n<p>2024&nbsp;: Conf\u00e9rence de Rapha\u00ebl Baroni \u00ab&nbsp;Narratology at School&nbsp;: Theory, Applications and Implications&nbsp;\u00bb au colloque <em>Narrative Conference 2024<\/em> de l&rsquo;International Society for the Study of Narrative, Newcastle, 19 avril.<\/p>\n\n\n\n<p>2024&nbsp;: Conf\u00e9rence de Rapha\u00ebl Baroni avec Claire Detcheverry \u00ab&nbsp;Sur la pertinence de la narratologie transm\u00e9diale pour la lecture d\u2019albums jeunesse au primaire&nbsp;\u00bb \u00e0 la journ\u00e9e d\u2019\u00e9tude de l\u2019AIRDF, <em>Les supports composites, comment \u00e7a marche&nbsp;?<\/em>, Gen\u00e8ve, 24 janvier.<\/p>\n\n\n\n<p>2023&nbsp;: Conf\u00e9rence de Rapha\u00ebl Baroni \u00ab&nbsp;Comment la narratologie transm\u00e9diale peut-elle contribuer \u00e0 la d\u00e9fense des \u00e9tudes litt\u00e9raires&nbsp;?&nbsp;\u00bb \u00e0 la journ\u00e9e d\u2019\u00e9tude CUSO <em>Le devenir des \u00e9tudes en litt\u00e9rature au d\u00e9fi d\u2019une transmission interm\u00e9diale<\/em>, Lausanne, 3 novembre.<\/p>\n\n\n\n<p>2023 : Conf\u00e9rence de Luc Mahieu \u00ab La narratologie dans les classes, une fiction \u00e0 objectiver? Enqu\u00eate sur les pratiques enseignantes au secondaire&nbsp;(Belgique, France, Qu\u00e9bec, Suisse) \u00bb&nbsp;aux XXIVe Rencontres des chercheurs et chercheuses en didactique de la litt\u00e9rature<br><em>Les territoires de la fiction de l\u2019\u00e9cole \u00e0 l\u2019universit\u00e9<\/em>, Paris, 25 octobre.<\/p>\n\n\n\n<p>2023&nbsp;: Conf\u00e9rence de Rapha\u00ebl Baroni \u00ab&nbsp;Pourquoi et comment enseigner les cultures m\u00e9diatiques&nbsp;? L\u2019exemple du chapitrage et de la mise en page de la bande dessin\u00e9e&nbsp;\u00bb aux deuxi\u00e8mes assises de la recherche en cultures populaires et m\u00e9diatiques, LPCM, Paris, 12 au 14 octobre.<\/p>\n\n\n\n<p>2023 : Communication de Luc Mahieu \u00ab&nbsp;Quelle place pour la th\u00e9orie du r\u00e9cit dans l&rsquo;enseignement du fran\u00e7ais ? Enqu\u00eate sur les pratiques enseignantes au secondaire&nbsp;(Belgique, France, Qu\u00e9bec, Suisse) \u00bb \u00e0 la journ\u00e9e d\u2019\u00e9tude de l&rsquo;\u00c9cole doctorale en didactiques des disciplines, Li\u00e8ge, 3 juin.<\/p>\n\n\n\n<p>2023 : Communication de Luc Mahieu \u00ab&nbsp;Formes litt\u00e9raires \u00e9mergentes \u00e0 l&rsquo;\u00e9cole. Enqu\u00eate sur les pratiques d\u00e9clar\u00e9es (et \u00e9clat\u00e9es&nbsp;?) \u00bb&nbsp;au secondaire et au coll\u00e9gial qu\u00e9b\u00e9cois \u00bb au troisi\u00e8me colloque international, <em>L\u2019enseignement de la litt\u00e9rature avec le num\u00e9rique<\/em>, Montr\u00e9al, 11 mai.<\/p>\n\n\n\n<p>2023&nbsp;: Conf\u00e9rence de Rapha\u00ebl Baroni \u00ab&nbsp;La litt\u00e9rature num\u00e9rique n\u2019existe pas&nbsp;: c\u2019est le jeu vid\u00e9o&nbsp;!&nbsp;\u00bb au troisi\u00e8me colloque international, <em>L\u2019enseignement de la litt\u00e9rature avec le num\u00e9rique<\/em>, Montr\u00e9al, 10 mai.<\/p>\n\n\n\n<p>2023&nbsp;: Conf\u00e9rence de Rapha\u00ebl Baroni \u00ab&nbsp;Enseigner les sp\u00e9cificit\u00e9s m\u00e9diatiques de la bande dessin\u00e9e&nbsp;: pourquoi et comment faire&nbsp;?&nbsp;\u00bb au rendez-vous des lettres de l\u2019\u00e9ducation nationale et de la Jeunesse <em>Lire, voir, cr\u00e9er en classe de fran\u00e7ais&nbsp;: l\u2019interpr\u00e9tation en tous sens,<\/em> Paris, 4 avril.<\/p>\n\n\n\n<p>2023 : Communication de Luc Mahieu \u00ab Quelles ressources des enseignant\u00b7es pour quelle boite \u00e0 outil narratologique ? \u00bb au s\u00e9minaire<em>  Les ressources des enseignant\u00b7e\u00b7s<\/em>, S\u00e9minaire GIS RREEFOR, Sorbonne Universit\u00e9 &#8211; Insp\u00e9 de Paris, 23 mars.<\/p>\n\n\n\n<p>2022&nbsp;: Conf\u00e9rence pl\u00e9ni\u00e8re de Rapha\u00ebl Baroni \u00ab&nbsp;Pourquoi l\u2019intrigue continue-t-elle de pr\u00e9valoir sur le monde dans les r\u00e9cits transm\u00e9diatiques&nbsp;?&nbsp;\u00bb au colloque international <em>La litt\u00e9rature num\u00e9rique<\/em>, laboratoire SEPRADIS de l\u2019Universit\u00e9 de Biskra, Alg\u00e9rie, 5 d\u00e9cembre.<\/p>\n\n\n\n<p>2022: Conf\u00e9rence de Luc Mahieu \u00ab Quels outils pour quelle \u00e9valuation ? Pratiques d\u00e9clar\u00e9es d\u2019\u00e9valuation des comp\u00e9tences d\u2019analyse litt\u00e9raire (Belgique, France, Qu\u00e9bec, Suisse)\u00bb au colloque DIDACTifen, Li\u00e8ge, 7 juillet.<\/p>\n\n\n\n<p>2022&nbsp;: Conf\u00e9rence de Rapha\u00ebl Baroni, Luc Mahieu, Fiona Moreno et Gaspard Turin \u00ab&nbsp;De l\u2019art d\u2019accommoder les restes. Que faire des r\u00e9sultats pr\u00e9liminaires d\u2019une recherche dans sa phase pilote&nbsp;?&nbsp;\u00bb au 15<sup>e<\/sup> colloque de l\u2019AIRDF, <em>Les recherches en didactique du fran\u00e7ais&nbsp;: nos r\u00e9sultats en question(s)<\/em>, Louvain-la-Neuve, du 23 au 25 mai.<\/p>\n\n\n\n<h3 class=\"wp-block-heading\">Formations continues<\/h3>\n\n\n\n<p><strong>2024<\/strong><\/p>\n\n\n\n<p>23-LFR-187&nbsp;: \u00ab&nbsp;Nouveaux outils de la narratologie&nbsp;: narrateur, focalisation, point de vue et narrations contemporaines&nbsp;\u00bb pour la HEP-Vaud, 15 mars, Rapha\u00ebl Baroni &amp; Gaspard Turin.<\/p>\n\n\n\n<p>\u00ab&nbsp;Pour une th\u00e9orie du r\u00e9cit au service de l\u2019enseignement&nbsp;\u00bb pour le D\u00e9partement de surintendance aux \u00e9coles de l\u2019Assessorat \u00e0 l\u2019\u00e9ducation de la R\u00e9gion autonome Vall\u00e9e d\u2019Aoste en Italie, 22 mars, Rapha\u00ebl Baroni.<\/p>\n\n\n\n<p>23_12P_300_FRA&nbsp;: \u00ab&nbsp;Quels outils pour l\u2019enseignement de la bande dessin\u00e9e \u00e0 l\u2019\u00e9cole&nbsp;?&nbsp;\u00bb \u00e0 l\u2019UER en didactique du fran\u00e7ais de la HEP-BEJUNE, \u00e0 Bienne, 30 avril, Rapha\u00ebl Baroni.<\/p>\n\n\n\n<p><strong>???<\/strong>&nbsp;: \u00ab&nbsp;Y a-t-il un chef d\u2019orchestre \u00e0 la polyphonie ? R\u00e9flexions sur des textes de D. Haraway, D. Infante, N. Martin, O. Rosenthal, A. Volodine, V. Despret&nbsp;\u00bb, <strong>date<\/strong>, Gaspard Turin.<\/p>\n\n\n\n<p><strong>2023<\/strong>&nbsp;&nbsp;&nbsp;&nbsp;&nbsp;&nbsp;&nbsp;&nbsp;&nbsp;&nbsp;&nbsp;&nbsp;&nbsp;&nbsp;&nbsp;&nbsp;&nbsp;&nbsp;&nbsp;&nbsp;&nbsp;&nbsp;&nbsp;&nbsp;&nbsp; <\/p>\n\n\n\n<p>22-LFR-187&nbsp;: \u00ab&nbsp;Nouveaux outils de la narratologie&nbsp;: s\u00e9quence, intrigue, temps&nbsp;\u00bb, pour la HEP-Vaud, 17 mars, Rapha\u00ebl Baroni &amp; Gaspard Turin.<\/p>\n\n\n\n<p>\u00ab&nbsp;Pour une th\u00e9orie du r\u00e9cit au service de l\u2019enseignement&nbsp;\u00bb pour l\u2019UER en didactique du fran\u00e7ais de la HEP-Vaud, Lausanne, 10 mars, Rapha\u00ebl Baroni<\/p>\n\n\n\n<p><strong>2022<\/strong>&nbsp;&nbsp;&nbsp;&nbsp;&nbsp;&nbsp;&nbsp;&nbsp;&nbsp;&nbsp;&nbsp;&nbsp;&nbsp;&nbsp;&nbsp;&nbsp;&nbsp;&nbsp;&nbsp;&nbsp;&nbsp;&nbsp;&nbsp;&nbsp;&nbsp; <\/p>\n\n\n\n<p>21-LFR-187&nbsp;: \u00ab&nbsp;Nouveaux outils de la narratologie&nbsp;: perspective, focalisation et point de vue&nbsp;\u00bb (18 mars), Rapha\u00ebl Baroni &amp; Gaspard Turin.<\/p>\n","protected":false},"excerpt":{"rendered":"<p>Conf\u00e9rences 2026\u00a0: Conf\u00e9rence de Rapha\u00ebl Baroni \u00ab\u00a0Narratologie et enseignement du fran\u00e7ais\u00a0\u00bb \u00e0 la journ\u00e9e d\u2019\u00e9tude\u00a0Didactiques en discussion\u00a0: questions vives et regards crois\u00e9s en didactique du FL1, du FLES&hellip;<\/p>\n","protected":false},"author":1002371,"featured_media":0,"parent":0,"menu_order":0,"comment_status":"closed","ping_status":"closed","template":"template-full-width.php","meta":{"_seopress_robots_primary_cat":"","_seopress_titles_title":"","_seopress_titles_desc":"","_seopress_robots_index":"","footnotes":""},"class_list":["post-1694","page","type-page","status-publish","has-post-thumbnail"],"_links":{"self":[{"href":"https:\/\/wp.unil.ch\/dinarr\/wp-json\/wp\/v2\/pages\/1694","targetHints":{"allow":["GET"]}}],"collection":[{"href":"https:\/\/wp.unil.ch\/dinarr\/wp-json\/wp\/v2\/pages"}],"about":[{"href":"https:\/\/wp.unil.ch\/dinarr\/wp-json\/wp\/v2\/types\/page"}],"author":[{"embeddable":true,"href":"https:\/\/wp.unil.ch\/dinarr\/wp-json\/wp\/v2\/users\/1002371"}],"replies":[{"embeddable":true,"href":"https:\/\/wp.unil.ch\/dinarr\/wp-json\/wp\/v2\/comments?post=1694"}],"version-history":[{"count":5,"href":"https:\/\/wp.unil.ch\/dinarr\/wp-json\/wp\/v2\/pages\/1694\/revisions"}],"predecessor-version":[{"id":2163,"href":"https:\/\/wp.unil.ch\/dinarr\/wp-json\/wp\/v2\/pages\/1694\/revisions\/2163"}],"wp:attachment":[{"href":"https:\/\/wp.unil.ch\/dinarr\/wp-json\/wp\/v2\/media?parent=1694"}],"curies":[{"name":"wp","href":"https:\/\/api.w.org\/{rel}","templated":true}]}}