{"id":1685,"date":"2024-09-30T14:18:49","date_gmt":"2024-09-30T12:18:49","guid":{"rendered":"https:\/\/wp.unil.ch\/dinarr\/?page_id=1685"},"modified":"2024-09-30T14:24:23","modified_gmt":"2024-09-30T12:24:23","slug":"journees-detude-2023","status":"publish","type":"page","link":"https:\/\/wp.unil.ch\/dinarr\/journees-detude-2023\/","title":{"rendered":"JOURN\u00c9ES D&rsquo;\u00c9TUDE 2023"},"content":{"rendered":"\n<p>Les contenus de ces journ\u00e9es d&rsquo;\u00e9tudes, organis\u00e9es par le DiNarr dans le cadre du projet FNS \u00ab\u00a0Pour une th\u00e9orie du r\u00e9cit au service de l\u2019enseignement\u00a0\u00bb (FNS n\u00b0 197612), ont \u00e9t\u00e9 publi\u00e9es dans la revue <a href=\"https:\/\/www.transpositio.org\/categories\/view\/n-6-les-outils-narratologiques-pour-l-enseignement-du-francais-bilan-et-perspectives\">Transpositio<\/a>.<\/p>\n\n\n\n<p>On trouvera ci-dessous le programme de ces journ\u00e9es ainsi que leurs principaux objectifs. Lors de ces journ\u00e9es, ses participant\u00b7e\u00b7s ont \u00e9t\u00e9 amen\u00e9\u00b7e\u00b7s \u00e0\u00a0:\u00a0<\/p>\n\n\n\n<ul class=\"wp-block-list\">\n<li>partager leur point de vue concernant la situation actuelle et l\u2019\u00e9volution souhaitable de l\u2019outillage narratologique dans l\u2019enseignement du fran\u00e7ais ;<\/li>\n\n\n\n<li>r\u00e9agir aux t\u00e9moignages des acteur\u00b7rice\u00b7s de la scolarisation de la narratologie&nbsp;: Jean-Paul Bronckart, Jean-Michel Adam et Fran\u00e7oise Revaz, Andr\u00e9 Petitjean, Yves Reuter, Claude Simard, Jean-Louis Dumortier (ainsi que la synth\u00e8se de ces t\u00e9moignages par de Luc Mahieu) ;<\/li>\n\n\n\n<li>commenter les r\u00e9sultats de l\u2019enqu\u00eate de terrain men\u00e9e par Luc Mahieu (questionnaires en ligne) en les mettant en rapport avec les diff\u00e9rentes politiques \u00e9ducatives ou les traditions culturelles permettant d\u2019expliquer les variations observ\u00e9es&nbsp;;<\/li>\n\n\n\n<li>\u00e9valuer l\u2019ergonomie et la valeur didactique du site DiNarr, qui doit constituer une vitrine du projet ainsi qu&rsquo;une ressource pour les enseignant\u00b7e\u00b7s du secondaire 1 et 2 (coll\u00e8ge et lyc\u00e9e), \u00e9ventuellement aussi pour les \u00e9l\u00e8ves.<\/li>\n<\/ul>\n\n\n\n<h2 class=\"wp-block-heading\">Programme<\/h2>\n\n\n\n<h3 class=\"wp-block-heading\"><strong>Jeudi 6 juillet<\/strong> &#8211; <strong>salle Anthropole 2128<\/strong> <\/h3>\n\n\n\n<p>9h00 &#8211; <strong>Introduction (R. Baroni)<br><\/strong>\u00c9tat des lieux d\u2019une recherche arriv\u00e9e \u00e0 mi-temps<\/p>\n\n\n\n<p>9h30 &#8211; <strong>T\u00e9moignages des acteurs de la scolarisation de la narratologie<\/strong> <strong>(L. Mahieu)<\/strong><\/p>\n\n\n\n<p>10h30 &#8211; Pause<\/p>\n\n\n\n<p>11h00 &#8211; <strong>Enqu\u00eate de terrain<\/strong> <strong>(L. Mahieu)<\/strong><\/p>\n\n\n\n<p>12h30 &#8211; Repas \u00e0 G\u00e9opolis<\/p>\n\n\n\n<p>14h00 &#8211; <strong>Pr\u00e9sentation du site DiNarr<\/strong> <strong>(G. Turin)<\/strong><\/p>\n\n\n\n<p>15h00 &#8211; <strong>Pour une th\u00e9orie du r\u00e9cit au service de l\u2019enseignement. Perspective, focalisation et point de vue (R. Baroni)<\/strong><br><br>15h45 &#8211; Pause<\/p>\n\n\n\n<p>16h15 &#8211; <strong>Du scepticisme \u00e0 l\u2019optimisme&nbsp;: penser les contenus d\u2019enseignement<span style=\"font-size: medium\"><\/span> (B. Daunay)<\/strong><\/p>\n\n\n\n<p>17h00&nbsp;&#8211; <strong>L\u2019aventure scolaire de la narratologie (<\/strong><span style=\"font-size: medium\"><\/span><strong>N. Denizot<\/strong>)<\/p>\n\n\n\n<p>19h00 &#8211; Repas (Brasserie de Montbenon)<\/p>\n\n\n\n<h3 class=\"wp-block-heading\"><strong>Vendredi 7 juillet<\/strong><\/h3>\n\n\n\n<p>9h00 &#8211; <strong>Situation et perspectives de l\u2019\u00e9tude du r\u00e9cit dans les classes de fran\u00e7ais aujourd\u2019hui (<\/strong><span style=\"font-size: medium\"><\/span><strong>J.-L. Dufays<\/strong>)<\/p>\n\n\n\n<p>9h45 &#8211; <strong>Du fil d\u2019Ariane&nbsp;: actualisations en didactique de la fiction narrative (<\/strong><span style=\"font-size: medium\"><\/span><strong>J.-F. Boutin<\/strong>)<\/p>\n\n\n\n<p>10h30 &#8211; Pause<\/p>\n\n\n\n<p>11h00 &#8211; <strong>Des \u00e9motions dans l&rsquo;enseignement de la narratologie (C. Gabathuler)<\/strong><span style=\"font-size: medium\"><\/span><\/p>\n\n\n\n<p>11h45 &#8211; <strong>La narratologie scolaire, &nbsp;objet de descriptions et de critiques (B. V\u00e9drines, Y. Vuillet)<\/strong><\/p>\n\n\n\n<p>12h30 &#8211; Cl\u00f4ture et repas (G\u00e9opolis)<\/p>\n","protected":false},"excerpt":{"rendered":"<p>Les contenus de ces journ\u00e9es d&rsquo;\u00e9tudes, organis\u00e9es par le DiNarr dans le cadre du projet FNS \u00ab\u00a0Pour une th\u00e9orie du r\u00e9cit au service de l\u2019enseignement\u00a0\u00bb (FNS n\u00b0 197612),&hellip;<\/p>\n","protected":false},"author":1002371,"featured_media":0,"parent":0,"menu_order":0,"comment_status":"closed","ping_status":"closed","template":"template-full-width.php","meta":{"_seopress_robots_primary_cat":"","_seopress_titles_title":"","_seopress_titles_desc":"","_seopress_robots_index":"","footnotes":""},"class_list":["post-1685","page","type-page","status-publish","has-post-thumbnail"],"_links":{"self":[{"href":"https:\/\/wp.unil.ch\/dinarr\/wp-json\/wp\/v2\/pages\/1685","targetHints":{"allow":["GET"]}}],"collection":[{"href":"https:\/\/wp.unil.ch\/dinarr\/wp-json\/wp\/v2\/pages"}],"about":[{"href":"https:\/\/wp.unil.ch\/dinarr\/wp-json\/wp\/v2\/types\/page"}],"author":[{"embeddable":true,"href":"https:\/\/wp.unil.ch\/dinarr\/wp-json\/wp\/v2\/users\/1002371"}],"replies":[{"embeddable":true,"href":"https:\/\/wp.unil.ch\/dinarr\/wp-json\/wp\/v2\/comments?post=1685"}],"version-history":[{"count":3,"href":"https:\/\/wp.unil.ch\/dinarr\/wp-json\/wp\/v2\/pages\/1685\/revisions"}],"predecessor-version":[{"id":1690,"href":"https:\/\/wp.unil.ch\/dinarr\/wp-json\/wp\/v2\/pages\/1685\/revisions\/1690"}],"wp:attachment":[{"href":"https:\/\/wp.unil.ch\/dinarr\/wp-json\/wp\/v2\/media?parent=1685"}],"curies":[{"name":"wp","href":"https:\/\/api.w.org\/{rel}","templated":true}]}}