{"id":1676,"date":"2024-09-30T13:44:00","date_gmt":"2024-09-30T11:44:00","guid":{"rendered":"https:\/\/wp.unil.ch\/dinarr\/?page_id=1676"},"modified":"2025-08-05T13:48:31","modified_gmt":"2025-08-05T11:48:31","slug":"colloque-international-a-luniversite-de-lausanne-mars-2025","status":"publish","type":"page","link":"https:\/\/wp.unil.ch\/dinarr\/resultats-de-recherche\/colloque-international-a-luniversite-de-lausanne-mars-2025\/","title":{"rendered":"COLLOQUE 2025"},"content":{"rendered":"\n<h2 class=\"wp-block-heading\"><strong>Pour une th\u00e9orie du r\u00e9cit impliqu\u00e9e&nbsp;:<br>outils narratologiques et enseignement du fran\u00e7ais<\/strong><\/h2>\n\n\n\n<p class=\"has-accent-color has-text-color has-link-color wp-elements-8d998524041d32294fa7f8967bd7f71d\"><strong>UNIL \/ HEP Vaud, 6 &amp; 7 mars 2025<\/strong>. <\/p>\n\n\n\n<p class=\"has-primary-color has-text-color has-link-color wp-elements-1b67e23a8708ca478d6700db80e0c2c6\">Comit\u00e9 d&rsquo;organisation: Rapha\u00ebl Baroni, Vanessa Depallens, Sonya Florey, Olivier Stucky et Gaspard Turin.<\/p>\n\n\n\n<p>Ce colloque international a marqu\u00e9 l\u2019aboutissement du projet de recherche \u00ab\u00a0Pour une th\u00e9orie du r\u00e9cit au service de l\u2019enseignement\u00a0\u00bb (FNS n\u00b0 197612). Il a abord\u00e9 les rapports entre enseignement et narratologie, en envisageant la th\u00e9orie narrative comme une pourvoyeuse d\u2019outils pour l\u2019analyse et la production de r\u00e9cits dans la classe de fran\u00e7ais. S\u2019inscrivant dans le sillage d\u2019une journ\u00e9e d\u2019\u00e9tude qui avait permis de retracer les processus de scolarisation de la narratologie et de tirer un premier bilan de ses usages dans l&rsquo;enseignement, le colloque entendait s\u2019orienter vers de nouveaux horizons. En effet, si les enqu\u00eates de terrain tendent \u00e0 montrer que l\u2019outillage mobilis\u00e9 dans les classes de fran\u00e7ais n\u2019a gu\u00e8re chang\u00e9 en un demi-si\u00e8cle, la th\u00e9orie du r\u00e9cit, elle, n\u2019a jamais cess\u00e9 d\u2019\u00e9voluer, profitant de apports de la linguistique textuelle et de la stylistique, des sciences cognitives et de la rh\u00e9torique, de la sociologie et de l\u2019\u00e9thique. Face \u00e0 ce constat, il s\u2019agissait de s\u2019int\u00e9resser \u00e0 de nouvelles ressources th\u00e9oriques mobilisables pour l\u2019enseignement du fran\u00e7ais, en s&rsquo;appuyant autant sur les propositions des th\u00e9oriciens du r\u00e9cit que sur les exp\u00e9riences des enseignant\u00b7es aux diff\u00e9rents degr\u00e9s de la scolarit\u00e9. Ce colloque \u00e9labor\u00e9 en partenariat entre l&rsquo;UNIL et la HEP-Vaud s&rsquo;est d\u00e9roul\u00e9 sur les sites des deux institutions.<\/p>\n\n\n\n<p>Une partie des actes ont \u00e9t\u00e9 publi\u00e9s dans le n\u00b0 47 de la revue <em><a href=\"https:\/\/journals.openedition.org\/narratologie\/16211\">Les Cahiers de narratologie<\/a><\/em>.<\/p>\n\n\n\n<p>La table-ronde et les propositions didactiques seront \u00e9galement publi\u00e9es dans la revue <em><a href=\"https:\/\/www.transpositio.org\/\">Transpositio<\/a><\/em>.<\/p>\n\n\n\n<div class=\"wp-block-buttons is-layout-flex wp-block-buttons-is-layout-flex\">\n<div class=\"wp-block-button\"><a class=\"wp-block-button__link wp-element-button\" href=\"https:\/\/wp.unil.ch\/dinarr\/programme\/\">Programme d\u00e9taill\u00e9<\/a><\/div>\n\n\n\n<div class=\"wp-block-button\"><a class=\"wp-block-button__link wp-element-button\" href=\"https:\/\/wp.unil.ch\/dinarr\/modalites-pratiques\/\">Modalit\u00e9s pratiques<\/a><\/div>\n\n\n\n<div class=\"wp-block-button\"><a class=\"wp-block-button__link wp-element-button\" href=\"https:\/\/wp.unil.ch\/dinarr\/argumentaire\/\">Argumentaire<\/a><\/div>\n\n\n\n<div class=\"wp-block-button\"><a class=\"wp-block-button__link wp-element-button\" href=\"https:\/\/wp.unil.ch\/dinarr\/references\/\">R\u00e9f\u00e9rences<\/a><\/div>\n<\/div>\n\n\n\n<div data-wp-interactive=\"core\/file\" class=\"wp-block-file aligncenter\"><object data-wp-bind--hidden=\"!state.hasPdfPreview\" hidden class=\"wp-block-file__embed\" data=\"https:\/\/wp.unil.ch\/dinarr\/files\/2025\/02\/Colloque_DiNarr_Affiche_2025-02-26_low.pdf\" type=\"application\/pdf\" style=\"width:100%;height:600px\" aria-label=\"PDF embarqu\u00e9\"><\/object><\/div>\n","protected":false},"excerpt":{"rendered":"<p>Pour une th\u00e9orie du r\u00e9cit impliqu\u00e9e&nbsp;:outils narratologiques et enseignement du fran\u00e7ais UNIL \/ HEP Vaud, 6 &amp; 7 mars 2025. Comit\u00e9 d&rsquo;organisation: Rapha\u00ebl Baroni, Vanessa Depallens, Sonya Florey,&hellip;<\/p>\n","protected":false},"author":1002371,"featured_media":1860,"parent":248,"menu_order":0,"comment_status":"closed","ping_status":"closed","template":"template-full-width-cover.php","meta":{"_seopress_robots_primary_cat":"","_seopress_titles_title":"","_seopress_titles_desc":"","_seopress_robots_index":"","footnotes":""},"class_list":["post-1676","page","type-page","status-publish","has-post-thumbnail"],"_links":{"self":[{"href":"https:\/\/wp.unil.ch\/dinarr\/wp-json\/wp\/v2\/pages\/1676","targetHints":{"allow":["GET"]}}],"collection":[{"href":"https:\/\/wp.unil.ch\/dinarr\/wp-json\/wp\/v2\/pages"}],"about":[{"href":"https:\/\/wp.unil.ch\/dinarr\/wp-json\/wp\/v2\/types\/page"}],"author":[{"embeddable":true,"href":"https:\/\/wp.unil.ch\/dinarr\/wp-json\/wp\/v2\/users\/1002371"}],"replies":[{"embeddable":true,"href":"https:\/\/wp.unil.ch\/dinarr\/wp-json\/wp\/v2\/comments?post=1676"}],"version-history":[{"count":5,"href":"https:\/\/wp.unil.ch\/dinarr\/wp-json\/wp\/v2\/pages\/1676\/revisions"}],"predecessor-version":[{"id":2060,"href":"https:\/\/wp.unil.ch\/dinarr\/wp-json\/wp\/v2\/pages\/1676\/revisions\/2060"}],"up":[{"embeddable":true,"href":"https:\/\/wp.unil.ch\/dinarr\/wp-json\/wp\/v2\/pages\/248"}],"wp:featuredmedia":[{"embeddable":true,"href":"https:\/\/wp.unil.ch\/dinarr\/wp-json\/wp\/v2\/media\/1860"}],"wp:attachment":[{"href":"https:\/\/wp.unil.ch\/dinarr\/wp-json\/wp\/v2\/media?parent=1676"}],"curies":[{"name":"wp","href":"https:\/\/api.w.org\/{rel}","templated":true}]}}