{"id":1381,"date":"2024-02-29T11:57:25","date_gmt":"2024-02-29T10:57:25","guid":{"rendered":"https:\/\/wp.unil.ch\/dinarr\/?page_id=1381"},"modified":"2025-12-24T10:47:16","modified_gmt":"2025-12-24T09:47:16","slug":"le-projet-fns","status":"publish","type":"page","link":"https:\/\/wp.unil.ch\/dinarr\/le-projet-fns\/","title":{"rendered":"LE PROJET FNS"},"content":{"rendered":"\n<p>Ce site s&rsquo;inscrit dans le cadre d&rsquo;une recherche financ\u00e9e par le Fonds national suisse (FNS n\u00b0 197612). Les informations qui y figurent se fondent sur les avanc\u00e9es r\u00e9centes de la narratologie, dans l&rsquo;onglet <a href=\"https:\/\/wp.unil.ch\/dinarr\/ressources-theoriques\/\">Outils th\u00e9oriques<\/a>, ainsi que sur une enqu\u00eate dans les milieux scolaires, dont les r\u00e9sultat seront pr\u00e9sent\u00e9s au fur et \u00e0 mesure de leur d\u00e9veloppement dans l&rsquo;onglet <a href=\"https:\/\/wp.unil.ch\/dinarr\/sur-le-terrain\/\">Sur le terrain<\/a>. Pour montrer l&rsquo;op\u00e9rabilit\u00e9 des concepts et faciliter leur transposition dans la classe, l&rsquo;onglet <a href=\"https:\/\/wp.unil.ch\/dinarr\/fiches-pratiques\/\">Fiches pratiques<\/a> propose des analyses de textes narratifs et de bandes dessin\u00e9es mobilisant les ressources th\u00e9oriques pr\u00e9sent\u00e9es sur le site.<\/p>\n\n\n\n<p>Notre projet trouve son ancrage \u00e0 l\u2019intersection entre didactique et narratologie. Il vise \u00e0 sortir de la fossilisation de la th\u00e9orie<em> appliqu\u00e9e<\/em>, pour la transformer en th\u00e9orie <em>discut\u00e9e, mise \u00e0 jour<\/em> et <em>remotiv\u00e9e<\/em>. En confrontant la vaste gamme des possibilit\u00e9s offertes par la narratologie contemporaine avec les r\u00e9alit\u00e9s actuelles du terrain scolaire, nous avons l\u2019ambition de reb\u00e2tir des ponts entre la th\u00e9orie du r\u00e9cit&nbsp; et l\u2019enseignement du fran\u00e7ais. Nous nous basons sur des donn\u00e9es recueillies sur le terrain, non seulement par le biais d\u2019une analyse documentaire des plans d\u2019\u00e9tude, des manuels et des ouvrages de synth\u00e8se qui circulent dans les milieux scolaires, mais \u00e9galement en nous appuyant sur des questionnaires et des entretiens avec des enseignant\u00b7e\u00b7s du secondaire I et II en Suisse romande, en France, au Qu\u00e9bec et dans la Belgique francophone. Sur cette base empirique, nous tentons de reposer la question d\u2019une didactisation de l\u2019outillage narratologique en pensant ce dernier au plus pr\u00e8s des usages scolaires et des finalit\u00e9s actuelles de l\u2019enseignement du fran\u00e7ais. Il s\u2019agit notamment de privil\u00e9gier des concepts clairs et utiles, exprim\u00e9s dans une terminologie aussi transparente que possible, permettant de mieux articuler l\u2019analyse textuelle avec les exp\u00e9riences \u00e9thiques et esth\u00e9tiques des lecteurs ou des lectrices. Il s\u2019agit aussi, par le recours \u00e0 des outils d\u2019analyse appropri\u00e9s, de mieux lier l\u2019apprentissage de la langue \u00e0 l\u2019enseignement de la litt\u00e9rature et d\u2019\u00e9largir les comp\u00e9tences litt\u00e9rati\u00e9es des apprenant\u00b7e\u00b7s sur une \u00e9chelle multimodale et transm\u00e9diale.<\/p>\n\n\n\n<p>En d&rsquo;autres termes, nous pensons que les outils narratologiques revisit\u00e9s ici devraient permettre l&rsquo;appr\u00e9hension et l&rsquo;analyse d&rsquo;un tr\u00e8s grand nombre de types de r\u00e9cits, y compris dans les domaines culturels traditionnellement \u00e9cart\u00e9s des \u00e9tudes litt\u00e9raires mais plus repr\u00e9sent\u00e9s qu&rsquo;elles dans la culture populaire (bande dessin\u00e9e, mais aussi s\u00e9ries, films, jeux vid\u00e9os).  <\/p>\n\n\n\n<p>Pour celles et ceux qui souhaiteraient s&rsquo;informer de mani\u00e8re plus approfondie sur l&rsquo;\u00e9volution de la th\u00e9orie du r\u00e9cit, les ressources th\u00e9oriques incluent des r\u00e9f\u00e9rences r\u00e9centes et souvent accessibles en ligne. Par ailleurs, il est aussi possible de consulter le site du <a href=\"https:\/\/wp.unil.ch\/narratologie\/renaf\/\">R\u00e9seau des narratologues francophone<\/a> (R\u00e9NaF), en particulier son <a href=\"https:\/\/wp.unil.ch\/narratologie\/glossaire\/\" target=\"_blank\" rel=\"noreferrer noopener\">glossaire<\/a>, qui r\u00e9unit de nombreux articles de synth\u00e8se r\u00e9dig\u00e9s par les plus grand\u00b7e\u00b7s sp\u00e9cialistes de la discipline. Pour celles et ceux qui veulent approfondir l&rsquo;\u00e9tude des r\u00e9cits en bande dessin\u00e9e, des ressources p\u00e9dagogiques sont \u00e9galement accessibles sur le site du <a href=\"https:\/\/wp.unil.ch\/grebd\/enseignement\/ressources-pedagogiques\/\" target=\"_blank\" rel=\"noreferrer noopener\">Groupe d&rsquo;\u00e9tude sur la bande dessin\u00e9e<\/a> (GrEBD).<\/p>\n\n\n\n<h2 class=\"wp-block-heading\"><strong>Publications li\u00e9es au projet<\/strong><\/h2>\n\n\n\n<h3 class=\"wp-block-heading\"><strong>Ouvrages<\/strong><\/h3>\n\n\n\n<p>Baroni, R. (en collaboration avec S. Estier et G. Turin) (2022), <em>Lire Houellebecq. Essais de critique polyphonique<\/em>, Gen\u00e8ve, Slatkine \u00e9rudition. Postface de G. Turin. L\u2019ouvrage int\u00e9gral est disponible sur en acc\u00e8s libre: <a href=\"https:\/\/iris.unil.ch\/handle\/iris\/69732\">https:\/\/iris.unil.ch\/handle\/iris\/69732<\/a><\/p>\n\n\n\n<p>Baroni, R. (2017), <em>Les Rouages de l\u2019intrigue. Les outils de la narratologie postclassique pour l\u2019analyse des textes litt\u00e9raires<\/em>, Gen\u00e8ve, Slatkine \u00e9rudition. Pr\u00e9face de Jean-Louis Dufays. L\u2019ouvrage int\u00e9gral est disponible sur en acc\u00e8s libre:&nbsp;<a href=\"https:\/\/iris.unil.ch\/handle\/iris\/145124\">https:\/\/iris.unil.ch\/handle\/iris\/145124<\/a><\/p>\n\n\n\n<h3 class=\"wp-block-heading\"><strong>Th\u00e8se de doctorat<\/strong><\/h3>\n\n\n\n<p>Mahieu, L. (2025), <em>La narratologie en classe de fran\u00e7ais. Histoire et \u00e9tat des lieux des usages scolaires des th\u00e9ories du r\u00e9cit dans l\u2019enseignement secondaire (Belgique, France, Qu\u00e9bec, Suisse), <\/em>th\u00e8se de l&rsquo;Universit\u00e9 de Lausanne et de l&rsquo;Universit\u00e9 catholique de Louvain, soutenue le 4 juin 2025. Permalien: <a href=\"https:\/\/iris.unil.ch\/handle\/iris\/264182\">https:\/\/iris.unil.ch\/handle\/iris\/264182<\/a><\/p>\n\n\n\n<h3 class=\"wp-block-heading\"><strong>Num\u00e9ros de revue<\/strong><\/h3>\n\n\n\n<p>Baroni, R., L. Mahieu &amp; O. Stucky (dir.) (2025), \u00ab\u00a0Narratologie et enseignement du fran\u00e7ais\u00a0\u00bb,\u00a0<em>Cahiers de narratologie<\/em>, n\u00b0 47. DOI: <a href=\"https:\/\/doi.org\/10.4000\/14g7c\">https:\/\/doi.org\/10.4000\/14g7c<\/a><\/p>\n\n\n\n<p>Turin, G., L. Mahieu &amp; R. Baroni (dir.) (2023), \u00ab\u00a0Les outils narratologiques pour l&rsquo;enseignement du fran\u00e7ais: bilan et perspectives\u00a0\u00bb, <em>Transpositio<\/em>, n\u00b0 6. URL: <a href=\"https:\/\/www.transpositio.org\/categories\/view\/n-6-les-outils-narratologiques-pour-l-enseignement-du-francais-bilan-et-perspectives\">https:\/\/www.transpositio.org\/categories\/view\/n-6-les-outils-narratologiques-pour-l-enseignement-du-francais-bilan-et-perspectives<\/a><\/p>\n\n\n\n<p>Baroni, R. &amp; G. Turin (dir.) (2021), \u00ab&nbsp;Enseigner la bande dessin\u00e9e comme (de la ) litt\u00e9rature&nbsp;\u00bb, <em>Transpositio<\/em>, n\u00b0 4. URL: <a href=\"https:\/\/www.transpositio.org\/categories\/view\/n-4-enseigner-la-bande-dessinee-comme-de-la-litterature\" target=\"_blank\" rel=\"noreferrer noopener\">https:\/\/www.transpositio.org\/categories\/view\/n-4-enseigner-la-bande-dessinee-comme-de-la-litterature<\/a><\/p>\n\n\n\n<p>Baroni, R. &amp; F. Langevin (dir.) (2016), \u00ab&nbsp;Polyphonies&nbsp;: voix et valeurs du discours litt\u00e9raire&nbsp;\u00bb, <em>Arborescence<\/em>, n\u00b0 6. URL&nbsp;: <a href=\"https:\/\/www.erudit.org\/revue\/arbo\/2016\/v\/n6\/index.html\">https:\/\/www.erudit.org\/revue\/arbo\/2016\/v\/n6\/index.html<\/a><\/p>\n\n\n\n<p>Baroni R. &amp; A. Rodriguez (dir.) (2014), \u00ab&nbsp;Les passions en litt\u00e9rature. De la th\u00e9orie \u00e0 l\u2019enseignement&nbsp;\u00bb, <em>\u00c9tudes de Lettres<\/em>, n\u00b0 295. DOI&nbsp;: <a href=\"https:\/\/doi.org\/10.4000\/edl.596\">https:\/\/doi.org\/10.4000\/edl.596<\/a><\/p>\n\n\n\n<h3 class=\"wp-block-heading\"><strong>Entretiens<\/strong><\/h3>\n\n\n\n<p>Baroni, R., J.-F. Boutin, N. Denizot, J.-L. Dufays, C. Gabathuler (2025), \u00ab\u00a0Narratologie et enseignement du fran\u00e7ais\u00a0\u00bb,\u00a0<em>Transpositio<\/em>, dossier \u00ab\u00a0Conversations critiques\u00a0\u00bb. URL:\u00a0<a href=\"https:\/\/www.transpositio.org\/articles\/view\/la-narratologie-dans-l-enseignement-du-francais-en-belgique-en-france-au-quebec-et-en-suisse-romande\">https:\/\/www.transpositio.org\/articles\/view\/la-narratologie-dans-l-enseignement-du-francais-en-belgique-en-france-au-quebec-et-en-suisse-romande<\/a><\/p>\n\n\n\n<p>Baroni, R., J.-L.Dufays, B. Gervais, V. Jouve, A. Gefen, H. Merlin-Kajman &amp; F. Le Goff (2025), \u00ab\u00a0Lire les \u0153uvres de fiction\u00a0: table ronde\u00a0\u00bb,\u00a0<em>Pratiques. Linguistique, litt\u00e9rature, didactique<\/em>, n\u00b0 205-206. DOI\u00a0:\u00a0<a href=\"https:\/\/doi.org\/10.4000\/149am\">https:\/\/doi.org\/10.4000\/149am<\/a><\/p>\n\n\n\n<p>Adam, J.-M., J.-P. Bronckart, J.-L. Dumortier, A. Petitjean, Y. Reuter, F. Revaz, C. SImard (2023), \u00ab&nbsp;La scolarisation de la narratologie vue par quelques grands t\u00e9moins&nbsp;\u00bb, <em>Transpositio<\/em>. URL: <a href=\"https:\/\/www.transpositio.org\/categories\/view\/la-scolarisation-de-la-narratologie-vue-par-quelques-grands-temoins\">https:\/\/www.transpositio.org\/categories\/view\/la-scolarisation-de-la-narratologie-vue-par-quelques-grands-temoins<\/a><\/p>\n\n\n\n<p>Baroni, R. &amp; F. Wagner (2018), \u00ab&nbsp;Des m\u00e9canismes de l\u2019intrigue \u00e0 l\u2019enseignement de la litt\u00e9rature. Entretien avec Rapha\u00ebl Baroni&nbsp;\u00bb, <em>Cahiers de narratologie<\/em>, n\u00b0 34. URL&nbsp;: <a href=\"https:\/\/journals.openedition.org\/narratologie\/9130\">https:\/\/journals.openedition.org\/narratologie\/9130<\/a><\/p>\n\n\n\n<h3 class=\"wp-block-heading\"><strong>Articles<\/strong><\/h3>\n\n\n\n<p>Baroni, R., F. Moreno, L. Mahieu &amp; G. Turin (2024), \u00ab&nbsp;L\u2019outil narratologique dans la classe de fran\u00e7ais. Une enqu\u00eate sur les pratiques d\u00e9clar\u00e9es d\u2019enseignant\u00b7e\u00b7s du secondaire 2&nbsp;\u00bb, <em>Forumlecture suisse. Litt\u00e9ratie dans la recherche et la pratique<\/em>, n\u00b0 1. DOI&nbsp;: <a href=\"https:\/\/doi.org\/10.58098\/lffl\/2024\/1\/813\">https:\/\/doi.org\/10.58098\/lffl\/2024\/1\/813<\/a><\/p>\n\n\n\n<p>Turin, G., L. Mahieu, R. Baroni (2023), \u00ab&nbsp;Pour une th\u00e9orie du r\u00e9cit au service de l&rsquo;enseignement&nbsp;\u00bb, <em>Transpositio<\/em>, n\u00b0 6. URL: <a href=\"https:\/\/www.transpositio.org\/articles\/view\/la-narratologie-en-classe-de-francais-premiers-resultats-d-une-enquete-internationale\">https:\/\/www.transpositio.org\/articles\/view\/introduction-n-6-pour-une-theorie-du-recit-au-service-de-l-enseignement<\/a><\/p>\n\n\n\n<p>Mahieu, L. (2023), \u00ab&nbsp;La narratologie en classe de fran\u00e7ais: premiers r\u00e9sultats d\u2019une enqu\u00eate internationale&nbsp;\u00bb, <em>Transpositio<\/em>, n\u00b0 6. URL: <a href=\"https:\/\/www.transpositio.org\/articles\/view\/la-narratologie-en-classe-de-francais-premiers-resultats-d-une-enquete-internationale\">https:\/\/www.transpositio.org\/articles\/view\/la-narratologie-en-classe-de-francais-premiers-resultats-d-une-enquete-internationale<\/a><\/p>\n\n\n\n<p>Mahieu, L. (2023), \u00ab&nbsp;Synth\u00e8se des entretiens avec quelques t\u00e9moins de la scolarisation des th\u00e9ories du r\u00e9cit&nbsp;\u00bb, <em>Transpositio<\/em>, n\u00b0 6. URL: <a href=\"https:\/\/www.transpositio.org\/articles\/view\/synthese-des-entretiens-avec-quelques-temoins-de-la-scolarisation-des-theories-du-recit\">https:\/\/www.transpositio.org\/articles\/view\/synthese-des-entretiens-avec-quelques-temoins-de-la-scolarisation-des-theories-du-recit<\/a> <\/p>\n\n\n\n<p>Baroni, R. (2023), \u00ab&nbsp;Comment un th\u00e9oricien du r\u00e9cit pourrait-il contribuer \u00e0 am\u00e9liorer l\u2019outillage narratologique scolaris\u00e9&nbsp;?&nbsp;\u00bb, <em>Transpositio<\/em>, n\u00b0 6.<br>URL&nbsp;: <a href=\"https:\/\/www.transpositio.org\/articles\/view\/comment-un-theoricien-du-recit-pourrait-il-contribuer-a-ameliorer-l-outillage-narratologique-scolarise\">https:\/\/www.transpositio.org\/articles\/view\/comment-un-theoricien-du-recit-pourrait-il-contribuer-a-ameliorer-l-outillage-narratologique-scolarise<\/a><\/p>\n\n\n\n<p>Baroni, R. (2023), \u00ab&nbsp;Des virtualit\u00e9s du monde de l\u2019histoire \u00e0 la mise en intrigue&nbsp;: une alternative au sch\u00e9ma narratif&nbsp;\u00bb, <em>Pratiques. Linguistique, litt\u00e9rature, didactique<\/em>, n\u00b0 197-198. URL: <a href=\"https:\/\/journals.openedition.org\/pratiques\/12755\" data-type=\"link\" data-id=\"https:\/\/journals.openedition.org\/pratiques\/12755\">https:\/\/journals.openedition.org\/pratiques\/12755<\/a><\/p>\n\n\n\n<p>Baroni, R. (2023), \u00ab&nbsp;Une perspective transm\u00e9diale sur la focalisation&nbsp;\u00bb, <em>Recherches. Revue de didactique et de p\u00e9dagogie du fran\u00e7ais<\/em>, n\u00b0 78, p. 9-44. <span lang=\"EN-US\">URL&nbsp;: <\/span><a href=\"https:\/\/serval.unil.ch\/resource\/serval:BIB_E5B0EF1995A3.P001\/REF\"><span lang=\"EN-US\">https:\/\/serval.unil.ch\/resource\/serval:BIB_E5B0EF1995A3.P001\/REF<\/span><\/a><\/p>\n\n\n\n<p>Baroni, R. (2023), \u00ab&nbsp;\u00c9nergie&nbsp;\u00bb, in <em>Nouveaux fragments d\u2019un discours th\u00e9orique<\/em>, E. Bouju (dir.), Qu\u00e9bec, Codicille \u00e9diteur, p. 59-75. URL&nbsp;:<a href=\"https:\/\/doi.org\/10.34847\/nkl.d25aizi5\"> https:\/\/codicille.pubpub.org\/pub\/baroni-energie\/release\/1?readingCollection=860290c0<\/a><\/p>\n\n\n\n<p>Baroni, R. (2022) \u00ab&nbsp;Polyphonie, normes interpr\u00e9tatives et dinde de <em>Thanksgiving<\/em>&nbsp;\u00bb, <em>Lettre de l\u2019AIRDF<\/em>, n\u00b0 70, p. 56-61. URL&nbsp;: <a href=\"https:\/\/www.persee.fr\/collection\/airdf\">https:\/\/www.persee.fr\/collection\/airdf<\/a><\/p>\n\n\n\n<p>Turin, G (2021), \u00ab&nbsp;Lire <em>Maus<\/em> \u00e0 l&rsquo;\u00e9cole. Entre simplicit\u00e9 et complexit\u00e9&nbsp;\u00bb, <em>Transpositio<\/em>, n\u00b0 4. URL: <a href=\"https:\/\/www.transpositio.org\/articles\/view\/lire-maus-a-l-ecole-entre-simplicite-et-complexite\">https:\/\/www.transpositio.org\/articles\/view\/lire-maus-a-l-ecole-entre-simplicite-et-complexite<\/a><\/p>\n\n\n\n<p>Baroni, R. (2021), \u00ab&nbsp;Perspective narrative, focalisation et point de vue&nbsp;: pour une synth\u00e8se&nbsp;\u00bb, <em>Fabula LHT<\/em>, n\u00b0 25. URL&nbsp;: <a href=\"https:\/\/www.fabula.org\/lht\/25\/baroni.html\">https:\/\/www.fabula.org\/lht\/25\/baroni.html<\/a><\/p>\n\n\n\n<p>Baroni, R. (2020), \u00ab&nbsp;Pour des concepts narratologiques intelligibles et utiles pour l\u2019enseignement&nbsp;: sch\u00e9ma quinaire et focalisation en d\u00e9bat&nbsp;\u00bb, <em>Transpositio<\/em>, n\u00b0 2. URL&nbsp;: <a href=\"https:\/\/www.transpositio.org\/articles\/view\/pour-des-concepts-narratologiques-intelligibles-et-utiles-pour-l-enseignement-schema-quinaire-et-focalisation-en-debat\">https:\/\/www.transpositio.org\/articles\/view\/pour-des-concepts-narratologiques-intelligibles-et-utiles-pour-l-enseignement-schema-quinaire-et-focalisation-en-deba<\/a>t<\/p>\n\n\n\n<p>Baroni, R. (2020), \u00ab&nbsp;La s\u00e9quence&nbsp;? Quelle s\u00e9quence&nbsp;? Retour sur les usages litt\u00e9raires de la linguistique textuelle&nbsp;\u00bb, <em>Po\u00e9tique<\/em>, n\u00b0 188, p. 259-278. DOI&nbsp;: <a href=\"https:\/\/doi.org\/10.3917\/poeti.188.0259\">https:\/\/doi.org\/10.3917\/poeti.188.0259<\/a><\/p>\n\n\n\n<p>Baroni, R. (2019), \u00ab&nbsp;Les rouages d\u2019un d\u00e9bat. R\u00e9ponse \u00e0 Ilias Yocaris&nbsp;\u00bb, <em>Cahiers de narratologie<\/em>, n\u00b0 36. DOI&nbsp;: <a href=\"https:\/\/doi.org\/10.4000\/narratologie.10134\">https:\/\/doi.org\/10.4000\/narratologie.10134<\/a><\/p>\n\n\n\n<p>Baroni, R. (2018), \u00ab&nbsp;Dynamique de l\u2019intrigue, improvisation et segmentation&nbsp;: nouvelles perspectives pour l\u2019enseignement de la litt\u00e9rature&nbsp;\u00bb, <em>Forumlecture suisse. Litt\u00e9ratie dans la recherche et la pratique<\/em>, n\u00b0 1. URL&nbsp;: <a href=\"https:\/\/www.forumlecture.ch\/sysModules\/obxLeseforum\/Artikel\/619\/2018-1-baroni.pdf\">https:\/\/www.forumlecture.ch\/sysModules\/obxLeseforum\/Artikel\/619\/2018-1-baroni.pdf<\/a><\/p>\n\n\n\n<p>Baroni, R. (2017), \u00ab&nbsp;Les fonctions de la focalisation et du point de vue dans la dynamique de l\u2019intrigue&nbsp;\u00bb, <em>Cahiers de narratologie<\/em>, n\u00b0 32.<br>DOI&nbsp;: <a href=\"https:\/\/journals.openedition.org\/narratologie\/7851\"><\/a><a href=\"https:\/\/doi.org\/10.4000\/narratologie.7851\">https:\/\/doi.org\/10.4000\/narratologie.7851<\/a><\/p>\n\n\n\n<p>Baroni, R. (2013), \u00ab&nbsp;Didactiser la tension narrative&nbsp;: apprendre \u00e0 lire ou apprendre comment le r\u00e9cit nous fait lire&nbsp;?&nbsp;\u00bb, <em>Recherches &amp; Travaux<\/em>, n\u00b0 83, p. 11-23.<br>DOI&nbsp;: <a href=\"https:\/\/doi.org\/10.4000\/recherchestravaux.649\">https:\/\/doi.org\/10.4000\/recherchestravaux.649<\/a><\/p>\n\n\n\n<p>Baroni, R. (2007), \u00ab&nbsp;Une mise \u00e0 jour des outils narratologiques pour l\u2019analyse de la litt\u00e9rature&nbsp;\u00bb, <em>\u00c9tudes de Lettres<\/em>, n\u00b0 278, p. 175-205.<br>URL:<a href=\"https:\/\/www.academia.edu\/25400039\/Baroni_R_2007_Une_mise_%C3%A0_jour_des_outils_narratologiques_pour_l_analyse_de_la_litt%C3%A9rature_%C3%89tudes_de_Lettres_n_278_p_175_205\"> https:\/\/www.academia.edu\/25400039\/Baroni_R_2007_Une_mise_%C3%A0_jour_des_outils_narratologiques_pour_l_analyse_de_la_litt%C3%A9rature_%C3%89tudes_de_Lettres_n_278_p_175_205<\/a><\/p>\n","protected":false},"excerpt":{"rendered":"<p>Ce site s&rsquo;inscrit dans le cadre d&rsquo;une recherche financ\u00e9e par le Fonds national suisse (FNS n\u00b0 197612). Les informations qui y figurent se fondent sur les avanc\u00e9es r\u00e9centes&hellip;<\/p>\n","protected":false},"author":1002371,"featured_media":0,"parent":0,"menu_order":0,"comment_status":"closed","ping_status":"closed","template":"template-full-width.php","meta":{"_seopress_robots_primary_cat":"","_seopress_titles_title":"","_seopress_titles_desc":"","_seopress_robots_index":"","footnotes":""},"class_list":["post-1381","page","type-page","status-publish","has-post-thumbnail"],"_links":{"self":[{"href":"https:\/\/wp.unil.ch\/dinarr\/wp-json\/wp\/v2\/pages\/1381","targetHints":{"allow":["GET"]}}],"collection":[{"href":"https:\/\/wp.unil.ch\/dinarr\/wp-json\/wp\/v2\/pages"}],"about":[{"href":"https:\/\/wp.unil.ch\/dinarr\/wp-json\/wp\/v2\/types\/page"}],"author":[{"embeddable":true,"href":"https:\/\/wp.unil.ch\/dinarr\/wp-json\/wp\/v2\/users\/1002371"}],"replies":[{"embeddable":true,"href":"https:\/\/wp.unil.ch\/dinarr\/wp-json\/wp\/v2\/comments?post=1381"}],"version-history":[{"count":5,"href":"https:\/\/wp.unil.ch\/dinarr\/wp-json\/wp\/v2\/pages\/1381\/revisions"}],"predecessor-version":[{"id":2119,"href":"https:\/\/wp.unil.ch\/dinarr\/wp-json\/wp\/v2\/pages\/1381\/revisions\/2119"}],"wp:attachment":[{"href":"https:\/\/wp.unil.ch\/dinarr\/wp-json\/wp\/v2\/media?parent=1381"}],"curies":[{"name":"wp","href":"https:\/\/api.w.org\/{rel}","templated":true}]}}