{"id":766,"date":"2020-02-25T14:33:55","date_gmt":"2020-02-25T13:33:55","guid":{"rendered":"http:\/\/wp.unil.ch\/digiweek-fdca\/?page_id=766"},"modified":"2020-02-25T14:33:55","modified_gmt":"2020-02-25T13:33:55","slug":"editions-precedentes","status":"publish","type":"page","link":"https:\/\/wp.unil.ch\/digiweek-fdca\/editions-precedentes\/","title":{"rendered":"\u00c9ditions pr\u00e9c\u00e9dentes"},"content":{"rendered":"","protected":false},"excerpt":{"rendered":"","protected":false},"author":1001864,"featured_media":0,"parent":0,"menu_order":0,"comment_status":"closed","ping_status":"closed","template":"","meta":{"_seopress_robots_primary_cat":"","_seopress_titles_title":"","_seopress_titles_desc":"","_seopress_robots_index":"","footnotes":""},"class_list":["post-766","page","type-page","status-publish"],"_links":{"self":[{"href":"https:\/\/wp.unil.ch\/digiweek-fdca\/wp-json\/wp\/v2\/pages\/766","targetHints":{"allow":["GET"]}}],"collection":[{"href":"https:\/\/wp.unil.ch\/digiweek-fdca\/wp-json\/wp\/v2\/pages"}],"about":[{"href":"https:\/\/wp.unil.ch\/digiweek-fdca\/wp-json\/wp\/v2\/types\/page"}],"author":[{"embeddable":true,"href":"https:\/\/wp.unil.ch\/digiweek-fdca\/wp-json\/wp\/v2\/users\/1001864"}],"replies":[{"embeddable":true,"href":"https:\/\/wp.unil.ch\/digiweek-fdca\/wp-json\/wp\/v2\/comments?post=766"}],"version-history":[{"count":0,"href":"https:\/\/wp.unil.ch\/digiweek-fdca\/wp-json\/wp\/v2\/pages\/766\/revisions"}],"wp:attachment":[{"href":"https:\/\/wp.unil.ch\/digiweek-fdca\/wp-json\/wp\/v2\/media?parent=766"}],"curies":[{"name":"wp","href":"https:\/\/api.w.org\/{rel}","templated":true}]}}