{"id":740,"date":"2020-02-12T10:20:27","date_gmt":"2020-02-12T09:20:27","guid":{"rendered":"http:\/\/wp.unil.ch\/digiweek-fdca\/?page_id=740"},"modified":"2022-10-07T14:00:17","modified_gmt":"2022-10-07T12:00:17","slug":"colloque-2","status":"publish","type":"page","link":"https:\/\/wp.unil.ch\/digiweek-fdca\/editions-precedentes\/colloque-2\/","title":{"rendered":"\u00c9dition 2021"},"content":{"rendered":"<p>La 3<sup>e<\/sup>&nbsp;rencontre entre la Science et le Droit dans le Num\u00e9rique est l\u2019occasion de faire le point en mati\u00e8re de Justice et de Sant\u00e9 dans le contexte de pand\u00e9mie de Coronavirus. La Covid-19 interroge en effet sur la transformation digitale de la justice comme sur les enjeux de l\u2019utilisation de la technologie dans le domaine de la sant\u00e9, la responsabilit\u00e9 de l\u2019\u00c9tat ou encore les droits du patient. Un accent particulier est de surcro\u00eet mis sur les donn\u00e9es sensibles. L\u2019\u00e9v\u00e9nement a lieu en ligne cette ann\u00e9e et est ouvert au plus grand nombre.<\/p>\n<p>Gratuit dans les limites des places disponibles<\/p>\n<p>Inscription obligatoire \u00e0 l&rsquo;adresse suivante :&nbsp;<a href=\"https:\/\/unil.zoom.us\/webinar\/register\/WN__mwcICMIQfSjMdNt_jWCAA\">https:\/\/unil.zoom.us\/webinar\/register\/WN__mwcICMIQfSjMdNt_jWCAA<\/a><\/p>\n<p><\/p>\n\n\n<h2 class=\"wp-block-heading\">Programme et intervenants <\/h2>\n\n\n\n<div class=\"wp-block-file\"><a id=\"wp-block-file--media-07b2b46a-59de-4191-90a8-6cf0dea168e5\" href=\"https:\/\/wp.unil.ch\/digiweek-fdca\/files\/2021\/01\/Flyer-Colloque-LaSemainedelaDigitalisation-2021.pdf\">Programme du colloque du 11 f\u00e9vrier 2021<\/a><a href=\"https:\/\/wp.unil.ch\/digiweek-fdca\/files\/2021\/01\/Flyer-Colloque-LaSemainedelaDigitalisation-2021.pdf\" class=\"wp-block-file__button\" download aria-describedby=\"wp-block-file--media-07b2b46a-59de-4191-90a8-6cf0dea168e5\">T\u00e9l\u00e9charger<\/a><\/div>\n\n\n\n<p><strong>Intervenants :<\/strong><br><br>&#8211; <a href=\"https:\/\/www.jm.universite-paris-saclay.fr\/faculte\/reseau-diplomes\/antoine-garapon\">Dr Antoine Garapon<\/a> <br>&#8211; <a href=\"https:\/\/applicationspub.unil.ch\/interpub\/noauth\/php\/Un\/UnPers.php?PerNum=1231998&amp;LanCode=37\">Dr. M. Mehdi el Harrak<\/a><br>&#8211; <a href=\"https:\/\/uclouvain.be\/fr\/repertoires\/anne-grace.kleczewski\">Anne-Grace Kleczewski<\/a><br>&#8211; <a href=\"https:\/\/centregeorgsimmel.ehess.fr\/jean-lassegue\/\">Jean Lass\u00e8gue<\/a><br>&#8211; <a href=\"https:\/\/www.bger.ch\/index\/federal\/federal-inherit-template\/federal-richter\/federal-richter-bundesrichter\/federal-richter-bundesrichter-vonwerdtnicolas.htm\">Nicolas von Werdt<\/a><br>&#8211; <a href=\"https:\/\/www.3vb.com\/our-people\/qc\/richard-salter-qc\">Richard Salter <\/a><br>&#8211; <a href=\"https:\/\/www.smu.edu.sg\/faculty\/profile\/165071\/Mark-FINDLAY\">Mark Findlay<\/a><br>&#8211;  <a href=\"https:\/\/ch.linkedin.com\/public-profile\/in\/heinzmann-michel-4bb380131?challengeId=AQHQzVzNxoLY6QAAAXeLTzcnTFXCmfVkXU8k2CfGccrN5H54_9N70-RY6EJeE_VdAyGXszkDgErI--FW4eOjFe5G0xnecwbvbA&amp;submissionId=c1d1516a-7159-6216-f9ca-813fcdb4c73e\">Prof. Michel Heinzmann<\/a><br>&#8211; <a href=\"https:\/\/www.qmul.ac.uk\/law\/people\/academic-staff\/items\/brekoulakis.html\">Prof. Stavros Brekoulakis<\/a><br>&#8211; <a href=\"https:\/\/univ-droit.fr\/universitaires\/11083-martial-braz-nathalie\">Prof. Nathalie Martial-Braz<\/a><br>&#8211; <a href=\"https:\/\/droit.umontreal.ca\/en\/faculty\/the-team\/professors\/details\/in\/in18868\/sg\/Catherine%20R%C3%A9gis\/\">Prof. Catherine R\u00e9gis<\/a><br>&#8211; <a href=\"https:\/\/uclouvain.be\/fr\/repertoires\/genevieve.schamps\">Prof. Genevi\u00e8ve Schamps<\/a><br>&#8211; <a href=\"https:\/\/www.mcgill.ca\/law\/about\/profs\/khoury-lara\">Prof. Lara Khoury<\/a><br>&#8211; <a href=\"https:\/\/www.unine.ch\/pascal.mahon\">Prof. Pascal Mahon<\/a><\/p>\n\n\n\n<p><\/p>\n","protected":false},"excerpt":{"rendered":"<p>La 3e&nbsp;rencontre entre la Science et le Droit dans le Num\u00e9rique est l\u2019occasion de faire le point en mati\u00e8re de Justice et de Sant\u00e9 dans le contexte de pand\u00e9mie de Coronavirus. La Covid-19 interroge en effet sur la transformation digitale<\/p>\n","protected":false},"author":1001864,"featured_media":0,"parent":766,"menu_order":2,"comment_status":"closed","ping_status":"closed","template":"","meta":{"_seopress_robots_primary_cat":"","_seopress_titles_title":"","_seopress_titles_desc":"","_seopress_robots_index":"","footnotes":""},"class_list":["post-740","page","type-page","status-publish"],"_links":{"self":[{"href":"https:\/\/wp.unil.ch\/digiweek-fdca\/wp-json\/wp\/v2\/pages\/740","targetHints":{"allow":["GET"]}}],"collection":[{"href":"https:\/\/wp.unil.ch\/digiweek-fdca\/wp-json\/wp\/v2\/pages"}],"about":[{"href":"https:\/\/wp.unil.ch\/digiweek-fdca\/wp-json\/wp\/v2\/types\/page"}],"author":[{"embeddable":true,"href":"https:\/\/wp.unil.ch\/digiweek-fdca\/wp-json\/wp\/v2\/users\/1001864"}],"replies":[{"embeddable":true,"href":"https:\/\/wp.unil.ch\/digiweek-fdca\/wp-json\/wp\/v2\/comments?post=740"}],"version-history":[{"count":0,"href":"https:\/\/wp.unil.ch\/digiweek-fdca\/wp-json\/wp\/v2\/pages\/740\/revisions"}],"up":[{"embeddable":true,"href":"https:\/\/wp.unil.ch\/digiweek-fdca\/wp-json\/wp\/v2\/pages\/766"}],"wp:attachment":[{"href":"https:\/\/wp.unil.ch\/digiweek-fdca\/wp-json\/wp\/v2\/media?parent=740"}],"curies":[{"name":"wp","href":"https:\/\/api.w.org\/{rel}","templated":true}]}}