{"id":628,"date":"2019-06-07T17:05:37","date_gmt":"2019-06-07T15:05:37","guid":{"rendered":"http:\/\/wp.unil.ch\/digiweek-fdca\/?page_id=628"},"modified":"2022-10-07T14:02:48","modified_gmt":"2022-10-07T12:02:48","slug":"programme-2","status":"publish","type":"page","link":"https:\/\/wp.unil.ch\/digiweek-fdca\/editions-precedentes\/edition-2019-2\/programme-2\/","title":{"rendered":"Programme"},"content":{"rendered":"<h4 style=\"text-align: left\"><\/h4>\n<h4 style=\"text-align: left\"><strong>La Rencontre entre la Science et le Droit dans le Num\u00e9rique 2<\/strong><\/h4>\n<h5 style=\"text-align: left\">Les d\u00e9fis juridiques de l&rsquo;intelligence artificielle : Regards crois\u00e9s entre sant\u00e9 et justice<\/h5>\n<h6 style=\"text-align: left\"><strong><span style=\"color: #258cbd\">13 f\u00e9vrier 2020<\/span><\/strong><\/h6>\n<p><span class=\"\">Pour cette seconde \u00e9dition de La Semaine de la Digitalisation de l&rsquo;UNIL, la Facult\u00e9 de droit, des sciences criminelles et d&rsquo;administration publique a choisi d&rsquo;orienter le Colloque \u00ab &nbsp;La Rencontre entre la Science et le Droit dans le Num\u00e9rique \u00bb autour des d\u00e9fis juridiques que pose l&rsquo;intelligence artificielle dans deux domaines.<\/span><br class=\"\"><br class=\"\"><span class=\"\">D\u2019abord, s\u2019agissant de l&rsquo;acc\u00e8s aux donn\u00e9es dans les domaines de la sant\u00e9 et de la m\u00e9decine, \u00e0 travers le point de vue de chercheurs, en passant par le quotidien d&rsquo;un laboratoire d&rsquo;analyses comme de recherche fondamentale tout en ayant \u00e0 l&rsquo;esprit la dimension \u00e9thique de telles donn\u00e9es comme les \u00e9pineuses questions de s\u00e9curit\u00e9 informatique et en terminant sur la solution trouv\u00e9e en France via le tout nouveau Health Data Hub.<\/span><br class=\"\"><br class=\"\"><span class=\"\">Ensuite, eu \u00e9gard \u00e0 la fronti\u00e8re entre promesses et r\u00e9alit\u00e9 dans le domaine de la justice, sous l\u2019angle technologique mais aussi en donnant la parole \u00e0 des juristes oeuvrant quotidiennement avec les Legal Tech.<\/span><\/p>\n<h6 style=\"text-align: left\"><\/h6>\n<p style=\"text-align: left\"><span style=\"color: #333333\"><strong>Programme<\/strong><\/span><\/p>\n<h4 style=\"text-align: left\"><a href=\"https:\/\/wp.unil.ch\/digiweek-fdca\/files\/2020\/01\/Capture-d\u2019\u00e9cran-2020-01-08-\u00e0-14.10.58-1.png\"><img alt=\"\" loading=\"lazy\" decoding=\"async\" class=\"aligncenter size-full wp-image-692\" src=\"https:\/\/wp.unil.ch\/digiweek-fdca\/files\/2020\/01\/Capture-d\u2019\u00e9cran-2020-01-08-\u00e0-14.10.58-1.png\" alt=\"\" width=\"1733\" height=\"981\" srcset=\"https:\/\/wp.unil.ch\/digiweek-fdca\/files\/2020\/01\/Capture-d\u2019\u00e9cran-2020-01-08-\u00e0-14.10.58-1.png 1733w, https:\/\/wp.unil.ch\/digiweek-fdca\/files\/2020\/01\/Capture-d\u2019\u00e9cran-2020-01-08-\u00e0-14.10.58-1-300x170.png 300w, https:\/\/wp.unil.ch\/digiweek-fdca\/files\/2020\/01\/Capture-d\u2019\u00e9cran-2020-01-08-\u00e0-14.10.58-1-1024x580.png 1024w, https:\/\/wp.unil.ch\/digiweek-fdca\/files\/2020\/01\/Capture-d\u2019\u00e9cran-2020-01-08-\u00e0-14.10.58-1-768x435.png 768w, https:\/\/wp.unil.ch\/digiweek-fdca\/files\/2020\/01\/Capture-d\u2019\u00e9cran-2020-01-08-\u00e0-14.10.58-1-1536x869.png 1536w\" sizes=\"auto, (max-width: 1733px) 100vw, 1733px\" \/><\/a><\/h4>\n<p><a href=\"https:\/\/wp.unil.ch\/digiweek-fdca\/files\/2020\/01\/flyers-fornage-anne-christine-programme-2020_GD-1.pdf-1.pdf\">Document pdf (pour impression)<\/a><\/p>\n<p><a href=\"https:\/\/wp.unil.ch\/digiweek-fdca\/inscription-en-ligne\/\">Inscription<\/a><\/p>\n<p><a href=\"https:\/\/wp.unil.ch\/digiweek-fdca\/contact\/\">Contact<\/a><\/p>\n<p><a href=\"https:\/\/wp.unil.ch\/digiweek-fdca\/acces\/\">Acc\u00e8s<\/a><\/p>\n","protected":false},"excerpt":{"rendered":"<p>La Rencontre entre la Science et le Droit dans le Num\u00e9rique 2 Les d\u00e9fis juridiques de l&rsquo;intelligence artificielle : Regards crois\u00e9s entre sant\u00e9 et justice 13 f\u00e9vrier 2020 Pour cette seconde \u00e9dition de La Semaine de la Digitalisation de l&rsquo;UNIL,<\/p>\n","protected":false},"author":1001864,"featured_media":0,"parent":625,"menu_order":1,"comment_status":"closed","ping_status":"closed","template":"","meta":{"_seopress_robots_primary_cat":"","_seopress_titles_title":"","_seopress_titles_desc":"","_seopress_robots_index":"","footnotes":""},"class_list":["post-628","page","type-page","status-publish"],"_links":{"self":[{"href":"https:\/\/wp.unil.ch\/digiweek-fdca\/wp-json\/wp\/v2\/pages\/628","targetHints":{"allow":["GET"]}}],"collection":[{"href":"https:\/\/wp.unil.ch\/digiweek-fdca\/wp-json\/wp\/v2\/pages"}],"about":[{"href":"https:\/\/wp.unil.ch\/digiweek-fdca\/wp-json\/wp\/v2\/types\/page"}],"author":[{"embeddable":true,"href":"https:\/\/wp.unil.ch\/digiweek-fdca\/wp-json\/wp\/v2\/users\/1001864"}],"replies":[{"embeddable":true,"href":"https:\/\/wp.unil.ch\/digiweek-fdca\/wp-json\/wp\/v2\/comments?post=628"}],"version-history":[{"count":0,"href":"https:\/\/wp.unil.ch\/digiweek-fdca\/wp-json\/wp\/v2\/pages\/628\/revisions"}],"up":[{"embeddable":true,"href":"https:\/\/wp.unil.ch\/digiweek-fdca\/wp-json\/wp\/v2\/pages\/625"}],"wp:attachment":[{"href":"https:\/\/wp.unil.ch\/digiweek-fdca\/wp-json\/wp\/v2\/media?parent=628"}],"curies":[{"name":"wp","href":"https:\/\/api.w.org\/{rel}","templated":true}]}}