{"id":148,"date":"2018-11-16T10:37:58","date_gmt":"2018-11-16T09:37:58","guid":{"rendered":"http:\/\/wp.unil.ch\/digiweek-fdca\/?page_id=148"},"modified":"2024-01-17T14:26:45","modified_gmt":"2024-01-17T13:26:45","slug":"acces","status":"publish","type":"page","link":"https:\/\/wp.unil.ch\/digiweek-fdca\/acces\/","title":{"rendered":"Acc\u00e8s"},"content":{"rendered":"<div class=\"su-note\"  style=\"border-color:#e1e1dd;border-radius:7px;-moz-border-radius:7px;-webkit-border-radius:7px;\"><div class=\"su-note-inner su-u-clearfix su-u-trim\" style=\"background-color:#FBFBF7;border-color:#ffffff;color:#333333;border-radius:7px;-moz-border-radius:7px;-webkit-border-radius:7px;\">\n<h4>Universit\u00e9 de Lausanne, quartier UNIL-Centre<\/h4>\n<p><strong>Acc\u00e8s en voiture :<\/strong><\/p>\n<p>Parking du centre (recommand\u00e9), payant<\/p>\n<p><strong>Acc\u00e8s en train :\u00a0<\/strong><\/p>\n<p>Arr\u00eat m1 \u00ab\u00a0Chavanne-R., UNIL-Chamberonne\u00a0\u00bb<\/p>\n<p><em>Les places de parc \u00e9tant limit\u00e9es \u00e0 l&rsquo;UNIL, il est fortement recommand\u00e9 d&rsquo;utiliser les transports publics<\/em><\/p>\n<\/div><\/div>\n\n<p><img alt=\"\" loading=\"lazy\" decoding=\"async\" class=\"alignnone wp-image-1105 size-full\" src=\"https:\/\/wp.unil.ch\/digiweek-fdca\/files\/2024\/01\/Capture-de\u0301cran-2024-01-17-a\u0300-14.21.45-1-e1705497985798.png\" alt=\"\" width=\"716\" height=\"802\" srcset=\"https:\/\/wp.unil.ch\/digiweek-fdca\/files\/2024\/01\/Capture-de\u0301cran-2024-01-17-a\u0300-14.21.45-1-e1705497985798.png 716w, https:\/\/wp.unil.ch\/digiweek-fdca\/files\/2024\/01\/Capture-de\u0301cran-2024-01-17-a\u0300-14.21.45-1-e1705497985798-268x300.png 268w\" sizes=\"auto, (max-width: 716px) 100vw, 716px\" \/><\/p>\n\n\n<figure class=\"wp-block-image size-full\"><img alt=\"\" loading=\"lazy\" decoding=\"async\" width=\"437\" height=\"293\" src=\"https:\/\/wp.unil.ch\/digiweek-fdca\/files\/2023\/01\/synathlon-image-2.jpg\" alt=\"\" class=\"wp-image-1036\" srcset=\"https:\/\/wp.unil.ch\/digiweek-fdca\/files\/2023\/01\/synathlon-image-2.jpg 437w, https:\/\/wp.unil.ch\/digiweek-fdca\/files\/2023\/01\/synathlon-image-2-300x201.jpg 300w\" sizes=\"auto, (max-width: 437px) 100vw, 437px\" \/><\/figure>\n","protected":false},"excerpt":{"rendered":"","protected":false},"author":1001864,"featured_media":0,"parent":0,"menu_order":0,"comment_status":"closed","ping_status":"closed","template":"","meta":{"_seopress_robots_primary_cat":"","_seopress_titles_title":"","_seopress_titles_desc":"","_seopress_robots_index":"","footnotes":""},"class_list":["post-148","page","type-page","status-publish"],"_links":{"self":[{"href":"https:\/\/wp.unil.ch\/digiweek-fdca\/wp-json\/wp\/v2\/pages\/148","targetHints":{"allow":["GET"]}}],"collection":[{"href":"https:\/\/wp.unil.ch\/digiweek-fdca\/wp-json\/wp\/v2\/pages"}],"about":[{"href":"https:\/\/wp.unil.ch\/digiweek-fdca\/wp-json\/wp\/v2\/types\/page"}],"author":[{"embeddable":true,"href":"https:\/\/wp.unil.ch\/digiweek-fdca\/wp-json\/wp\/v2\/users\/1001864"}],"replies":[{"embeddable":true,"href":"https:\/\/wp.unil.ch\/digiweek-fdca\/wp-json\/wp\/v2\/comments?post=148"}],"version-history":[{"count":1,"href":"https:\/\/wp.unil.ch\/digiweek-fdca\/wp-json\/wp\/v2\/pages\/148\/revisions"}],"predecessor-version":[{"id":1106,"href":"https:\/\/wp.unil.ch\/digiweek-fdca\/wp-json\/wp\/v2\/pages\/148\/revisions\/1106"}],"wp:attachment":[{"href":"https:\/\/wp.unil.ch\/digiweek-fdca\/wp-json\/wp\/v2\/media?parent=148"}],"curies":[{"name":"wp","href":"https:\/\/api.w.org\/{rel}","templated":true}]}}