{"id":1248,"date":"2025-02-26T09:04:06","date_gmt":"2025-02-26T08:04:06","guid":{"rendered":"https:\/\/wp.unil.ch\/digiweek-fdca\/?page_id=1248"},"modified":"2025-02-26T11:17:14","modified_gmt":"2025-02-26T10:17:14","slug":"edition-2024","status":"publish","type":"page","link":"https:\/\/wp.unil.ch\/digiweek-fdca\/edition-2024\/","title":{"rendered":"\u00c9dition 2025"},"content":{"rendered":"\n<p>La 7<sup>e<\/sup>&nbsp;rencontre entre la Science et le Droit dans le Num\u00e9rique est l\u2019occasion de faire le point sur les probl\u00e9matiques \u00e9mergentes dans le domaine des actifs num\u00e9riques, de l\u2019h\u00e9r\u00e9dit\u00e9 num\u00e9rique et de la vie num\u00e9rique post mortem. C\u2019est aussi l\u2019opportunit\u00e9 d\u2019explorer les enjeux juridiques soulev\u00e9s dans ces domaines par l\u2019essor des technologies num\u00e9riques.<\/p>\n\n\n\n<p>The 7th Meeting of Science and Law in the Digital World is an opportunity to take an in-depth look at emerging issues in the field of digital assets and digital inheritance. It will also explore the challenges of digital inheritance and to reflect on legal frameworks at broader levels.<\/p>\n\n\n\n<p><\/p>\n\n\n\n<p><strong>Intervenant\u00b7e\u00b7s \/ Speakers<\/strong><\/p>\n\n\n\n<p><a href=\"https:\/\/ch.linkedin.com\/in\/anne-christine-fornage-8607a0\">Prof. Anne-Christine Fornage<\/a>&nbsp;(UNIL)<\/p>\n\n\n\n<p><a href=\"https:\/\/uk.linkedin.com\/in\/eva-lein-566a4a26\">Prof. Eva Lein<\/a>&nbsp;(UNIL)<\/p>\n\n\n\n<p><a href=\"https:\/\/ch.linkedin.com\/in\/antoine-eigenmann-513261\">Prof. Antoine Eigenmann<\/a>&nbsp;(University of Fribourg)<\/p>\n\n\n\n<p><a href=\"https:\/\/research.aston.ac.uk\/en\/persons\/edina-harbinja\">Prof. Edina Harbinja<\/a>&nbsp;(University of Aston)<\/p>\n\n\n\n<p><a href=\"https:\/\/www.linkedin.com\/in\/claireboine\">Claire Boine<\/a>&nbsp;(Postdoctoral Researcher, Washington University School of Law)<\/p>\n\n\n\n<p><a href=\"https:\/\/it.linkedin.com\/in\/alberto-de-franceschi-4017994a\">Prof. Alberto de Franceschi&nbsp;<\/a>(University of Ferrara)<\/p>\n\n\n\n<p><a href=\"https:\/\/it.linkedin.com\/in\/theodora-kostoula-772309140\">Theodora Kostoula<\/a>&nbsp;(Legal Consultant, UNIDROIT)<\/p>\n\n\n\n<p><a href=\"https:\/\/it.linkedin.com\/in\/francesco-paolo-patti-68b475113\">Prof. Francesco Paolo Patti<\/a>&nbsp;(University of Bocconi)<\/p>\n\n\n\n<p><a href=\"https:\/\/be.linkedin.com\/in\/drtam\u00e1s-sajben\">Dr. Tam\u00e1s Sajben<\/a>&nbsp;(Hungarian Chamber of Notaries)<\/p>\n\n\n\n<p><a href=\"https:\/\/pl.linkedin.com\/in\/elwira-macierzy\u0144ska-franaszczyk-4522346?original_referer=https%3A%2F%2Fwww.google.com%2F\">Prof. Elwira Macierzy\u0144ska-Franaszczyk<\/a>&nbsp;(University of Kosminski)<\/p>\n\n\n\n<p><a href=\"https:\/\/de.linkedin.com\/in\/dr-philipp-ceesay-geb-scholz-344b2115b\">Dr. Philipp&nbsp;Ceesay&nbsp;<\/a>(Senior Research Fellow,&nbsp;MPI Hamburg)<\/p>\n\n\n\n<p><a href=\"https:\/\/il.linkedin.com\/in\/tal-morse-b23999334?original_referer=https%3A%2F%2Fwww.google.com%2F\">Tal Morse<\/a> (Hadassah Academic College)<\/p>\n\n\n\n<p><\/p>\n\n\n\n<p><strong>Domaine(s) d&rsquo;activit\u00e9 \/ Field(s) of Expertise<\/strong><\/p>\n\n\n\n<p>Droit du num\u00e9rique et des nouvelles technologies \/ Digital Law&nbsp;*&nbsp;Droit des successions \/ Inheritance Law * Droit des biens \/ Property Law * Droit des personnes \/ Law of Personality * Droit de la protection des donn\u00e9es \/ Data Protection Law * Droit des contrats \/ Contract Law *<\/p>\n\n\n\n<p><\/p>\n","protected":false},"excerpt":{"rendered":"<p>La 7e&nbsp;rencontre entre la Science et le Droit dans le Num\u00e9rique est l\u2019occasion de faire le point sur les probl\u00e9matiques \u00e9mergentes dans le domaine des actifs num\u00e9riques, de l\u2019h\u00e9r\u00e9dit\u00e9 num\u00e9rique et de la vie num\u00e9rique post mortem. C\u2019est aussi l\u2019opportunit\u00e9<\/p>\n","protected":false},"author":1002182,"featured_media":0,"parent":0,"menu_order":0,"comment_status":"closed","ping_status":"closed","template":"","meta":{"_seopress_robots_primary_cat":"","_seopress_titles_title":"","_seopress_titles_desc":"","_seopress_robots_index":"","_seopress_analysis_target_kw":"","footnotes":""},"class_list":["post-1248","page","type-page","status-publish"],"_links":{"self":[{"href":"https:\/\/wp.unil.ch\/digiweek-fdca\/wp-json\/wp\/v2\/pages\/1248","targetHints":{"allow":["GET"]}}],"collection":[{"href":"https:\/\/wp.unil.ch\/digiweek-fdca\/wp-json\/wp\/v2\/pages"}],"about":[{"href":"https:\/\/wp.unil.ch\/digiweek-fdca\/wp-json\/wp\/v2\/types\/page"}],"author":[{"embeddable":true,"href":"https:\/\/wp.unil.ch\/digiweek-fdca\/wp-json\/wp\/v2\/users\/1002182"}],"replies":[{"embeddable":true,"href":"https:\/\/wp.unil.ch\/digiweek-fdca\/wp-json\/wp\/v2\/comments?post=1248"}],"version-history":[{"count":4,"href":"https:\/\/wp.unil.ch\/digiweek-fdca\/wp-json\/wp\/v2\/pages\/1248\/revisions"}],"predecessor-version":[{"id":1315,"href":"https:\/\/wp.unil.ch\/digiweek-fdca\/wp-json\/wp\/v2\/pages\/1248\/revisions\/1315"}],"wp:attachment":[{"href":"https:\/\/wp.unil.ch\/digiweek-fdca\/wp-json\/wp\/v2\/media?parent=1248"}],"curies":[{"name":"wp","href":"https:\/\/api.w.org\/{rel}","templated":true}]}}