{"id":1183,"date":"2024-02-28T14:13:30","date_gmt":"2024-02-28T13:13:30","guid":{"rendered":"https:\/\/wp.unil.ch\/digiweek-fdca\/?page_id=1183"},"modified":"2024-02-28T14:15:53","modified_gmt":"2024-02-28T13:15:53","slug":"edition-2024","status":"publish","type":"page","link":"https:\/\/wp.unil.ch\/digiweek-fdca\/editions-precedentes\/edition-2024\/","title":{"rendered":"\u00c9dition 2024"},"content":{"rendered":"\n<p><strong>Colloque du 8 f\u00e9vrier 2024<\/strong><\/p>\n\n\n\n<p>La 6e rencontre entre la Science et le Droit dans le Num\u00e9rique aura lieu durant la journ\u00e9e du 8 f\u00e9vrier 2024.<\/p>\n\n\n\n<p>Cette rencontre saisit l\u2019occasion de faire le point sur les nouveaut\u00e9s l\u00e9gislatives europ\u00e9ennes et suisses. C\u2019est aussi l\u2019opportunit\u00e9 de faire un bilan des relations entre technologies et contrats comme de s\u2019int\u00e9resser \u00e0 celles entre la conformit\u00e9 et la compliance.<\/p>\n\n\n\n<p>L&rsquo;\u00e9v\u00e8nement aura lieu \u00e0 l&rsquo;Universit\u00e9 de Lausanne, au B\u00e2timent Synathlon, salle 1216. Le colloque a lieu en pr\u00e9sentiel et est gratuit dans les limites des places disponibles. Une inscription en ligne est obligatoire pour y participer.<\/p>\n\n\n\n<p><strong>Programme du colloque<\/strong><\/p>\n\n\n\n<div data-wp-interactive=\"core\/file\" class=\"wp-block-file\"><object data-wp-bind--hidden=\"!state.hasPdfPreview\" hidden class=\"wp-block-file__embed\" data=\"https:\/\/wp.unil.ch\/digiweek-fdca\/files\/2024\/01\/Colloque-08.02.24-La-Rencontre-entre-la-Science-et-le-Droit-dans-le-Numerique-6-1.pdf\" type=\"application\/pdf\" style=\"width:100%;height:600px\" aria-label=\"Contenu embarqu\u00e9 Colloque-08.02.24-La-Rencontre-entre-la-Science-et-le-Droit-dans-le-Numerique-6-1.\"><\/object><a id=\"wp-block-file--media-1d899b34-91fc-4362-b742-75f329bc2d09\" href=\"https:\/\/wp.unil.ch\/digiweek-fdca\/files\/2024\/01\/Colloque-08.02.24-La-Rencontre-entre-la-Science-et-le-Droit-dans-le-Numerique-6-1.pdf\">Colloque-08.02.24-La-Rencontre-entre-la-Science-et-le-Droit-dans-le-Numerique-6-1<\/a><a href=\"https:\/\/wp.unil.ch\/digiweek-fdca\/files\/2024\/01\/Colloque-08.02.24-La-Rencontre-entre-la-Science-et-le-Droit-dans-le-Numerique-6-1.pdf\" class=\"wp-block-file__button wp-element-button\" download aria-describedby=\"wp-block-file--media-1d899b34-91fc-4362-b742-75f329bc2d09\">T\u00e9l\u00e9charger<\/a><\/div>\n","protected":false},"excerpt":{"rendered":"<p>Colloque du 8 f\u00e9vrier 2024 La 6e rencontre entre la Science et le Droit dans le Num\u00e9rique aura lieu durant la journ\u00e9e du 8 f\u00e9vrier 2024. Cette rencontre saisit l\u2019occasion de faire le point sur les nouveaut\u00e9s l\u00e9gislatives europ\u00e9ennes et<\/p>\n","protected":false},"author":1002503,"featured_media":0,"parent":766,"menu_order":2,"comment_status":"closed","ping_status":"closed","template":"","meta":{"_seopress_robots_primary_cat":"","_seopress_titles_title":"","_seopress_titles_desc":"","_seopress_robots_index":"","_seopress_analysis_target_kw":"","footnotes":""},"class_list":["post-1183","page","type-page","status-publish"],"_links":{"self":[{"href":"https:\/\/wp.unil.ch\/digiweek-fdca\/wp-json\/wp\/v2\/pages\/1183","targetHints":{"allow":["GET"]}}],"collection":[{"href":"https:\/\/wp.unil.ch\/digiweek-fdca\/wp-json\/wp\/v2\/pages"}],"about":[{"href":"https:\/\/wp.unil.ch\/digiweek-fdca\/wp-json\/wp\/v2\/types\/page"}],"author":[{"embeddable":true,"href":"https:\/\/wp.unil.ch\/digiweek-fdca\/wp-json\/wp\/v2\/users\/1002503"}],"replies":[{"embeddable":true,"href":"https:\/\/wp.unil.ch\/digiweek-fdca\/wp-json\/wp\/v2\/comments?post=1183"}],"version-history":[{"count":2,"href":"https:\/\/wp.unil.ch\/digiweek-fdca\/wp-json\/wp\/v2\/pages\/1183\/revisions"}],"predecessor-version":[{"id":1187,"href":"https:\/\/wp.unil.ch\/digiweek-fdca\/wp-json\/wp\/v2\/pages\/1183\/revisions\/1187"}],"up":[{"embeddable":true,"href":"https:\/\/wp.unil.ch\/digiweek-fdca\/wp-json\/wp\/v2\/pages\/766"}],"wp:attachment":[{"href":"https:\/\/wp.unil.ch\/digiweek-fdca\/wp-json\/wp\/v2\/media?parent=1183"}],"curies":[{"name":"wp","href":"https:\/\/api.w.org\/{rel}","templated":true}]}}