{"id":1061,"date":"2023-02-13T10:38:40","date_gmt":"2023-02-13T09:38:40","guid":{"rendered":"https:\/\/wp.unil.ch\/digiweek-fdca\/?page_id=1061"},"modified":"2023-11-14T12:24:10","modified_gmt":"2023-11-14T11:24:10","slug":"edition-2022","status":"publish","type":"page","link":"https:\/\/wp.unil.ch\/digiweek-fdca\/editions-precedentes\/edition-2022\/","title":{"rendered":"\u00c9dition 2023"},"content":{"rendered":"\n<p>La 5<sup>e<\/sup> rencontre entre la Science et le Droit dans le Num\u00e9rique est l\u2019occasion de faire le point en mati\u00e8re de nouvelles technologies dans le droit et la sant\u00e9. Les intervenants apporteront un regard neuf sur la digitalisation du secteur de la justice et discuteront de l&rsquo;utilisation de l&rsquo;IA dans le r\u00e8glement des litiges et les cons\u00e9quences de l&rsquo;\u00e9mergence du m\u00e9tavers.<\/p>\n\n\n\n<p><\/p>\n\n\n\n<h5 class=\"wp-block-heading\"><strong>Programme:<\/strong><\/h5>\n\n\n\n<figure class=\"wp-block-image size-large\"><img alt=\"\" loading=\"lazy\" decoding=\"async\" width=\"1024\" height=\"725\" src=\"https:\/\/wp.unil.ch\/digiweek-fdca\/files\/2023\/02\/Flyer-2023_page-0001-1-1024x725.jpg\" alt=\"\" class=\"wp-image-1063\" srcset=\"https:\/\/wp.unil.ch\/digiweek-fdca\/files\/2023\/02\/Flyer-2023_page-0001-1-1024x725.jpg 1024w, https:\/\/wp.unil.ch\/digiweek-fdca\/files\/2023\/02\/Flyer-2023_page-0001-1-300x212.jpg 300w, https:\/\/wp.unil.ch\/digiweek-fdca\/files\/2023\/02\/Flyer-2023_page-0001-1-768x543.jpg 768w, https:\/\/wp.unil.ch\/digiweek-fdca\/files\/2023\/02\/Flyer-2023_page-0001-1-1536x1087.jpg 1536w, https:\/\/wp.unil.ch\/digiweek-fdca\/files\/2023\/02\/Flyer-2023_page-0001-1.jpg 1696w\" sizes=\"auto, (max-width: 1024px) 100vw, 1024px\" \/><\/figure>\n\n\n\n<figure class=\"wp-block-image size-large\"><img alt=\"\" loading=\"lazy\" decoding=\"async\" width=\"1024\" height=\"725\" src=\"https:\/\/wp.unil.ch\/digiweek-fdca\/files\/2023\/02\/Flyer-2023_page-0002-1-1024x725.jpg\" alt=\"\" class=\"wp-image-1064\" srcset=\"https:\/\/wp.unil.ch\/digiweek-fdca\/files\/2023\/02\/Flyer-2023_page-0002-1-1024x725.jpg 1024w, https:\/\/wp.unil.ch\/digiweek-fdca\/files\/2023\/02\/Flyer-2023_page-0002-1-300x212.jpg 300w, https:\/\/wp.unil.ch\/digiweek-fdca\/files\/2023\/02\/Flyer-2023_page-0002-1-768x543.jpg 768w, https:\/\/wp.unil.ch\/digiweek-fdca\/files\/2023\/02\/Flyer-2023_page-0002-1-1536x1087.jpg 1536w, https:\/\/wp.unil.ch\/digiweek-fdca\/files\/2023\/02\/Flyer-2023_page-0002-1.jpg 1696w\" sizes=\"auto, (max-width: 1024px) 100vw, 1024px\" \/><\/figure>\n","protected":false},"excerpt":{"rendered":"<p>La 5e rencontre entre la Science et le Droit dans le Num\u00e9rique est l\u2019occasion de faire le point en mati\u00e8re de nouvelles technologies dans le droit et la sant\u00e9. Les intervenants apporteront un regard neuf sur la digitalisation du secteur<\/p>\n","protected":false},"author":1002503,"featured_media":0,"parent":766,"menu_order":1,"comment_status":"closed","ping_status":"closed","template":"","meta":{"_seopress_robots_primary_cat":"","_seopress_titles_title":"","_seopress_titles_desc":"","_seopress_robots_index":"","footnotes":""},"class_list":["post-1061","page","type-page","status-publish"],"_links":{"self":[{"href":"https:\/\/wp.unil.ch\/digiweek-fdca\/wp-json\/wp\/v2\/pages\/1061","targetHints":{"allow":["GET"]}}],"collection":[{"href":"https:\/\/wp.unil.ch\/digiweek-fdca\/wp-json\/wp\/v2\/pages"}],"about":[{"href":"https:\/\/wp.unil.ch\/digiweek-fdca\/wp-json\/wp\/v2\/types\/page"}],"author":[{"embeddable":true,"href":"https:\/\/wp.unil.ch\/digiweek-fdca\/wp-json\/wp\/v2\/users\/1002503"}],"replies":[{"embeddable":true,"href":"https:\/\/wp.unil.ch\/digiweek-fdca\/wp-json\/wp\/v2\/comments?post=1061"}],"version-history":[{"count":1,"href":"https:\/\/wp.unil.ch\/digiweek-fdca\/wp-json\/wp\/v2\/pages\/1061\/revisions"}],"predecessor-version":[{"id":1077,"href":"https:\/\/wp.unil.ch\/digiweek-fdca\/wp-json\/wp\/v2\/pages\/1061\/revisions\/1077"}],"up":[{"embeddable":true,"href":"https:\/\/wp.unil.ch\/digiweek-fdca\/wp-json\/wp\/v2\/pages\/766"}],"wp:attachment":[{"href":"https:\/\/wp.unil.ch\/digiweek-fdca\/wp-json\/wp\/v2\/media?parent=1061"}],"curies":[{"name":"wp","href":"https:\/\/api.w.org\/{rel}","templated":true}]}}