{"id":585,"date":"2022-05-19T14:27:41","date_gmt":"2022-05-19T12:27:41","guid":{"rendered":"https:\/\/wp.unil.ch\/digitalskills\/?page_id=585"},"modified":"2023-10-24T16:28:20","modified_gmt":"2023-10-24T14:28:20","slug":"programme-p8-global","status":"publish","type":"page","link":"https:\/\/wp.unil.ch\/digitalskills\/projet\/programme-p8-global\/","title":{"rendered":"Programme global P-8 Digital Skills"},"content":{"rendered":"\n<p>Le programme P-8 \u00ab\u00a0Renforcement des digital skills dans l\u2019enseignement\u00a0\u00bb de swissuniversities vise \u00e0 soutenir les projets des hautes \u00e9coles dans le domaine de l\u2019enseignement.&nbsp;<\/p>\n\n\n\n<p>Ce sont au total 16 projets actuellement en cours de r\u00e9alisation pour cette deuxi\u00e8me phase du programme 2021-2024 dans les universit\u00e9s et hautes \u00e9coles suisses<\/p>\n\n\n\n<p>Chaque projet est men\u00e9 par une \u00ab\u00a0Leading House\u00a0\u00bb, qui peut \u00eatre accompagn\u00e9e d&rsquo;une ou plusieurs institutions partenaires.<\/p>\n\n\n\n<ul class=\"wp-block-list\">\n<li>Plus d&rsquo;information sur le <a rel=\"noreferrer noopener\" href=\"https:\/\/www.swissuniversities.ch\/fr\/themes\/digitalisation\/digital-skills\" target=\"_blank\">Programme P-8 Digital Skills<\/a><\/li>\n\n\n\n<li>T\u00e9l\u00e9charger la liste des <a rel=\"noreferrer noopener\" href=\"https:\/\/www.swissuniversities.ch\/fileadmin\/user_upload\/210802_UEbersicht_Projekte_21-24.pdf\" target=\"_blank\">Projets pour la p\u00e9riode 2021-2024<\/a><\/li>\n<\/ul>\n\n\n\n<figure class=\"wp-block-image size-full is-resized\"><img alt=\"\" loading=\"lazy\" decoding=\"async\" width=\"250\" height=\"29\" src=\"https:\/\/wp.unil.ch\/digitalskills\/files\/2022\/04\/swissuniversities_logo.png\" alt=\"\" class=\"wp-image-239\" style=\"width:188px;height:22px\" \/><\/figure>\n\n\n\n<h2 class=\"wp-block-heading\">En savoir plus sur les projets 2021-2024<\/h2>\n\n\n\n<p><strong>\u00abDigital Literacies\u00bb an der Universit\u00e4t Basel <\/strong><br>Leading House UNIBAS<\/p>\n\n\n\n<div class=\"wp-block-group\"><div class=\"wp-block-group__inner-container is-layout-flow wp-block-group-is-layout-flow\">\n<div class=\"wp-block-group alignwide is-content-justification-left is-layout-flex wp-container-core-group-is-layout-f8410fd9 wp-block-group-is-layout-flex\">\n<figure class=\"wp-block-image size-full is-resized\"><img alt=\"\" loading=\"lazy\" decoding=\"async\" width=\"512\" height=\"512\" src=\"https:\/\/wp.unil.ch\/digitalskills\/files\/2022\/04\/website.png\" alt=\"\" class=\"wp-image-398\" style=\"width:40px;height:40px\" srcset=\"https:\/\/wp.unil.ch\/digitalskills\/files\/2022\/04\/website.png 512w, https:\/\/wp.unil.ch\/digitalskills\/files\/2022\/04\/website-300x300.png 300w, https:\/\/wp.unil.ch\/digitalskills\/files\/2022\/04\/website-150x150.png 150w\" sizes=\"auto, (max-width: 512px) 100vw, 512px\" \/><\/figure>\n\n\n\n<p class=\"has-text-align-left\"><a href=\"https:\/\/digitalskills.unibas.ch\/en\/\" target=\"_blank\" rel=\"noreferrer noopener\">www.digitalskills.unibas.ch<\/a><\/p>\n<\/div>\n<\/div><\/div>\n\n\n\n<p><strong>Digital literacy in university contexts<\/strong> &#8211; <strong>DigLit<\/strong><br>Leading House ZHAW, partenaires PHZH, UniNE, BFH<\/p>\n\n\n\n<div class=\"wp-block-group\"><div class=\"wp-block-group__inner-container is-layout-flow wp-block-group-is-layout-flow\">\n<div class=\"wp-block-group alignwide is-content-justification-left is-layout-flex wp-container-core-group-is-layout-f8410fd9 wp-block-group-is-layout-flex\">\n<figure class=\"wp-block-image size-full is-resized\"><img alt=\"\" loading=\"lazy\" decoding=\"async\" width=\"512\" height=\"512\" src=\"https:\/\/wp.unil.ch\/digitalskills\/files\/2022\/04\/website.png\" alt=\"\" class=\"wp-image-398\" style=\"width:40px;height:40px\" srcset=\"https:\/\/wp.unil.ch\/digitalskills\/files\/2022\/04\/website.png 512w, https:\/\/wp.unil.ch\/digitalskills\/files\/2022\/04\/website-300x300.png 300w, https:\/\/wp.unil.ch\/digitalskills\/files\/2022\/04\/website-150x150.png 150w\" sizes=\"auto, (max-width: 512px) 100vw, 512px\" \/><\/figure>\n\n\n\n<p class=\"has-text-align-left\"><a rel=\"noreferrer noopener\" href=\"https:\/\/www.zhaw.ch\/fr\/linguistique\/digital-literacy-in-university-contexts-diglit\/\" target=\"_blank\">www.zahw.ch\/fr\/linguistiq<\/a><a rel=\"noreferrer noopener\" href=\"https:\/\/www.zhaw.ch\/fr\/linguistique\/digital-literacy-in-university-contexts-diglit\/\" target=\"_blank\">u<\/a><a rel=\"noreferrer noopener\" href=\"https:\/\/www.zhaw.ch\/fr\/linguistique\/digital-literacy-in-university-contexts-diglit\/\" target=\"_blank\">e<\/a><\/p>\n<\/div>\n<\/div><\/div>\n\n\n\n<p><strong>Digital Skills for You &#8211; DSK4U<\/strong><br>Leading House UZH<\/p>\n\n\n\n<div class=\"wp-block-group\"><div class=\"wp-block-group__inner-container is-layout-flow wp-block-group-is-layout-flow\">\n<div class=\"wp-block-group alignwide is-content-justification-left is-layout-flex wp-container-core-group-is-layout-f8410fd9 wp-block-group-is-layout-flex\">\n<figure class=\"wp-block-image size-full is-resized\"><img alt=\"\" loading=\"lazy\" decoding=\"async\" width=\"512\" height=\"512\" src=\"https:\/\/wp.unil.ch\/digitalskills\/files\/2022\/04\/website.png\" alt=\"\" class=\"wp-image-398\" style=\"width:40px;height:40px\" srcset=\"https:\/\/wp.unil.ch\/digitalskills\/files\/2022\/04\/website.png 512w, https:\/\/wp.unil.ch\/digitalskills\/files\/2022\/04\/website-300x300.png 300w, https:\/\/wp.unil.ch\/digitalskills\/files\/2022\/04\/website-150x150.png 150w\" sizes=\"auto, (max-width: 512px) 100vw, 512px\" \/><\/figure>\n\n\n\n<p class=\"has-text-align-left\"><a href=\"https:\/\/www.teaching.uzh.ch\/de\/community\/disk4u.html\" target=\"_blank\" rel=\"noreferrer noopener\">www.teaching.uzh.ch\/de\/community\/disk4u<\/a><\/p>\n<\/div>\n<\/div><\/div>\n\n\n\n<p><strong>Digitale Basiskompetenzen von Studierenden<\/strong> &#8211; DigiBasics<br>Leading House PHZH, partenaires HFH, PH SH, PH GR, PH Thurgau, SUPSI DGA &amp; FFHS<\/p>\n\n\n\n<div class=\"wp-block-group\"><div class=\"wp-block-group__inner-container is-layout-flow wp-block-group-is-layout-flow\">\n<div class=\"wp-block-group alignwide is-content-justification-left is-layout-flex wp-container-core-group-is-layout-f8410fd9 wp-block-group-is-layout-flex\">\n<figure class=\"wp-block-image size-full is-resized\"><img alt=\"\" loading=\"lazy\" decoding=\"async\" width=\"512\" height=\"512\" src=\"https:\/\/wp.unil.ch\/digitalskills\/files\/2022\/04\/website.png\" alt=\"\" class=\"wp-image-398\" style=\"width:40px;height:40px\" srcset=\"https:\/\/wp.unil.ch\/digitalskills\/files\/2022\/04\/website.png 512w, https:\/\/wp.unil.ch\/digitalskills\/files\/2022\/04\/website-300x300.png 300w, https:\/\/wp.unil.ch\/digitalskills\/files\/2022\/04\/website-150x150.png 150w\" sizes=\"auto, (max-width: 512px) 100vw, 512px\" \/><\/figure>\n\n\n\n<p class=\"has-text-align-left\"><a href=\"https:\/\/phzh.ch\/de\/ueber-uns\/pgb-projekte\/digibasics--basiskompetenzen-fur-studierende-in-einer-digitalen-gesellschaft\/\" target=\"_blank\" rel=\"noreferrer noopener\">www.phzh.ch\/pgb-projekte\/digibasics<\/a><\/p>\n<\/div>\n<\/div><\/div>\n\n\n\n<p><strong>Digitale Pr\u00fcfungen<\/strong><br>Leading House HSG, partenaire PHSG<\/p>\n\n\n\n<div class=\"wp-block-group\"><div class=\"wp-block-group__inner-container is-layout-flow wp-block-group-is-layout-flow\">\n<div class=\"wp-block-group alignwide is-content-justification-left is-layout-flex wp-container-core-group-is-layout-f8410fd9 wp-block-group-is-layout-flex\">\n<figure class=\"wp-block-image size-full is-resized\"><img alt=\"\" loading=\"lazy\" decoding=\"async\" width=\"512\" height=\"512\" src=\"https:\/\/wp.unil.ch\/digitalskills\/files\/2022\/04\/website.png\" alt=\"\" class=\"wp-image-398\" style=\"width:40px;height:40px\" srcset=\"https:\/\/wp.unil.ch\/digitalskills\/files\/2022\/04\/website.png 512w, https:\/\/wp.unil.ch\/digitalskills\/files\/2022\/04\/website-300x300.png 300w, https:\/\/wp.unil.ch\/digitalskills\/files\/2022\/04\/website-150x150.png 150w\" sizes=\"auto, (max-width: 512px) 100vw, 512px\" \/><\/figure>\n\n\n\n<p class=\"has-text-align-left\"><a href=\"https:\/\/www.unisg.ch\/de\" target=\"_blank\" rel=\"noreferrer noopener\">www.unisg.ch<\/a><\/p>\n<\/div>\n<\/div><\/div>\n\n\n\n<p><strong>DigitalSkills @Fribourg<\/strong><br>Leading House UNIFR, partenaires HEIA-FR, HEG-FR, HedSFR, HETS-FR<\/p>\n\n\n\n<div class=\"wp-block-group\"><div class=\"wp-block-group__inner-container is-layout-flow wp-block-group-is-layout-flow\">\n<div class=\"wp-block-group alignwide is-content-justification-left is-layout-flex wp-container-core-group-is-layout-f8410fd9 wp-block-group-is-layout-flex\">\n<figure class=\"wp-block-image size-full is-resized\"><img alt=\"\" loading=\"lazy\" decoding=\"async\" width=\"512\" height=\"512\" src=\"https:\/\/wp.unil.ch\/digitalskills\/files\/2022\/04\/website.png\" alt=\"\" class=\"wp-image-398\" style=\"width:40px;height:40px\" srcset=\"https:\/\/wp.unil.ch\/digitalskills\/files\/2022\/04\/website.png 512w, https:\/\/wp.unil.ch\/digitalskills\/files\/2022\/04\/website-300x300.png 300w, https:\/\/wp.unil.ch\/digitalskills\/files\/2022\/04\/website-150x150.png 150w\" sizes=\"auto, (max-width: 512px) 100vw, 512px\" \/><\/figure>\n\n\n\n<p class=\"has-text-align-left\"><a href=\"https:\/\/www.unifr.ch\/digitalskills\/fr\/\" target=\"_blank\" rel=\"noreferrer noopener\">www.unifr.ch\/digitalskills<\/a><\/p>\n<\/div>\n<\/div><\/div>\n\n\n\n<p><strong>Computational Thinking<\/strong><br>Leading House EPFL, partenaires ETHZ, UniNE<\/p>\n\n\n\n<div class=\"wp-block-group\"><div class=\"wp-block-group__inner-container is-layout-flow wp-block-group-is-layout-flow\">\n<div class=\"wp-block-group alignwide is-content-justification-left is-layout-flex wp-container-core-group-is-layout-f8410fd9 wp-block-group-is-layout-flex\">\n<figure class=\"wp-block-image size-full is-resized\"><img alt=\"\" loading=\"lazy\" decoding=\"async\" width=\"512\" height=\"512\" src=\"https:\/\/wp.unil.ch\/digitalskills\/files\/2022\/04\/website.png\" alt=\"\" class=\"wp-image-398\" style=\"width:40px;height:40px\" srcset=\"https:\/\/wp.unil.ch\/digitalskills\/files\/2022\/04\/website.png 512w, https:\/\/wp.unil.ch\/digitalskills\/files\/2022\/04\/website-300x300.png 300w, https:\/\/wp.unil.ch\/digitalskills\/files\/2022\/04\/website-150x150.png 150w\" sizes=\"auto, (max-width: 512px) 100vw, 512px\" \/><\/figure>\n\n\n\n<p class=\"has-text-align-left\"><a href=\"https:\/\/www.epfl.ch\/education\/educational-initiatives\/jupyter-notebooks-for-education\/\" target=\"_blank\" rel=\"noreferrer noopener\">www.epfl\/education\/cede<\/a><\/p>\n<\/div>\n<\/div><\/div>\n\n\n\n<p><strong>EvlnCo<\/strong><br>Leading House UNIBE<\/p>\n\n\n\n<div class=\"wp-block-group\"><div class=\"wp-block-group__inner-container is-layout-flow wp-block-group-is-layout-flow\">\n<div class=\"wp-block-group alignwide is-content-justification-left is-layout-flex wp-container-core-group-is-layout-f8410fd9 wp-block-group-is-layout-flex\">\n<figure class=\"wp-block-image size-full is-resized\"><img alt=\"\" loading=\"lazy\" decoding=\"async\" width=\"512\" height=\"512\" src=\"https:\/\/wp.unil.ch\/digitalskills\/files\/2022\/04\/website.png\" alt=\"\" class=\"wp-image-398\" style=\"width:40px;height:40px\" srcset=\"https:\/\/wp.unil.ch\/digitalskills\/files\/2022\/04\/website.png 512w, https:\/\/wp.unil.ch\/digitalskills\/files\/2022\/04\/website-300x300.png 300w, https:\/\/wp.unil.ch\/digitalskills\/files\/2022\/04\/website-150x150.png 150w\" sizes=\"auto, (max-width: 512px) 100vw, 512px\" \/><\/figure>\n\n\n\n<p class=\"has-text-align-left\"><a href=\"https:\/\/www.gutelehre.unibe.ch\/projekte___foerdermassnahmen\/\" target=\"_blank\" rel=\"noreferrer noopener\">www.gutelehre.unibe.ch<\/a><\/p>\n<\/div>\n<\/div><\/div>\n\n\n\n<p><strong>E-Assessment &amp; Distance Testing<\/strong><br>Leading House FHNW, partenaire BFH<\/p>\n\n\n\n<div class=\"wp-block-group\"><div class=\"wp-block-group__inner-container is-layout-flow wp-block-group-is-layout-flow\">\n<div class=\"wp-block-group alignwide is-content-justification-left is-layout-flex wp-container-core-group-is-layout-f8410fd9 wp-block-group-is-layout-flex\">\n<figure class=\"wp-block-image size-full is-resized\"><img alt=\"\" loading=\"lazy\" decoding=\"async\" width=\"512\" height=\"512\" src=\"https:\/\/wp.unil.ch\/digitalskills\/files\/2022\/04\/website.png\" alt=\"\" class=\"wp-image-398\" style=\"width:40px;height:40px\" srcset=\"https:\/\/wp.unil.ch\/digitalskills\/files\/2022\/04\/website.png 512w, https:\/\/wp.unil.ch\/digitalskills\/files\/2022\/04\/website-300x300.png 300w, https:\/\/wp.unil.ch\/digitalskills\/files\/2022\/04\/website-150x150.png 150w\" sizes=\"auto, (max-width: 512px) 100vw, 512px\" \/><\/figure>\n\n\n\n<p class=\"has-text-align-left\"><a href=\"https:\/\/www.fhnw.ch\/de\" target=\"_blank\" rel=\"noreferrer noopener\">www.fhnw.ch<\/a><\/p>\n<\/div>\n<\/div><\/div>\n\n\n\n<p><strong>Enseignement \u00e0 l\u2019\u00e8re du num\u00e9rique dans un contexte de formation professionnalisante de type HES<\/strong><br>Leading House HES-SO, partenaire SUPSI<\/p>\n\n\n\n<div class=\"wp-block-group\"><div class=\"wp-block-group__inner-container is-layout-flow wp-block-group-is-layout-flow\">\n<div class=\"wp-block-group alignwide is-content-justification-left is-layout-flex wp-container-core-group-is-layout-f8410fd9 wp-block-group-is-layout-flex\">\n<figure class=\"wp-block-image size-full is-resized\"><img alt=\"\" loading=\"lazy\" decoding=\"async\" width=\"512\" height=\"512\" src=\"https:\/\/wp.unil.ch\/digitalskills\/files\/2022\/04\/website.png\" alt=\"\" class=\"wp-image-398\" style=\"width:40px;height:40px\" srcset=\"https:\/\/wp.unil.ch\/digitalskills\/files\/2022\/04\/website.png 512w, https:\/\/wp.unil.ch\/digitalskills\/files\/2022\/04\/website-300x300.png 300w, https:\/\/wp.unil.ch\/digitalskills\/files\/2022\/04\/website-150x150.png 150w\" sizes=\"auto, (max-width: 512px) 100vw, 512px\" \/><\/figure>\n\n\n\n<p class=\"has-text-align-left\"><a href=\"https:\/\/www.hes-so.ch\/la-hes-so\/digitalisation\/projets-et-initiatives\" target=\"_blank\" rel=\"noreferrer noopener\">www.hes-so.ch\/digitalisation<\/a><\/p>\n<\/div>\n<\/div><\/div>\n\n\n\n<p><strong>Digitale Lehre \u2013 Digitale Pr\u00e4senz \u2013 Digitales Studium<br><\/strong>Leading House HSLU, partenaires PHLU, PHSZ<\/p>\n\n\n\n<div class=\"wp-block-group\"><div class=\"wp-block-group__inner-container is-layout-flow wp-block-group-is-layout-flow\">\n<div class=\"wp-block-group alignwide is-content-justification-left is-layout-flex wp-container-core-group-is-layout-f8410fd9 wp-block-group-is-layout-flex\">\n<figure class=\"wp-block-image size-full is-resized\"><img alt=\"\" loading=\"lazy\" decoding=\"async\" width=\"512\" height=\"512\" src=\"https:\/\/wp.unil.ch\/digitalskills\/files\/2022\/04\/website.png\" alt=\"\" class=\"wp-image-398\" style=\"width:40px;height:40px\" srcset=\"https:\/\/wp.unil.ch\/digitalskills\/files\/2022\/04\/website.png 512w, https:\/\/wp.unil.ch\/digitalskills\/files\/2022\/04\/website-300x300.png 300w, https:\/\/wp.unil.ch\/digitalskills\/files\/2022\/04\/website-150x150.png 150w\" sizes=\"auto, (max-width: 512px) 100vw, 512px\" \/><\/figure>\n\n\n\n<p class=\"has-text-align-left\"><a href=\"https:\/\/hochschule-digital.ch\/\" target=\"_blank\" rel=\"noreferrer noopener\">www.hochschule-digital.ch<\/a><\/p>\n<\/div>\n<\/div><\/div>\n\n\n\n<p><strong>LeLa &#8211; LernLabor Hochschuldidaktik<\/strong><br>Leading House ETHZ, partenaires UZH, PHZH, ZHAW, ZHdK<\/p>\n\n\n\n<div class=\"wp-block-group\"><div class=\"wp-block-group__inner-container is-layout-flow wp-block-group-is-layout-flow\">\n<div class=\"wp-block-group alignwide is-content-justification-left is-layout-flex wp-container-core-group-is-layout-f8410fd9 wp-block-group-is-layout-flex\">\n<figure class=\"wp-block-image size-full is-resized\"><img alt=\"\" loading=\"lazy\" decoding=\"async\" width=\"512\" height=\"512\" src=\"https:\/\/wp.unil.ch\/digitalskills\/files\/2022\/04\/website.png\" alt=\"\" class=\"wp-image-398\" style=\"width:40px;height:40px\" srcset=\"https:\/\/wp.unil.ch\/digitalskills\/files\/2022\/04\/website.png 512w, https:\/\/wp.unil.ch\/digitalskills\/files\/2022\/04\/website-300x300.png 300w, https:\/\/wp.unil.ch\/digitalskills\/files\/2022\/04\/website-150x150.png 150w\" sizes=\"auto, (max-width: 512px) 100vw, 512px\" \/><\/figure>\n\n\n\n<p class=\"has-text-align-left\"><a href=\"https:\/\/www.lela.ch\/\" target=\"_blank\" rel=\"noreferrer noopener\">www.lela.ch<\/a><\/p>\n<\/div>\n<\/div><\/div>\n\n\n\n<p><strong>Make-IT-easy<\/strong><br>Leading House UNIGE, partenaires IHEID<\/p>\n\n\n\n<div class=\"wp-block-group\"><div class=\"wp-block-group__inner-container is-layout-flow wp-block-group-is-layout-flow\">\n<div class=\"wp-block-group alignwide is-content-justification-left is-layout-flex wp-container-core-group-is-layout-f8410fd9 wp-block-group-is-layout-flex\">\n<figure class=\"wp-block-image size-full is-resized\"><img alt=\"\" loading=\"lazy\" decoding=\"async\" width=\"512\" height=\"512\" src=\"https:\/\/wp.unil.ch\/digitalskills\/files\/2022\/04\/website.png\" alt=\"\" class=\"wp-image-398\" style=\"width:40px;height:40px\" srcset=\"https:\/\/wp.unil.ch\/digitalskills\/files\/2022\/04\/website.png 512w, https:\/\/wp.unil.ch\/digitalskills\/files\/2022\/04\/website-300x300.png 300w, https:\/\/wp.unil.ch\/digitalskills\/files\/2022\/04\/website-150x150.png 150w\" sizes=\"auto, (max-width: 512px) 100vw, 512px\" \/><\/figure>\n\n\n\n<p class=\"has-text-align-left\"><a href=\"https:\/\/www.unige.ch\/digitalskills\/projets-swissuniversities\/2eme-etape-2021-2024-make-it-easy\" target=\"_blank\" rel=\"noreferrer noopener\">www.unige.ch\/digitalskills<\/a><\/p>\n<\/div>\n<\/div><\/div>\n\n\n\n<p><strong>Swiss Digital Skills Academy<\/strong><br>Leading House EPFL, partenaires ETHZ, PHBE, HEP BEJUNE, HEP Valais, ZHAW, UZH, HEFSM, FHGR, PHSG, IFFP, HEPFR, HEIA-FR<\/p>\n\n\n\n<div class=\"wp-block-group\"><div class=\"wp-block-group__inner-container is-layout-flow wp-block-group-is-layout-flow\">\n<div class=\"wp-block-group alignwide is-content-justification-left is-layout-flex wp-container-core-group-is-layout-f8410fd9 wp-block-group-is-layout-flex\">\n<figure class=\"wp-block-image size-full is-resized\"><img alt=\"\" loading=\"lazy\" decoding=\"async\" width=\"512\" height=\"512\" src=\"https:\/\/wp.unil.ch\/digitalskills\/files\/2022\/04\/website.png\" alt=\"\" class=\"wp-image-398\" style=\"width:40px;height:40px\" srcset=\"https:\/\/wp.unil.ch\/digitalskills\/files\/2022\/04\/website.png 512w, https:\/\/wp.unil.ch\/digitalskills\/files\/2022\/04\/website-300x300.png 300w, https:\/\/wp.unil.ch\/digitalskills\/files\/2022\/04\/website-150x150.png 150w\" sizes=\"auto, (max-width: 512px) 100vw, 512px\" \/><\/figure>\n\n\n\n<p class=\"has-text-align-left\"><a href=\"https:\/\/d-skills.ch\/\" target=\"_blank\" rel=\"noreferrer noopener\">www.d-skills.ch<\/a><\/p>\n<\/div>\n<\/div><\/div>\n\n\n\n<p><strong>Future University<\/strong><br>Leading House UNIL, partenaire UniDistance<\/p>\n\n\n\n<div class=\"wp-block-group\"><div class=\"wp-block-group__inner-container is-layout-flow wp-block-group-is-layout-flow\">\n<div class=\"wp-block-group alignwide is-content-justification-left is-layout-flex wp-container-core-group-is-layout-f8410fd9 wp-block-group-is-layout-flex\">\n<figure class=\"wp-block-image size-full is-resized\"><img alt=\"\" loading=\"lazy\" decoding=\"async\" width=\"512\" height=\"512\" src=\"https:\/\/wp.unil.ch\/digitalskills\/files\/2022\/04\/website.png\" alt=\"\" class=\"wp-image-398\" style=\"width:40px;height:40px\" srcset=\"https:\/\/wp.unil.ch\/digitalskills\/files\/2022\/04\/website.png 512w, https:\/\/wp.unil.ch\/digitalskills\/files\/2022\/04\/website-300x300.png 300w, https:\/\/wp.unil.ch\/digitalskills\/files\/2022\/04\/website-150x150.png 150w\" sizes=\"auto, (max-width: 512px) 100vw, 512px\" \/><\/figure>\n\n\n\n<p class=\"has-text-align-left\"><a href=\"https:\/\/wp.unil.ch\/digitalskills\/\" target=\"_blank\" rel=\"noreferrer noopener\">www.digitalskills-edu.ch<\/a><\/p>\n<\/div>\n<\/div><\/div>\n\n\n\n<p><strong>Universities as learning communities USI<\/strong><br>Leading House USI, partenaires UNILU, SUPSI<\/p>\n\n\n\n<div class=\"wp-block-group\"><div class=\"wp-block-group__inner-container is-layout-flow wp-block-group-is-layout-flow\">\n<div class=\"wp-block-group alignwide is-content-justification-left is-layout-flex wp-container-core-group-is-layout-f8410fd9 wp-block-group-is-layout-flex\">\n<figure class=\"wp-block-image size-full is-resized\"><img alt=\"\" loading=\"lazy\" decoding=\"async\" width=\"512\" height=\"512\" src=\"https:\/\/wp.unil.ch\/digitalskills\/files\/2022\/04\/website.png\" alt=\"\" class=\"wp-image-398\" style=\"width:40px;height:40px\" srcset=\"https:\/\/wp.unil.ch\/digitalskills\/files\/2022\/04\/website.png 512w, https:\/\/wp.unil.ch\/digitalskills\/files\/2022\/04\/website-300x300.png 300w, https:\/\/wp.unil.ch\/digitalskills\/files\/2022\/04\/website-150x150.png 150w\" sizes=\"auto, (max-width: 512px) 100vw, 512px\" \/><\/figure>\n\n\n\n<p class=\"has-text-align-left\"><a href=\"https:\/\/www.usi.ch\/en\/university\/info\/elab\/trainings\/digital-media-lab\" target=\"_blank\" rel=\"noreferrer noopener\">www.usi.ch\/digital-media-lab<\/a><\/p>\n<\/div>\n<\/div><\/div>\n","protected":false},"excerpt":{"rendered":"<p>Le programme P-8 \u00ab\u00a0Renforcement des digital skills dans l\u2019enseignement\u00a0\u00bb de swissuniversities vise \u00e0 soutenir les projets des hautes \u00e9coles dans le domaine de l\u2019enseignement.&nbsp; Ce sont au total&hellip;<\/p>\n","protected":false},"author":1002683,"featured_media":0,"parent":197,"menu_order":0,"comment_status":"closed","ping_status":"closed","template":"template-full-width.php","meta":{"_seopress_robots_primary_cat":"","_seopress_titles_title":"","_seopress_titles_desc":"","_seopress_robots_index":"","footnotes":""},"class_list":["post-585","page","type-page","status-publish","has-post-thumbnail"],"_links":{"self":[{"href":"https:\/\/wp.unil.ch\/digitalskills\/wp-json\/wp\/v2\/pages\/585","targetHints":{"allow":["GET"]}}],"collection":[{"href":"https:\/\/wp.unil.ch\/digitalskills\/wp-json\/wp\/v2\/pages"}],"about":[{"href":"https:\/\/wp.unil.ch\/digitalskills\/wp-json\/wp\/v2\/types\/page"}],"author":[{"embeddable":true,"href":"https:\/\/wp.unil.ch\/digitalskills\/wp-json\/wp\/v2\/users\/1002683"}],"replies":[{"embeddable":true,"href":"https:\/\/wp.unil.ch\/digitalskills\/wp-json\/wp\/v2\/comments?post=585"}],"version-history":[{"count":1,"href":"https:\/\/wp.unil.ch\/digitalskills\/wp-json\/wp\/v2\/pages\/585\/revisions"}],"predecessor-version":[{"id":1990,"href":"https:\/\/wp.unil.ch\/digitalskills\/wp-json\/wp\/v2\/pages\/585\/revisions\/1990"}],"up":[{"embeddable":true,"href":"https:\/\/wp.unil.ch\/digitalskills\/wp-json\/wp\/v2\/pages\/197"}],"wp:attachment":[{"href":"https:\/\/wp.unil.ch\/digitalskills\/wp-json\/wp\/v2\/media?parent=585"}],"curies":[{"name":"wp","href":"https:\/\/api.w.org\/{rel}","templated":true}]}}