{"id":467,"date":"2022-04-14T16:47:29","date_gmt":"2022-04-14T14:47:29","guid":{"rendered":"https:\/\/wp.unil.ch\/digitalskills\/?page_id=467"},"modified":"2023-10-25T10:57:38","modified_gmt":"2023-10-25T08:57:38","slug":"kairos","status":"publish","type":"page","link":"https:\/\/wp.unil.ch\/digitalskills\/etudiants\/kairos\/","title":{"rendered":"Plateforme Ka\u00efros"},"content":{"rendered":"\n<p>Ka\u00efros est <a rel=\"noreferrer noopener\" href=\"https:\/\/www.unidistance.ch\/recherche\/projet-de-recherche\/kairos-plateforme-dapprentissage\" target=\"_blank\">une plateforme d\u2019apprentissage d\u00e9velopp\u00e9e par UniDistance Suisse<\/a> qui propose un parcours de d\u00e9veloppement des comp\u00e9tences num\u00e9riques bas\u00e9 sur le r\u00e9f\u00e9rentiel europ\u00e9en DigComp. <\/p>\n\n\n\n<p>Le parcours \u00ab\u00a0Digital Skills\u00a0\u00bb r\u00e9alis\u00e9 dans le cadre du projet P8 Future University propose \u00e0 chaque \u00e9tudiant\u00b7e de d\u00e9buter par un test diagnostique qui va la\/le positionner en fonction de ses \u00e9checs et r\u00e9ussites. Elle ou il pourra progresser dans ses apprentissages \u00e0 sa guise ou en \u00e9tant guid\u00e9 par un algorithme adaptatif.<\/p>\n\n\n\n<p>Enfin, il est pr\u00e9vu de d\u00e9livrer une attestation de comp\u00e9tences via la passation d\u2019un test en ligne adaptatif normalis\u00e9.<\/p>\n\n\n\n<figure class=\"wp-block-gallery has-nested-images columns-3 is-cropped wp-block-gallery-1 is-layout-flex wp-block-gallery-is-layout-flex\">\n<figure class=\"wp-block-image size-full\"><a href=\"https:\/\/wp.unil.ch\/digitalskills\/files\/2023\/02\/Example-of-a-summary-of-the-results-Kairos-learning-platform-French-version.png\"><img alt=\"\" loading=\"lazy\" decoding=\"async\" width=\"850\" height=\"627\" data-id=\"1169\" src=\"https:\/\/wp.unil.ch\/digitalskills\/files\/2023\/02\/Example-of-a-summary-of-the-results-Kairos-learning-platform-French-version.png\" alt=\"\" class=\"wp-image-1169\" srcset=\"https:\/\/wp.unil.ch\/digitalskills\/files\/2023\/02\/Example-of-a-summary-of-the-results-Kairos-learning-platform-French-version.png 850w, https:\/\/wp.unil.ch\/digitalskills\/files\/2023\/02\/Example-of-a-summary-of-the-results-Kairos-learning-platform-French-version-300x221.png 300w, https:\/\/wp.unil.ch\/digitalskills\/files\/2023\/02\/Example-of-a-summary-of-the-results-Kairos-learning-platform-French-version-768x567.png 768w, https:\/\/wp.unil.ch\/digitalskills\/files\/2023\/02\/Example-of-a-summary-of-the-results-Kairos-learning-platform-French-version-16x12.png 16w, https:\/\/wp.unil.ch\/digitalskills\/files\/2023\/02\/Example-of-a-summary-of-the-results-Kairos-learning-platform-French-version-540x398.png 540w\" sizes=\"auto, (max-width: 850px) 100vw, 850px\" \/><\/a><figcaption class=\"wp-element-caption\">Example of a question<\/figcaption><\/figure>\n\n\n\n<figure class=\"wp-block-image size-full\"><a href=\"https:\/\/wp.unil.ch\/digitalskills\/files\/2023\/02\/Example-of-a-question-Kairos-learning-platform-French-version.png\"><img alt=\"\" loading=\"lazy\" decoding=\"async\" width=\"850\" height=\"542\" data-id=\"1168\" src=\"https:\/\/wp.unil.ch\/digitalskills\/files\/2023\/02\/Example-of-a-question-Kairos-learning-platform-French-version.png\" alt=\"\" class=\"wp-image-1168\" srcset=\"https:\/\/wp.unil.ch\/digitalskills\/files\/2023\/02\/Example-of-a-question-Kairos-learning-platform-French-version.png 850w, https:\/\/wp.unil.ch\/digitalskills\/files\/2023\/02\/Example-of-a-question-Kairos-learning-platform-French-version-300x191.png 300w, https:\/\/wp.unil.ch\/digitalskills\/files\/2023\/02\/Example-of-a-question-Kairos-learning-platform-French-version-768x490.png 768w, https:\/\/wp.unil.ch\/digitalskills\/files\/2023\/02\/Example-of-a-question-Kairos-learning-platform-French-version-18x12.png 18w, https:\/\/wp.unil.ch\/digitalskills\/files\/2023\/02\/Example-of-a-question-Kairos-learning-platform-French-version-540x344.png 540w\" sizes=\"auto, (max-width: 850px) 100vw, 850px\" \/><\/a><figcaption class=\"wp-element-caption\">Example of a summary of the results<\/figcaption><\/figure>\n\n\n\n<figure class=\"wp-block-image size-full\"><a href=\"https:\/\/wp.unil.ch\/digitalskills\/files\/2023\/02\/Example-of-a-piece-of-course-Kairos-learning-platform-French-version.png\"><img alt=\"\" loading=\"lazy\" decoding=\"async\" width=\"850\" height=\"550\" data-id=\"1167\" src=\"https:\/\/wp.unil.ch\/digitalskills\/files\/2023\/02\/Example-of-a-piece-of-course-Kairos-learning-platform-French-version.png\" alt=\"\" class=\"wp-image-1167\" srcset=\"https:\/\/wp.unil.ch\/digitalskills\/files\/2023\/02\/Example-of-a-piece-of-course-Kairos-learning-platform-French-version.png 850w, https:\/\/wp.unil.ch\/digitalskills\/files\/2023\/02\/Example-of-a-piece-of-course-Kairos-learning-platform-French-version-300x194.png 300w, https:\/\/wp.unil.ch\/digitalskills\/files\/2023\/02\/Example-of-a-piece-of-course-Kairos-learning-platform-French-version-768x497.png 768w, https:\/\/wp.unil.ch\/digitalskills\/files\/2023\/02\/Example-of-a-piece-of-course-Kairos-learning-platform-French-version-18x12.png 18w, https:\/\/wp.unil.ch\/digitalskills\/files\/2023\/02\/Example-of-a-piece-of-course-Kairos-learning-platform-French-version-540x349.png 540w\" sizes=\"auto, (max-width: 850px) 100vw, 850px\" \/><\/a><figcaption class=\"wp-element-caption\">Example of a piece of course.<\/figcaption><\/figure>\n<\/figure>\n\n\n\n<h3 class=\"wp-block-heading\"><strong>Publications<\/strong><\/h3>\n\n\n\n<p>Bonvin, M\u00e9lanie, Baillifard, Ambroise &amp; Thurre, Alice. (2022). <em>Ka\u00efros: the why, what and how of a digital learning platform.<\/em><br><a rel=\"noreferrer noopener\" href=\"https:\/\/zenodo.org\/records\/7330857\" target=\"_blank\">Conference paper<\/a> (p730)<\/p>\n\n\n\n<p>Bonvin, M\u00e9lanie, Baillifard, Ambroise &amp; Thurre, Alice. (2022). <em>Ka\u00efros: the Why, What and How of a Digital Learning Platform<\/em>. <em>Presentation. <\/em><br>DOI <a rel=\"noreferrer noopener\" href=\"https:\/\/www.researchgate.net\/publication\/364694487_Kairos_the_Why_What_and_How_of_a_Digital_Learning_Platform_Presentation\" target=\"_blank\">10.13140\/RG.2.2.34221.56805<\/a><\/p>\n\n\n\n<p><\/p>\n\n\n\n<h3 class=\"wp-block-heading\"><strong>Livrables&nbsp;<\/strong> <\/h3>\n\n\n\n<ul class=\"wp-block-list\">\n<li>Identifier les comp\u00e9tences prioritaires du DigComp pour les \u00e9tudiant\u00b7e\u00b7s UNIL et UniDistance <\/li>\n\n\n\n<li>Lancement d\u2019un premi\u00e8re version avec un objectif de 5 cours sur 15 au total pr\u00e9vus \u00e0 fin 2024<\/li>\n\n\n\n<li>D\u00e9veloppement de la cr\u00e9ation des cours, des questions et de la plateforme jusqu\u2019en 2024<\/li>\n<\/ul>\n\n\n\n<p><\/p>\n","protected":false},"excerpt":{"rendered":"<p>Ka\u00efros est une plateforme d\u2019apprentissage d\u00e9velopp\u00e9e par UniDistance Suisse qui propose un parcours de d\u00e9veloppement des comp\u00e9tences num\u00e9riques bas\u00e9 sur le r\u00e9f\u00e9rentiel europ\u00e9en DigComp. Le parcours \u00ab\u00a0Digital Skills\u00a0\u00bb&hellip;<\/p>\n","protected":false},"author":1002683,"featured_media":0,"parent":1733,"menu_order":0,"comment_status":"closed","ping_status":"closed","template":"template-full-width.php","meta":{"_seopress_robots_primary_cat":"","_seopress_titles_title":"","_seopress_titles_desc":"","_seopress_robots_index":"","footnotes":""},"class_list":["post-467","page","type-page","status-publish","has-post-thumbnail"],"_links":{"self":[{"href":"https:\/\/wp.unil.ch\/digitalskills\/wp-json\/wp\/v2\/pages\/467","targetHints":{"allow":["GET"]}}],"collection":[{"href":"https:\/\/wp.unil.ch\/digitalskills\/wp-json\/wp\/v2\/pages"}],"about":[{"href":"https:\/\/wp.unil.ch\/digitalskills\/wp-json\/wp\/v2\/types\/page"}],"author":[{"embeddable":true,"href":"https:\/\/wp.unil.ch\/digitalskills\/wp-json\/wp\/v2\/users\/1002683"}],"replies":[{"embeddable":true,"href":"https:\/\/wp.unil.ch\/digitalskills\/wp-json\/wp\/v2\/comments?post=467"}],"version-history":[{"count":5,"href":"https:\/\/wp.unil.ch\/digitalskills\/wp-json\/wp\/v2\/pages\/467\/revisions"}],"predecessor-version":[{"id":2062,"href":"https:\/\/wp.unil.ch\/digitalskills\/wp-json\/wp\/v2\/pages\/467\/revisions\/2062"}],"up":[{"embeddable":true,"href":"https:\/\/wp.unil.ch\/digitalskills\/wp-json\/wp\/v2\/pages\/1733"}],"wp:attachment":[{"href":"https:\/\/wp.unil.ch\/digitalskills\/wp-json\/wp\/v2\/media?parent=467"}],"curies":[{"name":"wp","href":"https:\/\/api.w.org\/{rel}","templated":true}]}}