{"id":461,"date":"2022-04-14T16:43:41","date_gmt":"2022-04-14T14:43:41","guid":{"rendered":"https:\/\/wp.unil.ch\/digitalskills\/?page_id=461"},"modified":"2023-07-20T15:17:27","modified_gmt":"2023-07-20T13:17:27","slug":"labs","status":"publish","type":"page","link":"https:\/\/wp.unil.ch\/digitalskills\/labs\/","title":{"rendered":"Num\u00e9ri-Labs \/ Digi-Labs"},"content":{"rendered":"\n<p>Le programme de Num\u00e9ri-Labs \/ Digi-Labs a pour objectif de permettre aux enseignant\u00b7e\u00b7s de d\u00e9velopper leurs comp\u00e9tences num\u00e9riques pour enseigner et aux \u00e9tudiant\u00b7e\u00b7s de d\u00e9velopper leurs comp\u00e9tences num\u00e9riques pour apprendre ainsi que de leur permettre d&rsquo;int\u00e9grer concr\u00e8tement des outils num\u00e9riques dans leur pratique.<\/p>\n\n\n\n<p>Les Num\u00e9ri-Labs \/ Digi-Labs proposent un espace d&rsquo;exp\u00e9rimentation dans lequel les participant\u00b7e\u00b7s peuvent manipuler les outils num\u00e9riques et travailler sur leur propre projet d&rsquo;int\u00e9gration du num\u00e9rique dans leurs enseignements ou pour leurs apprentissages. Les participant\u00b7e\u00b7s auront l&rsquo;occasion de collaborer avec diff\u00e9rents membres de l&rsquo;\u00e9quipe du Centre de soutien \u00e0 l&rsquo;enseignement et avec d&rsquo;autres actrices et acteurs du num\u00e9rique au sein de l&rsquo;institution.<\/p>\n\n\n\n<p><strong>Livrables&nbsp;<\/strong> <\/p>\n\n\n\n<ul class=\"wp-block-list\">\n<li>R\u00e9alisation du concept <\/li>\n\n\n\n<li>Cr\u00e9ation des contenus des premiers labs en 2022<\/li>\n<\/ul>\n\n\n\n<p><strong>Num\u00e9ri-Labs 2022\/23<\/strong><\/p>\n\n\n\n<ul class=\"wp-block-list\">\n<li>Voir le <a rel=\"noreferrer noopener\" href=\"https:\/\/wp.unil.ch\/digitalskills\/2022\/09\/numeri-labs-2022\/\" target=\"_blank\">programme des Labs 2022\/23<\/a><\/li>\n<\/ul>\n","protected":false},"excerpt":{"rendered":"<p>Le programme de Num\u00e9ri-Labs \/ Digi-Labs a pour objectif de permettre aux enseignant\u00b7e\u00b7s de d\u00e9velopper leurs comp\u00e9tences num\u00e9riques pour enseigner et aux \u00e9tudiant\u00b7e\u00b7s de d\u00e9velopper leurs comp\u00e9tences num\u00e9riques&hellip;<\/p>\n","protected":false},"author":1002300,"featured_media":1457,"parent":0,"menu_order":0,"comment_status":"closed","ping_status":"closed","template":"template-full-width.php","meta":{"_seopress_robots_primary_cat":"","_seopress_titles_title":"","_seopress_titles_desc":"","_seopress_robots_index":"","footnotes":""},"class_list":["post-461","page","type-page","status-publish","has-post-thumbnail"],"_links":{"self":[{"href":"https:\/\/wp.unil.ch\/digitalskills\/wp-json\/wp\/v2\/pages\/461","targetHints":{"allow":["GET"]}}],"collection":[{"href":"https:\/\/wp.unil.ch\/digitalskills\/wp-json\/wp\/v2\/pages"}],"about":[{"href":"https:\/\/wp.unil.ch\/digitalskills\/wp-json\/wp\/v2\/types\/page"}],"author":[{"embeddable":true,"href":"https:\/\/wp.unil.ch\/digitalskills\/wp-json\/wp\/v2\/users\/1002300"}],"replies":[{"embeddable":true,"href":"https:\/\/wp.unil.ch\/digitalskills\/wp-json\/wp\/v2\/comments?post=461"}],"version-history":[{"count":0,"href":"https:\/\/wp.unil.ch\/digitalskills\/wp-json\/wp\/v2\/pages\/461\/revisions"}],"wp:featuredmedia":[{"embeddable":true,"href":"https:\/\/wp.unil.ch\/digitalskills\/wp-json\/wp\/v2\/media\/1457"}],"wp:attachment":[{"href":"https:\/\/wp.unil.ch\/digitalskills\/wp-json\/wp\/v2\/media?parent=461"}],"curies":[{"name":"wp","href":"https:\/\/api.w.org\/{rel}","templated":true}]}}