{"id":451,"date":"2022-04-14T16:44:50","date_gmt":"2022-04-14T14:44:50","guid":{"rendered":"https:\/\/wp.unil.ch\/digitalskills\/?page_id=451"},"modified":"2023-10-24T14:10:23","modified_gmt":"2023-10-24T12:10:23","slug":"livre-blanc","status":"publish","type":"page","link":"https:\/\/wp.unil.ch\/digitalskills\/institutions\/livre-blanc\/","title":{"rendered":"Livre blanc"},"content":{"rendered":"\n<h2 class=\"wp-block-heading\"><strong>Une \u00ab&nbsp;boussole&nbsp;\u00bb pour orienter son institution<\/strong><\/h2>\n\n\n\n<p>Le livre blanc participe aux actions visant un appui d\u00e9cisionnel pour orienter les directions des universit\u00e9s et hautes \u00e9coles en vue du d\u00e9veloppement des comp\u00e9tences num\u00e9riques dans l\u2019enseignement sup\u00e9rieur.<\/p>\n\n\n<div class=\"wp-block-image\">\n<figure class=\"aligncenter size-large is-resized\"><img alt=\"\" loading=\"lazy\" decoding=\"async\" width=\"1024\" height=\"683\" src=\"https:\/\/wp.unil.ch\/digitalskills\/files\/2023\/05\/P8_Ordinateur_ROSE-1024x683.jpg\" alt=\"\" class=\"wp-image-1455\" style=\"aspect-ratio:1.499267935578331;width:394px;height:auto\" srcset=\"https:\/\/wp.unil.ch\/digitalskills\/files\/2023\/05\/P8_Ordinateur_ROSE-1024x683.jpg 1024w, https:\/\/wp.unil.ch\/digitalskills\/files\/2023\/05\/P8_Ordinateur_ROSE-300x200.jpg 300w, https:\/\/wp.unil.ch\/digitalskills\/files\/2023\/05\/P8_Ordinateur_ROSE-768x512.jpg 768w, https:\/\/wp.unil.ch\/digitalskills\/files\/2023\/05\/P8_Ordinateur_ROSE-1536x1024.jpg 1536w, https:\/\/wp.unil.ch\/digitalskills\/files\/2023\/05\/P8_Ordinateur_ROSE-18x12.jpg 18w, https:\/\/wp.unil.ch\/digitalskills\/files\/2023\/05\/P8_Ordinateur_ROSE-540x360.jpg 540w, https:\/\/wp.unil.ch\/digitalskills\/files\/2023\/05\/P8_Ordinateur_ROSE-1080x720.jpg 1080w, https:\/\/wp.unil.ch\/digitalskills\/files\/2023\/05\/P8_Ordinateur_ROSE-1320x880.jpg 1320w, https:\/\/wp.unil.ch\/digitalskills\/files\/2023\/05\/P8_Ordinateur_ROSE.jpg 1800w\" sizes=\"auto, (max-width: 1024px) 100vw, 1024px\" \/><\/figure>\n<\/div>\n\n\n<p>Le livre blanc aborde en une dizaine de chapitres les questions relatives aux domaines-cl\u00e9s de l\u2019institution: strat\u00e9gie, impact sur l\u2019organisation (finances, informatique, RH), r\u00e9f\u00e9rentiel de comp\u00e9tences num\u00e9riques, valorisation, \u00e9valuation\u2026<\/p>\n\n\n\n<h2 class=\"wp-block-heading\"><strong>Livrables\u00a0bient\u00f4t disponibles :<\/strong><\/h2>\n\n\n\n<ul class=\"wp-block-list\">\n<li>Chapitres du livre blanc (publication pdf, print et web) <\/li>\n<\/ul>\n\n\n\n<h2 class=\"wp-block-heading\"><strong>En savoir plus<\/strong><\/h2>\n\n\n\n<ul class=\"wp-block-list\">\n<li><a rel=\"noreferrer noopener\" href=\"https:\/\/joint-research-centre.ec.europa.eu\/european-framework-digitally-competent-educational-organisations-digcomporg_en\" target=\"_blank\">DigCompOrg &#8211; European Framework for Digitally Competent Educational Organisations <\/a><\/li>\n<\/ul>\n","protected":false},"excerpt":{"rendered":"<p>Une \u00ab&nbsp;boussole&nbsp;\u00bb pour orienter son institution Le livre blanc participe aux actions visant un appui d\u00e9cisionnel pour orienter les directions des universit\u00e9s et hautes \u00e9coles en vue du&hellip;<\/p>\n","protected":false},"author":1002300,"featured_media":0,"parent":1826,"menu_order":0,"comment_status":"closed","ping_status":"closed","template":"template-full-width.php","meta":{"_seopress_robots_primary_cat":"","_seopress_titles_title":"","_seopress_titles_desc":"","_seopress_robots_index":"","footnotes":""},"class_list":["post-451","page","type-page","status-publish","has-post-thumbnail"],"_links":{"self":[{"href":"https:\/\/wp.unil.ch\/digitalskills\/wp-json\/wp\/v2\/pages\/451","targetHints":{"allow":["GET"]}}],"collection":[{"href":"https:\/\/wp.unil.ch\/digitalskills\/wp-json\/wp\/v2\/pages"}],"about":[{"href":"https:\/\/wp.unil.ch\/digitalskills\/wp-json\/wp\/v2\/types\/page"}],"author":[{"embeddable":true,"href":"https:\/\/wp.unil.ch\/digitalskills\/wp-json\/wp\/v2\/users\/1002300"}],"replies":[{"embeddable":true,"href":"https:\/\/wp.unil.ch\/digitalskills\/wp-json\/wp\/v2\/comments?post=451"}],"version-history":[{"count":2,"href":"https:\/\/wp.unil.ch\/digitalskills\/wp-json\/wp\/v2\/pages\/451\/revisions"}],"predecessor-version":[{"id":1896,"href":"https:\/\/wp.unil.ch\/digitalskills\/wp-json\/wp\/v2\/pages\/451\/revisions\/1896"}],"up":[{"embeddable":true,"href":"https:\/\/wp.unil.ch\/digitalskills\/wp-json\/wp\/v2\/pages\/1826"}],"wp:attachment":[{"href":"https:\/\/wp.unil.ch\/digitalskills\/wp-json\/wp\/v2\/media?parent=451"}],"curies":[{"name":"wp","href":"https:\/\/api.w.org\/{rel}","templated":true}]}}