{"id":435,"date":"2022-04-14T15:56:57","date_gmt":"2022-04-14T13:56:57","guid":{"rendered":"https:\/\/wp.unil.ch\/digitalskills\/?page_id=435"},"modified":"2023-10-25T16:25:55","modified_gmt":"2023-10-25T14:25:55","slug":"contact","status":"publish","type":"page","link":"https:\/\/wp.unil.ch\/digitalskills\/projet\/contact\/","title":{"rendered":"Contacts"},"content":{"rendered":"\n<h2 class=\"wp-block-heading\"><strong>P8 Digital Skills Future University<\/strong><\/h2>\n\n\n<div class=\"wp-block-image\">\n<figure class=\"aligncenter size-large\"><img alt=\"telephone portable tenu dans la main\" loading=\"lazy\" decoding=\"async\" width=\"1024\" height=\"341\" src=\"https:\/\/wp.unil.ch\/digitalskills\/files\/2022\/04\/rodion-kutsaev-0VGG7cqTwCo-unsplash_b-1024x341.jpg\" alt=\"\" class=\"wp-image-286\" srcset=\"https:\/\/wp.unil.ch\/digitalskills\/files\/2022\/04\/rodion-kutsaev-0VGG7cqTwCo-unsplash_b-1024x341.jpg 1024w, https:\/\/wp.unil.ch\/digitalskills\/files\/2022\/04\/rodion-kutsaev-0VGG7cqTwCo-unsplash_b-300x100.jpg 300w, https:\/\/wp.unil.ch\/digitalskills\/files\/2022\/04\/rodion-kutsaev-0VGG7cqTwCo-unsplash_b-768x256.jpg 768w, https:\/\/wp.unil.ch\/digitalskills\/files\/2022\/04\/rodion-kutsaev-0VGG7cqTwCo-unsplash_b-540x180.jpg 540w, https:\/\/wp.unil.ch\/digitalskills\/files\/2022\/04\/rodion-kutsaev-0VGG7cqTwCo-unsplash_b-1080x360.jpg 1080w, https:\/\/wp.unil.ch\/digitalskills\/files\/2022\/04\/rodion-kutsaev-0VGG7cqTwCo-unsplash_b.jpg 1500w\" sizes=\"auto, (max-width: 1024px) 100vw, 1024px\" \/><\/figure>\n<\/div>\n\n\n<p><strong>Leading House : Universit\u00e9 de Lausanne<\/strong><br>Centre de soutien \u00e0 l&rsquo;enseignement &#8211; CSE<br>Quartier Chamberonne<br>B\u00e2timent Anthropole &#8211; Bureau 2126<br>1015 Lausanne<\/p>\n\n\n\n<p>e-mail du projet : <a href=\"mailto:cse-digitalskills@unil.ch\">cse-digitalskills@unil.ch<\/a> <br>T +41 21 692&nbsp;38 30<\/p>\n\n\n\n<ul class=\"wp-block-list\">\n<li>Toute l&rsquo;\u00e9quipe du CSE &#8211; <a rel=\"noreferrer noopener\" href=\"https:\/\/www.unil.ch\/cse\/contact\" target=\"_blank\">www.unil.ch\/cse\/contact<\/a><\/li>\n<\/ul>\n\n\n\n<p><strong>UniDistance&nbsp;Suisse<\/strong><br>Educational Development Unit in Distance Learning &#8211; EDUDL+ <br>Schinerstrasse 18&nbsp;&nbsp;&nbsp;&nbsp;&nbsp;&nbsp;&nbsp;&nbsp;<br>3900 Brigue<\/p>\n\n\n\n<ul class=\"wp-block-list\">\n<li>Toute l&rsquo;\u00e9quipe EDUDL+ &#8211; <a href=\"https:\/\/unidistance.ch\/a-propos\/organisation\/services-academiques\/edudl\">www.unidistance.ch\/edudl<\/a><\/li>\n<\/ul>\n","protected":false},"excerpt":{"rendered":"<p>P8 Digital Skills Future University Leading House : Universit\u00e9 de LausanneCentre de soutien \u00e0 l&rsquo;enseignement &#8211; CSEQuartier ChamberonneB\u00e2timent Anthropole &#8211; Bureau 21261015 Lausanne e-mail du projet : cse-digitalskills@unil.ch&hellip;<\/p>\n","protected":false},"author":1002683,"featured_media":0,"parent":197,"menu_order":0,"comment_status":"closed","ping_status":"closed","template":"template-full-width.php","meta":{"_seopress_robots_primary_cat":"","_seopress_titles_title":"","_seopress_titles_desc":"","_seopress_robots_index":"","footnotes":""},"class_list":["post-435","page","type-page","status-publish","has-post-thumbnail"],"_links":{"self":[{"href":"https:\/\/wp.unil.ch\/digitalskills\/wp-json\/wp\/v2\/pages\/435","targetHints":{"allow":["GET"]}}],"collection":[{"href":"https:\/\/wp.unil.ch\/digitalskills\/wp-json\/wp\/v2\/pages"}],"about":[{"href":"https:\/\/wp.unil.ch\/digitalskills\/wp-json\/wp\/v2\/types\/page"}],"author":[{"embeddable":true,"href":"https:\/\/wp.unil.ch\/digitalskills\/wp-json\/wp\/v2\/users\/1002683"}],"replies":[{"embeddable":true,"href":"https:\/\/wp.unil.ch\/digitalskills\/wp-json\/wp\/v2\/comments?post=435"}],"version-history":[{"count":3,"href":"https:\/\/wp.unil.ch\/digitalskills\/wp-json\/wp\/v2\/pages\/435\/revisions"}],"predecessor-version":[{"id":2087,"href":"https:\/\/wp.unil.ch\/digitalskills\/wp-json\/wp\/v2\/pages\/435\/revisions\/2087"}],"up":[{"embeddable":true,"href":"https:\/\/wp.unil.ch\/digitalskills\/wp-json\/wp\/v2\/pages\/197"}],"wp:attachment":[{"href":"https:\/\/wp.unil.ch\/digitalskills\/wp-json\/wp\/v2\/media?parent=435"}],"curies":[{"name":"wp","href":"https:\/\/api.w.org\/{rel}","templated":true}]}}