{"id":2324,"date":"2024-09-07T16:11:53","date_gmt":"2024-09-07T14:11:53","guid":{"rendered":"https:\/\/wp.unil.ch\/digitalskills\/?page_id=2324"},"modified":"2024-09-23T08:25:35","modified_gmt":"2024-09-23T06:25:35","slug":"journee-scientifique_evaluer-apprentissages-numeriques","status":"publish","type":"page","link":"https:\/\/wp.unil.ch\/digitalskills\/enseignants\/conferences-ateliers\/journee-scientifique_evaluer-apprentissages-numeriques\/","title":{"rendered":"\u00c9valuer les apprentissages avec les outils num\u00e9riques dans l&rsquo;enseignement sup\u00e9rieur"},"content":{"rendered":"\n<h2 class=\"wp-block-heading\">Lausanne (Vortex, Salle Nucleo)<br>Le 26 ao\u00fbt 2024 de 9h \u00e0 17h<\/h2>\n\n\n\n<h2 class=\"wp-block-heading\">R\u00e9sum\u00e9<\/h2>\n\n\n\n<div class=\"wp-block-media-text has-media-on-the-right is-stacked-on-mobile\" style=\"grid-template-columns:auto 45%\"><div class=\"wp-block-media-text__content\">\n<p>Cette rencontre explore les d\u00e9fis et opportunit\u00e9s induits par l&rsquo;int\u00e9gration des outils num\u00e9riques dans l&rsquo;\u00e9valuation des apprentissages. Guid\u00e9s par des experts du domaine, nous examinerons de pr\u00e8s les implications p\u00e9dagogiques, docimologiques, technologiques et \u00e9thiques de cette transformation post-num\u00e9rique. <\/p>\n\n\n\n<p>Le paysage \u00e9ducatif est en constante \u00e9volution, et cette journ\u00e9e offre une plateforme pour discuter des nouvelles pratiques d&rsquo;\u00e9valuation, des innovations technologiques et de leur impact sur la relation p\u00e9dagogique. <\/p>\n\n\n\n<p>Les ateliers interactifs permettront d&rsquo;explorer des exp\u00e9riences concr\u00e8tes d&rsquo;enseignement, tandis que les conf\u00e9rences pl\u00e9ni\u00e8res apporteront des \u00e9clairages approfondis sur la mani\u00e8re dont les outils num\u00e9riques red\u00e9finissent notre approche de l&rsquo;\u00e9valuation des comp\u00e9tences et des connaissances.<\/p>\n<\/div><figure class=\"wp-block-media-text__media\"><img alt=\"\" loading=\"lazy\" decoding=\"async\" width=\"1024\" height=\"576\" src=\"https:\/\/wp.unil.ch\/digitalskills\/files\/2023\/04\/P8_conference_apprentissage_experientiel_illustration-1024x576.jpg\" alt=\"\" class=\"wp-image-1360 size-full\" srcset=\"https:\/\/wp.unil.ch\/digitalskills\/files\/2023\/04\/P8_conference_apprentissage_experientiel_illustration-1024x576.jpg 1024w, https:\/\/wp.unil.ch\/digitalskills\/files\/2023\/04\/P8_conference_apprentissage_experientiel_illustration-300x169.jpg 300w, https:\/\/wp.unil.ch\/digitalskills\/files\/2023\/04\/P8_conference_apprentissage_experientiel_illustration-768x432.jpg 768w, https:\/\/wp.unil.ch\/digitalskills\/files\/2023\/04\/P8_conference_apprentissage_experientiel_illustration-18x10.jpg 18w, https:\/\/wp.unil.ch\/digitalskills\/files\/2023\/04\/P8_conference_apprentissage_experientiel_illustration-540x304.jpg 540w, https:\/\/wp.unil.ch\/digitalskills\/files\/2023\/04\/P8_conference_apprentissage_experientiel_illustration-1080x608.jpg 1080w, https:\/\/wp.unil.ch\/digitalskills\/files\/2023\/04\/P8_conference_apprentissage_experientiel_illustration.jpg 1200w\" sizes=\"auto, (max-width: 1024px) 100vw, 1024px\" \/><\/figure><\/div>\n\n\n\n<h2 class=\"wp-block-heading\">Conf\u00e9rences (vid\u00e9os) et pr\u00e9sentations<\/h2>\n\n\n\n<p>Les conf\u00e9rences sont disponibles sur la plateforme SwitchTube.<br><a href=\"https:\/\/tube.switch.ch\/channels\/ofAaL6eamZ\">https:\/\/tube.switch.ch\/channels\/ofAaL6eamZ<\/a>. Voici les vid\u00e9os individuelles et leurs pr\u00e9sentations lorsque disponibles :<\/p>\n\n\n\n<h3 class=\"wp-block-heading\">\u00c9valuer les apprentissages avec les outils num\u00e9riques : plus-values, moins-values et perspectives &#8211; Prof. Andr\u00e9 Tricot<\/h3>\n\n\n\n<!-- iframe plugin v.6.0 wordpress.org\/plugins\/iframe\/ -->\n<iframe loading=\"lazy\" src=\"https:\/\/tube.switch.ch\/embed\/HiUSaGrpYL\" width=\"100%\" height=\"500\" scrolling=\"yes\" class=\"iframe-class\" frameborder=\"0\"><\/iframe>\n\n\n\n\n<div data-wp-interactive=\"core\/file\" class=\"wp-block-file\"><object data-wp-bind--hidden=\"!state.hasPdfPreview\" hidden class=\"wp-block-file__embed\" data=\"https:\/\/wp.unil.ch\/digitalskills\/files\/2024\/09\/P8_Tricot.pdf\" type=\"application\/pdf\" style=\"width:100%;height:390px\" aria-label=\"Contenu embarqu\u00e9 P8_Tricot.\"><\/object><a id=\"wp-block-file--media-23bf3f1e-9603-40aa-b556-71787755ad4d\" href=\"https:\/\/wp.unil.ch\/digitalskills\/files\/2024\/09\/P8_Tricot.pdf\">P8_Tricot<\/a><a href=\"https:\/\/wp.unil.ch\/digitalskills\/files\/2024\/09\/P8_Tricot.pdf\" class=\"wp-block-file__button wp-element-button\" download aria-describedby=\"wp-block-file--media-23bf3f1e-9603-40aa-b556-71787755ad4d\">T\u00e9l\u00e9charger<\/a><\/div>\n\n\n\n<h4 class=\"wp-block-heading\">\u00c9laboration et mise en \u0153uvre d&rsquo;un cadre d&rsquo;e-assessment en mode BYOD dans une institution d&rsquo;enseignement sup\u00e9rieur : Le cas de l&rsquo;Universit\u00e9 de Lausanne &#8211; Jean-Francois Van de Poel, St\u00e9phane Gu\u00e9rard, Francesco La Spada, Emilie Lettry et Nicolas Dunand &#8211; UNIL<\/h4>\n\n\n\n<!-- iframe plugin v.6.0 wordpress.org\/plugins\/iframe\/ -->\n<iframe loading=\"lazy\" src=\"https:\/\/tube.switch.ch\/embed\/ixMZJPw5JJ\" width=\"100%\" height=\"500\" scrolling=\"yes\" class=\"iframe-class\" frameborder=\"0\"><\/iframe>\n\n\n\n\n<h4 class=\"wp-block-heading\">L&rsquo;int\u00e9gration des Outils Num\u00e9riques dans l&rsquo;Evaluation des Apprentissages Etude de cas : Universit\u00e9 Cadi Ayyad &#8211; Maroc &#8211; Hiba Asri, Universit\u00e9 Cadi Ayyad [Marrakech]<\/h4>\n\n\n\n<!-- iframe plugin v.6.0 wordpress.org\/plugins\/iframe\/ -->\n<iframe loading=\"lazy\" src=\"https:\/\/tube.switch.ch\/embed\/XmY5suqUds\" width=\"100%\" height=\"500\" scrolling=\"yes\" class=\"iframe-class\" frameborder=\"0\"><\/iframe>\n\n\n\n\n<h4 class=\"wp-block-heading\">Etude et analyse de l&rsquo;\u00e9volution du recours \u00e0 l&rsquo;\u00e9valuation num\u00e9rique au sein d&rsquo;une institution d&rsquo;enseignement sup\u00e9rieur &#8211; Laurent Moccozet, Institute of Services Science, University of Geneva<\/h4>\n\n\n\n<!-- iframe plugin v.6.0 wordpress.org\/plugins\/iframe\/ -->\n<iframe loading=\"lazy\" src=\"https:\/\/tube.switch.ch\/embed\/h0qL0l2b4G\" width=\"100%\" height=\"500\" scrolling=\"yes\" class=\"iframe-class\" frameborder=\"0\"><\/iframe>\n\n\n\n\n<h4 class=\"wp-block-heading\">Le e-portfolio comme outil pour l&rsquo;\u00e9valuation des comp\u00e9tences : analyse d&rsquo;usage dans une formation de Bachelor Universitaire et Technologique &#8211; Aur\u00e9lie DUPRE, CIREL EA 4354<\/h4>\n\n\n\n<!-- iframe plugin v.6.0 wordpress.org\/plugins\/iframe\/ -->\n<iframe loading=\"lazy\" src=\"https:\/\/tube.switch.ch\/embed\/s2lxZd0Mw3\" width=\"100%\" height=\"500\" scrolling=\"yes\" class=\"iframe-class\" frameborder=\"0\"><\/iframe>\n\n\n\n\n<div data-wp-interactive=\"core\/file\" class=\"wp-block-file\"><object data-wp-bind--hidden=\"!state.hasPdfPreview\" hidden class=\"wp-block-file__embed\" data=\"https:\/\/wp.unil.ch\/digitalskills\/files\/2024\/09\/P8_Dupre-Giraudin.pdf\" type=\"application\/pdf\" style=\"width:100%;height:370px\" aria-label=\"Contenu embarqu\u00e9 P8_Dupre-Giraudin.\"><\/object><a id=\"wp-block-file--media-44b2f7cc-921e-4999-8609-215bf3d87064\" href=\"https:\/\/wp.unil.ch\/digitalskills\/files\/2024\/09\/P8_Dupre-Giraudin.pdf\">P8_Dupre-Giraudin<\/a><a href=\"https:\/\/wp.unil.ch\/digitalskills\/files\/2024\/09\/P8_Dupre-Giraudin.pdf\" class=\"wp-block-file__button wp-element-button\" download aria-describedby=\"wp-block-file--media-44b2f7cc-921e-4999-8609-215bf3d87064\">T\u00e9l\u00e9charger<\/a><\/div>\n\n\n\n<h4 class=\"wp-block-heading\">La vid\u00e9o comme outil d&rsquo;\u00e9valuation de la production orale : cas d&rsquo;un groupe d&rsquo;\u00e9tudiants de 1\u00e8re ann\u00e9e licence de fran\u00e7ais \u00e0 l&rsquo;ENSB. &#8211; ASSIA BELGHEDDOUCHE, ENSB, LISODIP<\/h4>\n\n\n\n<!-- iframe plugin v.6.0 wordpress.org\/plugins\/iframe\/ -->\n<iframe loading=\"lazy\" src=\"https:\/\/tube.switch.ch\/embed\/4ZnqGIXyT9\" width=\"100%\" height=\"500\" scrolling=\"yes\" class=\"iframe-class\" frameborder=\"0\"><\/iframe>\n\n\n\n\n<h4 class=\"wp-block-heading\">\u00c9valuer avec les outils num\u00e9riques : analyse de pratiques d&rsquo;enseignants engag\u00e9s dans un DU de p\u00e9dagogie universitaire &#8211; Aur\u00e9lie DUPRE, CIREL EA 4354 &#8211; Anne-C\u00e9line Grolleau, Nantes Universit\u00e9<\/h4>\n\n\n\n<!-- iframe plugin v.6.0 wordpress.org\/plugins\/iframe\/ -->\n<iframe loading=\"lazy\" src=\"https:\/\/tube.switch.ch\/embed\/KkevK9DCOn\" width=\"100%\" height=\"500\" scrolling=\"yes\" class=\"iframe-class\" frameborder=\"0\"><\/iframe>\n\n\n\n\n<div data-wp-interactive=\"core\/file\" class=\"wp-block-file\"><object data-wp-bind--hidden=\"!state.hasPdfPreview\" hidden class=\"wp-block-file__embed\" data=\"https:\/\/wp.unil.ch\/digitalskills\/files\/2024\/09\/P8_Dupre-Grolleau.pdf\" type=\"application\/pdf\" style=\"width:100%;height:370px\" aria-label=\"Contenu embarqu\u00e9 P8_Dupre-Grolleau.\"><\/object><a id=\"wp-block-file--media-c7f6a62b-7fc9-4bdc-b267-efb33ec61d65\" href=\"https:\/\/wp.unil.ch\/digitalskills\/files\/2024\/09\/P8_Dupre-Grolleau.pdf\">P8_Dupre-Grolleau<\/a><a href=\"https:\/\/wp.unil.ch\/digitalskills\/files\/2024\/09\/P8_Dupre-Grolleau.pdf\" class=\"wp-block-file__button wp-element-button\" download aria-describedby=\"wp-block-file--media-c7f6a62b-7fc9-4bdc-b267-efb33ec61d65\">T\u00e9l\u00e9charger<\/a><\/div>\n\n\n\n<h4 class=\"wp-block-heading\">Feedbacks par intelligence artificielle en \u00e9cole d&rsquo;ing\u00e9nieurs : un premier regard &#8211; Etienne Gibaud, EPF-Ecole d&rsquo;Ing\u00e9nieurs Montpellier<\/h4>\n\n\n\n<!-- iframe plugin v.6.0 wordpress.org\/plugins\/iframe\/ -->\n<iframe loading=\"lazy\" src=\"https:\/\/tube.switch.ch\/embed\/V1SKwn5Y7r\" width=\"100%\" height=\"500\" scrolling=\"yes\" class=\"iframe-class\" frameborder=\"0\"><\/iframe>\n\n\n\n\n<div data-wp-interactive=\"core\/file\" class=\"wp-block-file\"><object data-wp-bind--hidden=\"!state.hasPdfPreview\" hidden class=\"wp-block-file__embed\" data=\"https:\/\/wp.unil.ch\/digitalskills\/files\/2024\/09\/P8_Gibaud.pdf\" type=\"application\/pdf\" style=\"width:100%;height:370px\" aria-label=\"Contenu embarqu\u00e9 P8_Gibaud.\"><\/object><a id=\"wp-block-file--media-453f46f4-6943-4c98-bea3-23fe2cd45be0\" href=\"https:\/\/wp.unil.ch\/digitalskills\/files\/2024\/09\/P8_Gibaud.pdf\">P8_Gibaud<\/a><a href=\"https:\/\/wp.unil.ch\/digitalskills\/files\/2024\/09\/P8_Gibaud.pdf\" class=\"wp-block-file__button wp-element-button\" download aria-describedby=\"wp-block-file--media-453f46f4-6943-4c98-bea3-23fe2cd45be0\">T\u00e9l\u00e9charger<\/a><\/div>\n\n\n\n<h4 class=\"wp-block-heading\">Synth\u00e8se de la journ\u00e9e &#8211; Prof. Bernadette Charlier<\/h4>\n\n\n\n<!-- iframe plugin v.6.0 wordpress.org\/plugins\/iframe\/ -->\n<iframe loading=\"lazy\" src=\"https:\/\/tube.switch.ch\/embed\/4pWNKomzKh\" width=\"100%\" height=\"500\" scrolling=\"yes\" class=\"iframe-class\" frameborder=\"0\"><\/iframe>\n\n\n\n\n<div data-wp-interactive=\"core\/file\" class=\"wp-block-file\"><object data-wp-bind--hidden=\"!state.hasPdfPreview\" hidden class=\"wp-block-file__embed\" data=\"https:\/\/wp.unil.ch\/digitalskills\/files\/2024\/09\/P8_Charlier.pdf\" type=\"application\/pdf\" style=\"width:100%;height:369px\" aria-label=\"Contenu embarqu\u00e9 P8_Charlier.\"><\/object><a id=\"wp-block-file--media-ce0db480-b930-4369-accd-2eb0492545d2\" href=\"https:\/\/wp.unil.ch\/digitalskills\/files\/2024\/09\/P8_Charlier.pdf\">P8_Charlier<\/a><a href=\"https:\/\/wp.unil.ch\/digitalskills\/files\/2024\/09\/P8_Charlier.pdf\" class=\"wp-block-file__button wp-element-button\" download aria-describedby=\"wp-block-file--media-ce0db480-b930-4369-accd-2eb0492545d2\">T\u00e9l\u00e9charger<\/a><\/div>\n\n\n\n<h2 class=\"wp-block-heading\">Programme et informations compl\u00e9mentaires<\/h2>\n\n\n\n<p>Voir sur le site de l&rsquo;\u00e9v\u00e9nement : <br><a href=\"https:\/\/evaloutilsnum.sciencesconf.org\/program?lang=fr\">https:\/\/evaloutilsnum.sciencesconf.org\/program?lang=fr<\/a><\/p>\n","protected":false},"excerpt":{"rendered":"<p>Lausanne (Vortex, Salle Nucleo)Le 26 ao\u00fbt 2024 de 9h \u00e0 17h R\u00e9sum\u00e9 Cette rencontre explore les d\u00e9fis et opportunit\u00e9s induits par l&rsquo;int\u00e9gration des outils num\u00e9riques dans l&rsquo;\u00e9valuation des&hellip;<\/p>\n","protected":false},"author":1002683,"featured_media":0,"parent":1756,"menu_order":0,"comment_status":"closed","ping_status":"closed","template":"template-full-width.php","meta":{"_seopress_robots_primary_cat":"","_seopress_titles_title":"","_seopress_titles_desc":"","_seopress_robots_index":"","footnotes":""},"class_list":["post-2324","page","type-page","status-publish","has-post-thumbnail"],"_links":{"self":[{"href":"https:\/\/wp.unil.ch\/digitalskills\/wp-json\/wp\/v2\/pages\/2324","targetHints":{"allow":["GET"]}}],"collection":[{"href":"https:\/\/wp.unil.ch\/digitalskills\/wp-json\/wp\/v2\/pages"}],"about":[{"href":"https:\/\/wp.unil.ch\/digitalskills\/wp-json\/wp\/v2\/types\/page"}],"author":[{"embeddable":true,"href":"https:\/\/wp.unil.ch\/digitalskills\/wp-json\/wp\/v2\/users\/1002683"}],"replies":[{"embeddable":true,"href":"https:\/\/wp.unil.ch\/digitalskills\/wp-json\/wp\/v2\/comments?post=2324"}],"version-history":[{"count":5,"href":"https:\/\/wp.unil.ch\/digitalskills\/wp-json\/wp\/v2\/pages\/2324\/revisions"}],"predecessor-version":[{"id":2346,"href":"https:\/\/wp.unil.ch\/digitalskills\/wp-json\/wp\/v2\/pages\/2324\/revisions\/2346"}],"up":[{"embeddable":true,"href":"https:\/\/wp.unil.ch\/digitalskills\/wp-json\/wp\/v2\/pages\/1756"}],"wp:attachment":[{"href":"https:\/\/wp.unil.ch\/digitalskills\/wp-json\/wp\/v2\/media?parent=2324"}],"curies":[{"name":"wp","href":"https:\/\/api.w.org\/{rel}","templated":true}]}}