{"id":2166,"date":"2024-02-06T10:08:09","date_gmt":"2024-02-06T09:08:09","guid":{"rendered":"https:\/\/wp.unil.ch\/digitalskills\/?page_id=2166"},"modified":"2024-05-06T15:48:45","modified_gmt":"2024-05-06T13:48:45","slug":"atelier-hiba-asri","status":"publish","type":"page","link":"https:\/\/wp.unil.ch\/digitalskills\/enseignants\/conferences-ateliers\/atelier-hiba-asri\/","title":{"rendered":"Ateliers"},"content":{"rendered":"\n<h2 class=\"wp-block-heading\">\u00ab\u00a0Utiliser l&rsquo;IA pour cr\u00e9er des QCM \u00e0 partir de son cours dans l&rsquo;Enseignement Sup\u00e9rieur\u00a0\u00bb<br><\/h2>\n\n\n\n<div class=\"wp-block-columns are-vertically-aligned-top is-layout-flex wp-container-core-columns-is-layout-9d6595d7 wp-block-columns-is-layout-flex\">\n<div class=\"wp-block-column is-vertically-aligned-top is-layout-flow wp-block-column-is-layout-flow\" style=\"flex-basis:66.66%\">\n<h4 class=\"wp-block-heading\">Facilitatrice : Hiba Asri<br><br>FR : Lundi 26 f\u00e9vrier 2024 <strong>\u00e0 Lausanne<\/strong><br>&#8211;<br>EN : Mercredi 28 f\u00e9vrier 2024 <strong>\u00e0 Brigue (UniDistance Suisse) <\/strong><br><br>Atelier pr\u00e9sentiel &#8211; <strong>Inscription obligatoire<\/strong><br><strong>Places limit\u00e9es<\/strong> <br>(24 places par \u00e9v\u00e9nement)<\/h4>\n<\/div>\n\n\n\n<div class=\"wp-block-column is-vertically-aligned-top is-layout-flow wp-block-column-is-layout-flow\" style=\"flex-basis:33.33%\">\n<figure class=\"wp-block-image size-large\"><img alt=\"\" loading=\"lazy\" decoding=\"async\" width=\"1024\" height=\"1024\" src=\"https:\/\/wp.unil.ch\/digitalskills\/files\/2023\/06\/NEWS_experientiel_teaser-1024x1024.jpg\" alt=\"\" class=\"wp-image-1495\" srcset=\"https:\/\/wp.unil.ch\/digitalskills\/files\/2023\/06\/NEWS_experientiel_teaser-1024x1024.jpg 1024w, https:\/\/wp.unil.ch\/digitalskills\/files\/2023\/06\/NEWS_experientiel_teaser-300x300.jpg 300w, https:\/\/wp.unil.ch\/digitalskills\/files\/2023\/06\/NEWS_experientiel_teaser-150x150.jpg 150w, https:\/\/wp.unil.ch\/digitalskills\/files\/2023\/06\/NEWS_experientiel_teaser-768x768.jpg 768w, https:\/\/wp.unil.ch\/digitalskills\/files\/2023\/06\/NEWS_experientiel_teaser-12x12.jpg 12w, https:\/\/wp.unil.ch\/digitalskills\/files\/2023\/06\/NEWS_experientiel_teaser-540x540.jpg 540w, https:\/\/wp.unil.ch\/digitalskills\/files\/2023\/06\/NEWS_experientiel_teaser-1080x1080.jpg 1080w, https:\/\/wp.unil.ch\/digitalskills\/files\/2023\/06\/NEWS_experientiel_teaser.jpg 1200w\" sizes=\"auto, (max-width: 1024px) 100vw, 1024px\" \/><\/figure>\n<\/div>\n<\/div>\n\n\n\n<div class=\"wp-block-buttons alignwide is-vertical is-content-justification-center is-layout-flex wp-container-core-buttons-is-layout-1b05d9d1 wp-block-buttons-is-layout-flex\">\n<div class=\"wp-block-button has-custom-width wp-block-button__width-50 is-style-outline is-style-outline--1\"><a class=\"wp-block-button__link has-buttons-background-color has-text-color has-link-color wp-element-button\" style=\"border-radius:40px\">Inscriptions closes<\/a><\/div>\n\n\n\n<div class=\"wp-block-button has-custom-width wp-block-button__width-50 is-style-outline is-style-outline--2\"><a class=\"wp-block-button__link has-buttons-background-color has-text-color has-link-color wp-element-button\" style=\"border-radius:40px\"><s>Modifier l&rsquo;inscription<\/s><\/a><\/div>\n<\/div>\n\n\n\n<p>Apr\u00e8s une courte introduction, <strong>Hiba Asri vous aidera, \u00e9tape par \u00e9tape, \u00e0 cr\u00e9er des QCM \u00e0 partir de documents de votre cours<\/strong> (PDF, DOCX, ou PPTX). <br><br>Nous \u00e9changerons ensuite sur les r\u00e9sultats.&nbsp;<strong>Aucun besoin de connaissance pr\u00e9alables en IA ou programmation<\/strong>, tout le monde peut participer. <br><br>Dr Hiba Asri a d\u00e9velopp\u00e9 des <strong>outils en open source, gratuits, et accessibles \u00e0 tous, m\u00eame aux non-sp\u00e9cialistes<\/strong>.<br><br><strong>Vous repartirez<\/strong> avec les <strong>outils et l\u2019exp\u00e9rience n\u00e9cessaire<\/strong> pour vous permettre de continuer \u00e0 exp\u00e9rimenter chez vous.&nbsp;<\/p>\n\n\n\n<h2 class=\"wp-block-heading\">Programme&nbsp;<\/h2>\n\n\n\n<p><strong>9:00 &#8211; Accueil<\/strong><\/p>\n\n\n\n<p><strong>9:30 \u00e0 12:30 &#8211;<\/strong> <strong>Atelier<\/strong><\/p>\n\n\n\n<p><strong>12:30 &#8211; Repas<\/strong><\/p>\n\n\n\n<h2 class=\"wp-block-heading\">Intervenante<\/h2>\n\n\n\n<div class=\"wp-block-media-text alignwide is-stacked-on-mobile\" style=\"grid-template-columns:31% auto\"><figure class=\"wp-block-media-text__media\"><img alt=\"\" loading=\"lazy\" decoding=\"async\" width=\"1024\" height=\"513\" src=\"https:\/\/wp.unil.ch\/digitalskills\/files\/2024\/02\/picHiba4-1024x513.png\" alt=\"\" class=\"wp-image-2179 size-full\" srcset=\"https:\/\/wp.unil.ch\/digitalskills\/files\/2024\/02\/picHiba4-1024x513.png 1024w, https:\/\/wp.unil.ch\/digitalskills\/files\/2024\/02\/picHiba4-300x150.png 300w, https:\/\/wp.unil.ch\/digitalskills\/files\/2024\/02\/picHiba4-768x384.png 768w, https:\/\/wp.unil.ch\/digitalskills\/files\/2024\/02\/picHiba4-1536x769.png 1536w, https:\/\/wp.unil.ch\/digitalskills\/files\/2024\/02\/picHiba4-18x9.png 18w, https:\/\/wp.unil.ch\/digitalskills\/files\/2024\/02\/picHiba4-540x270.png 540w, https:\/\/wp.unil.ch\/digitalskills\/files\/2024\/02\/picHiba4-1080x541.png 1080w, https:\/\/wp.unil.ch\/digitalskills\/files\/2024\/02\/picHiba4.png 1920w\" sizes=\"auto, (max-width: 1024px) 100vw, 1024px\" \/><\/figure><div class=\"wp-block-media-text__content\">\n<details class=\"wp-block-details is-layout-flow wp-block-details-is-layout-flow\"><summary>Hiba Asri est professeure associ\u00e9e au d\u00e9partement d&rsquo;informatique de la Facult\u00e9 des Sciences Semlalia (Universit\u00e9 Cadi Ayyad, Maroc), et membre du Centre d&rsquo;Innovation P\u00e9dagogique de l&rsquo;Universit\u00e9 Cadi Ayyad (cliquer pour plus d&rsquo;informations)<\/summary>\n<p>En 2015, elle est titulaire d&rsquo;un dipl\u00f4me d&rsquo;ing\u00e9nieur en informatique et syst\u00e8me d&rsquo;information \u00e0 la Facult\u00e9 des Sciences et Techniques de l&rsquo;Universit\u00e9 Cadi Ayyad, Marrakech. <br>En 2019, elle obtient son doctorat en informatique pour ses travaux sur le Big Data, l&rsquo;analyse pr\u00e9dictive\/pr\u00e9ventive, le Machine Learning et le Reality Mining appliqu\u00e9s au domaine de la sant\u00e9, \u00e0 l&rsquo;Universit\u00e9 Cadi Ayyad.<br>Elle a obtenu un dipl\u00f4me d&rsquo;ing\u00e9nieur en r\u00e9seaux informatiques et syst\u00e8me d&rsquo;informationen 2014. Ses principaux int\u00e9r\u00eats de recherche comprennent le Big Data, l&rsquo;apprentissage automatique, l&rsquo;IoT, la robotique, les algorithmes d&rsquo;exploration de donn\u00e9es, l&rsquo;interaction homme-machine et la nouvelle g\u00e9n\u00e9ration, les technologies Internet ; dans divers domaines d&rsquo;application tels que la sant\u00e9, l&rsquo;\u00e9ducation (e- learning) et l&rsquo;agriculture.<br>En 2022, elle a obtenu le prix sp\u00e9cial de l&rsquo;UNESCO pour son cours vid\u00e9o sur les algorithmes d&rsquo;apprentissage automatique.<br>En 2023, elle a obtenu le prix de la meilleure instructrice de Huwaei et elle est actuellement instructrice d&rsquo;IA dans les plateformes d&rsquo;apprentissage en ligne de Huwaei.<br>Depuis 2022, elle travaille en collaboration avec l&rsquo;universit\u00e9 UniDistance (Brigue, Suisse) afin d&rsquo;am\u00e9liorer la qualit\u00e9 de l&rsquo;apprentissage en ligne pour les \u00e9tudiants et les professeurs.<br>A partir de 2022, elle r\u00e9alise des cours adapt\u00e9s sur une plateforme nationale marocaine (plateforme Moodle).<br>En plus de son exp\u00e9rience acad\u00e9mique, elle anime de nombreuses conf\u00e9rences et ateliers internationaux en tant que pr\u00e9sidente ou conf\u00e9renci\u00e8re principale.<\/p>\n<\/details>\n<\/div><\/div>\n\n\n\n<p>Vous avez le choix du lieu, Lausanne (en Fran\u00e7ais) ou Brig (en Anglais), \u00e0 deux dates diff\u00e9rentes. <br><strong>Attention, le nombre de places est limit\u00e9 pour assurer un accompagnement individuel. (24 places<\/strong>)&nbsp;<\/p>\n\n\n\n<p>Cette journ\u00e9e est financ\u00e9e dans le cadre du P8 \u2018DigitalSkills\u2019 de Swissuniversities qui regroupe UniDistance Suisse et l\u2019UNIL.<\/p>\n\n\n\n<h2 class=\"wp-block-heading\"><strong>Infos pratiques<\/strong><\/h2>\n\n\n\n<p><strong>Pour participer \u00e0 cet atelier, veuillez apporter votre ordinateur, ainsi que des exemplaires de cours que vous proposez.<\/strong><\/p>\n\n\n\n<div class=\"wp-block-columns is-layout-flex wp-container-core-columns-is-layout-9d6595d7 wp-block-columns-is-layout-flex\">\n<div class=\"wp-block-column is-layout-flow wp-block-column-is-layout-flow\">\n<p><strong>26 f\u00e9vrier 2024<\/strong><\/p>\n\n\n\n<p><strong>Universit\u00e9 de Lausanne<\/strong><br>Adresse communiqu\u00e9e ult\u00e9rieurement<br><\/p>\n\n\n\n<p><strong><em>Inscription obligatoire<\/em><\/strong><\/p>\n<\/div>\n\n\n\n<div class=\"wp-block-column is-layout-flow wp-block-column-is-layout-flow\">\n<!-- iframe plugin v.6.0 wordpress.org\/plugins\/iframe\/ -->\n<iframe src=\"https:\/\/www.google.com\/maps\/embed?pb=!1m18!1m12!1m3!1d7189.375709121971!2d6.575174912092223!3d46.521445696817516!2m3!1f0!2f0!3f0!3m2!1i1024!2i768!4f13.1!3m3!1m2!1s0x478c31aaf175bcb9%3A0x936726ac9a5ac28!2sUniversit%C3%A9%20de%20Lausanne!5e0!3m2!1sfr!2sch!4v1707209318116!5m2!1sfr!2sch\" width=\"400\" height=\"300\" style=\"border:0;\" allowfullscreen loading=\"lazy\" referrerpolicy=\"no-referrer-when-downgrade\" scrolling=\"yes\" class=\"iframe-class\" frameborder=\"0\"><\/iframe>\n\n<\/div>\n<\/div>\n\n\n\n<div class=\"wp-block-columns is-layout-flex wp-container-core-columns-is-layout-9d6595d7 wp-block-columns-is-layout-flex\">\n<div class=\"wp-block-column is-layout-flow wp-block-column-is-layout-flow\">\n<p><strong>28 f\u00e9vrier 2024<\/strong><\/p>\n\n\n\n<p><strong>UniDistance Suisse<\/strong><br>Schinerstrasse 18, <br>3900 Brig-Glis<\/p>\n\n\n\n<p><strong><em>Inscription obligatoire<\/em><\/strong><\/p>\n<\/div>\n\n\n\n<div class=\"wp-block-column is-layout-flow wp-block-column-is-layout-flow\">\n<!-- iframe plugin v.6.0 wordpress.org\/plugins\/iframe\/ -->\n<iframe src=\"https:\/\/www.google.com\/maps\/embed?pb=!1m14!1m8!1m3!1d4208.963729990035!2d7.988551487353927!3d46.318257718929985!3m2!1i1024!2i768!4f13.1!3m3!1m2!1s0x478f6f1f4ea38295%3A0x2c3b9ddccae1032c!2sUniDistance%20Suisse!5e0!3m2!1sfr!2sch!4v1707148794113!5m2!1sfr!2sch\" width=\"400\" height=\"300\" style=\"border:0;\" allowfullscreen loading=\"lazy\" referrerpolicy=\"no-referrer-when-downgrade\" scrolling=\"yes\" class=\"iframe-class\" frameborder=\"0\"><\/iframe>\n\n<\/div>\n<\/div>\n","protected":false},"excerpt":{"rendered":"<p>\u00ab\u00a0Utiliser l&rsquo;IA pour cr\u00e9er des QCM \u00e0 partir de son cours dans l&rsquo;Enseignement Sup\u00e9rieur\u00a0\u00bb Facilitatrice : Hiba Asri FR : Lundi 26 f\u00e9vrier 2024 \u00e0 Lausanne&#8211;EN : Mercredi&hellip;<\/p>\n","protected":false},"author":1002683,"featured_media":0,"parent":1756,"menu_order":0,"comment_status":"closed","ping_status":"closed","template":"template-full-width.php","meta":{"_seopress_robots_primary_cat":"","_seopress_titles_title":"","_seopress_titles_desc":"","_seopress_robots_index":"","footnotes":""},"class_list":["post-2166","page","type-page","status-publish","has-post-thumbnail"],"_links":{"self":[{"href":"https:\/\/wp.unil.ch\/digitalskills\/wp-json\/wp\/v2\/pages\/2166","targetHints":{"allow":["GET"]}}],"collection":[{"href":"https:\/\/wp.unil.ch\/digitalskills\/wp-json\/wp\/v2\/pages"}],"about":[{"href":"https:\/\/wp.unil.ch\/digitalskills\/wp-json\/wp\/v2\/types\/page"}],"author":[{"embeddable":true,"href":"https:\/\/wp.unil.ch\/digitalskills\/wp-json\/wp\/v2\/users\/1002683"}],"replies":[{"embeddable":true,"href":"https:\/\/wp.unil.ch\/digitalskills\/wp-json\/wp\/v2\/comments?post=2166"}],"version-history":[{"count":5,"href":"https:\/\/wp.unil.ch\/digitalskills\/wp-json\/wp\/v2\/pages\/2166\/revisions"}],"predecessor-version":[{"id":2277,"href":"https:\/\/wp.unil.ch\/digitalskills\/wp-json\/wp\/v2\/pages\/2166\/revisions\/2277"}],"up":[{"embeddable":true,"href":"https:\/\/wp.unil.ch\/digitalskills\/wp-json\/wp\/v2\/pages\/1756"}],"wp:attachment":[{"href":"https:\/\/wp.unil.ch\/digitalskills\/wp-json\/wp\/v2\/media?parent=2166"}],"curies":[{"name":"wp","href":"https:\/\/api.w.org\/{rel}","templated":true}]}}