{"id":2102,"date":"2023-11-17T15:36:40","date_gmt":"2023-11-17T14:36:40","guid":{"rendered":"https:\/\/wp.unil.ch\/digitalskills\/?page_id=2102"},"modified":"2023-12-06T09:58:27","modified_gmt":"2023-12-06T08:58:27","slug":"conference-yannick-rochat","status":"publish","type":"page","link":"https:\/\/wp.unil.ch\/digitalskills\/enseignants\/conferences-ateliers\/conference-yannick-rochat\/","title":{"rendered":"Conf\u00e9rence Yannick Rochat"},"content":{"rendered":"\n<h2 class=\"wp-block-heading\"><strong>\u00ab\u00a0Penser et int\u00e9grer le jeu vid\u00e9o dans sa pratique enseignante\u00a0\u00bb<\/strong><\/h2>\n\n\n\n<div class=\"wp-block-columns are-vertically-aligned-top is-layout-flex wp-container-core-columns-is-layout-9d6595d7 wp-block-columns-is-layout-flex\">\n<div class=\"wp-block-column is-vertically-aligned-top is-layout-flow wp-block-column-is-layout-flow\" style=\"flex-basis:66.66%\">\n<h3 class=\"wp-block-heading\">Jeudi 7 d\u00e9cembre <strong>2023<\/strong><br><strong>IDHEAP (Learning Lab), UNIL<\/strong><br><strong>Inscription obligatoire<\/strong><\/h3>\n<\/div>\n\n\n\n<div class=\"wp-block-column is-vertically-aligned-top is-layout-flow wp-block-column-is-layout-flow\" style=\"flex-basis:33.33%\">\n<figure class=\"wp-block-image size-large\"><img alt=\"\" loading=\"lazy\" decoding=\"async\" width=\"1024\" height=\"683\" src=\"https:\/\/wp.unil.ch\/digitalskills\/files\/2023\/06\/NEWS_jeu_video-1024x683.jpg\" alt=\"\" class=\"wp-image-1500\" srcset=\"https:\/\/wp.unil.ch\/digitalskills\/files\/2023\/06\/NEWS_jeu_video-1024x683.jpg 1024w, https:\/\/wp.unil.ch\/digitalskills\/files\/2023\/06\/NEWS_jeu_video-300x200.jpg 300w, https:\/\/wp.unil.ch\/digitalskills\/files\/2023\/06\/NEWS_jeu_video-768x512.jpg 768w, https:\/\/wp.unil.ch\/digitalskills\/files\/2023\/06\/NEWS_jeu_video-18x12.jpg 18w, https:\/\/wp.unil.ch\/digitalskills\/files\/2023\/06\/NEWS_jeu_video-540x360.jpg 540w, https:\/\/wp.unil.ch\/digitalskills\/files\/2023\/06\/NEWS_jeu_video-1080x720.jpg 1080w, https:\/\/wp.unil.ch\/digitalskills\/files\/2023\/06\/NEWS_jeu_video.jpg 1200w\" sizes=\"auto, (max-width: 1024px) 100vw, 1024px\" \/><\/figure>\n<\/div>\n<\/div>\n\n\n\n<div class=\"wp-block-buttons alignwide is-vertical is-content-justification-center is-layout-flex wp-container-core-buttons-is-layout-1b05d9d1 wp-block-buttons-is-layout-flex\">\n<div class=\"wp-block-button has-custom-width wp-block-button__width-50 is-style-outline is-style-outline--1\"><a class=\"wp-block-button__link has-buttons-background-color has-text-color has-link-color wp-element-button\" style=\"border-radius:40px\">Inscriptions closes<\/a><\/div>\n\n\n\n<div class=\"wp-block-button has-custom-width wp-block-button__width-50 is-style-outline is-style-outline--2\"><a class=\"wp-block-button__link has-buttons-background-color has-text-color has-link-color wp-element-button\" href=\"https:\/\/wp.unil.ch\/digitalskills\/enseignants\/conferences-ateliers\/conference-yannick-rochat\/modifier-ou-annuler\/\" style=\"border-radius:40px\">Modifier l&rsquo;inscription<\/a><\/div>\n<\/div>\n\n\n\n<h2 class=\"wp-block-heading\">Programme&nbsp;<\/h2>\n\n\n\n<p><strong>9:00 &#8211; Accueil<\/strong><\/p>\n\n\n\n<details class=\"wp-block-details is-layout-flow wp-block-details-is-layout-flow\"><summary><strong>09:15-10:30 Atelier<\/strong><\/summary>\n<p>Animation :<\/p>\n\n\n\n<p>&#8211; Roxane Borgeaud<\/p>\n\n\n\n<p>&#8211; Johan Cuda<\/p>\n\n\n\n<p>&#8211; Giulia Leemann<\/p>\n\n\n\n<p><strong>La premi\u00e8re moiti\u00e9 de la matin\u00e9e <\/strong>se pr\u00e9sentera sous la forme de courtes s\u00e9quences p\u00e9dagogiques cr\u00e9\u00e9es dans le cadre du projet FNS Agora \u00abTeaching with Video Games\u00bb et donn\u00e9es dans l&rsquo;enseignement post-obligatoire. Nous nous int\u00e9resserons \u00e0 l&rsquo;usage de jeux vid\u00e9o d&rsquo;usage courant (jeux non \u00ab\u00a0s\u00e9rieux\u00a0\u00bb) dans un contexte p\u00e9dagogique.&nbsp;<br><strong>Dans la premi\u00e8re partie<\/strong> de cet atelier (<strong>09:15-10:00<\/strong>), les participant\u00b7e\u00b7s exploreront la conception et l&rsquo;int\u00e9gration de jeux vid\u00e9o dans des programmes d&rsquo;enseignement. Les enseignant\u00b7e\u00b7s verront comment utiliser des jeux existants pour soutenir des concepts acad\u00e9miques sp\u00e9cifiques. Ils et elles d\u00e9couvriront comment aligner les m\u00e9canismes de jeux avec des objectifs p\u00e9dagogiques.&nbsp;<br><strong>La deuxi\u00e8me partie<\/strong> de l&rsquo;atelier (<strong>10:00-10:30<\/strong>) invitera \u00e0 la discussion entre les participant\u00b7e\u00b7s. Ils et elles partageront leurs exp\u00e9riences et id\u00e9es sur l&rsquo;utilisation du jeu vid\u00e9o non-s\u00e9rieux dans un environnement acad\u00e9mique. Les d\u00e9bats porteront sur les avantages, les d\u00e9fis, et les possibilit\u00e9s d&rsquo;int\u00e9gration des jeux vid\u00e9o dans l&rsquo;enseignement sup\u00e9rieur en mettant en commun les connaissances et les id\u00e9es des participant\u00b7e\u00b7s pour&nbsp; l&rsquo;apprentissage en milieu universitaire.<\/p>\n<\/details>\n\n\n\n<p><strong>10:30-11:00 Pause<\/strong><\/p>\n\n\n\n<details class=\"wp-block-details is-layout-flow wp-block-details-is-layout-flow\" open><summary><strong>11:00-11:45 Conf\u00e9rences (rediffus\u00e9es en ligne)<\/strong><\/summary>\n<p><a href=\"https:\/\/www.forj.be\/#quisommesnous-link\">Julien Annart (FOR\u2019J, Belgique)<\/a> : <strong>Le manuel p\u00e9dagogique Educajeux : Retours sur un projet \u00e9ducatif avec les jeux vid\u00e9o<\/strong><\/p>\n\n\n\n<p><a href=\"https:\/\/hepfr.ch\/recherche-developpement\/idis\/\">Lo\u00efse Bilat (HEP Fribourg)<\/a> : <strong>Travailler des objectifs disciplinaires en classe avec des jeux dits non-s\u00e9rieux<\/strong><\/p>\n\n\n\n<p><a href=\"https:\/\/soc.kuleuven.be\/mintlab\/blog\/researcher\/bruno-dupont\/\">Bruno Dupont (Universit\u00e9 de Louvain, Belgique)<\/a> : <strong>Une didactique du jeu vid\u00e9o ? Exp\u00e9riences de terrain, terrains d&rsquo;exp\u00e9rience<\/strong><\/p>\n\n\n\n<p><a href=\"https:\/\/people.epfl.ch\/david.javet\">David Javet (UNIL-EPFL)<\/a> : <strong>Play-conf\u00e9rence : une autre mani\u00e8re de discuter le jeu vid\u00e9o<\/strong><\/p>\n<\/details>\n\n\n\n<details class=\"wp-block-details is-layout-flow wp-block-details-is-layout-flow\" open><summary><strong>11:45-12:30 Table Ronde (rediffus\u00e9e en ligne)<\/strong><\/summary>\n<p>La table ronde fait suite aux diff\u00e9rentes conf\u00e9rences.<\/p>\n<\/details>\n\n\n\n<div class=\"wp-block-media-text alignwide is-stacked-on-mobile\" style=\"grid-template-columns:32% auto\"><figure class=\"wp-block-media-text__media\"><img alt=\"\" loading=\"lazy\" decoding=\"async\" width=\"580\" height=\"435\" src=\"https:\/\/wp.unil.ch\/digitalskills\/files\/2023\/11\/Yannick-Rochat.jpg\" alt=\"\" class=\"wp-image-2103 size-full\" srcset=\"https:\/\/wp.unil.ch\/digitalskills\/files\/2023\/11\/Yannick-Rochat.jpg 580w, https:\/\/wp.unil.ch\/digitalskills\/files\/2023\/11\/Yannick-Rochat-300x225.jpg 300w, https:\/\/wp.unil.ch\/digitalskills\/files\/2023\/11\/Yannick-Rochat-16x12.jpg 16w, https:\/\/wp.unil.ch\/digitalskills\/files\/2023\/11\/Yannick-Rochat-540x405.jpg 540w\" sizes=\"auto, (max-width: 580px) 100vw, 580px\" \/><\/figure><div class=\"wp-block-media-text__content\">\n<p>Yannick Rochat est professeur assistant en \u00e9tudes vid\u00e9oludiques au sein de la section des sciences du langage et de l\u2019information (facult\u00e9 des lettres, UNIL). Il est co-fondateur du GameLab UNIL-EPFL.. Ses recherches portent sur le jeu vid\u00e9o, les humanit\u00e9s num\u00e9riques, l\u2019\u00e9tude des plateformes et l\u2019arch\u00e9ologie des m\u00e9dias, la recherche-cr\u00e9ation et l\u2019\u00e9tude des patrimoines vid\u00e9oludique et informatique en Suisse.<\/p>\n\n\n\n<ul class=\"has-small-font-size wp-block-list\">\n<li>Sa page personnelle : <a href=\"https:\/\/yro.ch\/\">https:\/\/yro.ch\/<\/a><\/li>\n<\/ul>\n<\/div><\/div>\n\n\n\n<h2 class=\"wp-block-heading\"><strong>Infos pratiques<\/strong><\/h2>\n\n\n\n<div class=\"wp-block-columns is-layout-flex wp-container-core-columns-is-layout-9d6595d7 wp-block-columns-is-layout-flex\">\n<div class=\"wp-block-column is-layout-flow wp-block-column-is-layout-flow\">\n<p><strong>Adresse<\/strong><\/p>\n\n\n\n<p><strong>Universit\u00e9 de Lausanne<\/strong><br>Institut de hautes \u00e9tudes en administration publique IDHEAP Learning Lab<br>Rue de la Mouline 28<br>1022 Chavannes-pr\u00e8s-Renens<\/p>\n\n\n\n<p><strong><em>Inscription obligatoire<\/em><\/strong><\/p>\n<\/div>\n\n\n\n<div class=\"wp-block-column is-layout-flow wp-block-column-is-layout-flow\">\n<!-- iframe plugin v.6.0 wordpress.org\/plugins\/iframe\/ -->\n<iframe src=\"https:\/\/www.google.com\/maps\/embed?pb=!1m18!1m12!1m3!1d2745.0817826877415!2d6.575806615524802!3d46.526283479127805!2m3!1f0!2f0!3f0!3m2!1i1024!2i768!4f13.1!3m3!1m2!1s0x478c31a90d3d00e7%3A0x769a4b19818dad87!2sUNIL%20-%20IDHEAP!5e0!3m2!1sfr!2sch!4v1680532772875!5m2!1sfr!2sch\" width=\"400\" height=\"300\" style=\"border:0;\" allowfullscreen loading=\"lazy\" referrerpolicy=\"no-referrer-when-downgrade\" scrolling=\"yes\" class=\"iframe-class\" frameborder=\"0\"><\/iframe>\n\n<\/div>\n<\/div>\n","protected":false},"excerpt":{"rendered":"<p>\u00ab\u00a0Penser et int\u00e9grer le jeu vid\u00e9o dans sa pratique enseignante\u00a0\u00bb Jeudi 7 d\u00e9cembre 2023IDHEAP (Learning Lab), UNILInscription obligatoire Programme&nbsp; 9:00 &#8211; Accueil 10:30-11:00 Pause Infos pratiques Adresse Universit\u00e9&hellip;<\/p>\n","protected":false},"author":1002683,"featured_media":0,"parent":1756,"menu_order":0,"comment_status":"closed","ping_status":"closed","template":"template-full-width.php","meta":{"_seopress_robots_primary_cat":"","_seopress_titles_title":"","_seopress_titles_desc":"","_seopress_robots_index":"","footnotes":""},"class_list":["post-2102","page","type-page","status-publish","has-post-thumbnail"],"_links":{"self":[{"href":"https:\/\/wp.unil.ch\/digitalskills\/wp-json\/wp\/v2\/pages\/2102","targetHints":{"allow":["GET"]}}],"collection":[{"href":"https:\/\/wp.unil.ch\/digitalskills\/wp-json\/wp\/v2\/pages"}],"about":[{"href":"https:\/\/wp.unil.ch\/digitalskills\/wp-json\/wp\/v2\/types\/page"}],"author":[{"embeddable":true,"href":"https:\/\/wp.unil.ch\/digitalskills\/wp-json\/wp\/v2\/users\/1002683"}],"replies":[{"embeddable":true,"href":"https:\/\/wp.unil.ch\/digitalskills\/wp-json\/wp\/v2\/comments?post=2102"}],"version-history":[{"count":5,"href":"https:\/\/wp.unil.ch\/digitalskills\/wp-json\/wp\/v2\/pages\/2102\/revisions"}],"predecessor-version":[{"id":2159,"href":"https:\/\/wp.unil.ch\/digitalskills\/wp-json\/wp\/v2\/pages\/2102\/revisions\/2159"}],"up":[{"embeddable":true,"href":"https:\/\/wp.unil.ch\/digitalskills\/wp-json\/wp\/v2\/pages\/1756"}],"wp:attachment":[{"href":"https:\/\/wp.unil.ch\/digitalskills\/wp-json\/wp\/v2\/media?parent=2102"}],"curies":[{"name":"wp","href":"https:\/\/api.w.org\/{rel}","templated":true}]}}