{"id":2044,"date":"2023-10-24T18:32:48","date_gmt":"2023-10-24T16:32:48","guid":{"rendered":"https:\/\/wp.unil.ch\/digitalskills\/?page_id=2044"},"modified":"2023-10-24T18:32:49","modified_gmt":"2023-10-24T16:32:49","slug":"auto-positionnement","status":"publish","type":"page","link":"https:\/\/wp.unil.ch\/digitalskills\/etudiants\/auto-positionnement\/","title":{"rendered":"Auto-positionnement des comp\u00e9tences num\u00e9riques \u2013 \u00e9tudiants"},"content":{"rendered":"\n<p>Les modules <strong>d\u2019auto-positionnement<\/strong> permettent aux \u00e9tudiants et \u00e9tudiantes de se situer dans la ma\u00eetrise des comp\u00e9tences num\u00e9riques pour l\u2019\u00e9ducation, et d\u2019acc\u00e9der \u00e0 des ressources de formation.<\/p>\n\n\n<div class=\"wp-block-image\">\n<figure class=\"aligncenter size-large is-resized\"><img loading=\"lazy\" decoding=\"async\" width=\"1024\" height=\"341\" src=\"https:\/\/wp.unil.ch\/digitalskills\/files\/2022\/04\/mahdis-mousavi-hJ5uMIRNg5k-unsplash_b-1024x341.jpg\" alt=\"jeune femme regardant son smartphone\" class=\"wp-image-282\" style=\"aspect-ratio:3.002932551319648;width:465px;height:auto\" srcset=\"https:\/\/wp.unil.ch\/digitalskills\/files\/2022\/04\/mahdis-mousavi-hJ5uMIRNg5k-unsplash_b-1024x341.jpg 1024w, https:\/\/wp.unil.ch\/digitalskills\/files\/2022\/04\/mahdis-mousavi-hJ5uMIRNg5k-unsplash_b-300x100.jpg 300w, https:\/\/wp.unil.ch\/digitalskills\/files\/2022\/04\/mahdis-mousavi-hJ5uMIRNg5k-unsplash_b-768x256.jpg 768w, https:\/\/wp.unil.ch\/digitalskills\/files\/2022\/04\/mahdis-mousavi-hJ5uMIRNg5k-unsplash_b-540x180.jpg 540w, https:\/\/wp.unil.ch\/digitalskills\/files\/2022\/04\/mahdis-mousavi-hJ5uMIRNg5k-unsplash_b-1080x360.jpg 1080w, https:\/\/wp.unil.ch\/digitalskills\/files\/2022\/04\/mahdis-mousavi-hJ5uMIRNg5k-unsplash_b.jpg 1500w\" sizes=\"auto, (max-width: 1024px) 100vw, 1024px\" \/><\/figure>\n<\/div>\n\n\n<p>Ces modules sont d\u00e9velopp\u00e9s sous le format de cours pouvant \u00eatre d\u00e9ploy\u00e9s sur la plateforme Moodle. <\/p>\n\n\n\n<p>Ces modules couvrent les <strong>comp\u00e9tences num\u00e9riques <\/strong>transversales et professionnelles recens\u00e9es dans les diff\u00e9rents sous-domaines du <a href=\"https:\/\/wp.unil.ch\/digitalskills\/etudiants\/referentiel\/\">r\u00e9f\u00e9rentiel pour \u00e9tudier<\/a><strong>. <\/strong>Il prend la forme de questions sous forme de situations-probl\u00e8mes permettant de tester simplement les comp\u00e9tences.<\/p>\n\n\n\n<p><\/p>\n","protected":false},"excerpt":{"rendered":"<p>Les modules d\u2019auto-positionnement permettent aux \u00e9tudiants et \u00e9tudiantes de se situer dans la ma\u00eetrise des comp\u00e9tences num\u00e9riques pour l\u2019\u00e9ducation, et d\u2019acc\u00e9der \u00e0 des ressources de formation. Ces modules&hellip;<\/p>\n","protected":false},"author":1002683,"featured_media":0,"parent":1733,"menu_order":0,"comment_status":"closed","ping_status":"closed","template":"template-full-width.php","meta":{"_seopress_robots_primary_cat":"","_seopress_titles_title":"","_seopress_titles_desc":"","_seopress_robots_index":"","footnotes":""},"class_list":["post-2044","page","type-page","status-publish","has-post-thumbnail"],"_links":{"self":[{"href":"https:\/\/wp.unil.ch\/digitalskills\/wp-json\/wp\/v2\/pages\/2044","targetHints":{"allow":["GET"]}}],"collection":[{"href":"https:\/\/wp.unil.ch\/digitalskills\/wp-json\/wp\/v2\/pages"}],"about":[{"href":"https:\/\/wp.unil.ch\/digitalskills\/wp-json\/wp\/v2\/types\/page"}],"author":[{"embeddable":true,"href":"https:\/\/wp.unil.ch\/digitalskills\/wp-json\/wp\/v2\/users\/1002683"}],"replies":[{"embeddable":true,"href":"https:\/\/wp.unil.ch\/digitalskills\/wp-json\/wp\/v2\/comments?post=2044"}],"version-history":[{"count":1,"href":"https:\/\/wp.unil.ch\/digitalskills\/wp-json\/wp\/v2\/pages\/2044\/revisions"}],"predecessor-version":[{"id":2045,"href":"https:\/\/wp.unil.ch\/digitalskills\/wp-json\/wp\/v2\/pages\/2044\/revisions\/2045"}],"up":[{"embeddable":true,"href":"https:\/\/wp.unil.ch\/digitalskills\/wp-json\/wp\/v2\/pages\/1733"}],"wp:attachment":[{"href":"https:\/\/wp.unil.ch\/digitalskills\/wp-json\/wp\/v2\/media?parent=2044"}],"curies":[{"name":"wp","href":"https:\/\/api.w.org\/{rel}","templated":true}]}}