{"id":2039,"date":"2023-10-24T18:29:31","date_gmt":"2023-10-24T16:29:31","guid":{"rendered":"https:\/\/wp.unil.ch\/digitalskills\/?page_id=2039"},"modified":"2023-10-25T13:20:48","modified_gmt":"2023-10-25T11:20:48","slug":"auto-positionnement","status":"publish","type":"page","link":"https:\/\/wp.unil.ch\/digitalskills\/enseignants\/auto-positionnement\/","title":{"rendered":"Auto-positionnement des comp\u00e9tences num\u00e9riques &#8211; enseignants"},"content":{"rendered":"\n<p>Les modules <strong>d\u2019auto-positionnement<\/strong> permettent aux personnels enseignants, aux assistants et aux autres personnels p\u00e9dagogiques de se situer dans la ma\u00eetrise des comp\u00e9tences num\u00e9riques pour l\u2019\u00e9ducation, et d\u2019acc\u00e9der \u00e0 des ressources de formation.<\/p>\n\n\n<div class=\"wp-block-image\">\n<figure class=\"aligncenter size-large is-resized\"><img loading=\"lazy\" decoding=\"async\" width=\"1024\" height=\"341\" src=\"https:\/\/wp.unil.ch\/digitalskills\/files\/2022\/04\/ali-shah-lakhani-sp1BZ1atp7M-unsplash_b-1024x341.jpg\" alt=\"code source informatique multicolore\" class=\"wp-image-269\" style=\"aspect-ratio:3.002932551319648;width:509px;height:auto\" srcset=\"https:\/\/wp.unil.ch\/digitalskills\/files\/2022\/04\/ali-shah-lakhani-sp1BZ1atp7M-unsplash_b-1024x341.jpg 1024w, https:\/\/wp.unil.ch\/digitalskills\/files\/2022\/04\/ali-shah-lakhani-sp1BZ1atp7M-unsplash_b-300x100.jpg 300w, https:\/\/wp.unil.ch\/digitalskills\/files\/2022\/04\/ali-shah-lakhani-sp1BZ1atp7M-unsplash_b-768x256.jpg 768w, https:\/\/wp.unil.ch\/digitalskills\/files\/2022\/04\/ali-shah-lakhani-sp1BZ1atp7M-unsplash_b-540x180.jpg 540w, https:\/\/wp.unil.ch\/digitalskills\/files\/2022\/04\/ali-shah-lakhani-sp1BZ1atp7M-unsplash_b-1080x360.jpg 1080w, https:\/\/wp.unil.ch\/digitalskills\/files\/2022\/04\/ali-shah-lakhani-sp1BZ1atp7M-unsplash_b.jpg 1500w\" sizes=\"auto, (max-width: 1024px) 100vw, 1024px\" \/><\/figure>\n<\/div>\n\n\n<p>Ces modules sont d\u00e9velopp\u00e9s sous le format de cours pouvant \u00eatre d\u00e9ploy\u00e9s sur la plateforme Moodle. <\/p>\n\n\n\n<p>Ces modules couvrent les <strong>comp\u00e9tences num\u00e9riques <\/strong>transversales et professionnelles recens\u00e9es dans les diff\u00e9rents sous-domaines du <a href=\"https:\/\/wp.unil.ch\/digitalskills\/enseignants\/referentiel\/\">r\u00e9f\u00e9rentiel pour enseigner<\/a>.<strong> <\/strong>Il prend la forme de questions sous forme de situations-probl\u00e8mes permettant de tester simplement les comp\u00e9tences.<\/p>\n\n\n\n<p><\/p>\n","protected":false},"excerpt":{"rendered":"<p>Les modules d\u2019auto-positionnement permettent aux personnels enseignants, aux assistants et aux autres personnels p\u00e9dagogiques de se situer dans la ma\u00eetrise des comp\u00e9tences num\u00e9riques pour l\u2019\u00e9ducation, et d\u2019acc\u00e9der \u00e0&hellip;<\/p>\n","protected":false},"author":1002683,"featured_media":0,"parent":1727,"menu_order":0,"comment_status":"closed","ping_status":"closed","template":"template-full-width.php","meta":{"_seopress_robots_primary_cat":"","_seopress_titles_title":"","_seopress_titles_desc":"","_seopress_robots_index":"","footnotes":""},"class_list":["post-2039","page","type-page","status-publish","has-post-thumbnail"],"_links":{"self":[{"href":"https:\/\/wp.unil.ch\/digitalskills\/wp-json\/wp\/v2\/pages\/2039","targetHints":{"allow":["GET"]}}],"collection":[{"href":"https:\/\/wp.unil.ch\/digitalskills\/wp-json\/wp\/v2\/pages"}],"about":[{"href":"https:\/\/wp.unil.ch\/digitalskills\/wp-json\/wp\/v2\/types\/page"}],"author":[{"embeddable":true,"href":"https:\/\/wp.unil.ch\/digitalskills\/wp-json\/wp\/v2\/users\/1002683"}],"replies":[{"embeddable":true,"href":"https:\/\/wp.unil.ch\/digitalskills\/wp-json\/wp\/v2\/comments?post=2039"}],"version-history":[{"count":4,"href":"https:\/\/wp.unil.ch\/digitalskills\/wp-json\/wp\/v2\/pages\/2039\/revisions"}],"predecessor-version":[{"id":2079,"href":"https:\/\/wp.unil.ch\/digitalskills\/wp-json\/wp\/v2\/pages\/2039\/revisions\/2079"}],"up":[{"embeddable":true,"href":"https:\/\/wp.unil.ch\/digitalskills\/wp-json\/wp\/v2\/pages\/1727"}],"wp:attachment":[{"href":"https:\/\/wp.unil.ch\/digitalskills\/wp-json\/wp\/v2\/media?parent=2039"}],"curies":[{"name":"wp","href":"https:\/\/api.w.org\/{rel}","templated":true}]}}