{"id":1982,"date":"2023-10-24T16:14:50","date_gmt":"2023-10-24T14:14:50","guid":{"rendered":"https:\/\/wp.unil.ch\/digitalskills\/?page_id=1982"},"modified":"2023-10-24T16:24:09","modified_gmt":"2023-10-24T14:24:09","slug":"promotion","status":"publish","type":"page","link":"https:\/\/wp.unil.ch\/digitalskills\/projet\/promotion\/","title":{"rendered":"Actions de promotion du projet"},"content":{"rendered":"\n<p>Le projet P8 a \u00e9t\u00e9 l&rsquo;objet pour son \u00e9quipe d&rsquo;un certain nombre d&rsquo;\u00e9v\u00e9nements ou d&rsquo;actions marquantes, ou encore d&rsquo;interventions dans divers congr\u00e8s. Ces \u00e9v\u00e9nements sont archiv\u00e9s ci-dessous.<\/p>\n\n\n<div class=\"wp-block-image\">\n<figure class=\"aligncenter size-large is-resized\"><img loading=\"lazy\" decoding=\"async\" width=\"1024\" height=\"341\" src=\"https:\/\/wp.unil.ch\/digitalskills\/files\/2022\/04\/shahadat-rahman-voM1Z9cGPCU-unsplash_b-1024x341.png\" alt=\"image artistique bulles et faisceaux magenta et indigo\" class=\"wp-image-287\" style=\"aspect-ratio:3.002932551319648;width:499px;height:auto\" srcset=\"https:\/\/wp.unil.ch\/digitalskills\/files\/2022\/04\/shahadat-rahman-voM1Z9cGPCU-unsplash_b-1024x341.png 1024w, https:\/\/wp.unil.ch\/digitalskills\/files\/2022\/04\/shahadat-rahman-voM1Z9cGPCU-unsplash_b-300x100.png 300w, https:\/\/wp.unil.ch\/digitalskills\/files\/2022\/04\/shahadat-rahman-voM1Z9cGPCU-unsplash_b-768x256.png 768w, https:\/\/wp.unil.ch\/digitalskills\/files\/2022\/04\/shahadat-rahman-voM1Z9cGPCU-unsplash_b-540x180.png 540w, https:\/\/wp.unil.ch\/digitalskills\/files\/2022\/04\/shahadat-rahman-voM1Z9cGPCU-unsplash_b-1080x360.png 1080w, https:\/\/wp.unil.ch\/digitalskills\/files\/2022\/04\/shahadat-rahman-voM1Z9cGPCU-unsplash_b.png 1500w\" sizes=\"auto, (max-width: 1024px) 100vw, 1024px\" \/><\/figure>\n<\/div>\n\n\n<p><a href=\"https:\/\/wp.unil.ch\/digitalskills\/projet\/promotion\/lancement-du-projet\/\">Lancement du projet<\/a><\/p>\n\n\n\n<p><a href=\"https:\/\/wp.unil.ch\/digitalskills\/projet\/promotion\/i-he-2022-presentation-kairos-eadtu\/\">I-HE 2022<\/a><\/p>\n\n\n\n<p><a href=\"https:\/\/wp.unil.ch\/digitalskills\/projet\/promotion\/sief-2022\/\">SIEF 2022<\/a><\/p>\n\n\n\n<p><a href=\"https:\/\/wp.unil.ch\/digitalskills\/projet\/promotion\/portes-ouvertes-unidistance\/\">Journ\u00e9es Portes Ouvertes UniDistance Suisse \/ FernUni 2022<\/a><\/p>\n\n\n\n<p><a href=\"https:\/\/wp.unil.ch\/digitalskills\/projet\/promotion\/eduhub-days-2023\/\">EDUHUB days 2023<\/a><\/p>\n","protected":false},"excerpt":{"rendered":"<p>Le projet P8 a \u00e9t\u00e9 l&rsquo;objet pour son \u00e9quipe d&rsquo;un certain nombre d&rsquo;\u00e9v\u00e9nements ou d&rsquo;actions marquantes, ou encore d&rsquo;interventions dans divers congr\u00e8s. Ces \u00e9v\u00e9nements sont archiv\u00e9s ci-dessous. Lancement&hellip;<\/p>\n","protected":false},"author":1002683,"featured_media":0,"parent":197,"menu_order":0,"comment_status":"closed","ping_status":"closed","template":"template-full-width.php","meta":{"_seopress_robots_primary_cat":"","_seopress_titles_title":"","_seopress_titles_desc":"","_seopress_robots_index":"","footnotes":""},"class_list":["post-1982","page","type-page","status-publish","has-post-thumbnail"],"_links":{"self":[{"href":"https:\/\/wp.unil.ch\/digitalskills\/wp-json\/wp\/v2\/pages\/1982","targetHints":{"allow":["GET"]}}],"collection":[{"href":"https:\/\/wp.unil.ch\/digitalskills\/wp-json\/wp\/v2\/pages"}],"about":[{"href":"https:\/\/wp.unil.ch\/digitalskills\/wp-json\/wp\/v2\/types\/page"}],"author":[{"embeddable":true,"href":"https:\/\/wp.unil.ch\/digitalskills\/wp-json\/wp\/v2\/users\/1002683"}],"replies":[{"embeddable":true,"href":"https:\/\/wp.unil.ch\/digitalskills\/wp-json\/wp\/v2\/comments?post=1982"}],"version-history":[{"count":4,"href":"https:\/\/wp.unil.ch\/digitalskills\/wp-json\/wp\/v2\/pages\/1982\/revisions"}],"predecessor-version":[{"id":1989,"href":"https:\/\/wp.unil.ch\/digitalskills\/wp-json\/wp\/v2\/pages\/1982\/revisions\/1989"}],"up":[{"embeddable":true,"href":"https:\/\/wp.unil.ch\/digitalskills\/wp-json\/wp\/v2\/pages\/197"}],"wp:attachment":[{"href":"https:\/\/wp.unil.ch\/digitalskills\/wp-json\/wp\/v2\/media?parent=1982"}],"curies":[{"name":"wp","href":"https:\/\/api.w.org\/{rel}","templated":true}]}}