{"id":1947,"date":"2023-10-24T15:27:32","date_gmt":"2023-10-24T13:27:32","guid":{"rendered":"https:\/\/wp.unil.ch\/digitalskills\/?page_id=1947"},"modified":"2023-10-25T11:03:48","modified_gmt":"2023-10-25T09:03:48","slug":"numeri-labs","status":"publish","type":"page","link":"https:\/\/wp.unil.ch\/digitalskills\/etudiants\/numeri-labs\/","title":{"rendered":"Num\u00e9ri-Labs \u00c9tudiants"},"content":{"rendered":"\n<h2 class=\"wp-block-heading\">En bref <\/h2>\n\n\n\n<p>Propos\u00e9s dans le cadre du projet P8 Future University soutenu par swissuniversities, les Num\u00e9ri-Labs offrent une immersion dans l\u2019univers digital pour vous faire d\u00e9couvrir diff\u00e9rents outils num\u00e9riques et la meilleure mani\u00e8re de vous les approprier dans le cadre de vos cours.<\/p>\n\n\n\n<h2 class=\"wp-block-heading has-text-align-left\">Participation<\/h2>\n\n\n\n<p class=\"has-text-align-left\">Les inscriptions se font sur la plateforme du CSE<\/p>\n\n\n\n<div class=\"wp-block-buttons is-content-justification-center is-layout-flex wp-container-core-buttons-is-layout-16018d1d wp-block-buttons-is-layout-flex\">\n<div class=\"wp-block-button\"><a class=\"wp-block-button__link wp-element-button\">Inscriptions suspendues<\/a><\/div>\n<\/div>\n\n\n\n<figure class=\"wp-block-embed aligncenter is-type-wp-embed is-provider-l-039-uniscope wp-block-embed-l-039-uniscope\"><div class=\"wp-block-embed__wrapper\">\n<blockquote class=\"wp-embedded-content\" data-secret=\"coWTMNCiSc\"><a href=\"https:\/\/wp.unil.ch\/uniscope\/une-politique-generale-de-captation-est-en-preparation-a-lunil\/\">\u00abUne politique g\u00e9n\u00e9rale de captation est en pr\u00e9paration \u00e0 l&rsquo;UNIL\u00bb<\/a><\/blockquote><iframe loading=\"lazy\" class=\"wp-embedded-content\" sandbox=\"allow-scripts\" security=\"restricted\" style=\"position: absolute; clip: rect(1px, 1px, 1px, 1px);\" title=\"\u00ab\u00a0\u00abUne politique g\u00e9n\u00e9rale de captation est en pr\u00e9paration \u00e0 l&rsquo;UNIL\u00bb\u00a0\u00bb &#8212; L&#039;uniscope\" src=\"https:\/\/wp.unil.ch\/uniscope\/une-politique-generale-de-captation-est-en-preparation-a-lunil\/embed\/#?secret=RJuGdzFdaE#?secret=coWTMNCiSc\" data-secret=\"coWTMNCiSc\" width=\"580\" height=\"327\" frameborder=\"0\" marginwidth=\"0\" marginheight=\"0\" scrolling=\"no\"><\/iframe>\n<\/div><\/figure>\n\n\n\n<p class=\"has-text-align-center has-small-font-size\"><em>Les Num\u00e9ri-Labs \u00e0 l&rsquo;honneur dans l&rsquo;interview d&rsquo;Emmanuel Sylvestre, directeur du CSE, parue dans l&rsquo;uniscope<\/em> <em>de <\/em>la rentr\u00e9e 2022<\/p>\n\n\n\n<p><\/p>\n\n\n\n<h2 class=\"wp-block-heading\"><strong>Agenda des Num\u00e9ri-Labs<\/strong><\/h2>\n\n\n\n<div class=\"wp-block-file aligncenter\"><a id=\"wp-block-file--media-6c1d86ce-bcd7-42b0-8bfe-f4f5426b4d5c\" href=\"https:\/\/wp.unil.ch\/digitalskills\/files\/2022\/10\/P8_Future_University_Numeri-Labs_2022-23.pdf\" target=\"_blank\" rel=\"noreferrer noopener\">Flyer Num\u00e9ri-Labs 2022-23<\/a><a href=\"https:\/\/wp.unil.ch\/digitalskills\/files\/2022\/10\/P8_Future_University_Numeri-Labs_2022-23.pdf\" class=\"wp-block-file__button wp-element-button\" download aria-describedby=\"wp-block-file--media-6c1d86ce-bcd7-42b0-8bfe-f4f5426b4d5c\">T\u00e9l\u00e9charger<\/a><\/div>\n\n\n\n<p><strong>26.01.2023 &#8211; Rendre mes contenus plus attractifs : construire des supports qui engagent !<\/strong><\/p>\n\n\n\n<figure class=\"wp-block-embed is-type-wp-embed is-provider-future-university wp-block-embed-future-university\"><div class=\"wp-block-embed__wrapper\">\n<blockquote class=\"wp-embedded-content\" data-secret=\"DxNVLsG2mJ\"><a href=\"https:\/\/wp.unil.ch\/digitalskills\/event\/numeri-lab-support-cours-2\/\">Num\u00e9ri-Lab<\/a><\/blockquote><iframe loading=\"lazy\" class=\"wp-embedded-content\" sandbox=\"allow-scripts\" security=\"restricted\" style=\"position: absolute; clip: rect(1px, 1px, 1px, 1px);\" title=\"\u00ab\u00a0Num\u00e9ri-Lab\u00a0\u00bb &#8212; Future University\" src=\"https:\/\/wp.unil.ch\/digitalskills\/event\/numeri-lab-support-cours-2\/embed\/#?secret=jV6lLVFBgJ#?secret=DxNVLsG2mJ\" data-secret=\"DxNVLsG2mJ\" width=\"580\" height=\"327\" frameborder=\"0\" marginwidth=\"0\" marginheight=\"0\" scrolling=\"no\"><\/iframe>\n<\/div><\/figure>\n\n\n\n<p><strong>12.01.2023 &#8211; Les outils num\u00e9riques facilitant la co-construction du savoir<\/strong><\/p>\n\n\n\n<figure class=\"wp-block-embed is-type-wp-embed is-provider-future-university wp-block-embed-future-university\"><div class=\"wp-block-embed__wrapper\">\n<blockquote class=\"wp-embedded-content\" data-secret=\"PVevE6DqNG\"><a href=\"https:\/\/wp.unil.ch\/digitalskills\/event\/numeri-lab-outils-numeriques\/\">Num\u00e9ri-Lab<\/a><\/blockquote><iframe loading=\"lazy\" class=\"wp-embedded-content\" sandbox=\"allow-scripts\" security=\"restricted\" style=\"position: absolute; clip: rect(1px, 1px, 1px, 1px);\" title=\"\u00ab\u00a0Num\u00e9ri-Lab\u00a0\u00bb &#8212; Future University\" src=\"https:\/\/wp.unil.ch\/digitalskills\/event\/numeri-lab-outils-numeriques\/embed\/#?secret=Lj6zRTZcVV#?secret=PVevE6DqNG\" data-secret=\"PVevE6DqNG\" width=\"580\" height=\"327\" frameborder=\"0\" marginwidth=\"0\" marginheight=\"0\" scrolling=\"no\"><\/iframe>\n<\/div><\/figure>\n\n\n\n<p>Annul\u00e9 &#8211; <strong>13.12.2022 &#8211; Int\u00e9grer la r\u00e9alit\u00e9 virtuelle ou augment\u00e9e dans mon enseignement<\/strong><\/p>\n\n\n\n<figure class=\"wp-block-embed is-type-wp-embed is-provider-future-university wp-block-embed-future-university\"><div class=\"wp-block-embed__wrapper\">\n<blockquote class=\"wp-embedded-content\" data-secret=\"HEXHAYTY4f\"><a href=\"https:\/\/wp.unil.ch\/digitalskills\/event\/numeri-lab-realite-virtuelle\/\">Annul\u00e9 &#8211; Num\u00e9ri-Lab<\/a><\/blockquote><iframe loading=\"lazy\" class=\"wp-embedded-content\" sandbox=\"allow-scripts\" security=\"restricted\" style=\"position: absolute; clip: rect(1px, 1px, 1px, 1px);\" title=\"\u00ab\u00a0Annul\u00e9 &#8211; Num\u00e9ri-Lab\u00a0\u00bb &#8212; Future University\" src=\"https:\/\/wp.unil.ch\/digitalskills\/event\/numeri-lab-realite-virtuelle\/embed\/#?secret=AzaZaILggB#?secret=HEXHAYTY4f\" data-secret=\"HEXHAYTY4f\" width=\"580\" height=\"327\" frameborder=\"0\" marginwidth=\"0\" marginheight=\"0\" scrolling=\"no\"><\/iframe>\n<\/div><\/figure>\n\n\n\n<p>Annul\u00e9 &#8211; <strong>01.12.2022 &#8211; Les questions juridiques dans mon enseignement<\/strong><\/p>\n\n\n\n<figure class=\"wp-block-embed is-type-wp-embed is-provider-future-university wp-block-embed-future-university\"><div class=\"wp-block-embed__wrapper\">\n<blockquote class=\"wp-embedded-content\" data-secret=\"p8FPYbqV4e\"><a href=\"https:\/\/wp.unil.ch\/digitalskills\/event\/numeri-lab-juridique\/\">Annul\u00e9 &#8211; Num\u00e9ri-Lab<\/a><\/blockquote><iframe loading=\"lazy\" class=\"wp-embedded-content\" sandbox=\"allow-scripts\" security=\"restricted\" style=\"position: absolute; clip: rect(1px, 1px, 1px, 1px);\" title=\"\u00ab\u00a0Annul\u00e9 &#8211; Num\u00e9ri-Lab\u00a0\u00bb &#8212; Future University\" src=\"https:\/\/wp.unil.ch\/digitalskills\/event\/numeri-lab-juridique\/embed\/#?secret=Xxha0O5r0H#?secret=p8FPYbqV4e\" data-secret=\"p8FPYbqV4e\" width=\"580\" height=\"327\" frameborder=\"0\" marginwidth=\"0\" marginheight=\"0\" scrolling=\"no\"><\/iframe>\n<\/div><\/figure>\n\n\n\n<p><strong>08.11.2022 &#8211; Les outils num\u00e9riques facilitant la co-construction du savoir<\/strong><br><\/p>\n\n\n\n<figure class=\"wp-block-embed is-type-wp-embed is-provider-future-university wp-block-embed-future-university\"><div class=\"wp-block-embed__wrapper\">\n<blockquote class=\"wp-embedded-content\" data-secret=\"lhhlIfUSHB\"><a href=\"https:\/\/wp.unil.ch\/digitalskills\/event\/numeri-lab-outils\/\">Num\u00e9ri- Lab<\/a><\/blockquote><iframe loading=\"lazy\" class=\"wp-embedded-content\" sandbox=\"allow-scripts\" security=\"restricted\" style=\"position: absolute; clip: rect(1px, 1px, 1px, 1px);\" title=\"\u00ab\u00a0Num\u00e9ri- Lab\u00a0\u00bb &#8212; Future University\" src=\"https:\/\/wp.unil.ch\/digitalskills\/event\/numeri-lab-outils\/embed\/#?secret=S0saKpHYVx#?secret=lhhlIfUSHB\" data-secret=\"lhhlIfUSHB\" width=\"580\" height=\"327\" frameborder=\"0\" marginwidth=\"0\" marginheight=\"0\" scrolling=\"no\"><\/iframe>\n<\/div><\/figure>\n\n\n\n<p><strong>11.10.2022 &#8211; Rendre mes contenus plus attractifs : construire des supports qui engagent !<\/strong><\/p>\n\n\n\n<figure class=\"wp-block-embed is-type-wp-embed is-provider-future-university wp-block-embed-future-university\"><div class=\"wp-block-embed__wrapper\">\n<blockquote class=\"wp-embedded-content\" data-secret=\"0gvYxnUifP\"><a href=\"https:\/\/wp.unil.ch\/digitalskills\/event\/numeri-lab-support-cours\/\">Num\u00e9ri-Lab<\/a><\/blockquote><iframe loading=\"lazy\" class=\"wp-embedded-content\" sandbox=\"allow-scripts\" security=\"restricted\" style=\"position: absolute; clip: rect(1px, 1px, 1px, 1px);\" title=\"\u00ab\u00a0Num\u00e9ri-Lab\u00a0\u00bb &#8212; Future University\" src=\"https:\/\/wp.unil.ch\/digitalskills\/event\/numeri-lab-support-cours\/embed\/#?secret=I8VcDTIrFy#?secret=0gvYxnUifP\" data-secret=\"0gvYxnUifP\" width=\"580\" height=\"327\" frameborder=\"0\" marginwidth=\"0\" marginheight=\"0\" scrolling=\"no\"><\/iframe>\n<\/div><\/figure>\n","protected":false},"excerpt":{"rendered":"<p>En bref Propos\u00e9s dans le cadre du projet P8 Future University soutenu par swissuniversities, les Num\u00e9ri-Labs offrent une immersion dans l\u2019univers digital pour vous faire d\u00e9couvrir diff\u00e9rents outils&hellip;<\/p>\n","protected":false},"author":1002683,"featured_media":0,"parent":1733,"menu_order":0,"comment_status":"closed","ping_status":"closed","template":"template-full-width.php","meta":{"_seopress_robots_primary_cat":"","_seopress_titles_title":"","_seopress_titles_desc":"","_seopress_robots_index":"","footnotes":""},"class_list":["post-1947","page","type-page","status-publish","has-post-thumbnail"],"_links":{"self":[{"href":"https:\/\/wp.unil.ch\/digitalskills\/wp-json\/wp\/v2\/pages\/1947","targetHints":{"allow":["GET"]}}],"collection":[{"href":"https:\/\/wp.unil.ch\/digitalskills\/wp-json\/wp\/v2\/pages"}],"about":[{"href":"https:\/\/wp.unil.ch\/digitalskills\/wp-json\/wp\/v2\/types\/page"}],"author":[{"embeddable":true,"href":"https:\/\/wp.unil.ch\/digitalskills\/wp-json\/wp\/v2\/users\/1002683"}],"replies":[{"embeddable":true,"href":"https:\/\/wp.unil.ch\/digitalskills\/wp-json\/wp\/v2\/comments?post=1947"}],"version-history":[{"count":4,"href":"https:\/\/wp.unil.ch\/digitalskills\/wp-json\/wp\/v2\/pages\/1947\/revisions"}],"predecessor-version":[{"id":2067,"href":"https:\/\/wp.unil.ch\/digitalskills\/wp-json\/wp\/v2\/pages\/1947\/revisions\/2067"}],"up":[{"embeddable":true,"href":"https:\/\/wp.unil.ch\/digitalskills\/wp-json\/wp\/v2\/pages\/1733"}],"wp:attachment":[{"href":"https:\/\/wp.unil.ch\/digitalskills\/wp-json\/wp\/v2\/media?parent=1947"}],"curies":[{"name":"wp","href":"https:\/\/api.w.org\/{rel}","templated":true}]}}