{"id":1826,"date":"2023-10-24T09:27:42","date_gmt":"2023-10-24T07:27:42","guid":{"rendered":"https:\/\/wp.unil.ch\/digitalskills\/?page_id=1826"},"modified":"2023-10-25T10:29:45","modified_gmt":"2023-10-25T08:29:45","slug":"institutions","status":"publish","type":"page","link":"https:\/\/wp.unil.ch\/digitalskills\/institutions\/","title":{"rendered":"Institutions"},"content":{"rendered":"\n<p>Un des axes du projet est centr\u00e9 sur les apports li\u00e9s au num\u00e9rique pour les institutions. <\/p>\n\n\n<div class=\"wp-block-image\">\n<figure class=\"aligncenter size-large is-resized\"><img alt=\"homme tenant une tablette dans un bureau\" loading=\"lazy\" decoding=\"async\" width=\"1024\" height=\"683\" src=\"https:\/\/wp.unil.ch\/digitalskills\/files\/2023\/10\/pexels-andrea-piacquadio-3760093-1024x683.jpg\" alt=\"\" class=\"wp-image-1967\" style=\"aspect-ratio:1.7777777777777777;object-fit:cover;width:348px;height:auto\" srcset=\"https:\/\/wp.unil.ch\/digitalskills\/files\/2023\/10\/pexels-andrea-piacquadio-3760093-1024x683.jpg 1024w, https:\/\/wp.unil.ch\/digitalskills\/files\/2023\/10\/pexels-andrea-piacquadio-3760093-300x200.jpg 300w, https:\/\/wp.unil.ch\/digitalskills\/files\/2023\/10\/pexels-andrea-piacquadio-3760093-768x512.jpg 768w, https:\/\/wp.unil.ch\/digitalskills\/files\/2023\/10\/pexels-andrea-piacquadio-3760093-1536x1024.jpg 1536w, https:\/\/wp.unil.ch\/digitalskills\/files\/2023\/10\/pexels-andrea-piacquadio-3760093-18x12.jpg 18w, https:\/\/wp.unil.ch\/digitalskills\/files\/2023\/10\/pexels-andrea-piacquadio-3760093-540x360.jpg 540w, https:\/\/wp.unil.ch\/digitalskills\/files\/2023\/10\/pexels-andrea-piacquadio-3760093-1080x720.jpg 1080w, https:\/\/wp.unil.ch\/digitalskills\/files\/2023\/10\/pexels-andrea-piacquadio-3760093-1320x880.jpg 1320w, https:\/\/wp.unil.ch\/digitalskills\/files\/2023\/10\/pexels-andrea-piacquadio-3760093.jpg 1800w\" sizes=\"auto, (max-width: 1024px) 100vw, 1024px\" \/><\/figure>\n<\/div>\n\n\n<p>L&rsquo;objectif g\u00e9n\u00e9ral de cet axe est celui d&rsquo;un appui d\u00e9cisionnel pour orienter les directions des universit\u00e9s et hautes \u00e9coles en vue du d\u00e9veloppement des comp\u00e9tences num\u00e9riques dans l\u2019enseignement sup\u00e9rieur.<\/p>\n\n\n\n<p>Pour mettre en \u0153uvre cet objectif diff\u00e9rentes actions sont men\u00e9es : <\/p>\n\n\n\n<ol class=\"wp-block-list\">\n<li><strong><a href=\"https:\/\/wp.unil.ch\/digitalskills\/institutions\/matrice-maturite\/\">Une matrice de maturit\u00e9<\/a><\/strong><br>Elle permet de lister l\u2019ensemble des dimensions \u00e0 consid\u00e9rer pour concevoir, d\u00e9velopper ou r\u00e9orienter un projet en ad\u00e9quation avec les objectifs strat\u00e9giques de l\u2019institution.<\/li>\n\n\n\n<li><strong><a href=\"https:\/\/wp.unil.ch\/digitalskills\/institutions\/dossiers\/\">Des dossiers d&rsquo;approfondissement<\/a><\/strong><br>Ces dossiers  proposent un \u00e9clairage sur des sujets en lien avec l\u2019acquisition des comp\u00e9tences num\u00e9riques dans l\u2019enseignement sup\u00e9rieur.<\/li>\n<\/ol>\n","protected":false},"excerpt":{"rendered":"<p>Un des axes du projet est centr\u00e9 sur les apports li\u00e9s au num\u00e9rique pour les institutions. L&rsquo;objectif g\u00e9n\u00e9ral de cet axe est celui d&rsquo;un appui d\u00e9cisionnel pour orienter&hellip;<\/p>\n","protected":false},"author":1002683,"featured_media":0,"parent":0,"menu_order":0,"comment_status":"closed","ping_status":"closed","template":"template-full-width.php","meta":{"_seopress_robots_primary_cat":"","_seopress_titles_title":"","_seopress_titles_desc":"","_seopress_robots_index":"","footnotes":""},"class_list":["post-1826","page","type-page","status-publish","has-post-thumbnail"],"_links":{"self":[{"href":"https:\/\/wp.unil.ch\/digitalskills\/wp-json\/wp\/v2\/pages\/1826","targetHints":{"allow":["GET"]}}],"collection":[{"href":"https:\/\/wp.unil.ch\/digitalskills\/wp-json\/wp\/v2\/pages"}],"about":[{"href":"https:\/\/wp.unil.ch\/digitalskills\/wp-json\/wp\/v2\/types\/page"}],"author":[{"embeddable":true,"href":"https:\/\/wp.unil.ch\/digitalskills\/wp-json\/wp\/v2\/users\/1002683"}],"replies":[{"embeddable":true,"href":"https:\/\/wp.unil.ch\/digitalskills\/wp-json\/wp\/v2\/comments?post=1826"}],"version-history":[{"count":4,"href":"https:\/\/wp.unil.ch\/digitalskills\/wp-json\/wp\/v2\/pages\/1826\/revisions"}],"predecessor-version":[{"id":2055,"href":"https:\/\/wp.unil.ch\/digitalskills\/wp-json\/wp\/v2\/pages\/1826\/revisions\/2055"}],"wp:attachment":[{"href":"https:\/\/wp.unil.ch\/digitalskills\/wp-json\/wp\/v2\/media?parent=1826"}],"curies":[{"name":"wp","href":"https:\/\/api.w.org\/{rel}","templated":true}]}}