{"id":1782,"date":"2023-10-19T14:45:50","date_gmt":"2023-10-19T12:45:50","guid":{"rendered":"https:\/\/wp.unil.ch\/digitalskills\/?page_id=1782"},"modified":"2024-11-21T13:41:02","modified_gmt":"2024-11-21T12:41:02","slug":"train","status":"publish","type":"page","link":"https:\/\/wp.unil.ch\/digitalskills\/etudiants\/train\/","title":{"rendered":"Les TRAIN"},"content":{"rendered":"\n<h2 class=\"wp-block-heading\">TRAIN 3 &#8211; Webinaire &#8211; 26 novembre 2024 &#8211; 18h30\/20h<\/h2>\n\n\n\n<details class=\"wp-block-details is-layout-flow wp-block-details-is-layout-flow\" open><summary><strong>E-r\u00e9putation et employabilit\u00e9: Valoriser sa pr\u00e9sence et sa visibilit\u00e9 en ligne<\/strong><\/summary>\n<p>Avec la pr\u00e9sence de <strong>Claudia Benassi-Faltys<\/strong>, Sp\u00e9cialiste en strat\u00e9gies digitales, La Digital Room<br>et <strong>Am\u00e9lie Leger<\/strong>, Community Manager pour von Rundstedt<br><br>Dans cette table ronde, nos deux intervenantes vous expliqueront ce qu&rsquo;on appelle \u00ab\u00a0l&rsquo;identit\u00e9 num\u00e9rique\u00a0\u00bb au travers de do&rsquo;s &amp; don&rsquo;t, ainsi que l&rsquo;utilisation de Linkedin pour rentrer dans la vie active. Venez d\u00e9couvrir comment optimiser votre pr\u00e9sence en ligne pour s\u00e9duire les recruteurs ainsi que partager vos exp\u00e9riences autour de cette question.<\/p>\n\n\n\n<div class=\"wp-block-buttons is-content-justification-center is-layout-flex wp-container-core-buttons-is-layout-16018d1d wp-block-buttons-is-layout-flex\">\n<div class=\"wp-block-button is-style-fill\"><a class=\"wp-block-button__link wp-element-button\" href=\"https:\/\/wp.unil.ch\/digitalskills\/files\/2024\/10\/P8_TRAIN-3.pdf\" style=\"border-radius:25px\" target=\"_blank\" rel=\"noreferrer noopener\">Flyer<\/a><\/div>\n\n\n\n<div class=\"wp-block-button is-style-fill\"><a class=\"wp-block-button__link wp-element-button\" href=\"https:\/\/bit.ly\/formulaire-inscription-TRAIN-3\" style=\"border-radius:25px\" target=\"_blank\" rel=\"noreferrer noopener\">Inscription<\/a><\/div>\n<\/div>\n<\/details>\n\n\n\n<p><strong>Lien vers le webinaire : <\/strong><br><a href=\"https:\/\/fernuni.zoom.us\/j\/61361790561?pwd=CLbyaynIqbfyijjbhxrbZRbrD9tymN.1\">https:\/\/fernuni.zoom.us\/j\/61361790561?pwd=CLbyaynIqbfyijjbhxrbZRbrD9tymN.1<\/a><\/p>\n\n\n\n<h2 class=\"wp-block-heading\">En bref<\/h2>\n\n\n\n<p>Les TRAIN sont des dispositifs \u00e0 destination des \u00e9tudiants. Plus pr\u00e9cis\u00e9ment, ce sont des Tables Rondes \u00c0 l&rsquo;Inspiration Num\u00e9rique.<\/p>\n\n\n\n<h3 class=\"wp-block-heading\">D\u00e9roulement<\/h3>\n\n\n\n<div class=\"wp-block-columns is-layout-flex wp-container-core-columns-is-layout-9d6595d7 wp-block-columns-is-layout-flex\">\n<div class=\"wp-block-column is-layout-flow wp-block-column-is-layout-flow\" style=\"flex-basis:66.66%\">\n<p>Ces tables rondes ont un format sp\u00e9cifique : <br><br>&#8211; 45min d&rsquo;interventions par des experts invit\u00e9s sur un sujet d\u00e9fini \u00e0 l&rsquo;avance<br><br>&#8211; 45min de discussions entre les \u00e9tudiants et \u00e9tudiantes et les intervenants<br><br>La cr\u00e9ation de ressources num\u00e9riques est pr\u00e9vue \u00e0 partir des diff\u00e9rentes interventions. <\/p>\n<\/div>\n\n\n\n<div class=\"wp-block-column is-layout-flow wp-block-column-is-layout-flow\" style=\"flex-basis:33.33%\">\n<figure class=\"wp-block-image size-large\"><img alt=\"\" loading=\"lazy\" decoding=\"async\" width=\"1024\" height=\"683\" src=\"https:\/\/wp.unil.ch\/digitalskills\/files\/2023\/06\/NEWS_conferences-1024x683.jpg\" alt=\"\" class=\"wp-image-1513\" srcset=\"https:\/\/wp.unil.ch\/digitalskills\/files\/2023\/06\/NEWS_conferences-1024x683.jpg 1024w, https:\/\/wp.unil.ch\/digitalskills\/files\/2023\/06\/NEWS_conferences-300x200.jpg 300w, https:\/\/wp.unil.ch\/digitalskills\/files\/2023\/06\/NEWS_conferences-768x512.jpg 768w, https:\/\/wp.unil.ch\/digitalskills\/files\/2023\/06\/NEWS_conferences-18x12.jpg 18w, https:\/\/wp.unil.ch\/digitalskills\/files\/2023\/06\/NEWS_conferences-540x360.jpg 540w, https:\/\/wp.unil.ch\/digitalskills\/files\/2023\/06\/NEWS_conferences-1080x720.jpg 1080w, https:\/\/wp.unil.ch\/digitalskills\/files\/2023\/06\/NEWS_conferences.jpg 1200w\" sizes=\"auto, (max-width: 1024px) 100vw, 1024px\" \/><\/figure>\n<\/div>\n<\/div>\n\n\n\n<h3 class=\"wp-block-heading\">Localisation<\/h3>\n\n\n\n<p>Les TRAIN de l&rsquo;<strong>UNIL<\/strong> se d\u00e9roulent le plus souvent \u00e0 la fois en <strong>pr\u00e9sentiel et \u00e0 distance<\/strong>.<\/p>\n\n\n\n<p>Les TRAIN d&rsquo;<strong>UniDistance<\/strong> se d\u00e9roulent <strong>\u00e0 distance uniquement<\/strong>.<\/p>\n\n\n\n<h3 class=\"wp-block-heading\">Participation<\/h3>\n\n\n\n<p>Les TRAIN sont des \u00e9v\u00e9nements <strong>gratuits<\/strong>.<br>En raison du <strong>nombre de places limit\u00e9<\/strong> en pr\u00e9sentiel et \u00e0 distance, la participation se fait sur <strong>inscription pr\u00e9alable<\/strong>.<\/p>\n\n\n\n<h2 class=\"wp-block-heading\">Anciens TRAINs<\/h2>\n\n\n\n<h2 class=\"wp-block-heading\">TRAIN 2 &#8211; Lausanne &#8211; 1er mai 2024 &#8211; 18h30\/20h<\/h2>\n\n\n\n<details class=\"wp-block-details is-layout-flow wp-block-details-is-layout-flow\"><summary><strong>\u00ab\u00a0Sant\u00e9 mentale, \u00e9tudes et num\u00e9rique : Quelle(s) d\u00e9connexion(s) possible(s) ?<\/strong><\/summary>\n<p>\u00c9tudiant\u00b7e\u00b7s, le <strong>stress<\/strong> <strong>li\u00e9 \u00e0 tes \u00e9tudes<\/strong> te p\u00e8se ? <strong>Tu te questionnes<\/strong> sur l&rsquo;impact du num\u00e9rique dans ta formation et ta vie priv\u00e9e ? Tu aspires \u00e0 <strong>prendre soin de ta sant\u00e9 mentale<\/strong> et \u00e0 mieux jongler avec toutes ces sollicitations ? Ou bien tu as adopt\u00e9 des <strong>strat\u00e9gies efficaces<\/strong> que tu souhaites partager ? Cette table ronde \u00e0 inspiration num\u00e9rique (TRAIN) est faite pour toi.<\/p>\n\n\n\n<p>Dans un <strong>monde hyperconnect\u00e9<\/strong>, o\u00f9 il est parfois <strong>difficile de concilier \u00e9tudes et repos<\/strong>, tout en pr\u00e9servant sa sant\u00e9 mentale, la TRAIN offre un <strong>espace d&rsquo;\u00e9change<\/strong> entre \u00e9tudiant\u00b7e\u00b7s et des expert\u00b7e\u00b7s pour (re)placer le <strong>bien-\u00eatre mental au c\u0153ur<\/strong> de pr\u00e9occupations.<\/p>\n\n\n\n<p>Loin d&rsquo;une vision monolithique de la d\u00e9connexion, cette table ronde, suivie de questions, explore le b\u00e9n\u00e9fice de d\u00e9connexions plurielles \u2013 du repos loin des \u00e9crans \u00e9teints aux strat\u00e9gies de gestion et d&rsquo;autor\u00e9gulation \u2013 afin de trouver un mieux-\u00eatre dans sa vie d\u2019\u00e9tudiant\u00b7e, mais pas seulement&nbsp;: toute personne int\u00e9ress\u00e9e est bienvenue&nbsp;!<\/p>\n\n\n\n<p><br>Sur le campus UNIL, <a href=\"https:\/\/www.unil.ch\/acces\/fr\/home\/menuguid\/batiments\/site-unil---dorigny\/unil-mouline\/geopolis.html\">G\u00e9opolis 1612<\/a>.<br>Plus d&rsquo;informations sur le <a href=\"https:\/\/unil.ch\/reussir\/home\/menuinst\/competences-numeriques\/evenements.html\">site de l&rsquo;UNIL<\/a><\/p>\n\n\n\n<div class=\"wp-block-buttons is-content-justification-center is-layout-flex wp-container-core-buttons-is-layout-16018d1d wp-block-buttons-is-layout-flex\">\n<div class=\"wp-block-button is-style-fill\"><a class=\"wp-block-button__link wp-element-button\" href=\"https:\/\/wp.unil.ch\/digitalskills\/files\/2024\/04\/P8_TRAIN-2.pdf\" style=\"border-radius:25px\">Flyer<\/a><\/div>\n\n\n\n<div class=\"wp-block-button is-style-fill\"><a class=\"wp-block-button__link wp-element-button\" href=\"https:\/\/bit.ly\/formulaire-inscription-TRAIN\" style=\"border-radius:25px\">Inscription<\/a><\/div>\n<\/div>\n\n\n\n<!-- iframe plugin v.6.0 wordpress.org\/plugins\/iframe\/ -->\n<iframe loading=\"lazy\" width=\"60%\" height=\"480\" src=\"https:\/\/www.google.com\/maps\/embed?pb=!1m18!1m12!1m3!1d2745.07044688822!2d6.5795221999999995!3d46.5265078!2m3!1f0!2f0!3f0!3m2!1i1024!2i768!4f13.1!3m3!1m2!1s0x478c31a9348f8aaf%3A0x607359e5864ea06e!2sG%C3%A9opolis%2C%201022%20Chavannes-pr%C3%A8s-Renens!5e0!3m2!1sfr!2sch!4v1697734173836!5m2!1sfr!2sch\" scrolling=\"yes\" class=\"iframe-class\" frameborder=\"0\"><\/iframe>\n\n<\/details>\n\n\n\n<h2 class=\"wp-block-heading\">TRAIN 1 &#8211; Lausanne &#8211; 15 novembre 2023 &#8211; 18h30\/20h<\/h2>\n\n\n\n<details class=\"wp-block-details is-layout-flow wp-block-details-is-layout-flow\"><summary><strong>\u00ab\u00a0Quel est l&rsquo;impact environnemental de notre utilisation du num\u00e9rique pour \u00e9tudier ?\u00a0\u00bb<\/strong><\/summary>\n<p>Sur le campus UNIL, <a href=\"https:\/\/www.unil.ch\/acces\/fr\/home\/menuguid\/batiments\/site-unil---dorigny\/unil-mouline\/geopolis.html\">G\u00e9opolis 1612<\/a>.<br>Plus d&rsquo;informations sur la <a href=\"https:\/\/unil.ch\/reussir\/home\/menuinst\/competences-numeriques\/evenements.html\">page d\u00e9di\u00e9e<\/a> du site de l&rsquo;UNIL.<br><\/p>\n\n\n\n<div class=\"wp-block-buttons is-content-justification-center is-layout-flex wp-container-core-buttons-is-layout-16018d1d wp-block-buttons-is-layout-flex\">\n<div class=\"wp-block-button\"><a class=\"wp-block-button__link wp-element-button\" href=\"https:\/\/wp.unil.ch\/digitalskills\/files\/2023\/10\/P8_TRAIN1.pdf\">Flyer<\/a><\/div>\n\n\n\n<div class=\"wp-block-button\"><a class=\"wp-block-button__link wp-element-button\"><s>Inscription<\/s><\/a><\/div>\n<\/div>\n\n\n\n<!-- iframe plugin v.6.0 wordpress.org\/plugins\/iframe\/ -->\n<iframe loading=\"lazy\" width=\"60%\" height=\"480\" src=\"https:\/\/www.google.com\/maps\/embed?pb=!1m18!1m12!1m3!1d2745.07044688822!2d6.5795221999999995!3d46.5265078!2m3!1f0!2f0!3f0!3m2!1i1024!2i768!4f13.1!3m3!1m2!1s0x478c31a9348f8aaf%3A0x607359e5864ea06e!2sG%C3%A9opolis%2C%201022%20Chavannes-pr%C3%A8s-Renens!5e0!3m2!1sfr!2sch!4v1697734173836!5m2!1sfr!2sch\" scrolling=\"yes\" class=\"iframe-class\" frameborder=\"0\"><\/iframe>\n\n<\/details>\n","protected":false},"excerpt":{"rendered":"<p>TRAIN 3 &#8211; Webinaire &#8211; 26 novembre 2024 &#8211; 18h30\/20h Lien vers le webinaire : https:\/\/fernuni.zoom.us\/j\/61361790561?pwd=CLbyaynIqbfyijjbhxrbZRbrD9tymN.1 En bref Les TRAIN sont des dispositifs \u00e0 destination des \u00e9tudiants. Plus&hellip;<\/p>\n","protected":false},"author":1002683,"featured_media":0,"parent":1733,"menu_order":0,"comment_status":"closed","ping_status":"closed","template":"template-full-width.php","meta":{"_seopress_robots_primary_cat":"","_seopress_titles_title":"","_seopress_titles_desc":"","_seopress_robots_index":"","footnotes":""},"class_list":["post-1782","page","type-page","status-publish","has-post-thumbnail"],"_links":{"self":[{"href":"https:\/\/wp.unil.ch\/digitalskills\/wp-json\/wp\/v2\/pages\/1782","targetHints":{"allow":["GET"]}}],"collection":[{"href":"https:\/\/wp.unil.ch\/digitalskills\/wp-json\/wp\/v2\/pages"}],"about":[{"href":"https:\/\/wp.unil.ch\/digitalskills\/wp-json\/wp\/v2\/types\/page"}],"author":[{"embeddable":true,"href":"https:\/\/wp.unil.ch\/digitalskills\/wp-json\/wp\/v2\/users\/1002683"}],"replies":[{"embeddable":true,"href":"https:\/\/wp.unil.ch\/digitalskills\/wp-json\/wp\/v2\/comments?post=1782"}],"version-history":[{"count":5,"href":"https:\/\/wp.unil.ch\/digitalskills\/wp-json\/wp\/v2\/pages\/1782\/revisions"}],"predecessor-version":[{"id":2366,"href":"https:\/\/wp.unil.ch\/digitalskills\/wp-json\/wp\/v2\/pages\/1782\/revisions\/2366"}],"up":[{"embeddable":true,"href":"https:\/\/wp.unil.ch\/digitalskills\/wp-json\/wp\/v2\/pages\/1733"}],"wp:attachment":[{"href":"https:\/\/wp.unil.ch\/digitalskills\/wp-json\/wp\/v2\/media?parent=1782"}],"curies":[{"name":"wp","href":"https:\/\/api.w.org\/{rel}","templated":true}]}}