{"id":178,"date":"2022-02-07T12:58:09","date_gmt":"2022-02-07T11:58:09","guid":{"rendered":"https:\/\/wp.unil.ch\/digitalskills\/?page_id=178"},"modified":"2022-02-07T12:58:09","modified_gmt":"2022-02-07T11:58:09","slug":"news","status":"publish","type":"page","link":"https:\/\/wp.unil.ch\/digitalskills\/news\/","title":{"rendered":"News"},"content":{"rendered":"<ul class=\"wp-block-latest-posts__list is-grid columns-3 has-dates alignwide wp-block-latest-posts\"><li><div class=\"wp-block-latest-posts__featured-image\"><a href=\"https:\/\/wp.unil.ch\/digitalskills\/2023\/07\/dossier-open-badges\/\" aria-label=\"Dossier Open Badges\"><img loading=\"lazy\" decoding=\"async\" width=\"300\" height=\"173\" src=\"https:\/\/wp.unil.ch\/digitalskills\/files\/2023\/07\/P8_Future_University_Dossier_Open_Badges-300x173.png\" class=\"attachment-medium size-medium wp-post-image\" alt=\"\" style=\"\" srcset=\"https:\/\/wp.unil.ch\/digitalskills\/files\/2023\/07\/P8_Future_University_Dossier_Open_Badges-300x173.png 300w, https:\/\/wp.unil.ch\/digitalskills\/files\/2023\/07\/P8_Future_University_Dossier_Open_Badges-1024x589.png 1024w, https:\/\/wp.unil.ch\/digitalskills\/files\/2023\/07\/P8_Future_University_Dossier_Open_Badges-768x442.png 768w, https:\/\/wp.unil.ch\/digitalskills\/files\/2023\/07\/P8_Future_University_Dossier_Open_Badges-18x10.png 18w, https:\/\/wp.unil.ch\/digitalskills\/files\/2023\/07\/P8_Future_University_Dossier_Open_Badges-540x311.png 540w, https:\/\/wp.unil.ch\/digitalskills\/files\/2023\/07\/P8_Future_University_Dossier_Open_Badges-1080x621.png 1080w, https:\/\/wp.unil.ch\/digitalskills\/files\/2023\/07\/P8_Future_University_Dossier_Open_Badges-1320x759.png 1320w, https:\/\/wp.unil.ch\/digitalskills\/files\/2023\/07\/P8_Future_University_Dossier_Open_Badges.png 1500w\" sizes=\"auto, (max-width: 300px) 100vw, 300px\" \/><\/a><\/div><a class=\"wp-block-latest-posts__post-title\" href=\"https:\/\/wp.unil.ch\/digitalskills\/2023\/07\/dossier-open-badges\/\">Dossier Open Badges<\/a><time datetime=\"2023-07-19T14:16:39+02:00\" class=\"wp-block-latest-posts__post-date\">19 juillet 2023<\/time><div class=\"wp-block-latest-posts__post-excerpt\">Les Open Badges : une option de microcertification dans l\u2019enseignement sup\u00e9rieur ? Notre dossier<\/div><\/li>\n<li><div class=\"wp-block-latest-posts__featured-image\"><a href=\"https:\/\/wp.unil.ch\/digitalskills\/2023\/06\/cycle-de-conferences-rolf-kruse\/\" aria-label=\"Cycle de conf\u00e9rences &#8211; Rolf Kruse\"><img loading=\"lazy\" decoding=\"async\" width=\"300\" height=\"200\" src=\"https:\/\/wp.unil.ch\/digitalskills\/files\/2023\/06\/NEWS_virtuel-300x200.jpg\" class=\"attachment-medium size-medium wp-post-image\" alt=\"\" style=\"\" srcset=\"https:\/\/wp.unil.ch\/digitalskills\/files\/2023\/06\/NEWS_virtuel-300x200.jpg 300w, https:\/\/wp.unil.ch\/digitalskills\/files\/2023\/06\/NEWS_virtuel-1024x683.jpg 1024w, https:\/\/wp.unil.ch\/digitalskills\/files\/2023\/06\/NEWS_virtuel-768x512.jpg 768w, https:\/\/wp.unil.ch\/digitalskills\/files\/2023\/06\/NEWS_virtuel-18x12.jpg 18w, https:\/\/wp.unil.ch\/digitalskills\/files\/2023\/06\/NEWS_virtuel-540x360.jpg 540w, https:\/\/wp.unil.ch\/digitalskills\/files\/2023\/06\/NEWS_virtuel-1080x720.jpg 1080w, https:\/\/wp.unil.ch\/digitalskills\/files\/2023\/06\/NEWS_virtuel.jpg 1200w\" sizes=\"auto, (max-width: 300px) 100vw, 300px\" \/><\/a><\/div><a class=\"wp-block-latest-posts__post-title\" href=\"https:\/\/wp.unil.ch\/digitalskills\/2023\/06\/cycle-de-conferences-rolf-kruse\/\">Cycle de conf\u00e9rences &#8211; Rolf Kruse<\/a><time datetime=\"2023-06-27T10:50:39+02:00\" class=\"wp-block-latest-posts__post-date\">27 juin 2023<\/time><div class=\"wp-block-latest-posts__post-excerpt\">27.10.2023 &#8211; Conf\u00e9rence en bimodal et workshop en pr\u00e9sentiel \u201cOpportunities and Challenges of VR &amp; AR in Higher Education\u201d.<\/div><\/li>\n<li><div class=\"wp-block-latest-posts__featured-image\"><a href=\"https:\/\/wp.unil.ch\/digitalskills\/2023\/06\/cycle-de-conferences-rikke-toft-norga%cc%8ard\/\" aria-label=\"Cycle de conf\u00e9rences &#8211; Rikke Toft N\u00f8rga\u030ard\"><img loading=\"lazy\" decoding=\"async\" width=\"300\" height=\"200\" src=\"https:\/\/wp.unil.ch\/digitalskills\/files\/2023\/06\/NEWS_hybridation-300x200.jpg\" class=\"attachment-medium size-medium wp-post-image\" alt=\"\" style=\"\" srcset=\"https:\/\/wp.unil.ch\/digitalskills\/files\/2023\/06\/NEWS_hybridation-300x200.jpg 300w, https:\/\/wp.unil.ch\/digitalskills\/files\/2023\/06\/NEWS_hybridation-1024x683.jpg 1024w, https:\/\/wp.unil.ch\/digitalskills\/files\/2023\/06\/NEWS_hybridation-768x512.jpg 768w, https:\/\/wp.unil.ch\/digitalskills\/files\/2023\/06\/NEWS_hybridation-18x12.jpg 18w, https:\/\/wp.unil.ch\/digitalskills\/files\/2023\/06\/NEWS_hybridation-540x360.jpg 540w, https:\/\/wp.unil.ch\/digitalskills\/files\/2023\/06\/NEWS_hybridation-1080x720.jpg 1080w, https:\/\/wp.unil.ch\/digitalskills\/files\/2023\/06\/NEWS_hybridation.jpg 1200w\" sizes=\"auto, (max-width: 300px) 100vw, 300px\" \/><\/a><\/div><a class=\"wp-block-latest-posts__post-title\" href=\"https:\/\/wp.unil.ch\/digitalskills\/2023\/06\/cycle-de-conferences-rikke-toft-norga%cc%8ard\/\">Cycle de conf\u00e9rences &#8211; Rikke Toft N\u00f8rga\u030ard<\/a><time datetime=\"2023-06-27T09:40:00+02:00\" class=\"wp-block-latest-posts__post-date\">27 juin 2023<\/time><div class=\"wp-block-latest-posts__post-excerpt\">27.09.2023 &#8211; Conf\u00e9rence et workshop en bimodal \u00ab\u00a0Hybrid Teaching and Learning in Theory and Practice\u00a0\u00bb.<\/div><\/li>\n<li><div class=\"wp-block-latest-posts__featured-image\"><a href=\"https:\/\/wp.unil.ch\/digitalskills\/2023\/04\/conference-claude-savard\/\" aria-label=\"Cycle de conf\u00e9rences &#8211; Claude Savard\"><img loading=\"lazy\" decoding=\"async\" width=\"300\" height=\"169\" src=\"https:\/\/wp.unil.ch\/digitalskills\/files\/2023\/04\/P8_conference_apprentissage_experientiel_illustration-300x169.jpg\" class=\"attachment-medium size-medium wp-post-image\" alt=\"\" style=\"\" srcset=\"https:\/\/wp.unil.ch\/digitalskills\/files\/2023\/04\/P8_conference_apprentissage_experientiel_illustration-300x169.jpg 300w, https:\/\/wp.unil.ch\/digitalskills\/files\/2023\/04\/P8_conference_apprentissage_experientiel_illustration-1024x576.jpg 1024w, https:\/\/wp.unil.ch\/digitalskills\/files\/2023\/04\/P8_conference_apprentissage_experientiel_illustration-768x432.jpg 768w, https:\/\/wp.unil.ch\/digitalskills\/files\/2023\/04\/P8_conference_apprentissage_experientiel_illustration-18x10.jpg 18w, https:\/\/wp.unil.ch\/digitalskills\/files\/2023\/04\/P8_conference_apprentissage_experientiel_illustration-540x304.jpg 540w, https:\/\/wp.unil.ch\/digitalskills\/files\/2023\/04\/P8_conference_apprentissage_experientiel_illustration-1080x608.jpg 1080w, https:\/\/wp.unil.ch\/digitalskills\/files\/2023\/04\/P8_conference_apprentissage_experientiel_illustration.jpg 1200w\" sizes=\"auto, (max-width: 300px) 100vw, 300px\" \/><\/a><\/div><a class=\"wp-block-latest-posts__post-title\" href=\"https:\/\/wp.unil.ch\/digitalskills\/2023\/04\/conference-claude-savard\/\">Cycle de conf\u00e9rences &#8211; Claude Savard<\/a><time datetime=\"2023-04-03T16:46:05+02:00\" class=\"wp-block-latest-posts__post-date\">3 avril 2023<\/time><div class=\"wp-block-latest-posts__post-excerpt\">11.05.2023 &#8211; Conf\u00e9rence en bimodal et workshop en pr\u00e9sentiel \u00ab\u00a0Apprentissage exp\u00e9rientiel et utilisation du num\u00e9rique en enseignement\u00a0\u00bb.<\/div><\/li>\n<li><div class=\"wp-block-latest-posts__featured-image\"><a href=\"https:\/\/wp.unil.ch\/digitalskills\/2023\/02\/eduhub-days-2023\/\" aria-label=\"Eduhub Days 2023\"><img loading=\"lazy\" decoding=\"async\" width=\"300\" height=\"300\" src=\"https:\/\/wp.unil.ch\/digitalskills\/files\/2023\/02\/EDUHUB_DAYS_2023_Future_of_Education-300x300.jpg\" class=\"attachment-medium size-medium wp-post-image\" alt=\"\" style=\"\" srcset=\"https:\/\/wp.unil.ch\/digitalskills\/files\/2023\/02\/EDUHUB_DAYS_2023_Future_of_Education-300x300.jpg 300w, https:\/\/wp.unil.ch\/digitalskills\/files\/2023\/02\/EDUHUB_DAYS_2023_Future_of_Education-1024x1024.jpg 1024w, https:\/\/wp.unil.ch\/digitalskills\/files\/2023\/02\/EDUHUB_DAYS_2023_Future_of_Education-150x150.jpg 150w, https:\/\/wp.unil.ch\/digitalskills\/files\/2023\/02\/EDUHUB_DAYS_2023_Future_of_Education-768x768.jpg 768w, https:\/\/wp.unil.ch\/digitalskills\/files\/2023\/02\/EDUHUB_DAYS_2023_Future_of_Education-12x12.jpg 12w, https:\/\/wp.unil.ch\/digitalskills\/files\/2023\/02\/EDUHUB_DAYS_2023_Future_of_Education-540x540.jpg 540w, https:\/\/wp.unil.ch\/digitalskills\/files\/2023\/02\/EDUHUB_DAYS_2023_Future_of_Education-1080x1080.jpg 1080w, https:\/\/wp.unil.ch\/digitalskills\/files\/2023\/02\/EDUHUB_DAYS_2023_Future_of_Education.jpg 1200w\" sizes=\"auto, (max-width: 300px) 100vw, 300px\" \/><\/a><\/div><a class=\"wp-block-latest-posts__post-title\" href=\"https:\/\/wp.unil.ch\/digitalskills\/2023\/02\/eduhub-days-2023\/\">Eduhub Days 2023<\/a><time datetime=\"2023-02-16T15:59:37+01:00\" class=\"wp-block-latest-posts__post-date\">16 f\u00e9vrier 2023<\/time><div class=\"wp-block-latest-posts__post-excerpt\">Retour en images sur les Eduhub Days 2023 qui se sont tenus les 15 et 16 f\u00e9vrier sur le campus de Universit\u00e9 de Lausanne.<\/div><\/li>\n<li><div class=\"wp-block-latest-posts__featured-image\"><a href=\"https:\/\/wp.unil.ch\/digitalskills\/2023\/02\/en-coulisses\/\" aria-label=\"En coulisses&#8230;\"><img loading=\"lazy\" decoding=\"async\" width=\"300\" height=\"179\" src=\"https:\/\/wp.unil.ch\/digitalskills\/files\/2023\/02\/PAD_2023_tournage_Maison_Ailleurs-300x179.jpg\" class=\"attachment-medium size-medium wp-post-image\" alt=\"\" style=\"\" srcset=\"https:\/\/wp.unil.ch\/digitalskills\/files\/2023\/02\/PAD_2023_tournage_Maison_Ailleurs-300x179.jpg 300w, https:\/\/wp.unil.ch\/digitalskills\/files\/2023\/02\/PAD_2023_tournage_Maison_Ailleurs-1024x612.jpg 1024w, https:\/\/wp.unil.ch\/digitalskills\/files\/2023\/02\/PAD_2023_tournage_Maison_Ailleurs-768x459.jpg 768w, https:\/\/wp.unil.ch\/digitalskills\/files\/2023\/02\/PAD_2023_tournage_Maison_Ailleurs-18x12.jpg 18w, https:\/\/wp.unil.ch\/digitalskills\/files\/2023\/02\/PAD_2023_tournage_Maison_Ailleurs-540x323.jpg 540w, https:\/\/wp.unil.ch\/digitalskills\/files\/2023\/02\/PAD_2023_tournage_Maison_Ailleurs-1080x645.jpg 1080w, https:\/\/wp.unil.ch\/digitalskills\/files\/2023\/02\/PAD_2023_tournage_Maison_Ailleurs.jpg 1200w\" sizes=\"auto, (max-width: 300px) 100vw, 300px\" \/><\/a><\/div><a class=\"wp-block-latest-posts__post-title\" href=\"https:\/\/wp.unil.ch\/digitalskills\/2023\/02\/en-coulisses\/\">En coulisses&#8230;<\/a><time datetime=\"2023-02-14T09:45:24+01:00\" class=\"wp-block-latest-posts__post-date\">14 f\u00e9vrier 2023<\/time><div class=\"wp-block-latest-posts__post-excerpt\">En immersion dans les coulisses des tournages de ressources pour notre prochaine formation PAD.<\/div><\/li>\n<li><div class=\"wp-block-latest-posts__featured-image\"><a href=\"https:\/\/wp.unil.ch\/digitalskills\/2023\/01\/conference-james-lamb\/\" aria-label=\"Cycle de conf\u00e9rences &#8211; James Lamb\"><img loading=\"lazy\" decoding=\"async\" width=\"300\" height=\"169\" src=\"https:\/\/wp.unil.ch\/digitalskills\/files\/2023\/01\/espaces_apprentissage_illustration-300x169.jpg\" class=\"attachment-medium size-medium wp-post-image\" alt=\"\" style=\"\" srcset=\"https:\/\/wp.unil.ch\/digitalskills\/files\/2023\/01\/espaces_apprentissage_illustration-300x169.jpg 300w, https:\/\/wp.unil.ch\/digitalskills\/files\/2023\/01\/espaces_apprentissage_illustration-1024x576.jpg 1024w, https:\/\/wp.unil.ch\/digitalskills\/files\/2023\/01\/espaces_apprentissage_illustration-768x432.jpg 768w, https:\/\/wp.unil.ch\/digitalskills\/files\/2023\/01\/espaces_apprentissage_illustration-18x10.jpg 18w, https:\/\/wp.unil.ch\/digitalskills\/files\/2023\/01\/espaces_apprentissage_illustration-540x304.jpg 540w, https:\/\/wp.unil.ch\/digitalskills\/files\/2023\/01\/espaces_apprentissage_illustration-1080x608.jpg 1080w, https:\/\/wp.unil.ch\/digitalskills\/files\/2023\/01\/espaces_apprentissage_illustration.jpg 1200w\" sizes=\"auto, (max-width: 300px) 100vw, 300px\" \/><\/a><\/div><a class=\"wp-block-latest-posts__post-title\" href=\"https:\/\/wp.unil.ch\/digitalskills\/2023\/01\/conference-james-lamb\/\">Cycle de conf\u00e9rences &#8211; James Lamb<\/a><time datetime=\"2023-01-30T09:58:22+01:00\" class=\"wp-block-latest-posts__post-date\">30 janvier 2023<\/time><div class=\"wp-block-latest-posts__post-excerpt\">23.02.2023 &#8211; Conf\u00e9rence en bimodal et workshop en pr\u00e9sentiel \u00ab\u00a0Integrating digital technologies in my teaching within the new spatial dimensions of learning spaces\u00a0\u00bb.<\/div><\/li>\n<li><div class=\"wp-block-latest-posts__featured-image\"><a href=\"https:\/\/wp.unil.ch\/digitalskills\/2023\/01\/cycle-conferences-workshops\/\" aria-label=\"Cycle de conf\u00e9rences &amp; workshops\"><img loading=\"lazy\" decoding=\"async\" width=\"300\" height=\"169\" src=\"https:\/\/wp.unil.ch\/digitalskills\/files\/2023\/01\/conferences_2023-300x169.jpg\" class=\"attachment-medium size-medium wp-post-image\" alt=\"Cycle de conf\u00e9rences et workshops l&#039;Enseignement num\u00e9rique en questions\" style=\"\" srcset=\"https:\/\/wp.unil.ch\/digitalskills\/files\/2023\/01\/conferences_2023-300x169.jpg 300w, https:\/\/wp.unil.ch\/digitalskills\/files\/2023\/01\/conferences_2023-1024x576.jpg 1024w, https:\/\/wp.unil.ch\/digitalskills\/files\/2023\/01\/conferences_2023-768x432.jpg 768w, https:\/\/wp.unil.ch\/digitalskills\/files\/2023\/01\/conferences_2023-18x10.jpg 18w, https:\/\/wp.unil.ch\/digitalskills\/files\/2023\/01\/conferences_2023-540x304.jpg 540w, https:\/\/wp.unil.ch\/digitalskills\/files\/2023\/01\/conferences_2023-1080x608.jpg 1080w, https:\/\/wp.unil.ch\/digitalskills\/files\/2023\/01\/conferences_2023.jpg 1200w\" sizes=\"auto, (max-width: 300px) 100vw, 300px\" \/><\/a><\/div><a class=\"wp-block-latest-posts__post-title\" href=\"https:\/\/wp.unil.ch\/digitalskills\/2023\/01\/cycle-conferences-workshops\/\">Cycle de conf\u00e9rences &amp; workshops<\/a><time datetime=\"2023-01-23T12:09:35+01:00\" class=\"wp-block-latest-posts__post-date\">23 janvier 2023<\/time><div class=\"wp-block-latest-posts__post-excerpt\">Un cycle de conf\u00e9rences et ateliers anim\u00e9s par des sp\u00e9cialistes du domaine de la p\u00e9dagogie et du num\u00e9rique.<\/div><\/li>\n<li><div class=\"wp-block-latest-posts__featured-image\"><a href=\"https:\/\/wp.unil.ch\/digitalskills\/2022\/12\/matrice-de-maturite-institutionnelle\/\" aria-label=\"Comp\u00e9tences num\u00e9riques : une matrice de maturit\u00e9 institutionnelle\"><img loading=\"lazy\" decoding=\"async\" width=\"300\" height=\"186\" src=\"https:\/\/wp.unil.ch\/digitalskills\/files\/2022\/12\/P8_matrice_visuel-1-300x186.png\" class=\"attachment-medium size-medium wp-post-image\" alt=\"\" style=\"\" srcset=\"https:\/\/wp.unil.ch\/digitalskills\/files\/2022\/12\/P8_matrice_visuel-1-300x186.png 300w, https:\/\/wp.unil.ch\/digitalskills\/files\/2022\/12\/P8_matrice_visuel-1-1024x633.png 1024w, https:\/\/wp.unil.ch\/digitalskills\/files\/2022\/12\/P8_matrice_visuel-1-768x475.png 768w, https:\/\/wp.unil.ch\/digitalskills\/files\/2022\/12\/P8_matrice_visuel-1-1536x950.png 1536w, https:\/\/wp.unil.ch\/digitalskills\/files\/2022\/12\/P8_matrice_visuel-1-18x12.png 18w, https:\/\/wp.unil.ch\/digitalskills\/files\/2022\/12\/P8_matrice_visuel-1-540x334.png 540w, https:\/\/wp.unil.ch\/digitalskills\/files\/2022\/12\/P8_matrice_visuel-1-1080x668.png 1080w, https:\/\/wp.unil.ch\/digitalskills\/files\/2022\/12\/P8_matrice_visuel-1-1320x816.png 1320w, https:\/\/wp.unil.ch\/digitalskills\/files\/2022\/12\/P8_matrice_visuel-1.png 1800w\" sizes=\"auto, (max-width: 300px) 100vw, 300px\" \/><\/a><\/div><a class=\"wp-block-latest-posts__post-title\" href=\"https:\/\/wp.unil.ch\/digitalskills\/2022\/12\/matrice-de-maturite-institutionnelle\/\">Comp\u00e9tences num\u00e9riques : une matrice de maturit\u00e9 institutionnelle<\/a><time datetime=\"2022-12-06T09:24:15+01:00\" class=\"wp-block-latest-posts__post-date\">6 d\u00e9cembre 2022<\/time><div class=\"wp-block-latest-posts__post-excerpt\">Aujourd\u2019hui, des comp\u00e9tences num\u00e9riques sont essentielles pour enseigner ou apprendre dans l\u2019enseignement sup\u00e9rieur. L\u2019une des premi\u00e8res \u00e9tapes est de d\u00e9terminer quelles sont les dimensions \u00e0 consid\u00e9rer au sein de chaque institution.<\/div><\/li>\n<\/ul>","protected":false},"excerpt":{"rendered":"<p>Actualit\u00e9s du projet et des digital skills dans l&rsquo;enseignement sup\u00e9rieur.<\/p>\n","protected":false},"author":1002300,"featured_media":0,"parent":0,"menu_order":0,"comment_status":"closed","ping_status":"closed","template":"template-full-width.php","meta":{"_seopress_robots_primary_cat":"","_seopress_titles_title":"","_seopress_titles_desc":"","_seopress_robots_index":"","footnotes":""},"class_list":["post-178","page","type-page","status-publish","has-post-thumbnail"],"_links":{"self":[{"href":"https:\/\/wp.unil.ch\/digitalskills\/wp-json\/wp\/v2\/pages\/178","targetHints":{"allow":["GET"]}}],"collection":[{"href":"https:\/\/wp.unil.ch\/digitalskills\/wp-json\/wp\/v2\/pages"}],"about":[{"href":"https:\/\/wp.unil.ch\/digitalskills\/wp-json\/wp\/v2\/types\/page"}],"author":[{"embeddable":true,"href":"https:\/\/wp.unil.ch\/digitalskills\/wp-json\/wp\/v2\/users\/1002300"}],"replies":[{"embeddable":true,"href":"https:\/\/wp.unil.ch\/digitalskills\/wp-json\/wp\/v2\/comments?post=178"}],"version-history":[{"count":0,"href":"https:\/\/wp.unil.ch\/digitalskills\/wp-json\/wp\/v2\/pages\/178\/revisions"}],"wp:attachment":[{"href":"https:\/\/wp.unil.ch\/digitalskills\/wp-json\/wp\/v2\/media?parent=178"}],"curies":[{"name":"wp","href":"https:\/\/api.w.org\/{rel}","templated":true}]}}