{"id":1770,"date":"2023-10-24T16:18:11","date_gmt":"2023-10-24T14:18:11","guid":{"rendered":"https:\/\/wp.unil.ch\/digitalskills\/?page_id=1770"},"modified":"2023-10-25T13:21:42","modified_gmt":"2023-10-25T11:21:42","slug":"portes-ouvertes-unidistance","status":"publish","type":"page","link":"https:\/\/wp.unil.ch\/digitalskills\/projet\/promotion\/portes-ouvertes-unidistance\/","title":{"rendered":"Journ\u00e9es portes ouvertes \u00e0 UniDistance Suisse"},"content":{"rendered":"\n<p>Samedi 20 ao\u00fbt 2022, c\u2019est Journ\u00e9e portes ouvertes \u00e0 UniDistance Suisse&nbsp;! <\/p>\n\n\n\n<p>L\u2019occasion de rencontrer l\u2019\u00e9quipe du projet P8 Future University sur le campus de Brigue et de d\u00e9couvrir la plateforme d\u2019apprentissage des comp\u00e9tences num\u00e9riques Ka\u00efros en avant-premi\u00e8re.<\/p>\n\n\n\n<p>Rendez-vous au stand 18 de 10h \u00e0 16h<\/p>\n\n\n\n<p>Infos et programme complet <a rel=\"noreferrer noopener\" href=\"https:\/\/www.bildung.ch\/fr\/journee-portes-ouvertes\" target=\"_blank\">https:\/\/www.bildung.ch\/fr\/journee-portes-ouvertes<\/a><\/p>\n","protected":false},"excerpt":{"rendered":"<p>Samedi 20 ao\u00fbt 2022, c\u2019est Journ\u00e9e portes ouvertes \u00e0 UniDistance Suisse&nbsp;! L\u2019occasion de rencontrer l\u2019\u00e9quipe du projet P8 Future University sur le campus de Brigue et de d\u00e9couvrir&hellip;<\/p>\n","protected":false},"author":1002683,"featured_media":0,"parent":1982,"menu_order":0,"comment_status":"closed","ping_status":"closed","template":"template-full-width.php","meta":{"_seopress_robots_primary_cat":"","_seopress_titles_title":"","_seopress_titles_desc":"","_seopress_robots_index":"","footnotes":""},"class_list":["post-1770","page","type-page","status-publish","has-post-thumbnail"],"_links":{"self":[{"href":"https:\/\/wp.unil.ch\/digitalskills\/wp-json\/wp\/v2\/pages\/1770","targetHints":{"allow":["GET"]}}],"collection":[{"href":"https:\/\/wp.unil.ch\/digitalskills\/wp-json\/wp\/v2\/pages"}],"about":[{"href":"https:\/\/wp.unil.ch\/digitalskills\/wp-json\/wp\/v2\/types\/page"}],"author":[{"embeddable":true,"href":"https:\/\/wp.unil.ch\/digitalskills\/wp-json\/wp\/v2\/users\/1002683"}],"replies":[{"embeddable":true,"href":"https:\/\/wp.unil.ch\/digitalskills\/wp-json\/wp\/v2\/comments?post=1770"}],"version-history":[{"count":2,"href":"https:\/\/wp.unil.ch\/digitalskills\/wp-json\/wp\/v2\/pages\/1770\/revisions"}],"predecessor-version":[{"id":2081,"href":"https:\/\/wp.unil.ch\/digitalskills\/wp-json\/wp\/v2\/pages\/1770\/revisions\/2081"}],"up":[{"embeddable":true,"href":"https:\/\/wp.unil.ch\/digitalskills\/wp-json\/wp\/v2\/pages\/1982"}],"wp:attachment":[{"href":"https:\/\/wp.unil.ch\/digitalskills\/wp-json\/wp\/v2\/media?parent=1770"}],"curies":[{"name":"wp","href":"https:\/\/api.w.org\/{rel}","templated":true}]}}