{"id":1764,"date":"2023-10-24T16:16:54","date_gmt":"2023-10-24T14:16:54","guid":{"rendered":"https:\/\/wp.unil.ch\/digitalskills\/?page_id=1764"},"modified":"2023-10-24T16:16:55","modified_gmt":"2023-10-24T14:16:55","slug":"i-he-2022-presentation-kairos-eadtu","status":"publish","type":"page","link":"https:\/\/wp.unil.ch\/digitalskills\/projet\/promotion\/i-he-2022-presentation-kairos-eadtu\/","title":{"rendered":"I-HE 2022 (pr\u00e9sentation Kairos EADTU)"},"content":{"rendered":"\n<h2 class=\"wp-block-heading\">The Innovating Higher Education conference 2022<\/h2>\n\n\n\n<p>La rencontre organis\u00e9e par EADTU &#8211; <em>Europe&rsquo;s leading institutional association for online, open &amp; distance higher education<\/em> a lieu cette ann\u00e9e \u00e0 Ath\u00e8nes, Gr\u00e8ce du 19 au 21 octobre sur le th\u00e8me<\/p>\n\n\n\n<p><strong>\u00ab\u00a0Digital Reset: European Universities Transforming for a Changing World\u00a0\u00bb<\/strong><\/p>\n\n\n\n<p>Les membres de l\u2019\u00e9quipe P8 Future University Alice Thurre-Millius, M\u00e9lanie Bonvin et Ambroise Baillifard y pr\u00e9senteront le projet de plateforme d\u2019auto-apprentissage Ka\u00efros, en cours de d\u00e9veloppement:<\/p>\n\n\n\n<p><strong>Digital courses in 21st Century Skills<\/strong><br><a rel=\"noreferrer noopener\" href=\"https:\/\/i-he2022.exordo.com\/programme\/presentation\/139\" target=\"_blank\">Developing Digital Competencies Through Ka\u00efros: An Adaptative Learning Tool Based on Problem Solving<\/a><\/p>\n\n\n\n<p><\/p>\n\n\n\n<p><strong>O\u00f9&nbsp;?<\/strong> Athens War Museum, Room 60 (foyer level)<\/p>\n\n\n\n<p><strong>Quand&nbsp;?<\/strong> Jeudi 20 octobre 2022 de 16h30 \u00e0 16h45<\/p>\n\n\n\n<p><strong>Infos pratiques<\/strong>  <a rel=\"noreferrer noopener\" href=\"https:\/\/conference.eadtu.eu\/\" target=\"_blank\">www.conference.eadtu.eu<\/a><\/p>\n\n\n\n<figure class=\"wp-block-image size-full\"><a href=\"https:\/\/conference.eadtu.eu\/\" target=\"_blank\" rel=\"noreferrer noopener\"><img alt=\"\" loading=\"lazy\" decoding=\"async\" width=\"920\" height=\"307\" src=\"https:\/\/wp.unil.ch\/digitalskills\/files\/2022\/09\/IHE2022_banner.png\" alt=\"\" class=\"wp-image-885\" srcset=\"https:\/\/wp.unil.ch\/digitalskills\/files\/2022\/09\/IHE2022_banner.png 920w, https:\/\/wp.unil.ch\/digitalskills\/files\/2022\/09\/IHE2022_banner-300x100.png 300w, https:\/\/wp.unil.ch\/digitalskills\/files\/2022\/09\/IHE2022_banner-768x256.png 768w, https:\/\/wp.unil.ch\/digitalskills\/files\/2022\/09\/IHE2022_banner-540x180.png 540w\" sizes=\"auto, (max-width: 920px) 100vw, 920px\" \/><\/a><\/figure>\n","protected":false},"excerpt":{"rendered":"<p>The Innovating Higher Education conference 2022 La rencontre organis\u00e9e par EADTU &#8211; Europe&rsquo;s leading institutional association for online, open &amp; distance higher education a lieu cette ann\u00e9e \u00e0&hellip;<\/p>\n","protected":false},"author":1002683,"featured_media":0,"parent":1982,"menu_order":0,"comment_status":"closed","ping_status":"closed","template":"template-full-width.php","meta":{"_seopress_robots_primary_cat":"","_seopress_titles_title":"","_seopress_titles_desc":"","_seopress_robots_index":"","footnotes":""},"class_list":["post-1764","page","type-page","status-publish","has-post-thumbnail"],"_links":{"self":[{"href":"https:\/\/wp.unil.ch\/digitalskills\/wp-json\/wp\/v2\/pages\/1764","targetHints":{"allow":["GET"]}}],"collection":[{"href":"https:\/\/wp.unil.ch\/digitalskills\/wp-json\/wp\/v2\/pages"}],"about":[{"href":"https:\/\/wp.unil.ch\/digitalskills\/wp-json\/wp\/v2\/types\/page"}],"author":[{"embeddable":true,"href":"https:\/\/wp.unil.ch\/digitalskills\/wp-json\/wp\/v2\/users\/1002683"}],"replies":[{"embeddable":true,"href":"https:\/\/wp.unil.ch\/digitalskills\/wp-json\/wp\/v2\/comments?post=1764"}],"version-history":[{"count":0,"href":"https:\/\/wp.unil.ch\/digitalskills\/wp-json\/wp\/v2\/pages\/1764\/revisions"}],"up":[{"embeddable":true,"href":"https:\/\/wp.unil.ch\/digitalskills\/wp-json\/wp\/v2\/pages\/1982"}],"wp:attachment":[{"href":"https:\/\/wp.unil.ch\/digitalskills\/wp-json\/wp\/v2\/media?parent=1764"}],"curies":[{"name":"wp","href":"https:\/\/api.w.org\/{rel}","templated":true}]}}