{"id":1752,"date":"2023-10-24T15:11:40","date_gmt":"2023-10-24T13:11:40","guid":{"rendered":"https:\/\/wp.unil.ch\/digitalskills\/?page_id=1752"},"modified":"2023-10-24T15:11:40","modified_gmt":"2023-10-24T13:11:40","slug":"coulisses","status":"publish","type":"page","link":"https:\/\/wp.unil.ch\/digitalskills\/enseignants\/pad\/coulisses\/","title":{"rendered":"En coulisses &#8211; PAD"},"content":{"rendered":"\n<p><strong>En immersion dans les coulisses des tournages de ressources pour notre prochaine formation PAD, qui permettra d\u2019accompagner les membres des corps enseignants et le personnel de soutien p\u00e9dagogique des universit\u00e9s et hautes \u00e9coles dans le d\u00e9veloppement de leurs comp\u00e9tences num\u00e9riques.<\/strong><\/p>\n\n\n\n<figure class=\"wp-block-gallery has-nested-images columns-3 is-cropped wp-block-gallery-1 is-layout-flex wp-block-gallery-is-layout-flex\">\n<figure class=\"wp-block-image size-large is-style-default\"><a href=\"https:\/\/wp.unil.ch\/digitalskills\/files\/2023\/02\/PAD_2023_tournage.jpg\"><img alt=\"\" loading=\"lazy\" decoding=\"async\" width=\"1024\" height=\"1000\" data-id=\"1272\" src=\"https:\/\/wp.unil.ch\/digitalskills\/files\/2023\/02\/PAD_2023_tournage-1024x1000.jpg\" alt=\"\" class=\"wp-image-1272\" srcset=\"https:\/\/wp.unil.ch\/digitalskills\/files\/2023\/02\/PAD_2023_tournage-1024x1000.jpg 1024w, https:\/\/wp.unil.ch\/digitalskills\/files\/2023\/02\/PAD_2023_tournage-300x293.jpg 300w, https:\/\/wp.unil.ch\/digitalskills\/files\/2023\/02\/PAD_2023_tournage-768x750.jpg 768w, https:\/\/wp.unil.ch\/digitalskills\/files\/2023\/02\/PAD_2023_tournage-12x12.jpg 12w, https:\/\/wp.unil.ch\/digitalskills\/files\/2023\/02\/PAD_2023_tournage-540x527.jpg 540w, https:\/\/wp.unil.ch\/digitalskills\/files\/2023\/02\/PAD_2023_tournage-1080x1055.jpg 1080w, https:\/\/wp.unil.ch\/digitalskills\/files\/2023\/02\/PAD_2023_tournage.jpg 1200w\" sizes=\"auto, (max-width: 1024px) 100vw, 1024px\" \/><\/a><figcaption class=\"wp-element-caption\"> Tournage au Mus\u00e9e de la communication, Berne &#8211; Emily Lettry, Pierre Leroy<\/figcaption><\/figure>\n\n\n\n<figure class=\"wp-block-image size-large\"><a href=\"https:\/\/wp.unil.ch\/digitalskills\/files\/2023\/02\/PAD_2023_tournage_Maison_Ailleurs.jpg\"><img alt=\"\" loading=\"lazy\" decoding=\"async\" width=\"1024\" height=\"612\" data-id=\"1271\" src=\"https:\/\/wp.unil.ch\/digitalskills\/files\/2023\/02\/PAD_2023_tournage_Maison_Ailleurs-1024x612.jpg\" alt=\"\" class=\"wp-image-1271\" srcset=\"https:\/\/wp.unil.ch\/digitalskills\/files\/2023\/02\/PAD_2023_tournage_Maison_Ailleurs-1024x612.jpg 1024w, https:\/\/wp.unil.ch\/digitalskills\/files\/2023\/02\/PAD_2023_tournage_Maison_Ailleurs-300x179.jpg 300w, https:\/\/wp.unil.ch\/digitalskills\/files\/2023\/02\/PAD_2023_tournage_Maison_Ailleurs-768x459.jpg 768w, https:\/\/wp.unil.ch\/digitalskills\/files\/2023\/02\/PAD_2023_tournage_Maison_Ailleurs-18x12.jpg 18w, https:\/\/wp.unil.ch\/digitalskills\/files\/2023\/02\/PAD_2023_tournage_Maison_Ailleurs-540x323.jpg 540w, https:\/\/wp.unil.ch\/digitalskills\/files\/2023\/02\/PAD_2023_tournage_Maison_Ailleurs-1080x645.jpg 1080w, https:\/\/wp.unil.ch\/digitalskills\/files\/2023\/02\/PAD_2023_tournage_Maison_Ailleurs.jpg 1200w\" sizes=\"auto, (max-width: 1024px) 100vw, 1024px\" \/><\/a><figcaption class=\"wp-element-caption\">En coulisses\u2026 Jean-Fran\u00e7ois Van de Po\u00ebl, Nicolas Rohrer, Pierre Leroy<\/figcaption><\/figure>\n\n\n\n<figure class=\"wp-block-image size-large\"><a href=\"https:\/\/wp.unil.ch\/digitalskills\/files\/2023\/02\/PAD_2023_Maison_communication_Berne.jpg\"><img alt=\"\" loading=\"lazy\" decoding=\"async\" width=\"1024\" height=\"730\" data-id=\"1268\" src=\"https:\/\/wp.unil.ch\/digitalskills\/files\/2023\/02\/PAD_2023_Maison_communication_Berne-1024x730.jpg\" alt=\"\" class=\"wp-image-1268\" srcset=\"https:\/\/wp.unil.ch\/digitalskills\/files\/2023\/02\/PAD_2023_Maison_communication_Berne-1024x730.jpg 1024w, https:\/\/wp.unil.ch\/digitalskills\/files\/2023\/02\/PAD_2023_Maison_communication_Berne-300x214.jpg 300w, https:\/\/wp.unil.ch\/digitalskills\/files\/2023\/02\/PAD_2023_Maison_communication_Berne-768x547.jpg 768w, https:\/\/wp.unil.ch\/digitalskills\/files\/2023\/02\/PAD_2023_Maison_communication_Berne-18x12.jpg 18w, https:\/\/wp.unil.ch\/digitalskills\/files\/2023\/02\/PAD_2023_Maison_communication_Berne-540x385.jpg 540w, https:\/\/wp.unil.ch\/digitalskills\/files\/2023\/02\/PAD_2023_Maison_communication_Berne-1080x770.jpg 1080w, https:\/\/wp.unil.ch\/digitalskills\/files\/2023\/02\/PAD_2023_Maison_communication_Berne.jpg 1200w\" sizes=\"auto, (max-width: 1024px) 100vw, 1024px\" \/><\/a><figcaption class=\"wp-element-caption\">Tournage des ressources de la formation PAD &#8211; Pierre Leroy<\/figcaption><\/figure>\n\n\n\n<figure class=\"wp-block-image size-large\"><a href=\"https:\/\/wp.unil.ch\/digitalskills\/files\/2023\/02\/PAD_2023_numerique.jpg\"><img alt=\"\" loading=\"lazy\" decoding=\"async\" width=\"1024\" height=\"955\" data-id=\"1270\" src=\"https:\/\/wp.unil.ch\/digitalskills\/files\/2023\/02\/PAD_2023_numerique-1024x955.jpg\" alt=\"\" class=\"wp-image-1270\" srcset=\"https:\/\/wp.unil.ch\/digitalskills\/files\/2023\/02\/PAD_2023_numerique-1024x955.jpg 1024w, https:\/\/wp.unil.ch\/digitalskills\/files\/2023\/02\/PAD_2023_numerique-300x280.jpg 300w, https:\/\/wp.unil.ch\/digitalskills\/files\/2023\/02\/PAD_2023_numerique-768x716.jpg 768w, https:\/\/wp.unil.ch\/digitalskills\/files\/2023\/02\/PAD_2023_numerique-13x12.jpg 13w, https:\/\/wp.unil.ch\/digitalskills\/files\/2023\/02\/PAD_2023_numerique-540x504.jpg 540w, https:\/\/wp.unil.ch\/digitalskills\/files\/2023\/02\/PAD_2023_numerique-1080x1007.jpg 1080w, https:\/\/wp.unil.ch\/digitalskills\/files\/2023\/02\/PAD_2023_numerique.jpg 1200w\" sizes=\"auto, (max-width: 1024px) 100vw, 1024px\" \/><\/a><\/figure>\n\n\n\n<figure class=\"wp-block-image size-large\"><a href=\"https:\/\/wp.unil.ch\/digitalskills\/files\/2023\/02\/PAD_2023_Maud_Aspart.jpg\"><img alt=\"\" loading=\"lazy\" decoding=\"async\" width=\"1024\" height=\"577\" data-id=\"1269\" src=\"https:\/\/wp.unil.ch\/digitalskills\/files\/2023\/02\/PAD_2023_Maud_Aspart-1024x577.jpg\" alt=\"\" class=\"wp-image-1269\" srcset=\"https:\/\/wp.unil.ch\/digitalskills\/files\/2023\/02\/PAD_2023_Maud_Aspart-1024x577.jpg 1024w, https:\/\/wp.unil.ch\/digitalskills\/files\/2023\/02\/PAD_2023_Maud_Aspart-300x169.jpg 300w, https:\/\/wp.unil.ch\/digitalskills\/files\/2023\/02\/PAD_2023_Maud_Aspart-768x433.jpg 768w, https:\/\/wp.unil.ch\/digitalskills\/files\/2023\/02\/PAD_2023_Maud_Aspart-18x10.jpg 18w, https:\/\/wp.unil.ch\/digitalskills\/files\/2023\/02\/PAD_2023_Maud_Aspart-540x304.jpg 540w, https:\/\/wp.unil.ch\/digitalskills\/files\/2023\/02\/PAD_2023_Maud_Aspart-1080x608.jpg 1080w, https:\/\/wp.unil.ch\/digitalskills\/files\/2023\/02\/PAD_2023_Maud_Aspart.jpg 1200w\" sizes=\"auto, (max-width: 1024px) 100vw, 1024px\" \/><\/a><figcaption class=\"wp-element-caption\">En coulisses\u2026 Maud Aspart<\/figcaption><\/figure>\n\n\n\n<figure class=\"wp-block-image size-large\"><a href=\"https:\/\/wp.unil.ch\/digitalskills\/files\/2023\/02\/PAD_2023_Maison_communication_Bern.jpg\"><img alt=\"\" loading=\"lazy\" decoding=\"async\" width=\"1024\" height=\"708\" data-id=\"1267\" src=\"https:\/\/wp.unil.ch\/digitalskills\/files\/2023\/02\/PAD_2023_Maison_communication_Bern-1024x708.jpg\" alt=\"\" class=\"wp-image-1267\" srcset=\"https:\/\/wp.unil.ch\/digitalskills\/files\/2023\/02\/PAD_2023_Maison_communication_Bern-1024x708.jpg 1024w, https:\/\/wp.unil.ch\/digitalskills\/files\/2023\/02\/PAD_2023_Maison_communication_Bern-300x208.jpg 300w, https:\/\/wp.unil.ch\/digitalskills\/files\/2023\/02\/PAD_2023_Maison_communication_Bern-768x531.jpg 768w, https:\/\/wp.unil.ch\/digitalskills\/files\/2023\/02\/PAD_2023_Maison_communication_Bern-18x12.jpg 18w, https:\/\/wp.unil.ch\/digitalskills\/files\/2023\/02\/PAD_2023_Maison_communication_Bern-540x374.jpg 540w, https:\/\/wp.unil.ch\/digitalskills\/files\/2023\/02\/PAD_2023_Maison_communication_Bern-1080x747.jpg 1080w, https:\/\/wp.unil.ch\/digitalskills\/files\/2023\/02\/PAD_2023_Maison_communication_Bern.jpg 1200w\" sizes=\"auto, (max-width: 1024px) 100vw, 1024px\" \/><\/a><figcaption class=\"wp-element-caption\">Mus\u00e9e de la communication, Berne<\/figcaption><\/figure>\n\n\n\n<figure class=\"wp-block-image size-large\"><a href=\"https:\/\/wp.unil.ch\/digitalskills\/files\/2023\/02\/PAD_2023_Maison_Ailleurs_Yverdon.jpg\"><img alt=\"\" loading=\"lazy\" decoding=\"async\" width=\"1024\" height=\"643\" data-id=\"1266\" src=\"https:\/\/wp.unil.ch\/digitalskills\/files\/2023\/02\/PAD_2023_Maison_Ailleurs_Yverdon-1024x643.jpg\" alt=\"\" class=\"wp-image-1266\" srcset=\"https:\/\/wp.unil.ch\/digitalskills\/files\/2023\/02\/PAD_2023_Maison_Ailleurs_Yverdon-1024x643.jpg 1024w, https:\/\/wp.unil.ch\/digitalskills\/files\/2023\/02\/PAD_2023_Maison_Ailleurs_Yverdon-300x188.jpg 300w, https:\/\/wp.unil.ch\/digitalskills\/files\/2023\/02\/PAD_2023_Maison_Ailleurs_Yverdon-768x482.jpg 768w, https:\/\/wp.unil.ch\/digitalskills\/files\/2023\/02\/PAD_2023_Maison_Ailleurs_Yverdon-18x12.jpg 18w, https:\/\/wp.unil.ch\/digitalskills\/files\/2023\/02\/PAD_2023_Maison_Ailleurs_Yverdon-540x339.jpg 540w, https:\/\/wp.unil.ch\/digitalskills\/files\/2023\/02\/PAD_2023_Maison_Ailleurs_Yverdon-1080x678.jpg 1080w, https:\/\/wp.unil.ch\/digitalskills\/files\/2023\/02\/PAD_2023_Maison_Ailleurs_Yverdon.jpg 1200w\" sizes=\"auto, (max-width: 1024px) 100vw, 1024px\" \/><\/a><figcaption class=\"wp-element-caption\">Maison d&rsquo;Ailleurs, Yverdon &#8211; Jean-Fran\u00e7ois Van de Po\u00ebl<\/figcaption><\/figure>\n\n\n\n<figure class=\"wp-block-image size-large\"><a href=\"https:\/\/wp.unil.ch\/digitalskills\/files\/2023\/02\/PAD_2023_Alimentarium_Vevey.jpg\"><img alt=\"\" loading=\"lazy\" decoding=\"async\" width=\"1024\" height=\"660\" data-id=\"1264\" src=\"https:\/\/wp.unil.ch\/digitalskills\/files\/2023\/02\/PAD_2023_Alimentarium_Vevey-1024x660.jpg\" alt=\"\" class=\"wp-image-1264\" srcset=\"https:\/\/wp.unil.ch\/digitalskills\/files\/2023\/02\/PAD_2023_Alimentarium_Vevey-1024x660.jpg 1024w, https:\/\/wp.unil.ch\/digitalskills\/files\/2023\/02\/PAD_2023_Alimentarium_Vevey-300x194.jpg 300w, https:\/\/wp.unil.ch\/digitalskills\/files\/2023\/02\/PAD_2023_Alimentarium_Vevey-768x495.jpg 768w, https:\/\/wp.unil.ch\/digitalskills\/files\/2023\/02\/PAD_2023_Alimentarium_Vevey-18x12.jpg 18w, https:\/\/wp.unil.ch\/digitalskills\/files\/2023\/02\/PAD_2023_Alimentarium_Vevey-540x348.jpg 540w, https:\/\/wp.unil.ch\/digitalskills\/files\/2023\/02\/PAD_2023_Alimentarium_Vevey-1080x697.jpg 1080w, https:\/\/wp.unil.ch\/digitalskills\/files\/2023\/02\/PAD_2023_Alimentarium_Vevey.jpg 1200w\" sizes=\"auto, (max-width: 1024px) 100vw, 1024px\" \/><\/a><figcaption class=\"wp-element-caption\">Tournage \u00e0 l&rsquo;Alimentarium, Vevey &#8211; Pierre Leroy, Kevin Rodrigues<\/figcaption><\/figure>\n<figcaption class=\"blocks-gallery-caption wp-element-caption\">Un grand merci aux \u00e9quipes de l\u2019<a rel=\"noreferrer noopener\" href=\"https:\/\/www.alimentarium.org\/fr\" target=\"_blank\">Alimentarium de Vevey<\/a>, du <a rel=\"noreferrer noopener\" href=\"https:\/\/www.mfk.ch\/fr\/\" target=\"_blank\">Mus\u00e9e de la communication \u00e0 Berne<\/a> et de la <a rel=\"noreferrer noopener\" href=\"https:\/\/www.ailleurs.ch\/\" target=\"_blank\">Maison d\u2019Ailleurs \u00e0 Yverdon-les_Bains<\/a> pour leur accueil et soutien dans ces r\u00e9alisations.<\/figcaption><\/figure>\n\n\n\n<p><\/p>\n","protected":false},"excerpt":{"rendered":"<p>En immersion dans les coulisses des tournages de ressources pour notre prochaine formation PAD, qui permettra d\u2019accompagner les membres des corps enseignants et le personnel de soutien p\u00e9dagogique&hellip;<\/p>\n","protected":false},"author":1002683,"featured_media":0,"parent":1159,"menu_order":0,"comment_status":"closed","ping_status":"closed","template":"template-full-width.php","meta":{"_seopress_robots_primary_cat":"","_seopress_titles_title":"","_seopress_titles_desc":"","_seopress_robots_index":"","footnotes":""},"class_list":["post-1752","page","type-page","status-publish","has-post-thumbnail"],"_links":{"self":[{"href":"https:\/\/wp.unil.ch\/digitalskills\/wp-json\/wp\/v2\/pages\/1752","targetHints":{"allow":["GET"]}}],"collection":[{"href":"https:\/\/wp.unil.ch\/digitalskills\/wp-json\/wp\/v2\/pages"}],"about":[{"href":"https:\/\/wp.unil.ch\/digitalskills\/wp-json\/wp\/v2\/types\/page"}],"author":[{"embeddable":true,"href":"https:\/\/wp.unil.ch\/digitalskills\/wp-json\/wp\/v2\/users\/1002683"}],"replies":[{"embeddable":true,"href":"https:\/\/wp.unil.ch\/digitalskills\/wp-json\/wp\/v2\/comments?post=1752"}],"version-history":[{"count":0,"href":"https:\/\/wp.unil.ch\/digitalskills\/wp-json\/wp\/v2\/pages\/1752\/revisions"}],"up":[{"embeddable":true,"href":"https:\/\/wp.unil.ch\/digitalskills\/wp-json\/wp\/v2\/pages\/1159"}],"wp:attachment":[{"href":"https:\/\/wp.unil.ch\/digitalskills\/wp-json\/wp\/v2\/media?parent=1752"}],"curies":[{"name":"wp","href":"https:\/\/api.w.org\/{rel}","templated":true}]}}