{"id":1746,"date":"2023-10-24T15:07:56","date_gmt":"2023-10-24T13:07:56","guid":{"rendered":"https:\/\/wp.unil.ch\/digitalskills\/?page_id=1746"},"modified":"2023-10-24T15:07:57","modified_gmt":"2023-10-24T13:07:57","slug":"claude-savard","status":"publish","type":"page","link":"https:\/\/wp.unil.ch\/digitalskills\/enseignants\/conferences-ateliers\/claude-savard\/","title":{"rendered":"Conf\u00e9rence Claude Savard"},"content":{"rendered":"\n<p>La conf\u00e9rence en bimodal simultan\u00e9 et le workshop en pr\u00e9sentiel sont propos\u00e9s dans le cadre du cycle de conf\u00e9rences et ateliers\u00a0 <strong>Enseigner avec le num\u00e9rique en questions<\/strong> anim\u00e9s par des sp\u00e9cialistes du domaine de la p\u00e9dagogie et du num\u00e9rique.<\/p>\n\n\n\n<p><strong><em>Critical Issues in Digital Education<\/em><\/strong><\/p>\n\n\n\n<p><em>A series of conferences and workshops led by experts in the field of digital education.<\/em><\/p>\n\n\n\n<h2 class=\"wp-block-heading\">Jeudi 11 mai 2023 \u00e0 l&rsquo;IDHEAP, UNIL<\/h2>\n\n\n\n<figure class=\"wp-block-gallery has-nested-images columns-4 is-cropped wp-block-gallery-1 is-layout-flex wp-block-gallery-is-layout-flex\">\n<figure class=\"wp-block-image size-large\"><a href=\"https:\/\/wp.unil.ch\/digitalskills\/files\/2023\/05\/UNIL_Claude_Savard_conference_pause_1.jpg\"><img alt=\"\" loading=\"lazy\" decoding=\"async\" width=\"1024\" height=\"683\" data-id=\"1423\" src=\"https:\/\/wp.unil.ch\/digitalskills\/files\/2023\/05\/UNIL_Claude_Savard_conference_pause_1-1024x683.jpg\" alt=\"\" class=\"wp-image-1423\" srcset=\"https:\/\/wp.unil.ch\/digitalskills\/files\/2023\/05\/UNIL_Claude_Savard_conference_pause_1-1024x683.jpg 1024w, https:\/\/wp.unil.ch\/digitalskills\/files\/2023\/05\/UNIL_Claude_Savard_conference_pause_1-300x200.jpg 300w, https:\/\/wp.unil.ch\/digitalskills\/files\/2023\/05\/UNIL_Claude_Savard_conference_pause_1-768x512.jpg 768w, https:\/\/wp.unil.ch\/digitalskills\/files\/2023\/05\/UNIL_Claude_Savard_conference_pause_1-18x12.jpg 18w, https:\/\/wp.unil.ch\/digitalskills\/files\/2023\/05\/UNIL_Claude_Savard_conference_pause_1-540x360.jpg 540w, https:\/\/wp.unil.ch\/digitalskills\/files\/2023\/05\/UNIL_Claude_Savard_conference_pause_1-1080x720.jpg 1080w, https:\/\/wp.unil.ch\/digitalskills\/files\/2023\/05\/UNIL_Claude_Savard_conference_pause_1.jpg 1200w\" sizes=\"auto, (max-width: 1024px) 100vw, 1024px\" \/><\/a><figcaption class=\"wp-element-caption\">Une petite pause-caf\u00e9 pour bien d\u00e9marrer la matin\u00e9e dans le hall de l&rsquo;IDHEAP<\/figcaption><\/figure>\n\n\n\n<figure class=\"wp-block-image size-large\"><a href=\"https:\/\/wp.unil.ch\/digitalskills\/files\/2023\/05\/UNIL_IDHEAP_Learning_Lab.jpg\"><img alt=\"\" loading=\"lazy\" decoding=\"async\" width=\"1024\" height=\"683\" data-id=\"1424\" src=\"https:\/\/wp.unil.ch\/digitalskills\/files\/2023\/05\/UNIL_IDHEAP_Learning_Lab-1024x683.jpg\" alt=\"\" class=\"wp-image-1424\" srcset=\"https:\/\/wp.unil.ch\/digitalskills\/files\/2023\/05\/UNIL_IDHEAP_Learning_Lab-1024x683.jpg 1024w, https:\/\/wp.unil.ch\/digitalskills\/files\/2023\/05\/UNIL_IDHEAP_Learning_Lab-300x200.jpg 300w, https:\/\/wp.unil.ch\/digitalskills\/files\/2023\/05\/UNIL_IDHEAP_Learning_Lab-768x512.jpg 768w, https:\/\/wp.unil.ch\/digitalskills\/files\/2023\/05\/UNIL_IDHEAP_Learning_Lab-18x12.jpg 18w, https:\/\/wp.unil.ch\/digitalskills\/files\/2023\/05\/UNIL_IDHEAP_Learning_Lab-540x360.jpg 540w, https:\/\/wp.unil.ch\/digitalskills\/files\/2023\/05\/UNIL_IDHEAP_Learning_Lab-1080x720.jpg 1080w, https:\/\/wp.unil.ch\/digitalskills\/files\/2023\/05\/UNIL_IDHEAP_Learning_Lab.jpg 1200w\" sizes=\"auto, (max-width: 1024px) 100vw, 1024px\" \/><\/a><figcaption class=\"wp-element-caption\">L&rsquo;espace lounge du Learning Lab de l&rsquo;IDHEAP<\/figcaption><\/figure>\n\n\n\n<figure class=\"wp-block-image size-large\"><a href=\"https:\/\/wp.unil.ch\/digitalskills\/files\/2023\/05\/UNIL_Claude_Savard_conference_1.jpg\"><img alt=\"\" loading=\"lazy\" decoding=\"async\" width=\"1024\" height=\"683\" data-id=\"1420\" src=\"https:\/\/wp.unil.ch\/digitalskills\/files\/2023\/05\/UNIL_Claude_Savard_conference_1-1024x683.jpg\" alt=\"\" class=\"wp-image-1420\" srcset=\"https:\/\/wp.unil.ch\/digitalskills\/files\/2023\/05\/UNIL_Claude_Savard_conference_1-1024x683.jpg 1024w, https:\/\/wp.unil.ch\/digitalskills\/files\/2023\/05\/UNIL_Claude_Savard_conference_1-300x200.jpg 300w, https:\/\/wp.unil.ch\/digitalskills\/files\/2023\/05\/UNIL_Claude_Savard_conference_1-768x512.jpg 768w, https:\/\/wp.unil.ch\/digitalskills\/files\/2023\/05\/UNIL_Claude_Savard_conference_1-18x12.jpg 18w, https:\/\/wp.unil.ch\/digitalskills\/files\/2023\/05\/UNIL_Claude_Savard_conference_1-540x360.jpg 540w, https:\/\/wp.unil.ch\/digitalskills\/files\/2023\/05\/UNIL_Claude_Savard_conference_1-1080x720.jpg 1080w, https:\/\/wp.unil.ch\/digitalskills\/files\/2023\/05\/UNIL_Claude_Savard_conference_1.jpg 1200w\" sizes=\"auto, (max-width: 1024px) 100vw, 1024px\" \/><\/a><figcaption class=\"wp-element-caption\">La conf\u00e9rence de Claude Savard pouvait \u00eatre suivie simultan\u00e9ment en ligne et en pr\u00e9sentiel<\/figcaption><\/figure>\n\n\n\n<figure class=\"wp-block-image size-large is-style-default\"><a href=\"https:\/\/wp.unil.ch\/digitalskills\/files\/2023\/05\/UNIL_Claude_Savard_conference_2.jpg\"><img alt=\"\" loading=\"lazy\" decoding=\"async\" width=\"1024\" height=\"683\" data-id=\"1421\" src=\"https:\/\/wp.unil.ch\/digitalskills\/files\/2023\/05\/UNIL_Claude_Savard_conference_2-1024x683.jpg\" alt=\"\" class=\"wp-image-1421\" srcset=\"https:\/\/wp.unil.ch\/digitalskills\/files\/2023\/05\/UNIL_Claude_Savard_conference_2-1024x683.jpg 1024w, https:\/\/wp.unil.ch\/digitalskills\/files\/2023\/05\/UNIL_Claude_Savard_conference_2-300x200.jpg 300w, https:\/\/wp.unil.ch\/digitalskills\/files\/2023\/05\/UNIL_Claude_Savard_conference_2-768x512.jpg 768w, https:\/\/wp.unil.ch\/digitalskills\/files\/2023\/05\/UNIL_Claude_Savard_conference_2-18x12.jpg 18w, https:\/\/wp.unil.ch\/digitalskills\/files\/2023\/05\/UNIL_Claude_Savard_conference_2-540x360.jpg 540w, https:\/\/wp.unil.ch\/digitalskills\/files\/2023\/05\/UNIL_Claude_Savard_conference_2-1080x720.jpg 1080w, https:\/\/wp.unil.ch\/digitalskills\/files\/2023\/05\/UNIL_Claude_Savard_conference_2.jpg 1200w\" sizes=\"auto, (max-width: 1024px) 100vw, 1024px\" \/><\/a><figcaption class=\"wp-element-caption\">Le th\u00e8me de la conf\u00e9rence portait sur l&rsquo;apprentissage exp\u00e9rientiel <\/figcaption><\/figure>\n\n\n\n<figure class=\"wp-block-image size-large\"><a href=\"https:\/\/wp.unil.ch\/digitalskills\/files\/2023\/05\/UNIL_Claude_Savard_atelier_3.jpg\"><img alt=\"\" loading=\"lazy\" decoding=\"async\" width=\"1024\" height=\"683\" data-id=\"1419\" src=\"https:\/\/wp.unil.ch\/digitalskills\/files\/2023\/05\/UNIL_Claude_Savard_atelier_3-1024x683.jpg\" alt=\"\" class=\"wp-image-1419\" srcset=\"https:\/\/wp.unil.ch\/digitalskills\/files\/2023\/05\/UNIL_Claude_Savard_atelier_3-1024x683.jpg 1024w, https:\/\/wp.unil.ch\/digitalskills\/files\/2023\/05\/UNIL_Claude_Savard_atelier_3-300x200.jpg 300w, https:\/\/wp.unil.ch\/digitalskills\/files\/2023\/05\/UNIL_Claude_Savard_atelier_3-768x512.jpg 768w, https:\/\/wp.unil.ch\/digitalskills\/files\/2023\/05\/UNIL_Claude_Savard_atelier_3-18x12.jpg 18w, https:\/\/wp.unil.ch\/digitalskills\/files\/2023\/05\/UNIL_Claude_Savard_atelier_3-540x360.jpg 540w, https:\/\/wp.unil.ch\/digitalskills\/files\/2023\/05\/UNIL_Claude_Savard_atelier_3-1080x720.jpg 1080w, https:\/\/wp.unil.ch\/digitalskills\/files\/2023\/05\/UNIL_Claude_Savard_atelier_3.jpg 1200w\" sizes=\"auto, (max-width: 1024px) 100vw, 1024px\" \/><\/a><figcaption class=\"wp-element-caption\">Concentration maximale pendant l&rsquo;atelier <\/figcaption><\/figure>\n\n\n\n<figure class=\"wp-block-image size-large is-style-default\"><a href=\"https:\/\/wp.unil.ch\/digitalskills\/files\/2023\/05\/UNIL_Claude_Savard_atelier_2.jpg\"><img alt=\"\" loading=\"lazy\" decoding=\"async\" width=\"1024\" height=\"683\" data-id=\"1418\" src=\"https:\/\/wp.unil.ch\/digitalskills\/files\/2023\/05\/UNIL_Claude_Savard_atelier_2-1024x683.jpg\" alt=\"\" class=\"wp-image-1418\" srcset=\"https:\/\/wp.unil.ch\/digitalskills\/files\/2023\/05\/UNIL_Claude_Savard_atelier_2-1024x683.jpg 1024w, https:\/\/wp.unil.ch\/digitalskills\/files\/2023\/05\/UNIL_Claude_Savard_atelier_2-300x200.jpg 300w, https:\/\/wp.unil.ch\/digitalskills\/files\/2023\/05\/UNIL_Claude_Savard_atelier_2-768x512.jpg 768w, https:\/\/wp.unil.ch\/digitalskills\/files\/2023\/05\/UNIL_Claude_Savard_atelier_2-18x12.jpg 18w, https:\/\/wp.unil.ch\/digitalskills\/files\/2023\/05\/UNIL_Claude_Savard_atelier_2-540x360.jpg 540w, https:\/\/wp.unil.ch\/digitalskills\/files\/2023\/05\/UNIL_Claude_Savard_atelier_2-1080x720.jpg 1080w, https:\/\/wp.unil.ch\/digitalskills\/files\/2023\/05\/UNIL_Claude_Savard_atelier_2.jpg 1200w\" sizes=\"auto, (max-width: 1024px) 100vw, 1024px\" \/><\/a><figcaption class=\"wp-element-caption\">La situation de l&rsquo;atelier a \u00e9t\u00e9 contextualis\u00e9e dans les usages des IA g\u00e9n\u00e9ratives <\/figcaption><\/figure>\n\n\n\n<figure class=\"wp-block-image size-large\"><a href=\"https:\/\/wp.unil.ch\/digitalskills\/files\/2023\/05\/UNIL_Claude_Savard_atelier_1.jpg\"><img alt=\"\" loading=\"lazy\" decoding=\"async\" width=\"1024\" height=\"683\" data-id=\"1417\" src=\"https:\/\/wp.unil.ch\/digitalskills\/files\/2023\/05\/UNIL_Claude_Savard_atelier_1-1024x683.jpg\" alt=\"\" class=\"wp-image-1417\" srcset=\"https:\/\/wp.unil.ch\/digitalskills\/files\/2023\/05\/UNIL_Claude_Savard_atelier_1-1024x683.jpg 1024w, https:\/\/wp.unil.ch\/digitalskills\/files\/2023\/05\/UNIL_Claude_Savard_atelier_1-300x200.jpg 300w, https:\/\/wp.unil.ch\/digitalskills\/files\/2023\/05\/UNIL_Claude_Savard_atelier_1-768x512.jpg 768w, https:\/\/wp.unil.ch\/digitalskills\/files\/2023\/05\/UNIL_Claude_Savard_atelier_1-18x12.jpg 18w, https:\/\/wp.unil.ch\/digitalskills\/files\/2023\/05\/UNIL_Claude_Savard_atelier_1-540x360.jpg 540w, https:\/\/wp.unil.ch\/digitalskills\/files\/2023\/05\/UNIL_Claude_Savard_atelier_1-1080x720.jpg 1080w, https:\/\/wp.unil.ch\/digitalskills\/files\/2023\/05\/UNIL_Claude_Savard_atelier_1.jpg 1200w\" sizes=\"auto, (max-width: 1024px) 100vw, 1024px\" \/><\/a><figcaption class=\"wp-element-caption\">L&rsquo;atelier a permis aux participant\u00b7e\u00b7s d\u2019analyser une situation d\u2019enseignement-apprentissage<\/figcaption><\/figure>\n<\/figure>\n\n\n\n<div class=\"wp-block-media-text alignwide is-stacked-on-mobile\" style=\"grid-template-columns:32% auto\"><figure class=\"wp-block-media-text__media\"><img alt=\"\" loading=\"lazy\" decoding=\"async\" width=\"400\" height=\"400\" src=\"https:\/\/wp.unil.ch\/digitalskills\/files\/2023\/04\/Claude_Savard_portrait_2023.jpg\" alt=\"\" class=\"wp-image-1357 size-full\" srcset=\"https:\/\/wp.unil.ch\/digitalskills\/files\/2023\/04\/Claude_Savard_portrait_2023.jpg 400w, https:\/\/wp.unil.ch\/digitalskills\/files\/2023\/04\/Claude_Savard_portrait_2023-300x300.jpg 300w, https:\/\/wp.unil.ch\/digitalskills\/files\/2023\/04\/Claude_Savard_portrait_2023-150x150.jpg 150w, https:\/\/wp.unil.ch\/digitalskills\/files\/2023\/04\/Claude_Savard_portrait_2023-12x12.jpg 12w\" sizes=\"auto, (max-width: 400px) 100vw, 400px\" \/><\/figure><div class=\"wp-block-media-text__content\">\n<p class=\"has-small-font-size\"><strong>Claude Savard <\/strong>est professeur titulaire \u00e0 la Facult\u00e9 des sciences de l\u2019\u00e9ducation de l\u2019Universit\u00e9 Laval, \u00e0 Qu\u00e9bec, au Canada depuis plus de 30 ans. <\/p>\n\n\n\n<p class=\"has-small-font-size\">Ses recherches et enseignements s\u2019inscrivent dans le vaste domaine de la p\u00e9dagogie universitaire et de la p\u00e9dagogie sportive. Il a \u0153uvr\u00e9 pendant plusieurs ann\u00e9es comme formateur d\u2019entra\u00eeneurs sportifs et dans le design des programmes de formation d\u2019entra\u00eeneurs canadiens et \u00e0 l\u2019international. Il a \u00e9t\u00e9 co-responsable de diverses formations p\u00e9dagogiques offertes aux enseignant\u00b7e\u00b7s de l\u2019Universit\u00e9 Laval de m\u00eame qu\u2019\u00e0 l\u2019international et a r\u00e9alis\u00e9 diff\u00e9rents projets et \u00e9tudes sur le design p\u00e9dagogique, la formation par comp\u00e9tences, les communaut\u00e9s d\u2019apprentissage, le r\u00f4le des repr\u00e9sentations dans l\u2019apprentissage ainsi que l\u2019utilisation des technop\u00e9dagogies en enseignement. <\/p>\n\n\n\n<p class=\"has-small-font-size\">Il a par ailleurs occup\u00e9 diff\u00e9rents postes de gestion, ayant \u00e9t\u00e9 notamment Pr\u00e9sident de la commission des \u00e9tudes et Vice-recteur adjoint aux \u00e9tudes et aux affaires \u00e9tudiantes, ce qui lui donne une excellente connaissance des syst\u00e8mes d\u2019administration universitaires.<br><br>Plus d&rsquo;informations sur son parcours <a rel=\"noreferrer noopener\" href=\"https:\/\/www.fse.ulaval.ca\/cv\/Claude.Savard\/presentation\/\" target=\"_blank\">www.fse.ulaval.ca\/cv\/Claude.Savard<\/a> <\/p>\n<\/div><\/div>\n\n\n\n<h3 class=\"wp-block-heading\">Programme&nbsp;<\/h3>\n\n\n\n<div class=\"wp-block-buttons is-layout-flex wp-block-buttons-is-layout-flex\">\n<div class=\"wp-block-button\"><a class=\"wp-block-button__link wp-element-button\" href=\"https:\/\/wp.unil.ch\/digitalskills\/files\/2023\/04\/P8_Flyer_Conference_Workshop_Claude_Savard-5.pdf\" target=\"_blank\" rel=\"noreferrer noopener\">T\u00e9l\u00e9charger le flyer<\/a><\/div>\n<\/div>\n\n\n\n<p><strong>9:00 &#8211; Accueil<\/strong><\/p>\n\n\n\n<p><strong>09:30-10:45 &#8211; Conf\u00e9rence au Learning Lab, IDHEAP, Universit\u00e9 de Lausanne<\/strong><br><em>Conf\u00e9rence en bimodal simultan\u00e9 en fran\u00e7ais au Learning Lab et en ligne<\/em>, <em>sur inscription<\/em><br><br>\u00ab\u00a0Apprentissage exp\u00e9rientiel et utilisation du num\u00e9rique en enseignement\u00a0\u00bb<\/p>\n\n\n\n<!-- iframe plugin v.6.0 wordpress.org\/plugins\/iframe\/ -->\n<iframe loading=\"lazy\" src=\"https:\/\/www.youtube.com\/embed\/WFS1IK_EPK0?start=1\" title=\"YouTube video player\" frameborder=\"0\" allow=\"accelerometer; autoplay; clipboard-write; encrypted-media; gyroscope; picture-in-picture; web-share\" 0=\"allowfullscreen&quot;\" width=\"100%\" height=\"500\" scrolling=\"yes\" class=\"iframe-class\"><\/iframe>\n\n\n\n\n<p class=\"has-small-font-size\"><em>Enregistrement vid\u00e9o de la seconde partie de la conf\u00e9rence de Claude Savard au Learning Lab de l&rsquo;IDHEAP consacr\u00e9e \u00e0 la m\u00e9diation technologique des exp\u00e9riences.<\/em><\/p>\n\n\n\n<!-- iframe plugin v.6.0 wordpress.org\/plugins\/iframe\/ -->\n<iframe loading=\"lazy\" src=\"https:\/\/view.genial.ly\/641c62c865d70f0013220744\" type=\"text\/html\" allowscriptaccess=\"always\" allowfullscreen=\"true\" scrolling=\"yes\" allownetworking=\"all\" width=\"100%\" height=\"500\" class=\"iframe-class\" frameborder=\"0\"><\/iframe>\n\n\n\n\n<p class=\"has-small-font-size\"><em>Pr\u00e9sentation Genially interactive de la premi\u00e8re partie de la conf\u00e9rence consacr\u00e9e aux concepts cl\u00e9s en lien avec l&rsquo;apprentissage exp\u00e9rientiel et le cycle de Kolb.<\/em><\/p>\n\n\n\n<!-- iframe plugin v.6.0 wordpress.org\/plugins\/iframe\/ -->\n<iframe loading=\"lazy\" src=\"https:\/\/view.genial.ly\/641c72c335e7c500194c03ea\" type=\"text\/html\" allowscriptaccess=\"always\" allowfullscreen=\"true\" scrolling=\"yes\" 0=\"allownetworking=&quot;all\" width=\"100%\" height=\"500\" class=\"iframe-class\" frameborder=\"0\"><\/iframe>\n\n\n\n\n<p class=\"has-small-font-size\"><em>Pr\u00e9sentation Genially interactive de la seconde partie de la conf\u00e9rence consacr\u00e9e consacr\u00e9e \u00e0 la m\u00e9diation technologique des exp\u00e9riences.<\/em><\/p>\n\n\n\n<p class=\"has-border-background-color has-background has-small-font-size\">La conf\u00e9rence que nous vous proposons sera organis\u00e9e sous la forme de plusieurs moments de pr\u00e9sentation qui seront prolong\u00e9s de moments d\u2019\u00e9changes et d\u2019interactions ouverts. La premi\u00e8re partie de la conf\u00e9rence abordera les concepts cl\u00e9s en lien avec l\u2019apprentissage exp\u00e9rientiel en pr\u00e9sentant le cycle de Kolb avant de proposer une r\u00e9flexion et un \u00e9change sur la pr\u00e9hension des exp\u00e9riences internes et externes avant de conclure sur les environnements d\u2019apprentissage et la m\u00e9diation de ces exp\u00e9riences dans un contexte num\u00e9rique.<br><br>La seconde partie de la conf\u00e9rence sera consacr\u00e9e \u00e0 la m\u00e9diation technologique des exp\u00e9riences et vous proposera de d\u00e9couvrir une approche instrument\u00e9e de l\u2019apprentissage dans laquelle la distinction entre instrument et finalit\u00e9 est centrale. Elle permet de d\u00e9terminer le r\u00f4le des sch\u00e8mes cognitifs que l\u2019on souhaite mobiliser et d\u00e9velopper dans l\u2019exp\u00e9rience d\u2019apprentissage.<\/p>\n\n\n\n<p><br><strong>10:50-12:20 &#8211;<\/strong> <strong>Atelier au<\/strong> <strong>Learning Lab, IDHEAP, Universit\u00e9 de Lausanne<\/strong><br><em>Atelier en pr\u00e9sentiel en fran\u00e7ais, sur inscription<\/em><br><br>\u00ab\u00a0Penser, concevoir et mettre en \u0153uvre des apprentissages exp\u00e9rientiels qui impliquent le num\u00e9rique\u00a0\u00bb<\/p>\n\n\n\n<p class=\"has-border-background-color has-background has-small-font-size\">Dans cet atelier, nous vous proposerons tout d\u2019abord d\u2019analyser, via une situation d\u2019enseignement-apprentissage pr\u00e9sent\u00e9e, toutes les dimensions impliqu\u00e9es dans une situation d\u2019enseignement qui implique une approche s\u2019appuyant sur l\u2019apprentissage exp\u00e9rientiel qui est int\u00e9gr\u00e9e dans un contexte num\u00e9rique. La situation propos\u00e9e sera contextualis\u00e9e dans les usages des IA g\u00e9n\u00e9ratives dans un cadre p\u00e9dagogique.<br><br>Nous vous inviterons ensuite \u00e0 r\u00e9aliser, par groupes de 3 personnes, le design p\u00e9dagogique complet d\u2019une s\u00e9quence d\u2019enseignement-apprentissage \u00e0 caract\u00e8re exp\u00e9rientiel dans un contexte num\u00e9rique.<\/p>\n\n\n\n<p><br><strong>12:20 &#8211; Pause sandwich<\/strong><br><em>Choix de sandwichs pour les personnes inscrites<\/em><\/p>\n\n\n\n<h2 class=\"wp-block-heading\">Infos pratiques<\/h2>\n\n\n\n<div class=\"wp-block-columns is-layout-flex wp-container-core-columns-is-layout-9d6595d7 wp-block-columns-is-layout-flex\">\n<div class=\"wp-block-column is-layout-flow wp-block-column-is-layout-flow\">\n<p><strong>Adresse<\/strong><\/p>\n\n\n\n<p><strong>Universit\u00e9 de Lausanne<\/strong><br>Institut de hautes \u00e9tudes en administration publique IDHEAP Learning Lab<br>Rue de la Mouline 28<br>1022 Chavannes-pr\u00e8s-Renens<\/p>\n<\/div>\n\n\n\n<div class=\"wp-block-column is-layout-flow wp-block-column-is-layout-flow\">\n<!-- iframe plugin v.6.0 wordpress.org\/plugins\/iframe\/ -->\n<iframe src=\"https:\/\/www.google.com\/maps\/embed?pb=!1m18!1m12!1m3!1d2745.0817826877415!2d6.575806615524802!3d46.526283479127805!2m3!1f0!2f0!3f0!3m2!1i1024!2i768!4f13.1!3m3!1m2!1s0x478c31a90d3d00e7%3A0x769a4b19818dad87!2sUNIL%20-%20IDHEAP!5e0!3m2!1sfr!2sch!4v1680532772875!5m2!1sfr!2sch\" width=\"400\" height=\"300\" style=\"border:0;\" allowfullscreen loading=\"lazy\" referrerpolicy=\"no-referrer-when-downgrade\" scrolling=\"yes\" class=\"iframe-class\" frameborder=\"0\"><\/iframe>\n\n<\/div>\n<\/div>\n","protected":false},"excerpt":{"rendered":"<p>La conf\u00e9rence en bimodal simultan\u00e9 et le workshop en pr\u00e9sentiel sont propos\u00e9s dans le cadre du cycle de conf\u00e9rences et ateliers\u00a0 Enseigner avec le num\u00e9rique en questions anim\u00e9s&hellip;<\/p>\n","protected":false},"author":1002683,"featured_media":0,"parent":1756,"menu_order":0,"comment_status":"closed","ping_status":"closed","template":"template-full-width.php","meta":{"_seopress_robots_primary_cat":"","_seopress_titles_title":"","_seopress_titles_desc":"","_seopress_robots_index":"","footnotes":""},"class_list":["post-1746","page","type-page","status-publish","has-post-thumbnail"],"_links":{"self":[{"href":"https:\/\/wp.unil.ch\/digitalskills\/wp-json\/wp\/v2\/pages\/1746","targetHints":{"allow":["GET"]}}],"collection":[{"href":"https:\/\/wp.unil.ch\/digitalskills\/wp-json\/wp\/v2\/pages"}],"about":[{"href":"https:\/\/wp.unil.ch\/digitalskills\/wp-json\/wp\/v2\/types\/page"}],"author":[{"embeddable":true,"href":"https:\/\/wp.unil.ch\/digitalskills\/wp-json\/wp\/v2\/users\/1002683"}],"replies":[{"embeddable":true,"href":"https:\/\/wp.unil.ch\/digitalskills\/wp-json\/wp\/v2\/comments?post=1746"}],"version-history":[{"count":1,"href":"https:\/\/wp.unil.ch\/digitalskills\/wp-json\/wp\/v2\/pages\/1746\/revisions"}],"predecessor-version":[{"id":1938,"href":"https:\/\/wp.unil.ch\/digitalskills\/wp-json\/wp\/v2\/pages\/1746\/revisions\/1938"}],"up":[{"embeddable":true,"href":"https:\/\/wp.unil.ch\/digitalskills\/wp-json\/wp\/v2\/pages\/1756"}],"wp:attachment":[{"href":"https:\/\/wp.unil.ch\/digitalskills\/wp-json\/wp\/v2\/media?parent=1746"}],"curies":[{"name":"wp","href":"https:\/\/api.w.org\/{rel}","templated":true}]}}