{"id":1727,"date":"2023-10-24T09:26:58","date_gmt":"2023-10-24T07:26:58","guid":{"rendered":"https:\/\/wp.unil.ch\/digitalskills\/?page_id=1727"},"modified":"2023-10-25T13:18:58","modified_gmt":"2023-10-25T11:18:58","slug":"enseignants","status":"publish","type":"page","link":"https:\/\/wp.unil.ch\/digitalskills\/enseignants\/","title":{"rendered":"Enseignantes et enseignants"},"content":{"rendered":"\n<p>L&rsquo;axe du projet \u00e0 destination des enseignantes et enseignants s&rsquo;intitule : <br><strong>Renforcer les comp\u00e9tences num\u00e9riques pour enseigner. <\/strong><\/p>\n\n\n<div class=\"wp-block-image\">\n<figure class=\"aligncenter size-large is-resized\"><img loading=\"lazy\" decoding=\"async\" width=\"1024\" height=\"341\" src=\"https:\/\/wp.unil.ch\/digitalskills\/files\/2022\/04\/chris-montgomery-smgTvepind4-unsplash_b-1024x341.png\" alt=\"reunion zoom avec tasse de cafe au premier plan\" class=\"wp-image-272\" style=\"aspect-ratio:3.002932551319648;width:556px;height:auto\" srcset=\"https:\/\/wp.unil.ch\/digitalskills\/files\/2022\/04\/chris-montgomery-smgTvepind4-unsplash_b-1024x341.png 1024w, https:\/\/wp.unil.ch\/digitalskills\/files\/2022\/04\/chris-montgomery-smgTvepind4-unsplash_b-300x100.png 300w, https:\/\/wp.unil.ch\/digitalskills\/files\/2022\/04\/chris-montgomery-smgTvepind4-unsplash_b-768x256.png 768w, https:\/\/wp.unil.ch\/digitalskills\/files\/2022\/04\/chris-montgomery-smgTvepind4-unsplash_b-540x180.png 540w, https:\/\/wp.unil.ch\/digitalskills\/files\/2022\/04\/chris-montgomery-smgTvepind4-unsplash_b-1080x360.png 1080w, https:\/\/wp.unil.ch\/digitalskills\/files\/2022\/04\/chris-montgomery-smgTvepind4-unsplash_b.png 1500w\" sizes=\"auto, (max-width: 1024px) 100vw, 1024px\" \/><\/figure>\n<\/div>\n\n\n<p>Cet axe vise \u00e0 rendre les <strong>enseignantes et enseignants autonomes <\/strong>dans la<strong> production de ressources num\u00e9riques<\/strong>, la <strong>conception<\/strong> et l&rsquo;<strong>animation<\/strong> d&rsquo;<strong>enseignements hybrides ou compl\u00e8tement \u00e0 distance<\/strong>, soutenant un apprentissage de qualit\u00e9. <br>Pour atteindre cet objectif, il s\u2019appuie sur les comp\u00e9tences num\u00e9riques d\u00e9finies par le r\u00e9f\u00e9rentiel europ\u00e9en DigCompEdu.<\/p>\n\n\n\n<p>Pour mettre en \u0153uvre cet objectif, diff\u00e9rentes actions sont men\u00e9es : <\/p>\n\n\n\n<ol class=\"wp-block-list\">\n<li><strong><a href=\"https:\/\/wp.unil.ch\/digitalskills\/enseignants\/referentiel\/\">R\u00e9f\u00e9rentiel pour enseigner<\/a><\/strong><br>Un r\u00e9f\u00e9rentiel \u00e0 destination des enseignantes et enseignants est d\u00e9velopp\u00e9 par les membres de l&rsquo;\u00e9quipe : inspir\u00e9 du DigComp, et actualis\u00e9 en fonction des nouveaux besoins.<\/li>\n\n\n\n<li><strong><a href=\"https:\/\/wp.unil.ch\/digitalskills\/enseignants\/auto-positionnement\/\">Auto-positionnement sur les comp\u00e9tences num\u00e9riques<\/a><\/strong><br>Cet outil est d\u00e9velopp\u00e9 pour \u00e9valuer les capacit\u00e9s des enseignantes et enseignants en regard du r\u00e9f\u00e9rentiel pour enseigner. Il fournit \u00e9galement des ressources par niveau.<\/li>\n\n\n\n<li><strong><a href=\"https:\/\/wp.unil.ch\/digitalskills\/enseignants\/conferences-ateliers\/\">Conf\u00e9rences et Ateliers<\/a><\/strong><br>Les conf\u00e9rences et ateliers proposent les points de vue d&rsquo;experts internationaux sur des questions sp\u00e9cifiques li\u00e9es au num\u00e9rique dans l&rsquo;\u00e9ducation<\/li>\n\n\n\n<li><strong><a href=\"https:\/\/wp.unil.ch\/digitalskills\/enseignants\/numeri-labs\/\">Num\u00e9ri-Labs<\/a><\/strong><br>Des actions de formation \u00e0 des outils num\u00e9riques \u00e0 des fins p\u00e9dagogiques sont mises en oeuvre.<\/li>\n\n\n\n<li><strong><a href=\"https:\/\/wp.unil.ch\/digitalskills\/enseignants\/pad\/\">PAD<\/a><\/strong><br>Les Parcours Agiles de D\u00e9veloppement proposent une modalit\u00e9 innovante de formation.<\/li>\n<\/ol>\n","protected":false},"excerpt":{"rendered":"<p>L&rsquo;axe du projet \u00e0 destination des enseignantes et enseignants s&rsquo;intitule : Renforcer les comp\u00e9tences num\u00e9riques pour enseigner. Cet axe vise \u00e0 rendre les enseignantes et enseignants autonomes dans&hellip;<\/p>\n","protected":false},"author":1002683,"featured_media":0,"parent":0,"menu_order":0,"comment_status":"closed","ping_status":"closed","template":"template-full-width.php","meta":{"_seopress_robots_primary_cat":"","_seopress_titles_title":"","_seopress_titles_desc":"","_seopress_robots_index":"","footnotes":""},"class_list":["post-1727","page","type-page","status-publish","has-post-thumbnail"],"_links":{"self":[{"href":"https:\/\/wp.unil.ch\/digitalskills\/wp-json\/wp\/v2\/pages\/1727","targetHints":{"allow":["GET"]}}],"collection":[{"href":"https:\/\/wp.unil.ch\/digitalskills\/wp-json\/wp\/v2\/pages"}],"about":[{"href":"https:\/\/wp.unil.ch\/digitalskills\/wp-json\/wp\/v2\/types\/page"}],"author":[{"embeddable":true,"href":"https:\/\/wp.unil.ch\/digitalskills\/wp-json\/wp\/v2\/users\/1002683"}],"replies":[{"embeddable":true,"href":"https:\/\/wp.unil.ch\/digitalskills\/wp-json\/wp\/v2\/comments?post=1727"}],"version-history":[{"count":5,"href":"https:\/\/wp.unil.ch\/digitalskills\/wp-json\/wp\/v2\/pages\/1727\/revisions"}],"predecessor-version":[{"id":2077,"href":"https:\/\/wp.unil.ch\/digitalskills\/wp-json\/wp\/v2\/pages\/1727\/revisions\/2077"}],"wp:attachment":[{"href":"https:\/\/wp.unil.ch\/digitalskills\/wp-json\/wp\/v2\/media?parent=1727"}],"curies":[{"name":"wp","href":"https:\/\/api.w.org\/{rel}","templated":true}]}}