{"id":1661,"date":"2023-10-24T16:35:15","date_gmt":"2023-10-24T14:35:15","guid":{"rendered":"https:\/\/wp.unil.ch\/digitalskills\/?page_id=1661"},"modified":"2024-09-06T09:53:30","modified_gmt":"2024-09-06T07:53:30","slug":"p8-digitalskills-developper-les-competences-numeriques-des-etudiant%c2%b7e%c2%b7s-des-enseignant%c2%b7e%c2%b7s-et-des-institutions","status":"publish","type":"page","link":"https:\/\/wp.unil.ch\/digitalskills\/","title":{"rendered":"P8 DigitalSkills : d\u00e9velopper les comp\u00e9tences num\u00e9riques des \u00e9tudiant\u00b7e\u00b7s, des enseignant\u00b7e\u00b7s et des institutions"},"content":{"rendered":"\n<h3 class=\"wp-block-heading\">Le projet en bref<\/h3>\n\n\n\n<p class=\"justify-text\">Le projet Future University est men\u00e9 conjointement par <a href=\"https:\/\/wp.unil.ch\/digitalskills\/projet\/equipe\">l\u2019Universit\u00e9 de Lausanne (Centre de Soutien \u00e0 l&rsquo;Enseignement) et UniDistance Suisse (service EDUDL+<\/a>).<br>Il s\u2019inscrit dans le programme 2021\u22122024 <a href=\"https:\/\/wp.unil.ch\/digitalskills\/projet\/programme-p8-global\/\">\u00ab P-8 Renforcement des digital skills dans l\u2019enseignement \u00bb<\/a> men\u00e9 par <a href=\"https:\/\/www.swissuniversities.ch\/fr\/themes\/digitalisation\/digital-skills\">swissuniversites<\/a>. <br><br>Ce projet est subdivis\u00e9 en axes de d\u00e9veloppement associ\u00e9s \u00e0 diff\u00e9rents publics. <\/p>\n\n\n\n<h3 class=\"wp-block-heading\">Les publics vis\u00e9s<\/h3>\n\n\n\n<p>Ce projet vise \u00e0 renforcer les comp\u00e9tences num\u00e9riques <\/p>\n\n\n\n<ul class=\"wp-block-list\">\n<li>des <a href=\"https:\/\/wp.unil.ch\/digitalskills\/etudiants\/\">\u00e9tudiantes et \u00e9tudiants<\/a> pour les activit\u00e9s li\u00e9es aux apprentissages,<\/li>\n\n\n\n<li>du <a href=\"https:\/\/wp.unil.ch\/digitalskills\/enseignants\">corps enseignant<\/a> pour l&rsquo;enseignement assist\u00e9 par le num\u00e9rique,<\/li>\n\n\n\n<li>des <a href=\"https:\/\/wp.unil.ch\/digitalskills\/institutions\">institutions<\/a> sur divers sujets li\u00e9s \u00e0 la strat\u00e9gie.<\/li>\n<\/ul>\n\n\n<div class=\"wp-block-image\">\n<figure class=\"aligncenter size-full is-resized\"><img alt=\"des centaines de lanternes bleues et roses au Digital Art Museum de Tokyo au Japon\" loading=\"lazy\" decoding=\"async\" width=\"1500\" height=\"500\" src=\"https:\/\/wp.unil.ch\/digitalskills\/files\/2022\/04\/luca-florio-rAaAuFwCf4M-unsplash_b.jpg\" alt=\"\" class=\"wp-image-281\" style=\"width:620px;height:207px\" srcset=\"https:\/\/wp.unil.ch\/digitalskills\/files\/2022\/04\/luca-florio-rAaAuFwCf4M-unsplash_b.jpg 1500w, https:\/\/wp.unil.ch\/digitalskills\/files\/2022\/04\/luca-florio-rAaAuFwCf4M-unsplash_b-300x100.jpg 300w, https:\/\/wp.unil.ch\/digitalskills\/files\/2022\/04\/luca-florio-rAaAuFwCf4M-unsplash_b-1024x341.jpg 1024w, https:\/\/wp.unil.ch\/digitalskills\/files\/2022\/04\/luca-florio-rAaAuFwCf4M-unsplash_b-768x256.jpg 768w, https:\/\/wp.unil.ch\/digitalskills\/files\/2022\/04\/luca-florio-rAaAuFwCf4M-unsplash_b-540x180.jpg 540w, https:\/\/wp.unil.ch\/digitalskills\/files\/2022\/04\/luca-florio-rAaAuFwCf4M-unsplash_b-1080x360.jpg 1080w\" sizes=\"auto, (max-width: 1500px) 100vw, 1500px\" \/><\/figure>\n<\/div>\n\n\n<h3 class=\"wp-block-heading\">Les productions<\/h3>\n\n\n\n<p>La r\u00e9alisation des diff\u00e9rents axes du projet s&rsquo;appuie sur les mod\u00e8les issus de la <a href=\"https:\/\/wiki.teluq.ca\/wikitedia\/index.php\/Conception_universelle_de_l%27apprentissage\">Conception Universelle de l\u2019Apprentissage (Universal Design of Learning)<\/a> afin de d\u00e9velopper des activit\u00e9s num\u00e9riques pour l\u2019enseignement et l\u2019apprentissage inclusives et respectueuses des principes soutenus par l&rsquo;\u00e9galit\u00e9 des chances.<\/p>\n\n\n\n<p id=\"toutes-les-productions-realisees-dans-le-cadre-du-projet-p8-digital-skills-future-university-sont-accessibles-en-open-access-et-peuvent-etre-utilisees-librement\">La majeure partie des productions est disponible et r\u00e9utilisable. Pour cela, vous trouverez bient\u00f4t des \u00ab\u00a0kits de d\u00e9marrage\u00a0\u00bb ou \u00ab\u00a0kits de transfert\u00a0\u00bb avec la pr\u00e9sentation de la production qui vous int\u00e9resse.<\/p>\n\n\n\n<p><\/p>\n\n\n\n<p><\/p>\n","protected":false},"excerpt":{"rendered":"<p>Le projet en bref Le projet Future University est men\u00e9 conjointement par l\u2019Universit\u00e9 de Lausanne (Centre de Soutien \u00e0 l&rsquo;Enseignement) et UniDistance Suisse (service EDUDL+).Il s\u2019inscrit dans le&hellip;<\/p>\n","protected":false},"author":1002683,"featured_media":2318,"parent":0,"menu_order":0,"comment_status":"closed","ping_status":"closed","template":"template-full-width-cover.php","meta":{"_seopress_robots_primary_cat":"","_seopress_titles_title":"","_seopress_titles_desc":"","_seopress_robots_index":"","footnotes":""},"class_list":["post-1661","page","type-page","status-publish","has-post-thumbnail"],"_links":{"self":[{"href":"https:\/\/wp.unil.ch\/digitalskills\/wp-json\/wp\/v2\/pages\/1661","targetHints":{"allow":["GET"]}}],"collection":[{"href":"https:\/\/wp.unil.ch\/digitalskills\/wp-json\/wp\/v2\/pages"}],"about":[{"href":"https:\/\/wp.unil.ch\/digitalskills\/wp-json\/wp\/v2\/types\/page"}],"author":[{"embeddable":true,"href":"https:\/\/wp.unil.ch\/digitalskills\/wp-json\/wp\/v2\/users\/1002683"}],"replies":[{"embeddable":true,"href":"https:\/\/wp.unil.ch\/digitalskills\/wp-json\/wp\/v2\/comments?post=1661"}],"version-history":[{"count":3,"href":"https:\/\/wp.unil.ch\/digitalskills\/wp-json\/wp\/v2\/pages\/1661\/revisions"}],"predecessor-version":[{"id":2049,"href":"https:\/\/wp.unil.ch\/digitalskills\/wp-json\/wp\/v2\/pages\/1661\/revisions\/2049"}],"wp:featuredmedia":[{"embeddable":true,"href":"https:\/\/wp.unil.ch\/digitalskills\/wp-json\/wp\/v2\/media\/2318"}],"wp:attachment":[{"href":"https:\/\/wp.unil.ch\/digitalskills\/wp-json\/wp\/v2\/media?parent=1661"}],"curies":[{"name":"wp","href":"https:\/\/api.w.org\/{rel}","templated":true}]}}