{"id":1579,"date":"2023-07-13T11:38:42","date_gmt":"2023-07-13T09:38:42","guid":{"rendered":"https:\/\/wp.unil.ch\/digitalskills\/?page_id=1579"},"modified":"2023-10-24T15:55:45","modified_gmt":"2023-10-24T13:55:45","slug":"open-badges","status":"publish","type":"page","link":"https:\/\/wp.unil.ch\/digitalskills\/institutions\/dossiers\/open-badges\/","title":{"rendered":"Open Badges"},"content":{"rendered":"\n<h3 class=\"wp-block-heading\">Dossier th\u00e9matique : Badges num\u00e9riques \/ Open Badges<\/h3>\n\n\n<div class=\"wp-block-image\">\n<figure class=\"aligncenter size-large is-resized\"><a href=\"https:\/\/wp.unil.ch\/digitalskills\/files\/2023\/07\/P8_Future_University_Dossier_Open_Badges.pdf\" target=\"_blank\" rel=\"noreferrer noopener\"><img alt=\"\" loading=\"lazy\" decoding=\"async\" width=\"1024\" height=\"589\" src=\"https:\/\/wp.unil.ch\/digitalskills\/files\/2023\/07\/P8_Future_University_Dossier_Open_Badges-1024x589.png\" alt=\"\" class=\"wp-image-1573\" style=\"aspect-ratio:1.7385398981324278;width:605px;height:auto\" srcset=\"https:\/\/wp.unil.ch\/digitalskills\/files\/2023\/07\/P8_Future_University_Dossier_Open_Badges-1024x589.png 1024w, https:\/\/wp.unil.ch\/digitalskills\/files\/2023\/07\/P8_Future_University_Dossier_Open_Badges-300x173.png 300w, https:\/\/wp.unil.ch\/digitalskills\/files\/2023\/07\/P8_Future_University_Dossier_Open_Badges-768x442.png 768w, https:\/\/wp.unil.ch\/digitalskills\/files\/2023\/07\/P8_Future_University_Dossier_Open_Badges-18x10.png 18w, https:\/\/wp.unil.ch\/digitalskills\/files\/2023\/07\/P8_Future_University_Dossier_Open_Badges-540x311.png 540w, https:\/\/wp.unil.ch\/digitalskills\/files\/2023\/07\/P8_Future_University_Dossier_Open_Badges-1080x621.png 1080w, https:\/\/wp.unil.ch\/digitalskills\/files\/2023\/07\/P8_Future_University_Dossier_Open_Badges-1320x759.png 1320w, https:\/\/wp.unil.ch\/digitalskills\/files\/2023\/07\/P8_Future_University_Dossier_Open_Badges.png 1500w\" sizes=\"auto, (max-width: 1024px) 100vw, 1024px\" \/><\/a><\/figure>\n<\/div>\n\n\n<p>Lorsqu\u2019il s\u2019agit de valider et d\u2019attester ce que l\u2019on ma\u00eetrise ou ce que nous sommes capables de faire, l\u2019obtention d\u2019un dipl\u00f4me d\u00e9livr\u00e9 par des structures institutionnelles (universit\u00e9s, instituts de formation, \u00e9coles sup\u00e9rieures) inscrites dans un parcours de formation pr\u00e9cis et identifi\u00e9 occupe une place privil\u00e9gi\u00e9e. <\/p>\n\n\n\n<p>Depuis l\u2019av\u00e8nement de la formation \u00e0 distance, l\u2019acc\u00e8s \u00e0 la formation et \u00e0 la certification des connaissances et des comp\u00e9tences est devenu plus accessible et d\u00e9mocratique. Cependant, le d\u00e9veloppement des comp\u00e9tences peut \u00e9galement s\u2019inscrire dans la poursuite d\u2019activit\u00e9s annexes. Elles seront acquises tout au long de la vie et du parcours individuel de chacune et chacun.<br><\/p>\n\n\n\n<figure class=\"wp-block-image size-large\"><a href=\"https:\/\/wp.unil.ch\/digitalskills\/files\/2023\/07\/P8_Future_University_Dossier_Open_Badges.pdf\" target=\"_blank\" rel=\"noreferrer noopener\"><img alt=\"\" loading=\"lazy\" decoding=\"async\" width=\"1024\" height=\"678\" src=\"https:\/\/wp.unil.ch\/digitalskills\/files\/2023\/07\/P8_Future_University_Dossier_Open_Badges_essentiel-1024x678.png\" alt=\"\" class=\"wp-image-1586\" srcset=\"https:\/\/wp.unil.ch\/digitalskills\/files\/2023\/07\/P8_Future_University_Dossier_Open_Badges_essentiel-1024x678.png 1024w, https:\/\/wp.unil.ch\/digitalskills\/files\/2023\/07\/P8_Future_University_Dossier_Open_Badges_essentiel-300x199.png 300w, https:\/\/wp.unil.ch\/digitalskills\/files\/2023\/07\/P8_Future_University_Dossier_Open_Badges_essentiel-768x508.png 768w, https:\/\/wp.unil.ch\/digitalskills\/files\/2023\/07\/P8_Future_University_Dossier_Open_Badges_essentiel-18x12.png 18w, https:\/\/wp.unil.ch\/digitalskills\/files\/2023\/07\/P8_Future_University_Dossier_Open_Badges_essentiel-540x357.png 540w, https:\/\/wp.unil.ch\/digitalskills\/files\/2023\/07\/P8_Future_University_Dossier_Open_Badges_essentiel-1080x715.png 1080w, https:\/\/wp.unil.ch\/digitalskills\/files\/2023\/07\/P8_Future_University_Dossier_Open_Badges_essentiel-1320x874.png 1320w, https:\/\/wp.unil.ch\/digitalskills\/files\/2023\/07\/P8_Future_University_Dossier_Open_Badges_essentiel.png 1500w\" sizes=\"auto, (max-width: 1024px) 100vw, 1024px\" \/><\/a><\/figure>\n\n\n\n<p>Ces comp\u00e9tences sont dites \u00ab informelles \u00bb et sont d\u00e9velopp\u00e9es hors des parcours officiels. Elles sont de ce fait difficiles \u00e0 identifier et \u00e0 valoriser. Depuis quelques ann\u00e9es, un nouvel outil technologique prometteur nomm\u00e9 badge num\u00e9rique &#8211; ou Open Badge &#8211; a fait son apparition dans les milieux de la formation.<\/p>\n\n\n\n<div class=\"wp-block-buttons is-content-justification-center is-layout-flex wp-container-core-buttons-is-layout-16018d1d wp-block-buttons-is-layout-flex\">\n<div class=\"wp-block-button\"><a class=\"wp-block-button__link wp-element-button\" href=\"https:\/\/wp.unil.ch\/digitalskills\/files\/2023\/07\/P8_Future_University_Dossier_Open_Badges.pdf\" target=\"_blank\" rel=\"noreferrer noopener\">T\u00e9l\u00e9charger le dossier<\/a><\/div>\n<\/div>\n","protected":false},"excerpt":{"rendered":"<p>Dossier th\u00e9matique : Badges num\u00e9riques \/ Open Badges Lorsqu\u2019il s\u2019agit de valider et d\u2019attester ce que l\u2019on ma\u00eetrise ou ce que nous sommes capables de faire, l\u2019obtention d\u2019un&hellip;<\/p>\n","protected":false},"author":1002300,"featured_media":0,"parent":1574,"menu_order":0,"comment_status":"closed","ping_status":"closed","template":"template-full-width.php","meta":{"_seopress_robots_primary_cat":"","_seopress_titles_title":"","_seopress_titles_desc":"","_seopress_robots_index":"","footnotes":""},"class_list":["post-1579","page","type-page","status-publish","has-post-thumbnail"],"_links":{"self":[{"href":"https:\/\/wp.unil.ch\/digitalskills\/wp-json\/wp\/v2\/pages\/1579","targetHints":{"allow":["GET"]}}],"collection":[{"href":"https:\/\/wp.unil.ch\/digitalskills\/wp-json\/wp\/v2\/pages"}],"about":[{"href":"https:\/\/wp.unil.ch\/digitalskills\/wp-json\/wp\/v2\/types\/page"}],"author":[{"embeddable":true,"href":"https:\/\/wp.unil.ch\/digitalskills\/wp-json\/wp\/v2\/users\/1002300"}],"replies":[{"embeddable":true,"href":"https:\/\/wp.unil.ch\/digitalskills\/wp-json\/wp\/v2\/comments?post=1579"}],"version-history":[{"count":4,"href":"https:\/\/wp.unil.ch\/digitalskills\/wp-json\/wp\/v2\/pages\/1579\/revisions"}],"predecessor-version":[{"id":1901,"href":"https:\/\/wp.unil.ch\/digitalskills\/wp-json\/wp\/v2\/pages\/1579\/revisions\/1901"}],"up":[{"embeddable":true,"href":"https:\/\/wp.unil.ch\/digitalskills\/wp-json\/wp\/v2\/pages\/1574"}],"wp:attachment":[{"href":"https:\/\/wp.unil.ch\/digitalskills\/wp-json\/wp\/v2\/media?parent=1579"}],"curies":[{"name":"wp","href":"https:\/\/api.w.org\/{rel}","templated":true}]}}