{"id":1574,"date":"2023-07-13T11:13:50","date_gmt":"2023-07-13T09:13:50","guid":{"rendered":"https:\/\/wp.unil.ch\/digitalskills\/?page_id=1574"},"modified":"2023-10-24T15:57:01","modified_gmt":"2023-10-24T13:57:01","slug":"dossiers","status":"publish","type":"page","link":"https:\/\/wp.unil.ch\/digitalskills\/institutions\/dossiers\/","title":{"rendered":"Dossiers"},"content":{"rendered":"\n<h2 class=\"wp-block-heading\">En bref<\/h2>\n\n\n\n<p class=\"justify-text\">Dans le cadre de la r\u00e9alisation du projet Future University, nous touchons \u00e0 plusieurs sujets transversaux de l&rsquo;enseignement et de l&rsquo;apprentissage avec le num\u00e9rique.<\/p>\n\n\n<div class=\"wp-block-image\">\n<figure class=\"aligncenter size-large is-resized\"><img loading=\"lazy\" decoding=\"async\" width=\"1024\" height=\"341\" src=\"https:\/\/wp.unil.ch\/digitalskills\/files\/2022\/04\/fabrizio-chiagano-YhnODmrg8hY-unsplash_b-1024x341.jpg\" alt=\"cables transparents et lumiere bleue\" class=\"wp-image-275\" style=\"aspect-ratio:3.002932551319648;width:473px;height:auto\" srcset=\"https:\/\/wp.unil.ch\/digitalskills\/files\/2022\/04\/fabrizio-chiagano-YhnODmrg8hY-unsplash_b-1024x341.jpg 1024w, https:\/\/wp.unil.ch\/digitalskills\/files\/2022\/04\/fabrizio-chiagano-YhnODmrg8hY-unsplash_b-300x100.jpg 300w, https:\/\/wp.unil.ch\/digitalskills\/files\/2022\/04\/fabrizio-chiagano-YhnODmrg8hY-unsplash_b-768x256.jpg 768w, https:\/\/wp.unil.ch\/digitalskills\/files\/2022\/04\/fabrizio-chiagano-YhnODmrg8hY-unsplash_b-540x180.jpg 540w, https:\/\/wp.unil.ch\/digitalskills\/files\/2022\/04\/fabrizio-chiagano-YhnODmrg8hY-unsplash_b-1080x360.jpg 1080w, https:\/\/wp.unil.ch\/digitalskills\/files\/2022\/04\/fabrizio-chiagano-YhnODmrg8hY-unsplash_b.jpg 1500w\" sizes=\"auto, (max-width: 1024px) 100vw, 1024px\" \/><\/figure>\n<\/div>\n\n\n<p class=\"justify-text\">Sujets d&rsquo;actualit\u00e9 ou r\u00e9flexions de fond, ces dossiers th\u00e9matiques permettent de faire un point de situation, \u00e0 partager avec la communaut\u00e9 universitaire et l&rsquo;ensemble des actrices et acteurs du num\u00e9rique dans l&rsquo;enseignement sup\u00e9rieur.<\/p>\n\n\n\n<h2 class=\"wp-block-heading\">Dossiers th\u00e9matiques 2023<\/h2>\n\n\n\n<p><strong>2023 &#8211; <a href=\"https:\/\/wp.unil.ch\/digitalskills\/institutions\/dossiers\/open-badges\/\">Dossier Les badges num\u00e9riques ou Open Badges<\/a><\/strong><\/p>\n","protected":false},"excerpt":{"rendered":"<p>En bref Dans le cadre de la r\u00e9alisation du projet Future University, nous touchons \u00e0 plusieurs sujets transversaux de l&rsquo;enseignement et de l&rsquo;apprentissage avec le num\u00e9rique. Sujets d&rsquo;actualit\u00e9&hellip;<\/p>\n","protected":false},"author":1002683,"featured_media":0,"parent":1826,"menu_order":0,"comment_status":"closed","ping_status":"closed","template":"template-full-width.php","meta":{"_seopress_robots_primary_cat":"","_seopress_titles_title":"","_seopress_titles_desc":"","_seopress_robots_index":"","footnotes":""},"class_list":["post-1574","page","type-page","status-publish","has-post-thumbnail"],"_links":{"self":[{"href":"https:\/\/wp.unil.ch\/digitalskills\/wp-json\/wp\/v2\/pages\/1574","targetHints":{"allow":["GET"]}}],"collection":[{"href":"https:\/\/wp.unil.ch\/digitalskills\/wp-json\/wp\/v2\/pages"}],"about":[{"href":"https:\/\/wp.unil.ch\/digitalskills\/wp-json\/wp\/v2\/types\/page"}],"author":[{"embeddable":true,"href":"https:\/\/wp.unil.ch\/digitalskills\/wp-json\/wp\/v2\/users\/1002683"}],"replies":[{"embeddable":true,"href":"https:\/\/wp.unil.ch\/digitalskills\/wp-json\/wp\/v2\/comments?post=1574"}],"version-history":[{"count":2,"href":"https:\/\/wp.unil.ch\/digitalskills\/wp-json\/wp\/v2\/pages\/1574\/revisions"}],"predecessor-version":[{"id":1974,"href":"https:\/\/wp.unil.ch\/digitalskills\/wp-json\/wp\/v2\/pages\/1574\/revisions\/1974"}],"up":[{"embeddable":true,"href":"https:\/\/wp.unil.ch\/digitalskills\/wp-json\/wp\/v2\/pages\/1826"}],"wp:attachment":[{"href":"https:\/\/wp.unil.ch\/digitalskills\/wp-json\/wp\/v2\/media?parent=1574"}],"curies":[{"name":"wp","href":"https:\/\/api.w.org\/{rel}","templated":true}]}}