{"id":1159,"date":"2023-02-07T15:23:27","date_gmt":"2023-02-07T14:23:27","guid":{"rendered":"https:\/\/wp.unil.ch\/digitalskills\/?page_id=1159"},"modified":"2023-10-25T13:19:43","modified_gmt":"2023-10-25T11:19:43","slug":"pad","status":"publish","type":"page","link":"https:\/\/wp.unil.ch\/digitalskills\/enseignants\/pad\/","title":{"rendered":"Formations PAD"},"content":{"rendered":"\n<h3 class=\"wp-block-heading\"><strong>D\u00e9velopper des comp\u00e9tences num\u00e9riques pour enseigner<\/strong><\/h3>\n\n\n\n<p>Les formations PAD, pour Parcours Agile de D\u00e9veloppement, se pr\u00e9sentent sous la forme d\u2019une s\u00e9rie de formations modulaires hybrides (5 modules), alliant diff\u00e9rentes modalit\u00e9s d\u2019apprentissage&nbsp;: des apprentissages en ligne asynchrone \u00ab&nbsp;APPEL&nbsp;\u00bb (Approfondissement en ligne) et des apprentissages synchrones sous forme d\u2019Ateliers en pr\u00e9sence et\/ou \u00e0 distance.<\/p>\n\n\n<div class=\"wp-block-image\">\n<figure class=\"aligncenter size-large is-resized\"><img alt=\"\" loading=\"lazy\" decoding=\"async\" width=\"1024\" height=\"576\" src=\"https:\/\/wp.unil.ch\/digitalskills\/files\/2023\/05\/P8_Ordinateur_cours_piqsels_VIOLET-1024x576.jpg\" alt=\"\" class=\"wp-image-1454\" style=\"aspect-ratio:1.7777777777777777;width:461px;height:auto\" srcset=\"https:\/\/wp.unil.ch\/digitalskills\/files\/2023\/05\/P8_Ordinateur_cours_piqsels_VIOLET-1024x576.jpg 1024w, https:\/\/wp.unil.ch\/digitalskills\/files\/2023\/05\/P8_Ordinateur_cours_piqsels_VIOLET-300x169.jpg 300w, https:\/\/wp.unil.ch\/digitalskills\/files\/2023\/05\/P8_Ordinateur_cours_piqsels_VIOLET-768x432.jpg 768w, https:\/\/wp.unil.ch\/digitalskills\/files\/2023\/05\/P8_Ordinateur_cours_piqsels_VIOLET-1536x864.jpg 1536w, https:\/\/wp.unil.ch\/digitalskills\/files\/2023\/05\/P8_Ordinateur_cours_piqsels_VIOLET-18x10.jpg 18w, https:\/\/wp.unil.ch\/digitalskills\/files\/2023\/05\/P8_Ordinateur_cours_piqsels_VIOLET-540x304.jpg 540w, https:\/\/wp.unil.ch\/digitalskills\/files\/2023\/05\/P8_Ordinateur_cours_piqsels_VIOLET-1080x608.jpg 1080w, https:\/\/wp.unil.ch\/digitalskills\/files\/2023\/05\/P8_Ordinateur_cours_piqsels_VIOLET-1320x743.jpg 1320w, https:\/\/wp.unil.ch\/digitalskills\/files\/2023\/05\/P8_Ordinateur_cours_piqsels_VIOLET.jpg 1920w\" sizes=\"auto, (max-width: 1024px) 100vw, 1024px\" \/><\/figure>\n<\/div>\n\n\n<p>Les PAD se d\u00e9clinent autour de trois publics distincts&nbsp;des universit\u00e9s et hautes \u00e9coles:<\/p>\n\n\n\n<ul class=\"wp-block-list\">\n<li><strong>les enseignantes et enseignants<\/strong><\/li>\n\n\n\n<li><strong>les assistantes et assistants<\/strong><\/li>\n\n\n\n<li><strong>les conseill\u00e8res, conseillers et ing\u00e9nieur\u00b7e\u00b7s p\u00e9dagogiques<\/strong><\/li>\n<\/ul>\n\n\n\n<p>Les contenus, activit\u00e9s et th\u00e9matiques sont s\u00e9lectionn\u00e9s et adapt\u00e9s aux besoins de ces diff\u00e9rents publics au sein de trois parcours distincts:<\/p>\n\n\n\n<ul class=\"wp-block-list\">\n<li>Enseignant\u00b7e\u00b7s &#8211; <strong>R\u00e9fl\u00e9chir sur l\u2019enseignement avec le num\u00e9rique<\/strong><\/li>\n\n\n\n<li>Assistant\u00b7e\u00b7s &#8211; <strong>Initiation \u00e0 l\u2019enseignement avec le num\u00e9rique<\/strong><\/li>\n\n\n\n<li>Conseill\u00b7\u00e8res\u00b7ers et ing\u00e9nieur\u00b7e\u00b7s p\u00e9dagogiques &#8211; <strong>Accompagner l\u2019enseignement avec le num\u00e9rique<\/strong><\/li>\n<\/ul>\n\n\n\n<p>Retrouvez <a href=\"https:\/\/wp.unil.ch\/digitalskills\/enseignants\/pad\/coulisses\/\">les coulisses de la pr\u00e9paration des PAD<\/a> en photos.<\/p>\n\n\n\n<h3 class=\"wp-block-heading\"><strong>Dur\u00e9e<\/strong><\/h3>\n\n\n\n<p>La charge totale de travail pour chaque PAD varie entre 10 et 15h pour le tronc commun, ne comprenant pas les ressources compl\u00e9mentaires \u00e0 disposition des participant\u00b7e\u00b7s d\u00e9sirant aller plus loin dans certaines th\u00e9matiques.<\/p>\n\n\n\n<p>La charge de travail asynchrone (APPEL) d\u2019un PAD variera entre 5h et 7h, et la charge de travail synchrone repr\u00e9sentera entre 6h et 8h.<\/p>\n\n\n\n<ul class=\"wp-block-list\">\n<li>Les APPEL repr\u00e9sentent 60 \u00e0 100 minutes de travail individuel asynchrone, en ligne.<\/li>\n\n\n\n<li>Les Ateliers durent 120 minutes lorsqu\u2019ils sont donn\u00e9s en pr\u00e9sentiel et 90 minutes lorsqu\u2019ils sont donn\u00e9s \u00e0 distance.<\/li>\n<\/ul>\n\n\n\n<h3 class=\"wp-block-heading\"><strong>Int\u00e9ress\u00e9\u00b7e ?<\/strong><\/h3>\n\n\n\n<p>Rendez-vous sur la page d&rsquo;inscription (lorsque disponible) : <br><a rel=\"noreferrer noopener\" href=\"https:\/\/courses.unil.ch\/cse\/categorie\/pad\" target=\"_blank\">https:\/\/courses.unil.ch\/cse\/categorie\/pad<\/a><br>Si vous ne trouvez pas l&rsquo;inscription, c&rsquo;est qu&rsquo;un PAD est d\u00e9j\u00e0 en cours. <\/p>\n","protected":false},"excerpt":{"rendered":"<p>D\u00e9velopper des comp\u00e9tences num\u00e9riques pour enseigner Les formations PAD, pour Parcours Agile de D\u00e9veloppement, se pr\u00e9sentent sous la forme d\u2019une s\u00e9rie de formations modulaires hybrides (5 modules), alliant&hellip;<\/p>\n","protected":false},"author":1002683,"featured_media":0,"parent":1727,"menu_order":0,"comment_status":"closed","ping_status":"closed","template":"template-full-width.php","meta":{"_seopress_robots_primary_cat":"","_seopress_titles_title":"","_seopress_titles_desc":"","_seopress_robots_index":"","footnotes":""},"class_list":["post-1159","page","type-page","status-publish","has-post-thumbnail"],"_links":{"self":[{"href":"https:\/\/wp.unil.ch\/digitalskills\/wp-json\/wp\/v2\/pages\/1159","targetHints":{"allow":["GET"]}}],"collection":[{"href":"https:\/\/wp.unil.ch\/digitalskills\/wp-json\/wp\/v2\/pages"}],"about":[{"href":"https:\/\/wp.unil.ch\/digitalskills\/wp-json\/wp\/v2\/types\/page"}],"author":[{"embeddable":true,"href":"https:\/\/wp.unil.ch\/digitalskills\/wp-json\/wp\/v2\/users\/1002683"}],"replies":[{"embeddable":true,"href":"https:\/\/wp.unil.ch\/digitalskills\/wp-json\/wp\/v2\/comments?post=1159"}],"version-history":[{"count":3,"href":"https:\/\/wp.unil.ch\/digitalskills\/wp-json\/wp\/v2\/pages\/1159\/revisions"}],"predecessor-version":[{"id":2078,"href":"https:\/\/wp.unil.ch\/digitalskills\/wp-json\/wp\/v2\/pages\/1159\/revisions\/2078"}],"up":[{"embeddable":true,"href":"https:\/\/wp.unil.ch\/digitalskills\/wp-json\/wp\/v2\/pages\/1727"}],"wp:attachment":[{"href":"https:\/\/wp.unil.ch\/digitalskills\/wp-json\/wp\/v2\/media?parent=1159"}],"curies":[{"name":"wp","href":"https:\/\/api.w.org\/{rel}","templated":true}]}}