{"id":6,"date":"2019-11-28T16:00:19","date_gmt":"2019-11-28T15:00:19","guid":{"rendered":"http:\/\/wp.unil.ch\/modele\/?page_id=6"},"modified":"2023-04-04T15:18:36","modified_gmt":"2023-04-04T13:18:36","slug":"home","status":"publish","type":"page","link":"https:\/\/wp.unil.ch\/digitalskills\/en\/home\/","title":{"rendered":"Future University: Developing digital skills of teachers and students"},"content":{"rendered":"\n<div style=\"height:13px\" aria-hidden=\"true\" class=\"wp-block-spacer\"><\/div>\n\n\n\n<div class=\"wp-block-media-text alignwide is-stacked-on-mobile is-image-fill has-buttons-text-background-color has-background\" style=\"grid-template-columns:37% auto\"><figure class=\"wp-block-media-text__media\" style=\"background-image:url(https:\/\/wp.unil.ch\/digitalskills\/files\/2022\/02\/efe-kurnaz-RnCPiXixooY-unsplash-1.jpg);background-position:50% 50%\"><img alt=\"\" loading=\"lazy\" decoding=\"async\" width=\"800\" height=\"1200\" src=\"https:\/\/wp.unil.ch\/digitalskills\/files\/2022\/02\/efe-kurnaz-RnCPiXixooY-unsplash-1.jpg\" alt=\"\" class=\"wp-image-166 size-full\" srcset=\"https:\/\/wp.unil.ch\/digitalskills\/files\/2022\/02\/efe-kurnaz-RnCPiXixooY-unsplash-1.jpg 800w, https:\/\/wp.unil.ch\/digitalskills\/files\/2022\/02\/efe-kurnaz-RnCPiXixooY-unsplash-1-200x300.jpg 200w, https:\/\/wp.unil.ch\/digitalskills\/files\/2022\/02\/efe-kurnaz-RnCPiXixooY-unsplash-1-683x1024.jpg 683w, https:\/\/wp.unil.ch\/digitalskills\/files\/2022\/02\/efe-kurnaz-RnCPiXixooY-unsplash-1-768x1152.jpg 768w, https:\/\/wp.unil.ch\/digitalskills\/files\/2022\/02\/efe-kurnaz-RnCPiXixooY-unsplash-1-540x810.jpg 540w\" sizes=\"auto, (max-width: 800px) 100vw, 800px\" \/><\/figure><div class=\"wp-block-media-text__content\">\n<p class=\"has-normal-font-size\" style=\"line-height:1.6\"><strong>Future University<\/strong><\/p>\n\n\n\n<p class=\"has-text-align-left has-small-font-size\" style=\"line-height:1.6\">Le projet Future University men\u00e9 par l&rsquo;Universit\u00e9 de Lausanne et UniDistance Suisse s\u2019inscrit dans la phase du programme 2021\u22122024  \u00ab P-8 Renforcement des digital skills dans l\u2019enseignement \u00bb men\u00e9 par swissuniversites. Il vise \u00e0 renforcer les comp\u00e9tences num\u00e9riques tant du corps enseignant pour enseigner que des \u00e9tudiantes et \u00e9tudiants pour apprendre.<\/p>\n\n\n\n<div class=\"wp-block-buttons is-layout-flex wp-block-buttons-is-layout-flex\">\n<div class=\"wp-block-button is-style-outline is-style-outline--1\"><a class=\"wp-block-button__link has-accent-color has-text-color wp-element-button\" href=\"https:\/\/wp.unil.ch\/digitalskills\/projet\/\" target=\"_blank\" rel=\"noreferrer noopener\">En savoir plus sur le projet<\/a><\/div>\n<\/div>\n<\/div><\/div>\n\n\n\n<h2 class=\"wp-block-heading alignwide\">Actualit\u00e9s<\/h2>\n\n\n<ul class=\"wp-block-latest-posts__list is-grid columns-3 alignwide wp-block-latest-posts\"><li><div class=\"wp-block-latest-posts__featured-image\"><a href=\"https:\/\/wp.unil.ch\/digitalskills\/en\/2023\/07\/dossier-open-badges\/\" aria-label=\"Dossier Open Badges\"><img loading=\"lazy\" decoding=\"async\" width=\"300\" height=\"173\" src=\"https:\/\/wp.unil.ch\/digitalskills\/files\/2023\/07\/P8_Future_University_Dossier_Open_Badges-300x173.png\" class=\"attachment-medium size-medium wp-post-image\" alt=\"\" style=\"\" srcset=\"https:\/\/wp.unil.ch\/digitalskills\/files\/2023\/07\/P8_Future_University_Dossier_Open_Badges-300x173.png 300w, https:\/\/wp.unil.ch\/digitalskills\/files\/2023\/07\/P8_Future_University_Dossier_Open_Badges-1024x589.png 1024w, https:\/\/wp.unil.ch\/digitalskills\/files\/2023\/07\/P8_Future_University_Dossier_Open_Badges-768x442.png 768w, https:\/\/wp.unil.ch\/digitalskills\/files\/2023\/07\/P8_Future_University_Dossier_Open_Badges-18x10.png 18w, https:\/\/wp.unil.ch\/digitalskills\/files\/2023\/07\/P8_Future_University_Dossier_Open_Badges-540x311.png 540w, https:\/\/wp.unil.ch\/digitalskills\/files\/2023\/07\/P8_Future_University_Dossier_Open_Badges-1080x621.png 1080w, https:\/\/wp.unil.ch\/digitalskills\/files\/2023\/07\/P8_Future_University_Dossier_Open_Badges-1320x759.png 1320w, https:\/\/wp.unil.ch\/digitalskills\/files\/2023\/07\/P8_Future_University_Dossier_Open_Badges.png 1500w\" sizes=\"auto, (max-width: 300px) 100vw, 300px\" \/><\/a><\/div><a class=\"wp-block-latest-posts__post-title\" href=\"https:\/\/wp.unil.ch\/digitalskills\/en\/2023\/07\/dossier-open-badges\/\">Dossier Open Badges<\/a><div class=\"wp-block-latest-posts__post-excerpt\">Les Open Badges : une option de microcertification dans l\u2019enseignement sup\u00e9rieur ? Notre dossier<\/div><\/li>\n<li><div class=\"wp-block-latest-posts__featured-image\"><a href=\"https:\/\/wp.unil.ch\/digitalskills\/en\/2023\/06\/cycle-de-conferences-rolf-kruse\/\" aria-label=\"Cycle de conf\u00e9rences &#8211; Rolf Kruse\"><img loading=\"lazy\" decoding=\"async\" width=\"300\" height=\"200\" src=\"https:\/\/wp.unil.ch\/digitalskills\/files\/2023\/06\/NEWS_virtuel-300x200.jpg\" class=\"attachment-medium size-medium wp-post-image\" alt=\"\" style=\"\" srcset=\"https:\/\/wp.unil.ch\/digitalskills\/files\/2023\/06\/NEWS_virtuel-300x200.jpg 300w, https:\/\/wp.unil.ch\/digitalskills\/files\/2023\/06\/NEWS_virtuel-1024x683.jpg 1024w, https:\/\/wp.unil.ch\/digitalskills\/files\/2023\/06\/NEWS_virtuel-768x512.jpg 768w, https:\/\/wp.unil.ch\/digitalskills\/files\/2023\/06\/NEWS_virtuel-18x12.jpg 18w, https:\/\/wp.unil.ch\/digitalskills\/files\/2023\/06\/NEWS_virtuel-540x360.jpg 540w, https:\/\/wp.unil.ch\/digitalskills\/files\/2023\/06\/NEWS_virtuel-1080x720.jpg 1080w, https:\/\/wp.unil.ch\/digitalskills\/files\/2023\/06\/NEWS_virtuel.jpg 1200w\" sizes=\"auto, (max-width: 300px) 100vw, 300px\" \/><\/a><\/div><a class=\"wp-block-latest-posts__post-title\" href=\"https:\/\/wp.unil.ch\/digitalskills\/en\/2023\/06\/cycle-de-conferences-rolf-kruse\/\">Cycle de conf\u00e9rences &#8211; Rolf Kruse<\/a><div class=\"wp-block-latest-posts__post-excerpt\">27.10.2023 &#8211; Conf\u00e9rence en bimodal et workshop en pr\u00e9sentiel \u201cOpportunities and Challenges of VR &amp; AR in Higher Education\u201d.<\/div><\/li>\n<li><div class=\"wp-block-latest-posts__featured-image\"><a href=\"https:\/\/wp.unil.ch\/digitalskills\/en\/2023\/06\/cycle-de-conferences-rikke-toft-norga%cc%8ard\/\" aria-label=\"Cycle de conf\u00e9rences &#8211; Rikke Toft N\u00f8rga\u030ard\"><img loading=\"lazy\" decoding=\"async\" width=\"300\" height=\"200\" src=\"https:\/\/wp.unil.ch\/digitalskills\/files\/2023\/06\/NEWS_hybridation-300x200.jpg\" class=\"attachment-medium size-medium wp-post-image\" alt=\"\" style=\"\" srcset=\"https:\/\/wp.unil.ch\/digitalskills\/files\/2023\/06\/NEWS_hybridation-300x200.jpg 300w, https:\/\/wp.unil.ch\/digitalskills\/files\/2023\/06\/NEWS_hybridation-1024x683.jpg 1024w, https:\/\/wp.unil.ch\/digitalskills\/files\/2023\/06\/NEWS_hybridation-768x512.jpg 768w, https:\/\/wp.unil.ch\/digitalskills\/files\/2023\/06\/NEWS_hybridation-18x12.jpg 18w, https:\/\/wp.unil.ch\/digitalskills\/files\/2023\/06\/NEWS_hybridation-540x360.jpg 540w, https:\/\/wp.unil.ch\/digitalskills\/files\/2023\/06\/NEWS_hybridation-1080x720.jpg 1080w, https:\/\/wp.unil.ch\/digitalskills\/files\/2023\/06\/NEWS_hybridation.jpg 1200w\" sizes=\"auto, (max-width: 300px) 100vw, 300px\" \/><\/a><\/div><a class=\"wp-block-latest-posts__post-title\" href=\"https:\/\/wp.unil.ch\/digitalskills\/en\/2023\/06\/cycle-de-conferences-rikke-toft-norga%cc%8ard\/\">Cycle de conf\u00e9rences &#8211; Rikke Toft N\u00f8rga\u030ard<\/a><div class=\"wp-block-latest-posts__post-excerpt\">27.09.2023 &#8211; Conf\u00e9rence et workshop en bimodal \u00ab\u00a0Hybrid Teaching and Learning in Theory and Practice\u00a0\u00bb.<\/div><\/li>\n<li><div class=\"wp-block-latest-posts__featured-image\"><a href=\"https:\/\/wp.unil.ch\/digitalskills\/en\/2023\/04\/conference-claude-savard\/\" aria-label=\"Cycle de conf\u00e9rences &#8211; Claude Savard\"><img loading=\"lazy\" decoding=\"async\" width=\"300\" height=\"169\" src=\"https:\/\/wp.unil.ch\/digitalskills\/files\/2023\/04\/P8_conference_apprentissage_experientiel_illustration-300x169.jpg\" class=\"attachment-medium size-medium wp-post-image\" alt=\"\" style=\"\" srcset=\"https:\/\/wp.unil.ch\/digitalskills\/files\/2023\/04\/P8_conference_apprentissage_experientiel_illustration-300x169.jpg 300w, https:\/\/wp.unil.ch\/digitalskills\/files\/2023\/04\/P8_conference_apprentissage_experientiel_illustration-1024x576.jpg 1024w, https:\/\/wp.unil.ch\/digitalskills\/files\/2023\/04\/P8_conference_apprentissage_experientiel_illustration-768x432.jpg 768w, https:\/\/wp.unil.ch\/digitalskills\/files\/2023\/04\/P8_conference_apprentissage_experientiel_illustration-18x10.jpg 18w, https:\/\/wp.unil.ch\/digitalskills\/files\/2023\/04\/P8_conference_apprentissage_experientiel_illustration-540x304.jpg 540w, https:\/\/wp.unil.ch\/digitalskills\/files\/2023\/04\/P8_conference_apprentissage_experientiel_illustration-1080x608.jpg 1080w, https:\/\/wp.unil.ch\/digitalskills\/files\/2023\/04\/P8_conference_apprentissage_experientiel_illustration.jpg 1200w\" sizes=\"auto, (max-width: 300px) 100vw, 300px\" \/><\/a><\/div><a class=\"wp-block-latest-posts__post-title\" href=\"https:\/\/wp.unil.ch\/digitalskills\/en\/2023\/04\/conference-claude-savard\/\">Cycle de conf\u00e9rences &#8211; Claude Savard<\/a><div class=\"wp-block-latest-posts__post-excerpt\">11.05.2023 &#8211; Conf\u00e9rence en bimodal et workshop en pr\u00e9sentiel \u00ab\u00a0Apprentissage exp\u00e9rientiel et utilisation du num\u00e9rique en enseignement\u00a0\u00bb.<\/div><\/li>\n<li><div class=\"wp-block-latest-posts__featured-image\"><a href=\"https:\/\/wp.unil.ch\/digitalskills\/en\/2023\/02\/eduhub-days-2023\/\" aria-label=\"Eduhub Days 2023\"><img loading=\"lazy\" decoding=\"async\" width=\"300\" height=\"300\" src=\"https:\/\/wp.unil.ch\/digitalskills\/files\/2023\/02\/EDUHUB_DAYS_2023_Future_of_Education-300x300.jpg\" class=\"attachment-medium size-medium wp-post-image\" alt=\"\" style=\"\" srcset=\"https:\/\/wp.unil.ch\/digitalskills\/files\/2023\/02\/EDUHUB_DAYS_2023_Future_of_Education-300x300.jpg 300w, https:\/\/wp.unil.ch\/digitalskills\/files\/2023\/02\/EDUHUB_DAYS_2023_Future_of_Education-1024x1024.jpg 1024w, https:\/\/wp.unil.ch\/digitalskills\/files\/2023\/02\/EDUHUB_DAYS_2023_Future_of_Education-150x150.jpg 150w, https:\/\/wp.unil.ch\/digitalskills\/files\/2023\/02\/EDUHUB_DAYS_2023_Future_of_Education-768x768.jpg 768w, https:\/\/wp.unil.ch\/digitalskills\/files\/2023\/02\/EDUHUB_DAYS_2023_Future_of_Education-12x12.jpg 12w, https:\/\/wp.unil.ch\/digitalskills\/files\/2023\/02\/EDUHUB_DAYS_2023_Future_of_Education-540x540.jpg 540w, https:\/\/wp.unil.ch\/digitalskills\/files\/2023\/02\/EDUHUB_DAYS_2023_Future_of_Education-1080x1080.jpg 1080w, https:\/\/wp.unil.ch\/digitalskills\/files\/2023\/02\/EDUHUB_DAYS_2023_Future_of_Education.jpg 1200w\" sizes=\"auto, (max-width: 300px) 100vw, 300px\" \/><\/a><\/div><a class=\"wp-block-latest-posts__post-title\" href=\"https:\/\/wp.unil.ch\/digitalskills\/en\/2023\/02\/eduhub-days-2023\/\">Eduhub Days 2023<\/a><div class=\"wp-block-latest-posts__post-excerpt\">Retour en images sur les Eduhub Days 2023 qui se sont tenus les 15 et 16 f\u00e9vrier sur le campus de Universit\u00e9 de Lausanne.<\/div><\/li>\n<li><div class=\"wp-block-latest-posts__featured-image\"><a href=\"https:\/\/wp.unil.ch\/digitalskills\/en\/2023\/02\/en-coulisses\/\" aria-label=\"En coulisses&#8230;\"><img loading=\"lazy\" decoding=\"async\" width=\"300\" height=\"179\" src=\"https:\/\/wp.unil.ch\/digitalskills\/files\/2023\/02\/PAD_2023_tournage_Maison_Ailleurs-300x179.jpg\" class=\"attachment-medium size-medium wp-post-image\" alt=\"\" style=\"\" srcset=\"https:\/\/wp.unil.ch\/digitalskills\/files\/2023\/02\/PAD_2023_tournage_Maison_Ailleurs-300x179.jpg 300w, https:\/\/wp.unil.ch\/digitalskills\/files\/2023\/02\/PAD_2023_tournage_Maison_Ailleurs-1024x612.jpg 1024w, https:\/\/wp.unil.ch\/digitalskills\/files\/2023\/02\/PAD_2023_tournage_Maison_Ailleurs-768x459.jpg 768w, https:\/\/wp.unil.ch\/digitalskills\/files\/2023\/02\/PAD_2023_tournage_Maison_Ailleurs-18x12.jpg 18w, https:\/\/wp.unil.ch\/digitalskills\/files\/2023\/02\/PAD_2023_tournage_Maison_Ailleurs-540x323.jpg 540w, https:\/\/wp.unil.ch\/digitalskills\/files\/2023\/02\/PAD_2023_tournage_Maison_Ailleurs-1080x645.jpg 1080w, https:\/\/wp.unil.ch\/digitalskills\/files\/2023\/02\/PAD_2023_tournage_Maison_Ailleurs.jpg 1200w\" sizes=\"auto, (max-width: 300px) 100vw, 300px\" \/><\/a><\/div><a class=\"wp-block-latest-posts__post-title\" href=\"https:\/\/wp.unil.ch\/digitalskills\/en\/2023\/02\/en-coulisses\/\">En coulisses&#8230;<\/a><div class=\"wp-block-latest-posts__post-excerpt\">En immersion dans les coulisses des tournages de ressources pour notre prochaine formation PAD.<\/div><\/li>\n<\/ul>\n\n\n<h2 class=\"wp-block-heading alignwide\">Agenda<\/h2>\n\n\n\n<div class=\"wp-block-media-text alignwide has-media-on-the-right is-stacked-on-mobile is-image-fill has-buttons-text-background-color has-background\" style=\"grid-template-columns:auto 63%\"><div class=\"wp-block-media-text__content\">\n<p><\/p>\n\n\n\n<div  class=\"tribe-compatibility-container\" >\n\t<div\n\t\t class=\"tribe-common tribe-events tribe-events-view tribe-events-view--widget-events-list tribe-events-widget\" \t\tdata-js=\"tribe-events-view\"\n\t\tdata-view-rest-url=\"https:\/\/wp.unil.ch\/digitalskills\/en\/wp-json\/tribe\/views\/v2\/html\"\n\t\tdata-view-manage-url=\"1\"\n\t\t\t\t\t\t\tdata-view-breakpoint-pointer=\"2ee5a723-fcd7-4d5a-8ba3-ef2517657e0a\"\n\t\t\t>\n\t\t<div class=\"tribe-events-widget-events-list\">\n\n\t\t\t\n\t\t\t<script data-js=\"tribe-events-view-data\" type=\"application\/json\">\n\t{\"slug\":\"widget-events-list\",\"prev_url\":\"\",\"next_url\":\"\",\"view_class\":\"Tribe\\\\Events\\\\Views\\\\V2\\\\Views\\\\Widgets\\\\Widget_List_View\",\"view_slug\":\"widget-events-list\",\"view_label\":\"View\",\"view\":null,\"should_manage_url\":true,\"id\":null,\"alias-slugs\":null,\"title\":\"Upcoming Events \\u2013 Future University\",\"limit\":\"5\",\"no_upcoming_events\":false,\"featured_events_only\":false,\"jsonld_enable\":true,\"tribe_is_list_widget\":false,\"admin_fields\":{\"title\":{\"label\":\"Title:\",\"type\":\"text\",\"parent_classes\":\"\",\"classes\":\"\",\"dependency\":\"\",\"id\":\"widget-tribe-widget-events-list--1-title\",\"name\":\"widget-tribe-widget-events-list[-1][title]\",\"options\":[],\"placeholder\":\"\",\"value\":null},\"limit\":{\"label\":\"Show:\",\"type\":\"number\",\"default\":5,\"min\":1,\"max\":10,\"step\":1,\"parent_classes\":\"\",\"classes\":\"\",\"dependency\":\"\",\"id\":\"widget-tribe-widget-events-list--1-limit\",\"name\":\"widget-tribe-widget-events-list[-1][limit]\",\"options\":[],\"placeholder\":\"\",\"value\":null},\"no_upcoming_events\":{\"label\":\"Hide this widget if there are no upcoming events.\",\"type\":\"checkbox\",\"parent_classes\":\"\",\"classes\":\"\",\"dependency\":\"\",\"id\":\"widget-tribe-widget-events-list--1-no_upcoming_events\",\"name\":\"widget-tribe-widget-events-list[-1][no_upcoming_events]\",\"options\":[],\"placeholder\":\"\",\"value\":null},\"featured_events_only\":{\"label\":\"Limit to featured events only\",\"type\":\"checkbox\",\"parent_classes\":\"\",\"classes\":\"\",\"dependency\":\"\",\"id\":\"widget-tribe-widget-events-list--1-featured_events_only\",\"name\":\"widget-tribe-widget-events-list[-1][featured_events_only]\",\"options\":[],\"placeholder\":\"\",\"value\":null},\"jsonld_enable\":{\"label\":\"Generate JSON-LD data\",\"type\":\"checkbox\",\"parent_classes\":\"\",\"classes\":\"\",\"dependency\":\"\",\"id\":\"widget-tribe-widget-events-list--1-jsonld_enable\",\"name\":\"widget-tribe-widget-events-list[-1][jsonld_enable]\",\"options\":[],\"placeholder\":\"\",\"value\":null}},\"events\":[],\"url\":\"https:\\\/\\\/wp.unil.ch\\\/digitalskills\\\/en\\\/?post_type=tribe_events&eventDisplay=widget-events-list\",\"url_event_date\":false,\"bar\":{\"keyword\":\"\",\"date\":\"\"},\"today\":\"2026-04-16 00:00:00\",\"now\":\"2026-04-16 01:08:13\",\"home_url\":\"https:\\\/\\\/wp.unil.ch\\\/digitalskills\\\/en\",\"rest_url\":\"https:\\\/\\\/wp.unil.ch\\\/digitalskills\\\/en\\\/wp-json\\\/tribe\\\/views\\\/v2\\\/html\",\"rest_method\":\"GET\",\"rest_nonce\":\"\",\"today_url\":\"https:\\\/\\\/wp.unil.ch\\\/digitalskills\\\/en\\\/?post_type=tribe_events&eventDisplay=widget-events-list&rest_route=%2Fwp%2Fv2%2Fpages%2F6\",\"today_title\":\"Click to select today's date\",\"today_label\":\"Today\",\"prev_label\":\"\",\"next_label\":\"\",\"date_formats\":{\"compact\":\"n\\\/j\\\/Y\",\"month_and_year_compact\":\"n\\\/j\\\/Y\",\"month_and_year\":\"F Y\",\"time_range_separator\":\" - \",\"date_time_separator\":\" @ \"},\"messages\":{\"notice\":[\"There are no upcoming events.\"]},\"start_of_week\":\"1\",\"header_title\":\"\",\"header_title_element\":\"h1\",\"content_title\":\"\",\"show_content_title\":false,\"breadcrumbs\":[],\"backlink\":false,\"before_events\":\"\",\"after_events\":\"\\n<!--\\nThis calendar is powered by The Events Calendar.\\nhttp:\\\/\\\/evnt.is\\\/18wn\\n-->\\n\",\"display_events_bar\":false,\"disable_event_search\":false,\"live_refresh\":true,\"ical\":{\"display_link\":true,\"link\":{\"url\":\"https:\\\/\\\/wp.unil.ch\\\/digitalskills\\\/en\\\/?post_type=tribe_events&#038;eventDisplay=widget-events-list&#038;ical=1\",\"text\":\"Export Events\",\"title\":\"Use this to share calendar data with Google Calendar, Apple iCal and other compatible apps\"}},\"container_classes\":[\"tribe-common\",\"tribe-events\",\"tribe-events-view\",\"tribe-events-view--widget-events-list\",\"tribe-events-widget\"],\"container_data\":[],\"is_past\":false,\"breakpoints\":{\"xsmall\":500,\"medium\":768,\"full\":960},\"breakpoint_pointer\":\"2ee5a723-fcd7-4d5a-8ba3-ef2517657e0a\",\"is_initial_load\":false,\"public_views\":{\"list\":{\"view_class\":\"Tribe\\\\Events\\\\Views\\\\V2\\\\Views\\\\List_View\",\"view_url\":\"https:\\\/\\\/wp.unil.ch\\\/digitalskills\\\/en\\\/events\\\/(\\\/?:list|liste)\\\/\",\"view_label\":\"List\",\"aria_label\":\"Display Events in List View\"},\"month\":{\"view_class\":\"Tribe\\\\Events\\\\Views\\\\V2\\\\Views\\\\Month_View\",\"view_url\":\"https:\\\/\\\/wp.unil.ch\\\/digitalskills\\\/en\\\/events\\\/(\\\/?:month|mois)\\\/\",\"view_label\":\"Month\",\"aria_label\":\"Display Events in Month View\"},\"day\":{\"view_class\":\"Tribe\\\\Events\\\\Views\\\\V2\\\\Views\\\\Day_View\",\"view_url\":\"https:\\\/\\\/wp.unil.ch\\\/digitalskills\\\/en\\\/events\\\/(\\\/?:today|aujourdhui)\\\/\",\"view_label\":\"Day\",\"aria_label\":\"Display Events in Day View\"}},\"show_latest_past\":false,\"past\":false,\"compatibility_classes\":[\"tribe-compatibility-container\"],\"view_more_text\":\"View Calendar\",\"view_more_title\":\"View more events.\",\"view_more_link\":\"https:\\\/\\\/wp.unil.ch\\\/digitalskills\\\/en\\\/events\\\/\",\"widget_title\":\"\\u00c9v\\u00e8nements \\u00e0 venir\",\"hide_if_no_upcoming_events\":false,\"display\":[],\"subscribe_links\":{\"gcal\":{\"label\":\"Google Calendar\",\"single_label\":\"Add to Google Calendar\",\"visible\":true,\"block_slug\":\"hasGoogleCalendar\"},\"ical\":{\"label\":\"iCalendar\",\"single_label\":\"Add to iCalendar\",\"visible\":true,\"block_slug\":\"hasiCal\"},\"outlook-365\":{\"label\":\"Outlook 365\",\"single_label\":\"Outlook 365\",\"visible\":true,\"block_slug\":\"hasOutlook365\"},\"outlook-live\":{\"label\":\"Outlook Live\",\"single_label\":\"Outlook Live\",\"visible\":true,\"block_slug\":\"hasOutlookLive\"},\"ics\":{\"label\":\"Export .ics file\",\"single_label\":\"Export .ics file\",\"visible\":true,\"block_slug\":null},\"outlook-ics\":{\"label\":\"Export Outlook .ics file\",\"single_label\":\"Export Outlook .ics file\",\"visible\":true,\"block_slug\":null}},\"_context\":{\"slug\":\"widget-events-list\"}}<\/script>\n\n\t\t\t\t\t\t\t<header class=\"tribe-events-widget-events-list__header\">\n\t\t\t\t\t<h2 class=\"tribe-events-widget-events-list__header-title tribe-common-h6 tribe-common-h--alt\">\n\t\t\t\t\t\t\u00c9v\u00e8nements \u00e0 venir\t\t\t\t\t<\/h2>\n\t\t\t\t<\/header>\n\t\t\t\n\t\t\t\n\t\t\t\t<div  class=\"tribe-events-header__messages tribe-events-c-messages tribe-common-b2\"  >\n\t\t\t<div class=\"tribe-events-c-messages__message tribe-events-c-messages__message--notice\" tabindex=\"0\" role=\"alert\" aria-live=\"assertive\">\n\t\t\t<svg\n\t class=\"tribe-common-c-svgicon tribe-common-c-svgicon--messages-not-found tribe-events-c-messages__message-icon-svg\" \taria-hidden=\"true\"\n\tviewBox=\"0 0 21 23\"\n\txmlns=\"http:\/\/www.w3.org\/2000\/svg\"\n>\n\t<g fill-rule=\"evenodd\">\n\t\t<path d=\"M.5 2.5h20v20H.5z\"\/>\n\t\t<path stroke-linecap=\"round\" d=\"M7.583 11.583l5.834 5.834m0-5.834l-5.834 5.834\" class=\"tribe-common-c-svgicon__svg-stroke\"\/>\n\t\t<path stroke-linecap=\"round\" d=\"M4.5.5v4m12-4v4\"\/>\n\t\t<path stroke-linecap=\"square\" d=\"M.5 7.5h20\"\/>\n\t<\/g>\n<\/svg>\n<span class=\"tribe-common-a11y-visual-hide\">\n\tNotice<\/span>\n\t\t\t\t\t\t\t<div\n\t\t\t\t\t data-key=\"0\" >\n\t\t\t\t\tThere are no upcoming events.\t\t\t\t<\/div>\n\t\t\t\t\t<\/div>\n\t<\/div>\n\n\t\t\t\t\t<\/div>\n\t<\/div>\n<\/div>\n<script data-js='tribe-events-view-nonce-data' type='application\/json'>{\"tvn1\":\"81c93d129b\",\"tvn2\":\"\"}<\/script>\n<\/div><figure class=\"wp-block-media-text__media\" style=\"background-image:url(https:\/\/wp.unil.ch\/digitalskills\/files\/2022\/05\/lum3n-RBuQ2PK_L8-unsplash-1024x683.jpg);background-position:47% 100%\"><img alt=\"\" loading=\"lazy\" decoding=\"async\" width=\"1024\" height=\"683\" src=\"https:\/\/wp.unil.ch\/digitalskills\/files\/2022\/05\/lum3n-RBuQ2PK_L8-unsplash-1024x683.jpg\" alt=\"\" class=\"wp-image-552 size-medium\" srcset=\"https:\/\/wp.unil.ch\/digitalskills\/files\/2022\/05\/lum3n-RBuQ2PK_L8-unsplash-1024x683.jpg 1024w, https:\/\/wp.unil.ch\/digitalskills\/files\/2022\/05\/lum3n-RBuQ2PK_L8-unsplash-300x200.jpg 300w, https:\/\/wp.unil.ch\/digitalskills\/files\/2022\/05\/lum3n-RBuQ2PK_L8-unsplash-768x512.jpg 768w, https:\/\/wp.unil.ch\/digitalskills\/files\/2022\/05\/lum3n-RBuQ2PK_L8-unsplash-1536x1024.jpg 1536w, https:\/\/wp.unil.ch\/digitalskills\/files\/2022\/05\/lum3n-RBuQ2PK_L8-unsplash-540x360.jpg 540w, https:\/\/wp.unil.ch\/digitalskills\/files\/2022\/05\/lum3n-RBuQ2PK_L8-unsplash-1080x720.jpg 1080w, https:\/\/wp.unil.ch\/digitalskills\/files\/2022\/05\/lum3n-RBuQ2PK_L8-unsplash.jpg 1800w\" sizes=\"auto, (max-width: 1024px) 100vw, 1024px\" \/><\/figure><\/div>\n\n\n\n<p class=\"has-text-align-center\"><strong>Envie d&rsquo;en savoir plus?<\/strong><\/p>\n\n\n\n<h3 class=\"wp-block-heading has-text-align-center\">Contactez-nous!<\/h3>\n\n\n\n<div class=\"wp-block-buttons alignwide is-layout-flex wp-block-buttons-is-layout-flex\">\n<div class=\"wp-block-button aligncenter is-style-outline is-style-outline--2\"><a class=\"wp-block-button__link has-accent-color has-text-color wp-element-button\" href=\"https:\/\/wp.unil.ch\/digitalskills\/contact\/\">Contacter l&rsquo;\u00e9quipe projet<\/a><\/div>\n<\/div>\n","protected":false},"excerpt":{"rendered":"<p>Actualit\u00e9s Agenda Envie d&rsquo;en savoir plus? Contactez-nous!<\/p>","protected":false},"author":108,"featured_media":166,"parent":0,"menu_order":0,"comment_status":"closed","ping_status":"closed","template":"template-full-width-cover.php","meta":{"_seopress_robots_primary_cat":"","_seopress_titles_title":"","_seopress_titles_desc":"","_seopress_robots_index":"","footnotes":""},"class_list":["post-6","page","type-page","status-publish","has-post-thumbnail"],"_links":{"self":[{"href":"https:\/\/wp.unil.ch\/digitalskills\/en\/wp-json\/wp\/v2\/pages\/6","targetHints":{"allow":["GET"]}}],"collection":[{"href":"https:\/\/wp.unil.ch\/digitalskills\/en\/wp-json\/wp\/v2\/pages"}],"about":[{"href":"https:\/\/wp.unil.ch\/digitalskills\/en\/wp-json\/wp\/v2\/types\/page"}],"author":[{"embeddable":true,"href":"https:\/\/wp.unil.ch\/digitalskills\/en\/wp-json\/wp\/v2\/users\/108"}],"replies":[{"embeddable":true,"href":"https:\/\/wp.unil.ch\/digitalskills\/en\/wp-json\/wp\/v2\/comments?post=6"}],"version-history":[{"count":0,"href":"https:\/\/wp.unil.ch\/digitalskills\/en\/wp-json\/wp\/v2\/pages\/6\/revisions"}],"wp:featuredmedia":[{"embeddable":true,"href":"https:\/\/wp.unil.ch\/digitalskills\/en\/wp-json\/wp\/v2\/media\/166"}],"wp:attachment":[{"href":"https:\/\/wp.unil.ch\/digitalskills\/en\/wp-json\/wp\/v2\/media?parent=6"}],"curies":[{"name":"wp","href":"https:\/\/api.w.org\/{rel}","templated":true}]}}