{"id":461,"date":"2022-04-14T16:43:41","date_gmt":"2022-04-14T14:43:41","guid":{"rendered":"https:\/\/wp.unil.ch\/digitalskills\/?page_id=461"},"modified":"2023-07-20T15:17:27","modified_gmt":"2023-07-20T13:17:27","slug":"labs","status":"publish","type":"page","link":"https:\/\/wp.unil.ch\/digitalskills\/en\/labs\/","title":{"rendered":"Digital Labs"},"content":{"rendered":"<p>The aim of the Num\u00e9ri-Labs \/ Digi-Labs programme is to enable teachers to develop their digital skills for teaching and students to develop their digital skills for learning as well as to enable them to integrate digital tools into their practice.<\/p>\n\n\n\n<p>The Num\u00e9ri-Labs \/ Digi-Labs offer a space for experimentation in which participants can manipulate digital tools and work on their own project to integrate digital technology into their teaching or learning. Participants will have the opportunity to collaborate with different members of the Teaching Support Centre team and with other digital actors within the institution.<\/p>\n\n\n\n<p><strong>Deliverables&nbsp;<\/strong> <\/p>\n\n\n\n<ul class=\"wp-block-list\">\n<li>Implementation of the concept <\/li>\n\n\n\n<li>Creation of content for the first labs in 2022<\/li>\n<\/ul>\n\n\n\n<p><strong>Digital Labs 2022\/23<\/strong><\/p>\n\n\n\n<ul class=\"wp-block-list\">\n<li>See <a rel=\"noreferrer noopener\" href=\"https:\/\/wp.unil.ch\/digitalskills\/en\/2022\/09\/numeri-labs-2022\/\" target=\"_blank\">Labs Programme 2022\/23<\/a><\/li>\n<\/ul>","protected":false},"excerpt":{"rendered":"<p>Le programme de Num\u00e9ri-Labs \/ Digi-Labs a pour objectif de permettre aux enseignant\u00b7e\u00b7s de d\u00e9velopper leurs comp\u00e9tences num\u00e9riques pour enseigner et aux \u00e9tudiant\u00b7e\u00b7s de d\u00e9velopper leurs comp\u00e9tences num\u00e9riques&hellip;<\/p>","protected":false},"author":1002300,"featured_media":1457,"parent":0,"menu_order":0,"comment_status":"closed","ping_status":"closed","template":"template-full-width.php","meta":{"_seopress_robots_primary_cat":"","_seopress_titles_title":"","_seopress_titles_desc":"","_seopress_robots_index":"","footnotes":""},"class_list":["post-461","page","type-page","status-publish","has-post-thumbnail"],"_links":{"self":[{"href":"https:\/\/wp.unil.ch\/digitalskills\/en\/wp-json\/wp\/v2\/pages\/461","targetHints":{"allow":["GET"]}}],"collection":[{"href":"https:\/\/wp.unil.ch\/digitalskills\/en\/wp-json\/wp\/v2\/pages"}],"about":[{"href":"https:\/\/wp.unil.ch\/digitalskills\/en\/wp-json\/wp\/v2\/types\/page"}],"author":[{"embeddable":true,"href":"https:\/\/wp.unil.ch\/digitalskills\/en\/wp-json\/wp\/v2\/users\/1002300"}],"replies":[{"embeddable":true,"href":"https:\/\/wp.unil.ch\/digitalskills\/en\/wp-json\/wp\/v2\/comments?post=461"}],"version-history":[{"count":0,"href":"https:\/\/wp.unil.ch\/digitalskills\/en\/wp-json\/wp\/v2\/pages\/461\/revisions"}],"wp:featuredmedia":[{"embeddable":true,"href":"https:\/\/wp.unil.ch\/digitalskills\/en\/wp-json\/wp\/v2\/media\/1457"}],"wp:attachment":[{"href":"https:\/\/wp.unil.ch\/digitalskills\/en\/wp-json\/wp\/v2\/media?parent=461"}],"curies":[{"name":"wp","href":"https:\/\/api.w.org\/{rel}","templated":true}]}}