{"id":455,"date":"2022-04-14T16:38:25","date_gmt":"2022-04-14T14:38:25","guid":{"rendered":"https:\/\/wp.unil.ch\/digitalskills\/?page_id=455"},"modified":"2023-05-23T15:28:26","modified_gmt":"2023-05-23T13:28:26","slug":"referentiels","status":"publish","type":"page","link":"https:\/\/wp.unil.ch\/digitalskills\/en\/referentiels\/","title":{"rendered":"Frameworks"},"content":{"rendered":"<p>A study on reference systems will make it possible to identify the digital competences needed for teaching and learning in Swiss universities and colleges (HES\/HEU).<\/p>\n\n\n\n<div class=\"wp-block-media-text alignwide is-stacked-on-mobile\"><figure class=\"wp-block-media-text__media\"><a href=\"https:\/\/wp.unil.ch\/digitalskills\/en\/files\/2023\/05\/P8_Methodologie_referentiels_competences_numeriques_2023.pdf\/\" target=\"_blank\" rel=\"noreferrer noopener\"><img alt=\"\" loading=\"lazy\" decoding=\"async\" width=\"1024\" height=\"613\" src=\"https:\/\/wp.unil.ch\/digitalskills\/files\/2023\/05\/P8_Methodologie_referentiels-1024x613.jpg\" class=\"wp-image-1447 size-full\" srcset=\"https:\/\/wp.unil.ch\/digitalskills\/files\/2023\/05\/P8_Methodologie_referentiels-1024x613.jpg 1024w, https:\/\/wp.unil.ch\/digitalskills\/files\/2023\/05\/P8_Methodologie_referentiels-300x180.jpg 300w, https:\/\/wp.unil.ch\/digitalskills\/files\/2023\/05\/P8_Methodologie_referentiels-768x460.jpg 768w, https:\/\/wp.unil.ch\/digitalskills\/files\/2023\/05\/P8_Methodologie_referentiels-18x12.jpg 18w, https:\/\/wp.unil.ch\/digitalskills\/files\/2023\/05\/P8_Methodologie_referentiels-540x323.jpg 540w, https:\/\/wp.unil.ch\/digitalskills\/files\/2023\/05\/P8_Methodologie_referentiels-1080x646.jpg 1080w, https:\/\/wp.unil.ch\/digitalskills\/files\/2023\/05\/P8_Methodologie_referentiels.jpg 1200w\" sizes=\"auto, (max-width: 1024px) 100vw, 1024px\" \/><\/a><\/figure><div class=\"wp-block-media-text__content\">\n<p class=\"has-small-font-size\"><strong>Document on working methods (in french)<\/strong><br><br>In order to define a digital skills reference framework for teaching and student communities, we based ourselves on existing reference frameworks, DigComp and DigCompEdu, European reference frameworks for digital skills.<\/p>\n\n\n\n<p class=\"has-small-font-size\">P8 Future University (2023), <em><a href=\"https:\/\/wp.unil.ch\/digitalskills\/en\/files\/2023\/05\/P8_Methodologie_referentiels_competences_numeriques_2023.pdf\/\" target=\"_blank\" rel=\"noreferrer noopener\">M\u00e9thodologie d\u2019\u00e9laboration des r\u00e9f\u00e9rentiels de comp\u00e9tences num\u00e9riques pour enseigner et \u00e9tudier<\/a><\/em>, Universit\u00e9 de Lausanne et UniDistance Suisse<\/p>\n<\/div><\/div>\n\n\n\n<div class=\"wp-block-buttons is-content-justification-left is-layout-flex wp-container-core-buttons-is-layout-fdcfc74e wp-block-buttons-is-layout-flex\">\n<div class=\"wp-block-button is-style-outline is-style-outline--1\"><a class=\"wp-block-button__link has-buttons-background-color has-text-color has-text-align-center wp-element-button\" href=\"https:\/\/wp.unil.ch\/digitalskills\/en\/files\/2023\/05\/P8_Methodologie_referentiels_competences_numeriques_2023.pdf\/\" target=\"_blank\" rel=\"noreferrer noopener\">Download document (in french)<\/a><\/div>\n<\/div>\n\n\n\n<h3 class=\"wp-block-heading\">Digital Competence Framework for Teachers<\/h3>\n\n\n\n<p>The Digital Competence Framework for teachers is based on the European <a href=\"https:\/\/joint-research-centre.ec.europa.eu\/digcompedu_en\" target=\"_blank\" rel=\"noreferrer noopener\">DigCompEdu<\/a> reference framework and will highlight the necessary competences specific to hybrid and distance learning by drawing on the expertise of each of the two institutions.<\/p>\n\n\n\n<div class=\"wp-block-buttons is-content-justification-left is-layout-flex wp-container-core-buttons-is-layout-fdcfc74e wp-block-buttons-is-layout-flex\">\n<div class=\"wp-block-button is-style-outline is-style-outline--2\"><a class=\"wp-block-button__link has-buttons-background-color has-text-color has-text-align-center wp-element-button\" href=\"https:\/\/wp.unil.ch\/digitalskills\/en\/files\/2023\/05\/P8_Referentiel_competences_numeriques_Enseigner_2023.pdf\/\" target=\"_blank\" rel=\"noreferrer noopener\">Download document (in french)<\/a><\/div>\n<\/div>\n\n\n\n<div class=\"wp-block-media-text alignwide is-stacked-on-mobile\"><figure class=\"wp-block-media-text__media\"><a href=\"https:\/\/wp.unil.ch\/digitalskills\/en\/files\/2023\/05\/P8_Referentiel_competences_numeriques_Enseigner_2023.pdf\/\" target=\"_blank\" rel=\"noreferrer noopener\"><img alt=\"\" loading=\"lazy\" decoding=\"async\" width=\"1024\" height=\"614\" src=\"https:\/\/wp.unil.ch\/digitalskills\/files\/2023\/05\/P8_Referentiel_Enseigner-1024x614.jpg\" class=\"wp-image-1448 size-full\" srcset=\"https:\/\/wp.unil.ch\/digitalskills\/files\/2023\/05\/P8_Referentiel_Enseigner-1024x614.jpg 1024w, https:\/\/wp.unil.ch\/digitalskills\/files\/2023\/05\/P8_Referentiel_Enseigner-300x180.jpg 300w, https:\/\/wp.unil.ch\/digitalskills\/files\/2023\/05\/P8_Referentiel_Enseigner-768x460.jpg 768w, https:\/\/wp.unil.ch\/digitalskills\/files\/2023\/05\/P8_Referentiel_Enseigner-18x12.jpg 18w, https:\/\/wp.unil.ch\/digitalskills\/files\/2023\/05\/P8_Referentiel_Enseigner-540x324.jpg 540w, https:\/\/wp.unil.ch\/digitalskills\/files\/2023\/05\/P8_Referentiel_Enseigner-1080x647.jpg 1080w, https:\/\/wp.unil.ch\/digitalskills\/files\/2023\/05\/P8_Referentiel_Enseigner.jpg 1200w\" sizes=\"auto, (max-width: 1024px) 100vw, 1024px\" \/><\/a><\/figure><div class=\"wp-block-media-text__content\">\n<p class=\"has-small-font-size\"><strong>Digital Competence Framework for Teachers<\/strong><br><br>This framework is largely based on the European DigComp Edu Framework : European Commission, Joint Research Center, Redcker, C. (2017). <em>European framework for the digital competence of educators : DigCompEdu<\/em>, (Y,Punie, editor), Publications Office<\/p>\n\n\n\n<p class=\"has-small-font-size\">P8 Future University (2023), <em><a href=\"https:\/\/wp.unil.ch\/digitalskills\/en\/files\/2023\/05\/P8_Referentiel_competences_numeriques_Enseigner_2023.pdf\/\" target=\"_blank\" rel=\"noreferrer noopener\">Digital Competence Framework for Teachers<\/a><\/em>, Universit\u00e9 de Lausanne et UniDistance Suisse<\/p>\n<\/div><\/div>\n\n\n<div class=\"wp-block-image\">\n<figure class=\"aligncenter size-large is-resized\"><a href=\"https:\/\/wp.unil.ch\/digitalskills\/en\/files\/2023\/05\/DigCompEdu_enseigner.jpg\/\"><img alt=\"\" decoding=\"async\" src=\"https:\/\/wp.unil.ch\/digitalskills\/files\/2023\/05\/DigCompEdu_enseigner-1024x672.jpg\" class=\"wp-image-1446\" width=\"600\" srcset=\"https:\/\/wp.unil.ch\/digitalskills\/files\/2023\/05\/DigCompEdu_enseigner-1024x672.jpg 1024w, https:\/\/wp.unil.ch\/digitalskills\/files\/2023\/05\/DigCompEdu_enseigner-300x197.jpg 300w, https:\/\/wp.unil.ch\/digitalskills\/files\/2023\/05\/DigCompEdu_enseigner-768x504.jpg 768w, https:\/\/wp.unil.ch\/digitalskills\/files\/2023\/05\/DigCompEdu_enseigner-18x12.jpg 18w, https:\/\/wp.unil.ch\/digitalskills\/files\/2023\/05\/DigCompEdu_enseigner-540x354.jpg 540w, https:\/\/wp.unil.ch\/digitalskills\/files\/2023\/05\/DigCompEdu_enseigner-1080x708.jpg 1080w, https:\/\/wp.unil.ch\/digitalskills\/files\/2023\/05\/DigCompEdu_enseigner.jpg 1200w\" sizes=\"(max-width: 1024px) 100vw, 1024px\" \/><\/a><\/figure>\n<\/div>\n\n\n<h3 class=\"wp-block-heading\">Digital Competence Framework for Student<\/h3>\n\n\n\n<p>The Digital Competence Framework for students is based on the European DigComp reference framework for citizens. This has recently been adapted and enriched in a new version <a rel=\"noreferrer noopener\" href=\"https:\/\/publications.jrc.ec.europa.eu\/repository\/handle\/JRC128415\" target=\"_blank\">DigComp 2.2, 20<\/a><a rel=\"noreferrer noopener\" href=\"https:\/\/publications.jrc.ec.europa.eu\/repository\/handle\/JRC128415\" target=\"_blank\">2<\/a><a rel=\"noreferrer noopener\" href=\"https:\/\/publications.jrc.ec.europa.eu\/repository\/handle\/JRC128415\" target=\"_blank\">2<\/a>.<\/p>\n\n\n\n<div class=\"wp-block-buttons is-content-justification-left is-layout-flex wp-container-core-buttons-is-layout-fdcfc74e wp-block-buttons-is-layout-flex\">\n<div class=\"wp-block-button is-style-outline is-style-outline--3\"><a class=\"wp-block-button__link has-buttons-background-color has-text-color has-text-align-center wp-element-button\" href=\"https:\/\/wp.unil.ch\/digitalskills\/en\/files\/2023\/05\/P8_Referentiel_competences_numeriques_Etudier_2023.pdf\/\" target=\"_blank\" rel=\"noreferrer noopener\">Download document (in french)<\/a><\/div>\n<\/div>\n\n\n\n<div class=\"wp-block-media-text alignwide is-stacked-on-mobile\"><figure class=\"wp-block-media-text__media\"><a href=\"https:\/\/wp.unil.ch\/digitalskills\/en\/files\/2023\/05\/P8_Referentiel_competences_numeriques_Etudier_2023.pdf\/\" target=\"_blank\" rel=\"noreferrer noopener\"><img alt=\"\" loading=\"lazy\" decoding=\"async\" width=\"1024\" height=\"614\" src=\"https:\/\/wp.unil.ch\/digitalskills\/files\/2023\/05\/P8_Referentiel_Etudier-1024x614.jpg\" class=\"wp-image-1449 size-full\" srcset=\"https:\/\/wp.unil.ch\/digitalskills\/files\/2023\/05\/P8_Referentiel_Etudier-1024x614.jpg 1024w, https:\/\/wp.unil.ch\/digitalskills\/files\/2023\/05\/P8_Referentiel_Etudier-300x180.jpg 300w, https:\/\/wp.unil.ch\/digitalskills\/files\/2023\/05\/P8_Referentiel_Etudier-768x460.jpg 768w, https:\/\/wp.unil.ch\/digitalskills\/files\/2023\/05\/P8_Referentiel_Etudier-18x12.jpg 18w, https:\/\/wp.unil.ch\/digitalskills\/files\/2023\/05\/P8_Referentiel_Etudier-540x324.jpg 540w, https:\/\/wp.unil.ch\/digitalskills\/files\/2023\/05\/P8_Referentiel_Etudier-1080x647.jpg 1080w, https:\/\/wp.unil.ch\/digitalskills\/files\/2023\/05\/P8_Referentiel_Etudier.jpg 1200w\" sizes=\"auto, (max-width: 1024px) 100vw, 1024px\" \/><\/a><\/figure><div class=\"wp-block-media-text__content\">\n<p class=\"has-small-font-size\"><strong>Digital Competence Framework for Student<\/strong><\/p>\n\n\n\n<p class=\"has-small-font-size\"><br>This framework is largely based on the European DigComp 2.2 framework: European Commission, Joint Research Centre, Vuorikari, R., Kluzer, S., Punie, Y. (2022). <em>DigComp 2.2, The Digital Competence framework for citizens: with new examples of knowledge, skills and attitudes<\/em>, Publications Office of the European Union.<\/p>\n\n\n\n<p class=\"has-small-font-size\">P8 Future University (2023)<a href=\"https:\/\/wp.unil.ch\/digitalskills\/en\/files\/2023\/05\/P8_Referentiel_competences_numeriques_Etudier_2023.pdf\/\" target=\"_blank\" rel=\"noreferrer noopener\">, <em>Digital Competence Framework for Student<\/em><\/a>, Universit\u00e9 de Lausanne et UniDistance Suisse<\/p>\n<\/div><\/div>\n\n\n<div class=\"wp-block-image\">\n<figure class=\"aligncenter size-large is-resized\"><a href=\"https:\/\/wp.unil.ch\/digitalskills\/en\/files\/2023\/05\/DigComp_Etudier.jpg\/\"><img alt=\"\" decoding=\"async\" src=\"https:\/\/wp.unil.ch\/digitalskills\/files\/2023\/05\/DigComp_Etudier-1024x682.jpg\" class=\"wp-image-1445\" width=\"600\" srcset=\"https:\/\/wp.unil.ch\/digitalskills\/files\/2023\/05\/DigComp_Etudier-1024x682.jpg 1024w, https:\/\/wp.unil.ch\/digitalskills\/files\/2023\/05\/DigComp_Etudier-300x200.jpg 300w, https:\/\/wp.unil.ch\/digitalskills\/files\/2023\/05\/DigComp_Etudier-768x511.jpg 768w, https:\/\/wp.unil.ch\/digitalskills\/files\/2023\/05\/DigComp_Etudier-18x12.jpg 18w, https:\/\/wp.unil.ch\/digitalskills\/files\/2023\/05\/DigComp_Etudier-540x360.jpg 540w, https:\/\/wp.unil.ch\/digitalskills\/files\/2023\/05\/DigComp_Etudier-1080x719.jpg 1080w, https:\/\/wp.unil.ch\/digitalskills\/files\/2023\/05\/DigComp_Etudier.jpg 1200w\" sizes=\"(max-width: 1024px) 100vw, 1024px\" \/><\/a><\/figure>\n<\/div>\n\n\n<p><\/p>\n\n\n\n<p><strong>Deliverables&nbsp;<\/strong> <\/p>\n\n\n\n<ul class=\"wp-block-list\">\n<li><strong>Document on working methods (in french)<\/strong><br>P8 Future University (2023), <em><a rel=\"noreferrer noopener\" href=\"https:\/\/wp.unil.ch\/digitalskills\/en\/files\/2023\/05\/P8_Methodologie_referentiels_competences_numeriques_2023.pdf\/\" target=\"_blank\">M\u00e9thodologie d\u2019\u00e9laboration des r\u00e9f\u00e9rentiels de comp\u00e9tences num\u00e9riques pour enseigner et \u00e9tudier<\/a><\/em>, Universit\u00e9 de Lausanne et UniDistance Suisse<br><\/li>\n\n\n\n<li><strong>Digital Competence Framework for Teachers (in french) <\/strong><br>P8 Future University (2023), <em><a rel=\"noreferrer noopener\" href=\"https:\/\/wp.unil.ch\/digitalskills\/en\/files\/2023\/05\/P8_Referentiel_competences_numeriques_Enseigner_2023.pdf\/\" target=\"_blank\">Digital Competence Framework for Teachers<\/a><\/em>, Universit\u00e9 de Lausanne et UniDistance Suisse<br><\/li>\n\n\n\n<li><strong>Digital Competence Framework for Student (in french)<\/strong><br>P8 Future University (2023)<a rel=\"noreferrer noopener\" href=\"https:\/\/wp.unil.ch\/digitalskills\/en\/files\/2023\/05\/P8_Referentiel_competences_numeriques_Etudier_2023.pdf\/\" target=\"_blank\">, <em>Digital Competence Framework for Student<\/em><\/a>, Universit\u00e9 de Lausanne et UniDistance Suisse<\/li>\n<\/ul>\n\n\n\n<p><strong>More information<\/strong><\/p>\n\n\n\n<ul class=\"wp-block-list\">\n<li><a rel=\"noreferrer noopener\" href=\"https:\/\/joint-research-centre.ec.europa.eu\/digcompedu_en\" target=\"_blank\">DigCompEdu &#8211; Digital Competence Framework for Educators<\/a> (2017)<\/li>\n\n\n\n<li><a href=\"https:\/\/joint-research-centre.ec.europa.eu\/digcompedu\/digcompedu-self-reflection-tools_en\">Selfie for Teachers &#8211; DigCompEdu Self-reflection Tools<\/a><\/li>\n\n\n\n<li><a rel=\"noreferrer noopener\" href=\"https:\/\/joint-research-centre.ec.europa.eu\/digcomp_en\" target=\"_blank\">DigComp 2.2 The Digital Competence Framework for Citizens <\/a>With new examples of knowledge, skills and attitudes (2022)<\/li>\n\n\n\n<li><a href=\"https:\/\/publications.jrc.ec.europa.eu\/repository\/handle\/JRC106281\">DigComp 2.1: The Digital Competence Framework for Citizens with eight proficiency levels and examples of use<\/a> (2017)<\/li>\n\n\n\n<li><a rel=\"noreferrer noopener\" href=\"https:\/\/joint-research-centre.ec.europa.eu\/document\/download\/dc4bb0d8-aef3-45f9-a730-842f94b6c7e5_en?filename=DIGCOMP-PAGE%2002-%20UPDATED%2002-06-2016.pdf\" target=\"_blank\">The 21 competences of DigComp 2.0 explained<\/a><\/li>\n\n\n\n<li><a rel=\"noreferrer noopener\" href=\"https:\/\/joint-research-centre.ec.europa.eu\/system\/files\/2017-05\/digcomp-framework-poster-af-ok.pdf\" target=\"_blank\">Infographie DigComp &#8211; Learning to swim in the Digital Ocean<\/a><\/li>\n<\/ul>\n\n\n\n<p><\/p>","protected":false},"excerpt":{"rendered":"<p>Une \u00e9tude sur les r\u00e9f\u00e9rentiels a permis d\u2019identifier les comp\u00e9tences num\u00e9riques n\u00e9cessaires pour enseigner et pour apprendre dans les hautes \u00e9coles et universit\u00e9s suisses (HES\/HEU). A t\u00e9l\u00e9charger ci-dessous,&hellip;<\/p>","protected":false},"author":1002300,"featured_media":1452,"parent":0,"menu_order":0,"comment_status":"closed","ping_status":"closed","template":"template-full-width.php","meta":{"_seopress_robots_primary_cat":"","_seopress_titles_title":"","_seopress_titles_desc":"","_seopress_robots_index":"","footnotes":""},"class_list":["post-455","page","type-page","status-publish","has-post-thumbnail"],"_links":{"self":[{"href":"https:\/\/wp.unil.ch\/digitalskills\/en\/wp-json\/wp\/v2\/pages\/455","targetHints":{"allow":["GET"]}}],"collection":[{"href":"https:\/\/wp.unil.ch\/digitalskills\/en\/wp-json\/wp\/v2\/pages"}],"about":[{"href":"https:\/\/wp.unil.ch\/digitalskills\/en\/wp-json\/wp\/v2\/types\/page"}],"author":[{"embeddable":true,"href":"https:\/\/wp.unil.ch\/digitalskills\/en\/wp-json\/wp\/v2\/users\/1002300"}],"replies":[{"embeddable":true,"href":"https:\/\/wp.unil.ch\/digitalskills\/en\/wp-json\/wp\/v2\/comments?post=455"}],"version-history":[{"count":0,"href":"https:\/\/wp.unil.ch\/digitalskills\/en\/wp-json\/wp\/v2\/pages\/455\/revisions"}],"wp:featuredmedia":[{"embeddable":true,"href":"https:\/\/wp.unil.ch\/digitalskills\/en\/wp-json\/wp\/v2\/media\/1452"}],"wp:attachment":[{"href":"https:\/\/wp.unil.ch\/digitalskills\/en\/wp-json\/wp\/v2\/media?parent=455"}],"curies":[{"name":"wp","href":"https:\/\/api.w.org\/{rel}","templated":true}]}}