{"id":2295,"date":"2024-05-23T10:28:30","date_gmt":"2024-05-23T08:28:30","guid":{"rendered":"https:\/\/wp.unil.ch\/digitalskills\/?page_id=2295"},"modified":"2024-05-23T10:28:30","modified_gmt":"2024-05-23T08:28:30","slug":"conference-mychelle-pride","status":"publish","type":"page","link":"https:\/\/wp.unil.ch\/digitalskills\/en\/enseignants\/conferences-ateliers\/conference-mychelle-pride\/","title":{"rendered":"Conference and workshop - Mychelle Pride"},"content":{"rendered":"<h2 class=\"wp-block-heading\">Excellence through diversity: Enhancing Learning through inclusive practices<\/h2>\n\n\n\n<div class=\"wp-block-columns are-vertically-aligned-top is-layout-flex wp-container-core-columns-is-layout-9d6595d7 wp-block-columns-is-layout-flex\">\n<div class=\"wp-block-column is-vertically-aligned-top is-layout-flow wp-block-column-is-layout-flow\" style=\"flex-basis:66.66%\">\n<h4 class=\"wp-block-heading\">Lecturer : Mychelle Pride<br><br>June 11th, 2024 <strong>in Brig (UniDistance Suisse) <\/strong><br><br>Conference : on site and online<br>Workshop on-site and online<\/h4>\n\n\n\n<p><strong>In english only<\/strong><\/p>\n<\/div>\n\n\n\n<div class=\"wp-block-column is-vertically-aligned-top is-layout-flow wp-block-column-is-layout-flow\" style=\"flex-basis:33.33%\"><div class=\"wp-block-image\">\n<figure class=\"aligncenter size-large is-resized\"><img alt=\"\" loading=\"lazy\" decoding=\"async\" width=\"1024\" height=\"683\" src=\"https:\/\/wp.unil.ch\/digitalskills\/files\/2023\/06\/NEWS_hybridation-1024x683.jpg\" class=\"wp-image-1498\" style=\"width:285px;height:auto\" srcset=\"https:\/\/wp.unil.ch\/digitalskills\/files\/2023\/06\/NEWS_hybridation-1024x683.jpg 1024w, https:\/\/wp.unil.ch\/digitalskills\/files\/2023\/06\/NEWS_hybridation-300x200.jpg 300w, https:\/\/wp.unil.ch\/digitalskills\/files\/2023\/06\/NEWS_hybridation-768x512.jpg 768w, https:\/\/wp.unil.ch\/digitalskills\/files\/2023\/06\/NEWS_hybridation-18x12.jpg 18w, https:\/\/wp.unil.ch\/digitalskills\/files\/2023\/06\/NEWS_hybridation-540x360.jpg 540w, https:\/\/wp.unil.ch\/digitalskills\/files\/2023\/06\/NEWS_hybridation-1080x720.jpg 1080w, https:\/\/wp.unil.ch\/digitalskills\/files\/2023\/06\/NEWS_hybridation.jpg 1200w\" sizes=\"auto, (max-width: 1024px) 100vw, 1024px\" \/><\/figure>\n<\/div><\/div>\n<\/div>\n\n\n\n<div class=\"wp-block-buttons alignwide is-vertical is-content-justification-center is-layout-flex wp-container-core-buttons-is-layout-1b05d9d1 wp-block-buttons-is-layout-flex\">\n<div class=\"wp-block-button has-custom-width wp-block-button__width-50 is-style-outline is-style-outline--1\"><a class=\"wp-block-button__link has-buttons-background-color has-text-color has-link-color wp-element-button\" href=\"https:\/\/unidistance.ch\/evenement\/excellence-through-diversity-enhancing-learning-through-inclusive-practices\" style=\"border-radius:40px\">Registration (through UniDistance's website)<\/a><\/div>\n<\/div>\n\n\n\n<p>Diversity makes a key contribution to excellence in Swiss research and teaching. Taking into account and promoting equal opportunities and diversity in all their dimensions is therefore \"a cross-cutting issue that affects all Swiss universities equally\u201d (Swissuniversities).<\/p>\n\n\n\n<p>This event will help you gain practical insights and innovative strategies for enhancing accessibility and inclusion within your modules.<\/p>\n\n\n\n<p>Through short activities, Maud Aspart and Vincent Groff will first help you gain a better understanding of some of the challenges your students may face. Then, Mychelle Pride will share her experience in supporting online students and give you some proven tools and approaches that are easy to implement to better support your students, in particular in a distance learning environment.<\/p>\n\n\n\n<p>By the end of the event, you will have deepened your understanding of diversity in higher education and feel confident in your ability to address these questions.<\/p>\n\n\n\n<h2 class=\"wp-block-heading\">Schedule&nbsp;<\/h2>\n\n\n\n<p><strong>9:00 AM - Welcome<\/strong><\/p>\n\n\n\n<p><strong>9:30 AM to 10:30 AM -<\/strong> <strong>Workshops<\/strong> (bimodal - on-site and online)<br><br>In these workshops, you will be confronted with situations involving searching for or manipulating information under different constraints, to help you think about how your course materials, tools and platforms might be perceived by students.<br><\/p>\n\n\n\n<p><strong>10.50AM to 12.00PM -<\/strong> <strong>Conference<\/strong> (bimodal - on-site and online)<br><br>Mychelle Pride's talk will focus on sharing experiences and tried and tested tools for supporting your students.<br><\/p>\n\n\n\n<h2 class=\"wp-block-heading\">Speakers<\/h2>\n\n\n\n<figure class=\"wp-block-image size-full is-resized\"><img alt=\"\" loading=\"lazy\" decoding=\"async\" width=\"600\" height=\"600\" src=\"https:\/\/wp.unil.ch\/digitalskills\/files\/2024\/05\/Pride_Mychelle_001-002.jpg\" class=\"wp-image-2299\" style=\"width:272px;height:auto\" srcset=\"https:\/\/wp.unil.ch\/digitalskills\/files\/2024\/05\/Pride_Mychelle_001-002.jpg 600w, https:\/\/wp.unil.ch\/digitalskills\/files\/2024\/05\/Pride_Mychelle_001-002-300x300.jpg 300w, https:\/\/wp.unil.ch\/digitalskills\/files\/2024\/05\/Pride_Mychelle_001-002-150x150.jpg 150w, https:\/\/wp.unil.ch\/digitalskills\/files\/2024\/05\/Pride_Mychelle_001-002-12x12.jpg 12w, https:\/\/wp.unil.ch\/digitalskills\/files\/2024\/05\/Pride_Mychelle_001-002-540x540.jpg 540w\" sizes=\"auto, (max-width: 600px) 100vw, 600px\" \/><figcaption class=\"wp-element-caption\">Mychelle Pride<\/figcaption><\/figure>\n\n\n\n<p>With more than 20 years\u2019 experience in the sector, Mychelle\u2019s work has focused on widening participation and enabling students to achieve to the best of their abilities, with a particular interest in equity, diversity and inclusion. <br><br>In her current role as Academic Director, PVC-Students at the Open University UK, Mychelle provides learning, teaching and assessment direction aimed to enhance the study experience. At the OU UK, Mychelle implemented a staff development programme \u2018Unlearn and Learn\u2019 which upskills staff in diversity, inclusion and accessibility.<\/p>\n\n\n\n<figure class=\"wp-block-image size-full is-resized\"><img alt=\"\" loading=\"lazy\" decoding=\"async\" width=\"500\" height=\"500\" src=\"https:\/\/wp.unil.ch\/digitalskills\/files\/2022\/06\/Maud_Aspart.jpg\" class=\"wp-image-651\" style=\"width:272px;height:auto\" srcset=\"https:\/\/wp.unil.ch\/digitalskills\/files\/2022\/06\/Maud_Aspart.jpg 500w, https:\/\/wp.unil.ch\/digitalskills\/files\/2022\/06\/Maud_Aspart-300x300.jpg 300w, https:\/\/wp.unil.ch\/digitalskills\/files\/2022\/06\/Maud_Aspart-150x150.jpg 150w\" sizes=\"auto, (max-width: 500px) 100vw, 500px\" \/><figcaption class=\"wp-element-caption\">Maud Aspart<\/figcaption><\/figure>\n\n\n\n<p>Trainer of trainers, Maud Aspart specialist in training engineering and communication (oral, written, digital), she accompanies teachers in their reflection on the use of digital technology in the design of devices and the conduct of teaching projects.<\/p>\n\n\n\n<figure class=\"wp-block-image size-full is-resized\"><img alt=\"\" loading=\"lazy\" decoding=\"async\" width=\"200\" height=\"200\" src=\"https:\/\/wp.unil.ch\/digitalskills\/files\/2024\/05\/csm_Groff_Vincent_web_fbbdee60ee.webp\" class=\"wp-image-2300\" style=\"width:272px;height:auto\" srcset=\"https:\/\/wp.unil.ch\/digitalskills\/files\/2024\/05\/csm_Groff_Vincent_web_fbbdee60ee.webp 200w, https:\/\/wp.unil.ch\/digitalskills\/files\/2024\/05\/csm_Groff_Vincent_web_fbbdee60ee-150x150.webp 150w, https:\/\/wp.unil.ch\/digitalskills\/files\/2024\/05\/csm_Groff_Vincent_web_fbbdee60ee-12x12.webp 12w\" sizes=\"auto, (max-width: 200px) 100vw, 200px\" \/><figcaption class=\"wp-element-caption\">Vincent Groff<\/figcaption><\/figure>\n\n\n\n<p>Vincent Groff works for EDUDL+ at UniDistance as a specialist collaborator on techno-pedagogical aspects of teaching and e-learning. Previously, he was a neuropsychologist and psychotherapist with a focus on handicaps, assistive technologies, and rehabilitation. He is a member of the International Association of Accessibility Professionals.<\/p>\n\n\n\n<h2 class=\"wp-block-heading\"><strong>Useful information<\/strong><\/h2>\n\n\n\n<div class=\"wp-block-columns is-layout-flex wp-container-core-columns-is-layout-9d6595d7 wp-block-columns-is-layout-flex\">\n<div class=\"wp-block-column is-layout-flow wp-block-column-is-layout-flow\">\n<p><strong>June 11th, 2024<\/strong><\/p>\n\n\n\n<p><strong>UniDistance Suisse<\/strong><br>Schinerstrasse 18, <br>3900 Brig-Glis<\/p>\n\n\n\n<p><strong><em>Mandatory registration<\/em><\/strong><\/p>\n<\/div>\n\n\n\n<div class=\"wp-block-column is-layout-flow wp-block-column-is-layout-flow\">\n<!-- iframe plugin v.6.0 wordpress.org\/plugins\/iframe\/ -->\n<iframe src=\"https:\/\/www.google.com\/maps\/embed?pb=!1m14!1m8!1m3!1d4208.963729990035!2d7.988551487353927!3d46.318257718929985!3m2!1i1024!2i768!4f13.1!3m3!1m2!1s0x478f6f1f4ea38295%3A0x2c3b9ddccae1032c!2sUniDistance%20Suisse!5e0!3m2!1sfr!2sch!4v1707148794113!5m2!1sfr!2sch\" width=\"400\" height=\"300\" style=\"border:0;\" allowfullscreen loading=\"lazy\" referrerpolicy=\"no-referrer-when-downgrade\" scrolling=\"yes\" class=\"iframe-class\" frameborder=\"0\"><\/iframe>\n\n<\/div>\n<\/div>\n\n\n\n<p>This event is financed through the P8 Digitalskills project from Swissuniversities, held by UniDistance Suisse and the University of Lausanne.<\/p>","protected":false},"excerpt":{"rendered":"<p>\u00ab\u00a0L&rsquo;excellence par la diversit\u00e9 : Am\u00e9liorer l&rsquo;apprentissage gr\u00e2ce \u00e0 des pratiques inclusives\u00a0\u00bb Conf\u00e9renci\u00e8re : Mychelle Pride 11 juin 2024 \u00e0 Brigue (UniDistance Suisse) Conf\u00e9rence bimodale (pr\u00e9sence et en&hellip;<\/p>","protected":false},"author":1002683,"featured_media":0,"parent":1756,"menu_order":0,"comment_status":"closed","ping_status":"closed","template":"template-full-width.php","meta":{"_seopress_robots_primary_cat":"","_seopress_titles_title":"","_seopress_titles_desc":"","_seopress_robots_index":"","footnotes":""},"class_list":["post-2295","page","type-page","status-publish","has-post-thumbnail"],"_links":{"self":[{"href":"https:\/\/wp.unil.ch\/digitalskills\/en\/wp-json\/wp\/v2\/pages\/2295","targetHints":{"allow":["GET"]}}],"collection":[{"href":"https:\/\/wp.unil.ch\/digitalskills\/en\/wp-json\/wp\/v2\/pages"}],"about":[{"href":"https:\/\/wp.unil.ch\/digitalskills\/en\/wp-json\/wp\/v2\/types\/page"}],"author":[{"embeddable":true,"href":"https:\/\/wp.unil.ch\/digitalskills\/en\/wp-json\/wp\/v2\/users\/1002683"}],"replies":[{"embeddable":true,"href":"https:\/\/wp.unil.ch\/digitalskills\/en\/wp-json\/wp\/v2\/comments?post=2295"}],"version-history":[{"count":5,"href":"https:\/\/wp.unil.ch\/digitalskills\/en\/wp-json\/wp\/v2\/pages\/2295\/revisions"}],"predecessor-version":[{"id":2303,"href":"https:\/\/wp.unil.ch\/digitalskills\/en\/wp-json\/wp\/v2\/pages\/2295\/revisions\/2303"}],"up":[{"embeddable":true,"href":"https:\/\/wp.unil.ch\/digitalskills\/en\/wp-json\/wp\/v2\/pages\/1756"}],"wp:attachment":[{"href":"https:\/\/wp.unil.ch\/digitalskills\/en\/wp-json\/wp\/v2\/media?parent=2295"}],"curies":[{"name":"wp","href":"https:\/\/api.w.org\/{rel}","templated":true}]}}