{"id":2260,"date":"2024-05-01T12:06:44","date_gmt":"2024-05-01T10:06:44","guid":{"rendered":"https:\/\/wp.unil.ch\/digitalskills\/?page_id=2260"},"modified":"2024-05-21T06:48:57","modified_gmt":"2024-05-21T04:48:57","slug":"webinaire-impact-academique-ia","status":"publish","type":"page","link":"https:\/\/wp.unil.ch\/digitalskills\/en\/enseignants\/conferences-ateliers\/webinaire-impact-academique-ia\/","title":{"rendered":"Webinaire"},"content":{"rendered":"<h2 class=\"wp-block-heading\">\u00ab\u00a0R\u00e9fl\u00e9chir \u00e0 l&rsquo;impact de l&rsquo;IA g\u00e9n\u00e9rative sur les travaux acad\u00e9miques\u00a0\u00bb<\/h2>\n\n\n\n<div class=\"wp-block-columns are-vertically-aligned-top is-layout-flex wp-container-core-columns-is-layout-9d6595d7 wp-block-columns-is-layout-flex\">\n<div class=\"wp-block-column is-vertically-aligned-top is-layout-flow wp-block-column-is-layout-flow\" style=\"flex-basis:66.66%\">\n<h4 class=\"wp-block-heading\">Animateur : Jean-Fran\u00e7ois Van de Po\u00ebl<br><br>25 juin 2024<strong> <\/strong>de 17h \u00e0 18h30<br>Sur la plateforme Zoom (pas de limites de places)<br><br><strong>Langue : <\/strong>fran\u00e7ais<\/h4>\n<\/div>\n\n\n\n<div class=\"wp-block-column is-vertically-aligned-top is-layout-flow wp-block-column-is-layout-flow\" style=\"flex-basis:33.33%\"><div class=\"wp-block-image\">\n<figure class=\"aligncenter size-large is-resized\"><img alt=\"\" loading=\"lazy\" decoding=\"async\" width=\"1024\" height=\"768\" src=\"https:\/\/wp.unil.ch\/digitalskills\/files\/2024\/03\/Perso-Videoconference-1024x768.png\" class=\"wp-image-2233\" style=\"width:285px;height:auto\" srcset=\"https:\/\/wp.unil.ch\/digitalskills\/files\/2024\/03\/Perso-Videoconference-1024x768.png 1024w, https:\/\/wp.unil.ch\/digitalskills\/files\/2024\/03\/Perso-Videoconference-300x225.png 300w, https:\/\/wp.unil.ch\/digitalskills\/files\/2024\/03\/Perso-Videoconference-768x576.png 768w, https:\/\/wp.unil.ch\/digitalskills\/files\/2024\/03\/Perso-Videoconference-1536x1152.png 1536w, https:\/\/wp.unil.ch\/digitalskills\/files\/2024\/03\/Perso-Videoconference-16x12.png 16w, https:\/\/wp.unil.ch\/digitalskills\/files\/2024\/03\/Perso-Videoconference-540x405.png 540w, https:\/\/wp.unil.ch\/digitalskills\/files\/2024\/03\/Perso-Videoconference-1080x810.png 1080w, https:\/\/wp.unil.ch\/digitalskills\/files\/2024\/03\/Perso-Videoconference.png 1600w\" sizes=\"auto, (max-width: 1024px) 100vw, 1024px\" \/><\/figure>\n<\/div><\/div>\n<\/div>\n\n\n\n<div class=\"wp-block-buttons alignwide is-vertical is-content-justification-center is-layout-flex wp-container-core-buttons-is-layout-1b05d9d1 wp-block-buttons-is-layout-flex\">\n<div class=\"wp-block-button has-custom-width wp-block-button__width-50 is-style-outline is-style-outline--1\"><a class=\"wp-block-button__link has-buttons-background-color has-text-color has-link-color wp-element-button\" href=\"https:\/\/wp.unil.ch\/digitalskills\/en\/enseignants\/conferences-ateliers\/webinaire-jeff-van-de-poel\/inscription-registration\/\" style=\"border-radius:40px\">Inscriptions<\/a><\/div>\n\n\n\n<div class=\"wp-block-button has-custom-width wp-block-button__width-50 is-style-outline is-style-outline--2\"><a class=\"wp-block-button__link has-buttons-background-color has-text-color has-link-color wp-element-button\" href=\"https:\/\/wp.unil.ch\/digitalskills\/en\/enseignants\/conferences-ateliers\/webinaire-jeff-van-de-poel\/modification\/\" style=\"border-radius:40px\">Modify the registration<\/a><\/div>\n<\/div>\n\n\n\n<p>Depuis leur apparition massive aux yeux du grand public, les outils d&rsquo;IA g\u00e9n\u00e9rative ont bouscul\u00e9 le monde de l&rsquo;enseignement et g\u00e9n\u00e9r\u00e9 de nombreuses craintes et interrogations en lien avec les pratiques d&rsquo;\u00e9valuation.<\/p>\n\n\n\n<p>Dans ce webinaire, nous vous proposons de r\u00e9fl\u00e9chir ensemble aux d\u00e9fis pos\u00e9s par la pr\u00e9sence de ce genre d&rsquo;outils en lien avec vos pratiques d&rsquo;\u00e9valuation et nous vous inviterons \u00e0 d\u00e9couvrir et \u00e0 tester une ressource interactive destin\u00e9e \u00e0 accompagner vos r\u00e9flexions en lien avec l&rsquo;adaptation des travaux acad\u00e9miques et autres activit\u00e9s d&rsquo;\u00e9valuation de votre cours \u00e0 la pr\u00e9sence des outils d&rsquo;IA g\u00e9n\u00e9rative.<\/p>\n\n\n\n<h2 class=\"wp-block-heading\">Objectifs&nbsp;<\/h2>\n\n\n\n<ul class=\"wp-block-list\">\n<li>Questionner ses modes et pratiques d&rsquo;\u00e9valuation en lien avec la pr\u00e9sence des outils d&rsquo;IA g\u00e9n\u00e9ratives<\/li>\n\n\n\n<li>Proposer un contrat p\u00e9dagogique int\u00e9grant la probl\u00e9matique des IA g\u00e9n\u00e9ratives dans les travaux acad\u00e9miques<\/li>\n<\/ul>\n\n\n\n<h2 class=\"wp-block-heading\">Animateur<\/h2>\n\n\n\n<figure class=\"wp-block-image size-full is-resized\"><img alt=\"\" loading=\"lazy\" decoding=\"async\" width=\"800\" height=\"800\" src=\"https:\/\/wp.unil.ch\/digitalskills\/files\/2024\/05\/JVDP02.png\" class=\"wp-image-2284\" style=\"width:272px;height:auto\" srcset=\"https:\/\/wp.unil.ch\/digitalskills\/files\/2024\/05\/JVDP02.png 800w, https:\/\/wp.unil.ch\/digitalskills\/files\/2024\/05\/JVDP02-300x300.png 300w, https:\/\/wp.unil.ch\/digitalskills\/files\/2024\/05\/JVDP02-150x150.png 150w, https:\/\/wp.unil.ch\/digitalskills\/files\/2024\/05\/JVDP02-768x768.png 768w, https:\/\/wp.unil.ch\/digitalskills\/files\/2024\/05\/JVDP02-12x12.png 12w, https:\/\/wp.unil.ch\/digitalskills\/files\/2024\/05\/JVDP02-540x540.png 540w\" sizes=\"auto, (max-width: 800px) 100vw, 800px\" \/><\/figure>\n\n\n\n<p><strong><a href=\"https:\/\/ch.linkedin.com\/in\/jfvandepoel\">Jean-Fran\u00e7ois Van de Po\u00ebl<\/a> <\/strong>est adjoint digital learning au CSE de l&rsquo;UNIL<\/p>\n\n\n\n<p>Titulaire de Masters en Sciences de l&rsquo;Education (Universit\u00e9 de Strasbourg), en Technologies Educatives (Universit\u00e9 de Gen\u00e8ve) et en P\u00e9dagogie universitaire (Universit\u00e9 de Li\u00e8ge), Jean-Fran\u00e7ois (Jeff) Van de Po\u00ebl est sp\u00e9cialiste dans le domaine des technologies \u00e9ducatives et des applications du num\u00e9rique dans l\u2019enseignement sup\u00e9rieur. Depuis 1995, Il a occup\u00e9 les fonctions de conseiller p\u00e9dagogique, d&rsquo;Ing\u00e9nieur P\u00e9dagogique, de Coordinateur de projets num\u00e9riques (Campus virtuel, MOOC, etc.) et de consultant externe. Il accompagne la Direction du Centre de Soutien \u00e0 l&rsquo;Enseignement de l&rsquo;Universit\u00e9 de Lausanne dans l\u2019\u00e9laboration et la mise en \u0153uvre de sa strat\u00e9gie num\u00e9rique en lien avec l\u2019enseignement et l\u2019apprentissage depuis 2019. Il repr\u00e9sente l\u2019UNIL aupr\u00e8s de l\u2019Education Technologies Working Group de Switch et est \u00e9galement membre actif de plusieurs associations (EUA, AIPU, EDEN, zoom EMEA).<\/p>\n\n\n\n<h2 class=\"wp-block-heading\"><strong>Useful information<\/strong><\/h2>\n\n\n\n<div class=\"wp-block-columns is-layout-flex wp-container-core-columns-is-layout-9d6595d7 wp-block-columns-is-layout-flex\">\n<div class=\"wp-block-column is-layout-flow wp-block-column-is-layout-flow\">\n<p>Le lien vers le webinaire vous sera communiqu\u00e9 ult\u00e9rieurement une fois votre inscription effectu\u00e9e.<\/p>\n\n\n\n<p><strong><em>Mandatory registration<\/em><\/strong><\/p>\n<\/div>\n<\/div>\n\n\n\n<p>Cet \u00e9v\u00e9nement est financ\u00e9 dans le cadre du P8 \u2018DigitalSkills\u2019 de Swissuniversities qui regroupe UniDistance Suisse et l\u2019UNIL.<\/p>","protected":false},"excerpt":{"rendered":"<p>\u00ab\u00a0R\u00e9fl\u00e9chir \u00e0 l&rsquo;impact de l&rsquo;IA g\u00e9n\u00e9rative sur les travaux acad\u00e9miques\u00a0\u00bb Animateur : Jean-Fran\u00e7ois Van de Po\u00ebl 25 juin 2024 de 17h \u00e0 18h30Sur la plateforme Zoom (pas de&hellip;<\/p>","protected":false},"author":1002683,"featured_media":0,"parent":1756,"menu_order":0,"comment_status":"closed","ping_status":"closed","template":"template-full-width.php","meta":{"_seopress_robots_primary_cat":"","_seopress_titles_title":"","_seopress_titles_desc":"","_seopress_robots_index":"","footnotes":""},"class_list":["post-2260","page","type-page","status-publish","has-post-thumbnail"],"_links":{"self":[{"href":"https:\/\/wp.unil.ch\/digitalskills\/en\/wp-json\/wp\/v2\/pages\/2260","targetHints":{"allow":["GET"]}}],"collection":[{"href":"https:\/\/wp.unil.ch\/digitalskills\/en\/wp-json\/wp\/v2\/pages"}],"about":[{"href":"https:\/\/wp.unil.ch\/digitalskills\/en\/wp-json\/wp\/v2\/types\/page"}],"author":[{"embeddable":true,"href":"https:\/\/wp.unil.ch\/digitalskills\/en\/wp-json\/wp\/v2\/users\/1002683"}],"replies":[{"embeddable":true,"href":"https:\/\/wp.unil.ch\/digitalskills\/en\/wp-json\/wp\/v2\/comments?post=2260"}],"version-history":[{"count":5,"href":"https:\/\/wp.unil.ch\/digitalskills\/en\/wp-json\/wp\/v2\/pages\/2260\/revisions"}],"predecessor-version":[{"id":2290,"href":"https:\/\/wp.unil.ch\/digitalskills\/en\/wp-json\/wp\/v2\/pages\/2260\/revisions\/2290"}],"up":[{"embeddable":true,"href":"https:\/\/wp.unil.ch\/digitalskills\/en\/wp-json\/wp\/v2\/pages\/1756"}],"wp:attachment":[{"href":"https:\/\/wp.unil.ch\/digitalskills\/en\/wp-json\/wp\/v2\/media?parent=2260"}],"curies":[{"name":"wp","href":"https:\/\/api.w.org\/{rel}","templated":true}]}}