{"id":2212,"date":"2024-03-08T11:20:52","date_gmt":"2024-03-08T10:20:52","guid":{"rendered":"https:\/\/wp.unil.ch\/digitalskills\/?page_id=2212"},"modified":"2024-05-06T15:45:07","modified_gmt":"2024-05-06T13:45:07","slug":"monica-ward","status":"publish","type":"page","link":"https:\/\/wp.unil.ch\/digitalskills\/en\/enseignants\/conferences-ateliers\/monica-ward\/","title":{"rendered":"Conf\u00e9rence et atelier"},"content":{"rendered":"<h2 class=\"wp-block-heading\">\"Interactive oral assessment\"<\/h2>\n\n\n\n<div class=\"wp-block-columns are-vertically-aligned-top is-layout-flex wp-container-core-columns-is-layout-9d6595d7 wp-block-columns-is-layout-flex\">\n<div class=\"wp-block-column is-vertically-aligned-top is-layout-flow wp-block-column-is-layout-flow\" style=\"flex-basis:66.66%\">\n<h4 class=\"wp-block-heading\">Conf\u00e9renci\u00e8re : Monica Ward<br><br>April 9th, 2024 <strong>in Brig (UniDistance Suisse) <\/strong><br><br>Conference : on site and online<br>On-site Workshop<\/h4>\n\n\n\n<p><strong>In english only<\/strong><\/p>\n<\/div>\n\n\n\n<div class=\"wp-block-column is-vertically-aligned-top is-layout-flow wp-block-column-is-layout-flow\" style=\"flex-basis:33.33%\"><div class=\"wp-block-image\">\n<figure class=\"aligncenter size-large is-resized\"><img alt=\"\" loading=\"lazy\" decoding=\"async\" width=\"1200\" height=\"1200\" src=\"https:\/\/wp.unil.ch\/digitalskills\/files\/2024\/03\/Perso-Videoconference-edited.png\" class=\"wp-image-2237\" style=\"width:285px;height:auto\" srcset=\"https:\/\/wp.unil.ch\/digitalskills\/files\/2024\/03\/Perso-Videoconference-edited.png 1200w, https:\/\/wp.unil.ch\/digitalskills\/files\/2024\/03\/Perso-Videoconference-edited-300x300.png 300w, https:\/\/wp.unil.ch\/digitalskills\/files\/2024\/03\/Perso-Videoconference-edited-1024x1024.png 1024w, https:\/\/wp.unil.ch\/digitalskills\/files\/2024\/03\/Perso-Videoconference-edited-150x150.png 150w, https:\/\/wp.unil.ch\/digitalskills\/files\/2024\/03\/Perso-Videoconference-edited-768x768.png 768w, https:\/\/wp.unil.ch\/digitalskills\/files\/2024\/03\/Perso-Videoconference-edited-12x12.png 12w, https:\/\/wp.unil.ch\/digitalskills\/files\/2024\/03\/Perso-Videoconference-edited-540x540.png 540w, https:\/\/wp.unil.ch\/digitalskills\/files\/2024\/03\/Perso-Videoconference-edited-1080x1080.png 1080w\" sizes=\"auto, (max-width: 1200px) 100vw, 1200px\" \/><\/figure>\n<\/div><\/div>\n<\/div>\n\n\n\n<div class=\"wp-block-buttons alignwide is-vertical is-content-justification-center is-layout-flex wp-container-core-buttons-is-layout-1b05d9d1 wp-block-buttons-is-layout-flex\">\n<div class=\"wp-block-button has-custom-width wp-block-button__width-50 is-style-outline is-style-outline--1\"><a class=\"wp-block-button__link has-buttons-background-color has-text-color has-link-color wp-element-button\" style=\"border-radius:40px\">Inscriptions closes<\/a><\/div>\n\n\n\n<div class=\"wp-block-button has-custom-width wp-block-button__width-50 is-style-outline is-style-outline--2\"><a class=\"wp-block-button__link has-buttons-background-color has-text-color has-link-color wp-element-button\" href=\"https:\/\/wp.unil.ch\/digitalskills\/en\/enseignants\/conferences-ateliers\/monica-ward\/changements-changes\/\" style=\"border-radius:40px\">Modify the registration<\/a><\/div>\n<\/div>\n\n\n\n<p>Measuring students\u2019 learning has always been a challenge. But this challenge is amplified in remote learning environments, for large cohorts, and, more recently, with the widespread access to AI.<\/p>\n\n\n\n<p>Dublin City University (DCU) has been using Interactive Oral Assessments to enable students to show their deeper understanding of a topic through authentic two-way conversations, in work-based scenarios.<\/p>\n\n\n\n<p>Dr Monica Ward will share her experience with Interactive Oral Assessments, examples of how it has been used in different fields, and how they prepare assessors and students.<\/p>\n\n\n\n<h2 class=\"wp-block-heading\">Schedule&nbsp;<\/h2>\n\n\n\n<p><strong>9:00 AM - Welcome<\/strong><\/p>\n\n\n\n<p><strong>9:30 AM to 10:30 AM -<\/strong> <strong>Conference<\/strong> (bimodal - on-site and online)<br><br>This session will provide an overview of Interactive Oral (IO) assessments. <br>It will explain what they are and what they are not.\u202f It will highlight some of the benefits of Interactive Oral assessments, along with some case studies. <br>This session will answer some of the most frequently asked questions on IO assessment. <\/p>\n\n\n\n<p><strong>10:50 AM to 12:20 PM -<\/strong> <strong>Workshop<\/strong> on-site only<br><br>This interactive (no pun intended) workshop will provide participants with an opportunity to learn more about IO assessments, including the logistical elements around IO assessments.\u202f There will be an opportunity to experience an interactive oral assessment and reflect on what worked and what did not work.\u202f No prior knowledge is assumed and all are welcome.<\/p>\n\n\n\n<p><strong>12:30PM - Lunch<\/strong><\/p>\n\n\n\n<h2 class=\"wp-block-heading\">Speaker<\/h2>\n\n\n\n<figure class=\"wp-block-image size-full is-resized\"><img alt=\"\" loading=\"lazy\" decoding=\"async\" width=\"1036\" height=\"776\" src=\"https:\/\/wp.unil.ch\/digitalskills\/files\/2024\/03\/MW_photo_Up.jpg\" class=\"wp-image-2240\" style=\"width:272px;height:auto\" srcset=\"https:\/\/wp.unil.ch\/digitalskills\/files\/2024\/03\/MW_photo_Up.jpg 1036w, https:\/\/wp.unil.ch\/digitalskills\/files\/2024\/03\/MW_photo_Up-300x225.jpg 300w, https:\/\/wp.unil.ch\/digitalskills\/files\/2024\/03\/MW_photo_Up-1024x767.jpg 1024w, https:\/\/wp.unil.ch\/digitalskills\/files\/2024\/03\/MW_photo_Up-768x575.jpg 768w, https:\/\/wp.unil.ch\/digitalskills\/files\/2024\/03\/MW_photo_Up-16x12.jpg 16w, https:\/\/wp.unil.ch\/digitalskills\/files\/2024\/03\/MW_photo_Up-540x404.jpg 540w\" sizes=\"auto, (max-width: 1036px) 100vw, 1036px\" \/><\/figure>\n\n\n\n<p>Dr. Monica Ward is the Dean of Teaching at Learning at Dublin City University (DCU) and was formerly the Assistant Head for Teaching Excellence in the School of Computing. <br><br>She has extensive experience in teaching, learning and assessment across a range of subjects from technical modules to transversal skills modules.\u202f She is a pioneer in the use of Interactive Oral assessment in Higher Education and also the use of technology in education.\u202f She advocates a co-creation and culturally-responsive approach with academics and students <\/p>\n\n\n\n<p>Dr. Ward dirige la r\u00e9ponse de la DCU \u00e0 l\u2019intelligence artificielle (IA) dans le contexte de l\u2019int\u00e9grit\u00e9 acad\u00e9mique et de la n\u00e9cessit\u00e9 de renouveler les programmes d\u2019\u00e9tudes.\u202f Elle repr\u00e9sente la DCU aupr\u00e8s de Quality and Qualifications Ireland (QQI), l\u2019agence publique irlandaise charg\u00e9e de promouvoir la qualit\u00e9, l\u2019int\u00e9grit\u00e9 et la r\u00e9putation du syst\u00e8me d\u2019enseignement sup\u00e9rieur irlandais.\u202f Elle repr\u00e9sente \u00e9galement la DCU au sein du National Academic Integrity Network (NAIN) et du Irish Network for Gender Equality in Computing (INGENIC).\u202f <\/p>\n\n\n\n<p>She is currently leading a QQI funded project on Interactive Oral assessment as part of their Transforming Assessment initiative. <\/p>\n\n\n\n<p>Dr. Ward est Principal Fellow of the Higher Education Authority (PFHEA) en raison de ses ant\u00e9c\u00e9dents en mati\u00e8re de leadership strat\u00e9gique efficace dans la pratique acad\u00e9mique, de ses ant\u00e9c\u00e9dents en mati\u00e8re de vision et de transformation de la pratique et des r\u00e9sultats.\u202f Cela la place dans le top 1% des Advanced HE Fellowships au niveau international.<\/p>\n\n\n\n<h2 class=\"wp-block-heading\"><strong>Useful information<\/strong><\/h2>\n\n\n\n<div class=\"wp-block-columns is-layout-flex wp-container-core-columns-is-layout-9d6595d7 wp-block-columns-is-layout-flex\">\n<div class=\"wp-block-column is-layout-flow wp-block-column-is-layout-flow\">\n<p><strong>April 9th, 2024<\/strong><\/p>\n\n\n\n<p><strong>UniDistance Suisse<\/strong><br>Schinerstrasse 18, <br>3900 Brig-Glis<\/p>\n\n\n\n<p><strong><em>Mandatory registration<\/em><\/strong><\/p>\n<\/div>\n\n\n\n<div class=\"wp-block-column is-layout-flow wp-block-column-is-layout-flow\">\n<!-- iframe plugin v.6.0 wordpress.org\/plugins\/iframe\/ -->\n<iframe src=\"https:\/\/www.google.com\/maps\/embed?pb=!1m14!1m8!1m3!1d4208.963729990035!2d7.988551487353927!3d46.318257718929985!3m2!1i1024!2i768!4f13.1!3m3!1m2!1s0x478f6f1f4ea38295%3A0x2c3b9ddccae1032c!2sUniDistance%20Suisse!5e0!3m2!1sfr!2sch!4v1707148794113!5m2!1sfr!2sch\" width=\"400\" height=\"300\" style=\"border:0;\" allowfullscreen loading=\"lazy\" referrerpolicy=\"no-referrer-when-downgrade\" scrolling=\"yes\" class=\"iframe-class\" frameborder=\"0\"><\/iframe>\n\n<\/div>\n<\/div>\n\n\n\n<p>This event is financed through the P8 Digitalskills project from Swissuniversities, held by UniDistance Suisse and the University of Lausanne.<\/p>","protected":false},"excerpt":{"rendered":"<p>\u00ab\u00a0Evaluations orales interactives\u00a0\u00bb Conf\u00e9renci\u00e8re : Monica Ward 9 avril 2024 \u00e0 Brigue (UniDistance Suisse) Conf\u00e9rence bimodale (pr\u00e9sence et en ligne)Atelier pr\u00e9sentiel Langue : anglais Mesurer les apprentissages des&hellip;<\/p>","protected":false},"author":1002683,"featured_media":0,"parent":1756,"menu_order":0,"comment_status":"closed","ping_status":"closed","template":"template-full-width.php","meta":{"_seopress_robots_primary_cat":"","_seopress_titles_title":"","_seopress_titles_desc":"","_seopress_robots_index":"","footnotes":""},"class_list":["post-2212","page","type-page","status-publish","has-post-thumbnail"],"_links":{"self":[{"href":"https:\/\/wp.unil.ch\/digitalskills\/en\/wp-json\/wp\/v2\/pages\/2212","targetHints":{"allow":["GET"]}}],"collection":[{"href":"https:\/\/wp.unil.ch\/digitalskills\/en\/wp-json\/wp\/v2\/pages"}],"about":[{"href":"https:\/\/wp.unil.ch\/digitalskills\/en\/wp-json\/wp\/v2\/types\/page"}],"author":[{"embeddable":true,"href":"https:\/\/wp.unil.ch\/digitalskills\/en\/wp-json\/wp\/v2\/users\/1002683"}],"replies":[{"embeddable":true,"href":"https:\/\/wp.unil.ch\/digitalskills\/en\/wp-json\/wp\/v2\/comments?post=2212"}],"version-history":[{"count":5,"href":"https:\/\/wp.unil.ch\/digitalskills\/en\/wp-json\/wp\/v2\/pages\/2212\/revisions"}],"predecessor-version":[{"id":2276,"href":"https:\/\/wp.unil.ch\/digitalskills\/en\/wp-json\/wp\/v2\/pages\/2212\/revisions\/2276"}],"up":[{"embeddable":true,"href":"https:\/\/wp.unil.ch\/digitalskills\/en\/wp-json\/wp\/v2\/pages\/1756"}],"wp:attachment":[{"href":"https:\/\/wp.unil.ch\/digitalskills\/en\/wp-json\/wp\/v2\/media?parent=2212"}],"curies":[{"name":"wp","href":"https:\/\/api.w.org\/{rel}","templated":true}]}}