{"id":218,"date":"2022-02-07T16:59:41","date_gmt":"2022-02-07T15:59:41","guid":{"rendered":"https:\/\/wp.unil.ch\/digitalskills\/?page_id=218"},"modified":"2023-10-25T11:05:21","modified_gmt":"2023-10-25T09:05:21","slug":"timeline","status":"publish","type":"page","link":"https:\/\/wp.unil.ch\/digitalskills\/en\/projet\/timeline\/","title":{"rendered":"Calendrier global du projet"},"content":{"rendered":"<p>Le projet commun de I&rsquo;UNIL et UniDistance P8 Digital Skills &#8211; Future University&nbsp;comprend trois axes de d\u00e9veloppement, l\u2019axe enseignant\u00b7e\u00b7s, l\u2019axe \u00e9tudiant\u00b7e\u00b7s et l&rsquo;axe institutions. Il s\u2019inscrit dans le cadre de la seconde phase 2021-2024 du projet P-8 Digital Skills de swissuniversities.<\/p>\n\n\n<div class=\"wp-block-image\">\n<figure class=\"aligncenter size-large is-resized\"><img alt=\"image artistique bulles et faisceaux magenta et indigo\" loading=\"lazy\" decoding=\"async\" width=\"1024\" height=\"341\" src=\"https:\/\/wp.unil.ch\/digitalskills\/files\/2022\/04\/shahadat-rahman-voM1Z9cGPCU-unsplash_b-1024x341.png\" class=\"wp-image-287\" style=\"aspect-ratio:3.002932551319648;width:719px;height:auto\" srcset=\"https:\/\/wp.unil.ch\/digitalskills\/files\/2022\/04\/shahadat-rahman-voM1Z9cGPCU-unsplash_b-1024x341.png 1024w, https:\/\/wp.unil.ch\/digitalskills\/files\/2022\/04\/shahadat-rahman-voM1Z9cGPCU-unsplash_b-300x100.png 300w, https:\/\/wp.unil.ch\/digitalskills\/files\/2022\/04\/shahadat-rahman-voM1Z9cGPCU-unsplash_b-768x256.png 768w, https:\/\/wp.unil.ch\/digitalskills\/files\/2022\/04\/shahadat-rahman-voM1Z9cGPCU-unsplash_b-540x180.png 540w, https:\/\/wp.unil.ch\/digitalskills\/files\/2022\/04\/shahadat-rahman-voM1Z9cGPCU-unsplash_b-1080x360.png 1080w, https:\/\/wp.unil.ch\/digitalskills\/files\/2022\/04\/shahadat-rahman-voM1Z9cGPCU-unsplash_b.png 1500w\" sizes=\"auto, (max-width: 1024px) 100vw, 1024px\" \/><\/figure>\n<\/div>\n\n\n<div class=\"wp-block-media-text alignwide is-stacked-on-mobile\" style=\"grid-template-columns:52% auto\"><figure class=\"wp-block-media-text__media\"><a href=\"https:\/\/wp.unil.ch\/digitalskills\/en\/files\/2023\/02\/P8_Future_University_Rapport_2021_2022.pdf\/\" target=\"_blank\" rel=\"noreferrer noopener\"><img alt=\"\" loading=\"lazy\" decoding=\"async\" width=\"1024\" height=\"686\" src=\"https:\/\/wp.unil.ch\/digitalskills\/files\/2023\/02\/P8_Future_University_Rapport_2021_2022_timeline-1024x686.png\" class=\"wp-image-1184 size-full\" srcset=\"https:\/\/wp.unil.ch\/digitalskills\/files\/2023\/02\/P8_Future_University_Rapport_2021_2022_timeline-1024x686.png 1024w, https:\/\/wp.unil.ch\/digitalskills\/files\/2023\/02\/P8_Future_University_Rapport_2021_2022_timeline-300x201.png 300w, https:\/\/wp.unil.ch\/digitalskills\/files\/2023\/02\/P8_Future_University_Rapport_2021_2022_timeline-768x515.png 768w, https:\/\/wp.unil.ch\/digitalskills\/files\/2023\/02\/P8_Future_University_Rapport_2021_2022_timeline-18x12.png 18w, https:\/\/wp.unil.ch\/digitalskills\/files\/2023\/02\/P8_Future_University_Rapport_2021_2022_timeline-540x362.png 540w, https:\/\/wp.unil.ch\/digitalskills\/files\/2023\/02\/P8_Future_University_Rapport_2021_2022_timeline-1080x724.png 1080w, https:\/\/wp.unil.ch\/digitalskills\/files\/2023\/02\/P8_Future_University_Rapport_2021_2022_timeline.png 1200w\" sizes=\"auto, (max-width: 1024px) 100vw, 1024px\" \/><\/a><\/figure><div class=\"wp-block-media-text__content\">\n<h3 class=\"wp-block-heading has-normal-font-size\">Mid-term review<\/h3>\n\n\n\n<p class=\"has-normal-font-size\">Started in March 2021, the project first underwent a conceptualisation phase, structuring the framework and axes of the project as well as the first recruitments with a view to creating the teams. <\/p>\n\n\n\n<p class=\"has-normal-font-size\">In 2022, the first devices were implemented, the teams were consolidated with new skills and the first deliverables were produced.<\/p>\n\n\n\n<div class=\"wp-block-buttons is-content-justification-center is-layout-flex wp-container-core-buttons-is-layout-16018d1d wp-block-buttons-is-layout-flex\">\n<div class=\"wp-block-button has-custom-font-size is-style-outline has-normal-font-size is-style-outline--1\"><a class=\"wp-block-button__link has-buttons-background-color has-text-color wp-element-button\" href=\"https:\/\/wp.unil.ch\/digitalskills\/en\/files\/2023\/02\/P8_Future_University_Rapport_2021_2022.pdf\/\" target=\"_blank\" rel=\"noreferrer noopener\">Consult the mid-term review (in french)<\/a><\/div>\n<\/div>\n<\/div><\/div>\n\n\n\n<h2 class=\"wp-block-heading\" id=\"2021mise-en-place-de-la-gouvernance-du-projetrecrutement-des-personnels-specifiques-pour-le-projetconstitution-et-lancement-des-groupes-de-travaillancement-du-site-web-du-projetredaction-du-bilan-annuel\">2021<\/h2>\n\n\n\n<ul class=\"wp-block-list\">\n<li>Establishment of the project's governance<\/li>\n\n\n\n<li>Recruitment of specific staff for the project<\/li>\n\n\n\n<li>Constitution and launch of working groups<\/li>\n\n\n\n<li>Launch of the project website<\/li>\n\n\n\n<li>Drafting of the annual review<\/li>\n<\/ul>\n\n\n\n<h2 class=\"wp-block-heading has-primary-color has-text-color\" id=\"2022\">2022<\/h2>\n\n\n\n<ul class=\"wp-block-list\">\n<li>Publication of a white paper for the governance of HES\/HEU<\/li>\n\n\n\n<li>Cr\u00e9ation du r\u00e9f\u00e9rentiel de comp\u00e9tences num\u00e9riques pour les \u00e9tudiant\u00b7e\u00b7s<\/li>\n\n\n\n<li>Cr\u00e9ation du r\u00e9f\u00e9rentiel de comp\u00e9tences num\u00e9riques pour les enseignant\u00b7e\u00b7s<\/li>\n\n\n\n<li>Production of resources<\/li>\n\n\n\n<li>Co-facilitation of the first activities<\/li>\n\n\n\n<li>Drafting of the annual review<\/li>\n<\/ul>\n\n\n\n<h2 class=\"wp-block-heading has-accent-color has-text-color\" id=\"2023\">2023<\/h2>\n\n\n\n<ul class=\"wp-block-list\">\n<li>Production of resources<\/li>\n\n\n\n<li>Co-facilitation of the first activities<\/li>\n\n\n\n<li>Evaluation of the activities<\/li>\n\n\n\n<li>Facilitation of a cycle of seminars to disseminate the contents at the Swiss level<\/li>\n\n\n\n<li>Drafting of the annual review<\/li>\n<\/ul>\n\n\n\n<h2 class=\"wp-block-heading\" id=\"2024\">2024<\/h2>\n\n\n\n<ul class=\"wp-block-list\">\n<li>Stabilisation of resources<\/li>\n\n\n\n<li>Communication at national and international conferences<\/li>\n\n\n\n<li>Continuation of the seminar cycle to disseminate the contents at the Swiss level<\/li>\n\n\n\n<li>Drafting of the final report<\/li>\n<\/ul>","protected":false},"excerpt":{"rendered":"<p>Le projet commun de I&rsquo;UNIL et UniDistance P8 Digital Skills &#8211; Future University&nbsp;comprend trois axes de d\u00e9veloppement, l\u2019axe enseignant\u00b7e\u00b7s, l\u2019axe \u00e9tudiant\u00b7e\u00b7s et l&rsquo;axe institutions. Il s\u2019inscrit dans le&hellip;<\/p>","protected":false},"author":1002683,"featured_media":0,"parent":197,"menu_order":0,"comment_status":"closed","ping_status":"closed","template":"template-full-width.php","meta":{"_seopress_robots_primary_cat":"","_seopress_titles_title":"","_seopress_titles_desc":"","_seopress_robots_index":"","footnotes":""},"class_list":["post-218","page","type-page","status-publish","has-post-thumbnail"],"_links":{"self":[{"href":"https:\/\/wp.unil.ch\/digitalskills\/en\/wp-json\/wp\/v2\/pages\/218","targetHints":{"allow":["GET"]}}],"collection":[{"href":"https:\/\/wp.unil.ch\/digitalskills\/en\/wp-json\/wp\/v2\/pages"}],"about":[{"href":"https:\/\/wp.unil.ch\/digitalskills\/en\/wp-json\/wp\/v2\/types\/page"}],"author":[{"embeddable":true,"href":"https:\/\/wp.unil.ch\/digitalskills\/en\/wp-json\/wp\/v2\/users\/1002683"}],"replies":[{"embeddable":true,"href":"https:\/\/wp.unil.ch\/digitalskills\/en\/wp-json\/wp\/v2\/comments?post=218"}],"version-history":[{"count":5,"href":"https:\/\/wp.unil.ch\/digitalskills\/en\/wp-json\/wp\/v2\/pages\/218\/revisions"}],"predecessor-version":[{"id":2068,"href":"https:\/\/wp.unil.ch\/digitalskills\/en\/wp-json\/wp\/v2\/pages\/218\/revisions\/2068"}],"up":[{"embeddable":true,"href":"https:\/\/wp.unil.ch\/digitalskills\/en\/wp-json\/wp\/v2\/pages\/197"}],"wp:attachment":[{"href":"https:\/\/wp.unil.ch\/digitalskills\/en\/wp-json\/wp\/v2\/media?parent=218"}],"curies":[{"name":"wp","href":"https:\/\/api.w.org\/{rel}","templated":true}]}}