{"id":2166,"date":"2024-02-06T10:08:09","date_gmt":"2024-02-06T09:08:09","guid":{"rendered":"https:\/\/wp.unil.ch\/digitalskills\/?page_id=2166"},"modified":"2024-05-06T15:48:45","modified_gmt":"2024-05-06T13:48:45","slug":"atelier-hiba-asri","status":"publish","type":"page","link":"https:\/\/wp.unil.ch\/digitalskills\/en\/enseignants\/conferences-ateliers\/atelier-hiba-asri\/","title":{"rendered":"Workshops"},"content":{"rendered":"<h2 class=\"wp-block-heading\">Using AI to create MCQ for your courses in Higher Education<br><\/h2>\n\n\n\n<div class=\"wp-block-columns are-vertically-aligned-top is-layout-flex wp-container-core-columns-is-layout-9d6595d7 wp-block-columns-is-layout-flex\">\n<div class=\"wp-block-column is-vertically-aligned-top is-layout-flow wp-block-column-is-layout-flow\" style=\"flex-basis:66.66%\">\n<h4 class=\"wp-block-heading\">Facilitatrice : Hiba Asri<br><br>FR : Monday, Feb.26th 2024 <strong>in Lausanne<\/strong><br>&#8211;<br>EN : Wednesday, Feb.28th 2024 <strong>in Brig (UniDistance Suisse) <\/strong><br><br>On-site Workshop - <strong>Mandatory registration<\/strong><br><strong>Limited seats<\/strong> <br>24 seats per event<\/h4>\n<\/div>\n\n\n\n<div class=\"wp-block-column is-vertically-aligned-top is-layout-flow wp-block-column-is-layout-flow\" style=\"flex-basis:33.33%\">\n<figure class=\"wp-block-image size-large\"><img alt=\"\" loading=\"lazy\" decoding=\"async\" width=\"1024\" height=\"1024\" src=\"https:\/\/wp.unil.ch\/digitalskills\/files\/2023\/06\/NEWS_experientiel_teaser-1024x1024.jpg\" class=\"wp-image-1495\" srcset=\"https:\/\/wp.unil.ch\/digitalskills\/files\/2023\/06\/NEWS_experientiel_teaser-1024x1024.jpg 1024w, https:\/\/wp.unil.ch\/digitalskills\/files\/2023\/06\/NEWS_experientiel_teaser-300x300.jpg 300w, https:\/\/wp.unil.ch\/digitalskills\/files\/2023\/06\/NEWS_experientiel_teaser-150x150.jpg 150w, https:\/\/wp.unil.ch\/digitalskills\/files\/2023\/06\/NEWS_experientiel_teaser-768x768.jpg 768w, https:\/\/wp.unil.ch\/digitalskills\/files\/2023\/06\/NEWS_experientiel_teaser-12x12.jpg 12w, https:\/\/wp.unil.ch\/digitalskills\/files\/2023\/06\/NEWS_experientiel_teaser-540x540.jpg 540w, https:\/\/wp.unil.ch\/digitalskills\/files\/2023\/06\/NEWS_experientiel_teaser-1080x1080.jpg 1080w, https:\/\/wp.unil.ch\/digitalskills\/files\/2023\/06\/NEWS_experientiel_teaser.jpg 1200w\" sizes=\"auto, (max-width: 1024px) 100vw, 1024px\" \/><\/figure>\n<\/div>\n<\/div>\n\n\n\n<div class=\"wp-block-buttons alignwide is-vertical is-content-justification-center is-layout-flex wp-container-core-buttons-is-layout-1b05d9d1 wp-block-buttons-is-layout-flex\">\n<div class=\"wp-block-button has-custom-width wp-block-button__width-50 is-style-outline is-style-outline--1\"><a class=\"wp-block-button__link has-buttons-background-color has-text-color has-link-color wp-element-button\" style=\"border-radius:40px\">Inscriptions closes<\/a><\/div>\n\n\n\n<div class=\"wp-block-button has-custom-width wp-block-button__width-50 is-style-outline is-style-outline--2\"><a class=\"wp-block-button__link has-buttons-background-color has-text-color has-link-color wp-element-button\" style=\"border-radius:40px\"><s>Modify the registration<\/s><\/a><\/div>\n<\/div>\n\n\n\n<p class=\"translation-block\">After a short introduction,<strong>Hiba Asri will help you, step by step, to create MCQ from your course documents <\/strong> (PDF, DOCX, or PPTX). <br><br>We will then debrief on the results.\u00a0<strong>No need for previous knowledge in IA or programming skills,<\/strong> everyone can participate. <br><br>Dr Hiba Asri developped <strong>free and open source tools accessible even to non-specialists<\/strong>.<br><br><strong>You will leave<\/strong> wiith <strong>tools and necessary knowledge<\/strong> to keep experimenting on your own.\u00a0<\/p>\n\n\n\n<h2 class=\"wp-block-heading\">Schedule&nbsp;<\/h2>\n\n\n\n<p><strong>9:00 AM - Welcome<\/strong><\/p>\n\n\n\n<p><strong>9:30AM to 12:30PM -<\/strong> <strong>Workshop<\/strong><\/p>\n\n\n\n<p><strong>12:30PM - Lunch<\/strong><\/p>\n\n\n\n<h2 class=\"wp-block-heading\">Speaker<\/h2>\n\n\n\n<div class=\"wp-block-media-text alignwide is-stacked-on-mobile\" style=\"grid-template-columns:31% auto\"><figure class=\"wp-block-media-text__media\"><img alt=\"\" loading=\"lazy\" decoding=\"async\" width=\"1024\" height=\"513\" src=\"https:\/\/wp.unil.ch\/digitalskills\/files\/2024\/02\/picHiba4-1024x513.png\" class=\"wp-image-2179 size-full\" srcset=\"https:\/\/wp.unil.ch\/digitalskills\/files\/2024\/02\/picHiba4-1024x513.png 1024w, https:\/\/wp.unil.ch\/digitalskills\/files\/2024\/02\/picHiba4-300x150.png 300w, https:\/\/wp.unil.ch\/digitalskills\/files\/2024\/02\/picHiba4-768x384.png 768w, https:\/\/wp.unil.ch\/digitalskills\/files\/2024\/02\/picHiba4-1536x769.png 1536w, https:\/\/wp.unil.ch\/digitalskills\/files\/2024\/02\/picHiba4-18x9.png 18w, https:\/\/wp.unil.ch\/digitalskills\/files\/2024\/02\/picHiba4-540x270.png 540w, https:\/\/wp.unil.ch\/digitalskills\/files\/2024\/02\/picHiba4-1080x541.png 1080w, https:\/\/wp.unil.ch\/digitalskills\/files\/2024\/02\/picHiba4.png 1920w\" sizes=\"auto, (max-width: 1024px) 100vw, 1024px\" \/><\/figure><div class=\"wp-block-media-text__content\">\n<details class=\"wp-block-details is-layout-flow wp-block-details-is-layout-flow\"><summary>Hiba Asri is an associate professor in the computer science department of the Faculty of Sciences Semlalia (Cadi Ayyad University, Morocco), and a member of the Pedagogical Innovative center of Cadi Ayyad University. (Click for more info)<\/summary>\n<p>En 2015, elle est titulaire d&rsquo;un dipl\u00f4me d&rsquo;ing\u00e9nieur en informatique et syst\u00e8me d&rsquo;information \u00e0 la Facult\u00e9 des Sciences et Techniques de l&rsquo;Universit\u00e9 Cadi Ayyad, Marrakech. <br>En 2019, elle obtient son doctorat en informatique pour ses travaux sur le Big Data, l&rsquo;analyse pr\u00e9dictive\/pr\u00e9ventive, le Machine Learning et le Reality Mining appliqu\u00e9s au domaine de la sant\u00e9, \u00e0 l&rsquo;Universit\u00e9 Cadi Ayyad.<br>Elle a obtenu un dipl\u00f4me d&rsquo;ing\u00e9nieur en r\u00e9seaux informatiques et syst\u00e8me d&rsquo;informationen 2014. Ses principaux int\u00e9r\u00eats de recherche comprennent le Big Data, l&rsquo;apprentissage automatique, l&rsquo;IoT, la robotique, les algorithmes d&rsquo;exploration de donn\u00e9es, l&rsquo;interaction homme-machine et la nouvelle g\u00e9n\u00e9ration, les technologies Internet ; dans divers domaines d&rsquo;application tels que la sant\u00e9, l&rsquo;\u00e9ducation (e- learning) et l&rsquo;agriculture.<br>En 2022, elle a obtenu le prix sp\u00e9cial de l&rsquo;UNESCO pour son cours vid\u00e9o sur les algorithmes d&rsquo;apprentissage automatique.<br>En 2023, elle a obtenu le prix de la meilleure instructrice de Huwaei et elle est actuellement instructrice d&rsquo;IA dans les plateformes d&rsquo;apprentissage en ligne de Huwaei.<br>Depuis 2022, elle travaille en collaboration avec l&rsquo;universit\u00e9 UniDistance (Brigue, Suisse) afin d&rsquo;am\u00e9liorer la qualit\u00e9 de l&rsquo;apprentissage en ligne pour les \u00e9tudiants et les professeurs.<br>A partir de 2022, elle r\u00e9alise des cours adapt\u00e9s sur une plateforme nationale marocaine (plateforme Moodle).<br>En plus de son exp\u00e9rience acad\u00e9mique, elle anime de nombreuses conf\u00e9rences et ateliers internationaux en tant que pr\u00e9sidente ou conf\u00e9renci\u00e8re principale.<\/p>\n<\/details>\n<\/div><\/div>\n\n\n\n<p>You can choose between Lausanne (French) and Brig (English) at two different dates. <br><strong>There is a limited number of seats to ensure individual tutoring (24<\/strong>)&nbsp;<\/p>\n\n\n\n<p>This event is financed through the P8 Digitalskills project from Swissuniversities, held by UniDistance Suisse and the University of Lausanne.<\/p>\n\n\n\n<h2 class=\"wp-block-heading\"><strong>Useful information<\/strong><\/h2>\n\n\n\n<p><strong>To take part in this workshop, please bring your computer and copies of the courses you are offering.<\/strong><\/p>\n\n\n\n<div class=\"wp-block-columns is-layout-flex wp-container-core-columns-is-layout-9d6595d7 wp-block-columns-is-layout-flex\">\n<div class=\"wp-block-column is-layout-flow wp-block-column-is-layout-flow\">\n<p><strong>Feb. 26th, 2024<\/strong><\/p>\n\n\n\n<p><strong>University of Lausanne<\/strong><br>Location will be displayed soon<br><\/p>\n\n\n\n<p><strong><em>Mandatory registration<\/em><\/strong><\/p>\n<\/div>\n\n\n\n<div class=\"wp-block-column is-layout-flow wp-block-column-is-layout-flow\">\n<!-- iframe plugin v.6.0 wordpress.org\/plugins\/iframe\/ -->\n<iframe src=\"https:\/\/www.google.com\/maps\/embed?pb=!1m18!1m12!1m3!1d7189.375709121971!2d6.575174912092223!3d46.521445696817516!2m3!1f0!2f0!3f0!3m2!1i1024!2i768!4f13.1!3m3!1m2!1s0x478c31aaf175bcb9%3A0x936726ac9a5ac28!2sUniversit%C3%A9%20de%20Lausanne!5e0!3m2!1sfr!2sch!4v1707209318116!5m2!1sfr!2sch\" width=\"400\" height=\"300\" style=\"border:0;\" allowfullscreen loading=\"lazy\" referrerpolicy=\"no-referrer-when-downgrade\" scrolling=\"yes\" class=\"iframe-class\" frameborder=\"0\"><\/iframe>\n\n<\/div>\n<\/div>\n\n\n\n<div class=\"wp-block-columns is-layout-flex wp-container-core-columns-is-layout-9d6595d7 wp-block-columns-is-layout-flex\">\n<div class=\"wp-block-column is-layout-flow wp-block-column-is-layout-flow\">\n<p><strong>Feb. 28th, 2024<\/strong><\/p>\n\n\n\n<p><strong>UniDistance Suisse<\/strong><br>Schinerstrasse 18, <br>3900 Brig-Glis<\/p>\n\n\n\n<p><strong><em>Mandatory registration<\/em><\/strong><\/p>\n<\/div>\n\n\n\n<div class=\"wp-block-column is-layout-flow wp-block-column-is-layout-flow\">\n<!-- iframe plugin v.6.0 wordpress.org\/plugins\/iframe\/ -->\n<iframe src=\"https:\/\/www.google.com\/maps\/embed?pb=!1m14!1m8!1m3!1d4208.963729990035!2d7.988551487353927!3d46.318257718929985!3m2!1i1024!2i768!4f13.1!3m3!1m2!1s0x478f6f1f4ea38295%3A0x2c3b9ddccae1032c!2sUniDistance%20Suisse!5e0!3m2!1sfr!2sch!4v1707148794113!5m2!1sfr!2sch\" width=\"400\" height=\"300\" style=\"border:0;\" allowfullscreen loading=\"lazy\" referrerpolicy=\"no-referrer-when-downgrade\" scrolling=\"yes\" class=\"iframe-class\" frameborder=\"0\"><\/iframe>\n\n<\/div>\n<\/div>","protected":false},"excerpt":{"rendered":"<p>\u00ab\u00a0Utiliser l&rsquo;IA pour cr\u00e9er des QCM \u00e0 partir de son cours dans l&rsquo;Enseignement Sup\u00e9rieur\u00a0\u00bb Facilitatrice : Hiba Asri FR : Lundi 26 f\u00e9vrier 2024 \u00e0 Lausanne&#8211;EN : Mercredi&hellip;<\/p>","protected":false},"author":1002683,"featured_media":0,"parent":1756,"menu_order":0,"comment_status":"closed","ping_status":"closed","template":"template-full-width.php","meta":{"_seopress_robots_primary_cat":"","_seopress_titles_title":"","_seopress_titles_desc":"","_seopress_robots_index":"","footnotes":""},"class_list":["post-2166","page","type-page","status-publish","has-post-thumbnail"],"_links":{"self":[{"href":"https:\/\/wp.unil.ch\/digitalskills\/en\/wp-json\/wp\/v2\/pages\/2166","targetHints":{"allow":["GET"]}}],"collection":[{"href":"https:\/\/wp.unil.ch\/digitalskills\/en\/wp-json\/wp\/v2\/pages"}],"about":[{"href":"https:\/\/wp.unil.ch\/digitalskills\/en\/wp-json\/wp\/v2\/types\/page"}],"author":[{"embeddable":true,"href":"https:\/\/wp.unil.ch\/digitalskills\/en\/wp-json\/wp\/v2\/users\/1002683"}],"replies":[{"embeddable":true,"href":"https:\/\/wp.unil.ch\/digitalskills\/en\/wp-json\/wp\/v2\/comments?post=2166"}],"version-history":[{"count":5,"href":"https:\/\/wp.unil.ch\/digitalskills\/en\/wp-json\/wp\/v2\/pages\/2166\/revisions"}],"predecessor-version":[{"id":2277,"href":"https:\/\/wp.unil.ch\/digitalskills\/en\/wp-json\/wp\/v2\/pages\/2166\/revisions\/2277"}],"up":[{"embeddable":true,"href":"https:\/\/wp.unil.ch\/digitalskills\/en\/wp-json\/wp\/v2\/pages\/1756"}],"wp:attachment":[{"href":"https:\/\/wp.unil.ch\/digitalskills\/en\/wp-json\/wp\/v2\/media?parent=2166"}],"curies":[{"name":"wp","href":"https:\/\/api.w.org\/{rel}","templated":true}]}}