{"id":213,"date":"2022-02-07T16:48:36","date_gmt":"2022-02-07T15:48:36","guid":{"rendered":"https:\/\/wp.unil.ch\/digitalskills\/?page_id=213"},"modified":"2023-10-25T13:25:19","modified_gmt":"2023-10-25T11:25:19","slug":"workpackages","status":"publish","type":"page","link":"https:\/\/wp.unil.ch\/digitalskills\/en\/projet\/workpackages\/","title":{"rendered":"Workpackages"},"content":{"rendered":"<p class=\"justify-text\">Le projet commun de I&rsquo;UNIL et UniDistance P8 Digital Skills &#8211; Future University est subdivis\u00e9 en <em>workpackages,<\/em> pour lesquels sont pr\u00e9vues diff\u00e9rentes actions et r\u00e9alisations \u00e0 destination des <a href=\"https:\/\/wp.unil.ch\/digitalskills\/en\/etudiants\/\">\u00e9tudiants et \u00e9tudiantes<\/a>, des <a href=\"https:\/\/wp.unil.ch\/digitalskills\/en\/enseignants\/\">enseignants<\/a> et des <a href=\"https:\/\/wp.unil.ch\/digitalskills\/en\/institutions\/\">institutions<\/a>.<\/p>\n\n\n<div class=\"wp-block-image\">\n<figure class=\"aligncenter size-large is-resized\"><img loading=\"lazy\" decoding=\"async\" width=\"1024\" height=\"341\" src=\"https:\/\/wp.unil.ch\/digitalskills\/files\/2022\/04\/georgie-cobbs-muOHbrFGEQY-unsplash_b-1024x341.png\" alt=\"clavier, tablette et stylo digital\" class=\"wp-image-277\" style=\"aspect-ratio:3.002932551319648;width:701px;height:auto\" srcset=\"https:\/\/wp.unil.ch\/digitalskills\/files\/2022\/04\/georgie-cobbs-muOHbrFGEQY-unsplash_b-1024x341.png 1024w, https:\/\/wp.unil.ch\/digitalskills\/files\/2022\/04\/georgie-cobbs-muOHbrFGEQY-unsplash_b-300x100.png 300w, https:\/\/wp.unil.ch\/digitalskills\/files\/2022\/04\/georgie-cobbs-muOHbrFGEQY-unsplash_b-768x256.png 768w, https:\/\/wp.unil.ch\/digitalskills\/files\/2022\/04\/georgie-cobbs-muOHbrFGEQY-unsplash_b-540x180.png 540w, https:\/\/wp.unil.ch\/digitalskills\/files\/2022\/04\/georgie-cobbs-muOHbrFGEQY-unsplash_b-1080x360.png 1080w, https:\/\/wp.unil.ch\/digitalskills\/files\/2022\/04\/georgie-cobbs-muOHbrFGEQY-unsplash_b.png 1500w\" sizes=\"auto, (max-width: 1024px) 100vw, 1024px\" \/><\/figure>\n<\/div>\n\n\n<h2 class=\"wp-block-heading\" id=\"workpackage-1-pilotage-et-animation\">Workpackage 1 - Steering and animation<\/h2>\n\n\n\n<p id=\"definition-des-axes-et-actions-du-projet-a-decliner-en-livrables\">Definition of the project's axes and actions, to be translated into deliverables.<br>Project management, recruitment, mandates, annual reviews and evaluations of the systems.<br>Publication of a white paper for the governance of HES\/HEU.<\/p>\n\n\n\n<h2 class=\"wp-block-heading\" id=\"workpackage-2-referentiels-de-competences\">Workpackage 2 - Competence frameworks<\/h2>\n\n\n\n<p>Creation of a repository of digital skills for teaching and learning, based on the European DigCompEdu and DigComp repositories, adapted to Swiss HES\/HEU.<\/p>\n\n\n\n<h2 class=\"wp-block-heading\" id=\"workpackage-3-evaluation-des-competences\">Workpackage 3 - Assessment of competences<\/h2>\n\n\n\n<p id=\"definition-d-un-cadre-d-evaluation-des-digital-skills-pour-enseigner-ou-apprendre\">Definition of an assessment framework for digital skills for teaching and learning.<br>Creation of resources to assess the digital skills of teachers and students.<\/p>\n\n\n\n<h2 class=\"wp-block-heading\" id=\"workpackage-4-developpement-des-competences\">Workpackage 4 - Competence development<\/h2>\n\n\n\n<p>Development plan and production of resources for the acquisition of digital skills for teaching and learning.<\/p>\n\n\n\n<h2 class=\"wp-block-heading\" id=\"workpackage-5-communication-et-valorisation\">Workpackage 5 - Communication and valorisation<\/h2>\n\n\n\n<p id=\"creation-d-une-identite-visuelle-pour-le-projet-et-ses-realisations\">Creation of a visual identity for the project and its achievements.<br>Information and communication of the project to various target audiences.<br>Dissemination in higher education institutions through a series of seminars as well as in national and international conferences.<\/p>","protected":false},"excerpt":{"rendered":"<p>Le projet commun de I&rsquo;UNIL et UniDistance P8 Digital Skills &#8211; Future University est subdivis\u00e9 en workpackages, pour lesquels sont pr\u00e9vues diff\u00e9rentes actions et r\u00e9alisations \u00e0 destination des&hellip;<\/p>","protected":false},"author":1002683,"featured_media":0,"parent":197,"menu_order":0,"comment_status":"closed","ping_status":"closed","template":"template-full-width.php","meta":{"_seopress_robots_primary_cat":"","_seopress_titles_title":"","_seopress_titles_desc":"","_seopress_robots_index":"","footnotes":""},"class_list":["post-213","page","type-page","status-publish","has-post-thumbnail"],"_links":{"self":[{"href":"https:\/\/wp.unil.ch\/digitalskills\/en\/wp-json\/wp\/v2\/pages\/213","targetHints":{"allow":["GET"]}}],"collection":[{"href":"https:\/\/wp.unil.ch\/digitalskills\/en\/wp-json\/wp\/v2\/pages"}],"about":[{"href":"https:\/\/wp.unil.ch\/digitalskills\/en\/wp-json\/wp\/v2\/types\/page"}],"author":[{"embeddable":true,"href":"https:\/\/wp.unil.ch\/digitalskills\/en\/wp-json\/wp\/v2\/users\/1002683"}],"replies":[{"embeddable":true,"href":"https:\/\/wp.unil.ch\/digitalskills\/en\/wp-json\/wp\/v2\/comments?post=213"}],"version-history":[{"count":4,"href":"https:\/\/wp.unil.ch\/digitalskills\/en\/wp-json\/wp\/v2\/pages\/213\/revisions"}],"predecessor-version":[{"id":2084,"href":"https:\/\/wp.unil.ch\/digitalskills\/en\/wp-json\/wp\/v2\/pages\/213\/revisions\/2084"}],"up":[{"embeddable":true,"href":"https:\/\/wp.unil.ch\/digitalskills\/en\/wp-json\/wp\/v2\/pages\/197"}],"wp:attachment":[{"href":"https:\/\/wp.unil.ch\/digitalskills\/en\/wp-json\/wp\/v2\/media?parent=213"}],"curies":[{"name":"wp","href":"https:\/\/api.w.org\/{rel}","templated":true}]}}