{"id":197,"date":"2022-02-07T16:14:50","date_gmt":"2022-02-07T15:14:50","guid":{"rendered":"https:\/\/wp.unil.ch\/digitalskills\/?page_id=197"},"modified":"2023-10-24T16:31:32","modified_gmt":"2023-10-24T14:31:32","slug":"projet","status":"publish","type":"page","link":"https:\/\/wp.unil.ch\/digitalskills\/en\/projet\/","title":{"rendered":"Project"},"content":{"rendered":"<h2 class=\"wp-block-heading\" id=\"future-university-developper-les-competences-numeriques-des-enseignant-e-s-et-des-etudiant-e-s\">Future University: Developing digital skills of teachers and students<\/h2>\n\n\n\n<p>Le projet commun de I&rsquo;<a href=\"https:\/\/wp.unil.ch\/digitalskills\/en\/projet\/equipe\/\">UNIL et UniDistance Suisse Future University<\/a> est l&rsquo;un des projets soutenus dans le cadre du programme <a href=\"https:\/\/wp.unil.ch\/digitalskills\/en\/projet\/programme-p8-global\/\">P-8 Digital Skills<\/a> de<a rel=\"noreferrer noopener\" href=\"https:\/\/www.swissuniversities.ch\/fr\/themes\/digitalisation\/digital-skills\" target=\"_blank\"> swissuniversities<\/a>.<\/p>\n\n\n<div class=\"wp-block-image\">\n<figure class=\"aligncenter size-large\"><img alt=\"avions en papier de toutes les couleurs en train de demarrer\" loading=\"lazy\" decoding=\"async\" width=\"1024\" height=\"410\" src=\"https:\/\/wp.unil.ch\/digitalskills\/files\/2022\/04\/avions_b-1024x410.jpg\" class=\"wp-image-270\" srcset=\"https:\/\/wp.unil.ch\/digitalskills\/files\/2022\/04\/avions_b-1024x410.jpg 1024w, https:\/\/wp.unil.ch\/digitalskills\/files\/2022\/04\/avions_b-300x120.jpg 300w, https:\/\/wp.unil.ch\/digitalskills\/files\/2022\/04\/avions_b-768x307.jpg 768w, https:\/\/wp.unil.ch\/digitalskills\/files\/2022\/04\/avions_b-540x216.jpg 540w, https:\/\/wp.unil.ch\/digitalskills\/files\/2022\/04\/avions_b-1080x432.jpg 1080w, https:\/\/wp.unil.ch\/digitalskills\/files\/2022\/04\/avions_b.jpg 1500w\" sizes=\"auto, (max-width: 1024px) 100vw, 1024px\" \/><\/figure>\n<\/div>\n\n\n<p class=\"justify-text\" id=\"l-hybridation-des-enseignements-et-des-cursus-est-un-phenomene-engage-dans-les-universites-depuis-de-nombreuses-annees-a-des-degres-divers-la-recente-periode-de-crise-sanitaire-a-necessite-un-changement-de-rythme-de-ces-transformations-tout-en-revelant-d-imposantes-fractures-numeriques-tant-parmi-les-enseignantes-et-enseignants-autant-que-les-etudiantes-et-etudiants\">L&rsquo;hybridation des enseignements et des cursus est un ph\u00e9nom\u00e8ne engag\u00e9 dans les universit\u00e9s depuis de nombreuses ann\u00e9es \u00e0 des degr\u00e9s divers. <\/p>\n\n\n\n<p id=\"le-projet-commun-de-i-unil-et-unidistance-repond-a-la-necessite-de-renforcer-les-competences-numeriques-du-corps-enseignant-pour-enseigner-axe-1-et-simultanement-renforcer-les-competences-numeriques-du-corps-estudiantin-pour-apprendre-axe-2\">Le projet P8 DigitalSkills r\u00e9pond \u00e0 la n\u00e9cessit\u00e9 de renforcer les comp\u00e9tences num\u00e9riques <a href=\"https:\/\/wp.unil.ch\/digitalskills\/en\/enseignants\/\">du corps enseignant pour enseigner<\/a>, <a href=\"https:\/\/wp.unil.ch\/digitalskills\/en\/etudiants\/\">du corps estudiantin pour apprendre<\/a>, tout en apportant des <a href=\"https:\/\/wp.unil.ch\/digitalskills\/en\/institutions\/\">outils strat\u00e9giques aux institutions<\/a> \u00e0 ce sujet. <\/p>\n\n\n\n<h2 class=\"wp-block-heading\" id=\"les-objectifs-du-projet\">Les objectifs g\u00e9n\u00e9raux du projet<\/h2>\n\n\n\n<p>Apr\u00e8s la cr\u00e9ation de <a href=\"https:\/\/wp.unil.ch\/digitalskills\/en\/projet\/workpackages\/\">Workpackages<\/a>, le projet a \u00e9t\u00e9 d\u00e9clin\u00e9 en diff\u00e9rents axes de travail afin de pouvoir :<\/p>\n\n\n\n<ul class=\"wp-block-list\">\n<li>To establish a repository of digital competences on the basis of DigCompEdu and DigComp adapted to the Swiss teaching and learning context in higher education.<\/li>\n\n\n\n<li>Produce resources to develop each of the competences required for teaching and learning in the digital age.<\/li>\n\n\n\n<li>Involve teachers and students in the co-facilitation of devices or the production of resources for each of the competences of the reference framework (peer to peer).<em>peer to peer).<\/em><\/li>\n\n\n\n<li>To make the devices designed accessible to all the project's partner institutions.<\/li>\n\n\n\n<li>To enable the participants (teachers and students) to receive recognition for the skills they have effectively developed.<\/li>\n<\/ul>\n\n\n\n<div class=\"wp-block-media-text alignwide is-stacked-on-mobile\" style=\"grid-template-columns:52% auto\"><figure class=\"wp-block-media-text__media\"><a href=\"https:\/\/wp.unil.ch\/digitalskills\/en\/files\/2023\/02\/P8_Future_University_Rapport_2021_2022.pdf\/\" target=\"_blank\" rel=\"noreferrer noopener\"><img alt=\"\" loading=\"lazy\" decoding=\"async\" width=\"1024\" height=\"686\" src=\"https:\/\/wp.unil.ch\/digitalskills\/files\/2023\/02\/P8_Future_University_Rapport_2021_2022_timeline-1024x686.png\" class=\"wp-image-1184 size-full\" srcset=\"https:\/\/wp.unil.ch\/digitalskills\/files\/2023\/02\/P8_Future_University_Rapport_2021_2022_timeline-1024x686.png 1024w, https:\/\/wp.unil.ch\/digitalskills\/files\/2023\/02\/P8_Future_University_Rapport_2021_2022_timeline-300x201.png 300w, https:\/\/wp.unil.ch\/digitalskills\/files\/2023\/02\/P8_Future_University_Rapport_2021_2022_timeline-768x515.png 768w, https:\/\/wp.unil.ch\/digitalskills\/files\/2023\/02\/P8_Future_University_Rapport_2021_2022_timeline-18x12.png 18w, https:\/\/wp.unil.ch\/digitalskills\/files\/2023\/02\/P8_Future_University_Rapport_2021_2022_timeline-540x362.png 540w, https:\/\/wp.unil.ch\/digitalskills\/files\/2023\/02\/P8_Future_University_Rapport_2021_2022_timeline-1080x724.png 1080w, https:\/\/wp.unil.ch\/digitalskills\/files\/2023\/02\/P8_Future_University_Rapport_2021_2022_timeline.png 1200w\" sizes=\"auto, (max-width: 1024px) 100vw, 1024px\" \/><\/a><\/figure><div class=\"wp-block-media-text__content\">\n<h3 class=\"wp-block-heading has-normal-font-size\">Mid-term review<\/h3>\n\n\n\n<p class=\"has-normal-font-size\">Started in March 2021, the project first underwent a conceptualisation phase, structuring the framework and axes of the project as well as the first recruitments with a view to creating the teams. <\/p>\n\n\n\n<p class=\"has-normal-font-size\">In 2022, the first devices were implemented, the teams were consolidated with new skills and the first deliverables were produced.<\/p>\n\n\n\n<div class=\"wp-block-buttons is-content-justification-center is-layout-flex wp-container-core-buttons-is-layout-16018d1d wp-block-buttons-is-layout-flex\">\n<div class=\"wp-block-button has-custom-font-size is-style-outline has-normal-font-size is-style-outline--1\"><a class=\"wp-block-button__link has-buttons-background-color has-text-color wp-element-button\" href=\"https:\/\/wp.unil.ch\/digitalskills\/en\/files\/2023\/02\/P8_Future_University_Rapport_2021_2022.pdf\/\" target=\"_blank\" rel=\"noreferrer noopener\">Consult the mid-term review (in french)<\/a><\/div>\n<\/div>\n<\/div><\/div>\n\n\n\n<h2 class=\"wp-block-heading\" id=\"le-programme-p-8-digital-skills-de-swissuniversities\">The P-8 Digital Skills Programme of swissuniversities&nbsp;&nbsp;<\/h2>\n\n\n\n<p><a href=\"https:\/\/wp.unil.ch\/digitalskills\/en\/projet\/programme-p8-global\/\">Le programme P-8<\/a> \u201cRenforcement des digital skills dans l\u2019enseignement\u201d vise \u00e0 soutenir les projets des hautes \u00e9coles dans le domaine de l\u2019enseignement.\u00a0<\/p>\n\n\n\n<p>The measures are financed through the system of federal project-related contributions.&nbsp;<\/p>\n\n\n\n<p><strong>More information<\/strong><\/p>\n\n\n\n<ul class=\"wp-block-list\">\n<li><a href=\"https:\/\/www.swissuniversities.ch\/fr\/themes\/digitalisation\/digital-skills\">P-8 Digital Skills<\/a>&nbsp;&nbsp;<\/li>\n\n\n\n<li><a href=\"https:\/\/www.swissuniversities.ch\/fr\/themes\/digitalisation\/digital-skills\/translate-to-franzoesisch-programmphase-2021-2024\" target=\"_blank\" rel=\"noreferrer noopener\">Programme 2021-2024<\/a><\/li>\n<\/ul>","protected":false},"excerpt":{"rendered":"<p>Future University&nbsp;: d\u00e9velopper les comp\u00e9tences num\u00e9riques des enseignant\u00b7e\u00b7s et des \u00e9tudiant\u00b7e\u00b7s Le projet commun de I&rsquo;UNIL et UniDistance Suisse Future University est l&rsquo;un des projets soutenus dans le&hellip;<\/p>","protected":false},"author":1002683,"featured_media":0,"parent":0,"menu_order":0,"comment_status":"closed","ping_status":"closed","template":"template-full-width.php","meta":{"_seopress_robots_primary_cat":"","_seopress_titles_title":"","_seopress_titles_desc":"","_seopress_robots_index":"","footnotes":""},"class_list":["post-197","page","type-page","status-publish","has-post-thumbnail"],"_links":{"self":[{"href":"https:\/\/wp.unil.ch\/digitalskills\/en\/wp-json\/wp\/v2\/pages\/197","targetHints":{"allow":["GET"]}}],"collection":[{"href":"https:\/\/wp.unil.ch\/digitalskills\/en\/wp-json\/wp\/v2\/pages"}],"about":[{"href":"https:\/\/wp.unil.ch\/digitalskills\/en\/wp-json\/wp\/v2\/types\/page"}],"author":[{"embeddable":true,"href":"https:\/\/wp.unil.ch\/digitalskills\/en\/wp-json\/wp\/v2\/users\/1002683"}],"replies":[{"embeddable":true,"href":"https:\/\/wp.unil.ch\/digitalskills\/en\/wp-json\/wp\/v2\/comments?post=197"}],"version-history":[{"count":5,"href":"https:\/\/wp.unil.ch\/digitalskills\/en\/wp-json\/wp\/v2\/pages\/197\/revisions"}],"predecessor-version":[{"id":1993,"href":"https:\/\/wp.unil.ch\/digitalskills\/en\/wp-json\/wp\/v2\/pages\/197\/revisions\/1993"}],"wp:attachment":[{"href":"https:\/\/wp.unil.ch\/digitalskills\/en\/wp-json\/wp\/v2\/media?parent=197"}],"curies":[{"name":"wp","href":"https:\/\/api.w.org\/{rel}","templated":true}]}}