{"id":1776,"date":"2023-10-24T16:16:06","date_gmt":"2023-10-24T14:16:06","guid":{"rendered":"https:\/\/wp.unil.ch\/digitalskills\/?page_id=1776"},"modified":"2023-10-24T16:16:07","modified_gmt":"2023-10-24T14:16:07","slug":"lancement-du-projet","status":"publish","type":"page","link":"https:\/\/wp.unil.ch\/digitalskills\/en\/projet\/promotion\/lancement-du-projet\/","title":{"rendered":"Lancement du projet"},"content":{"rendered":"<p>En mars 2021, le projet pr\u00e9sent\u00e9 par l&rsquo;UNIL et UniDistance est approuv\u00e9 et re\u00e7oit un financement de swissuniversities.<\/p>\n\n\n\n<p>Nomm\u00e9 \u00a0\u00bb Future University : d\u00e9velopper les comp\u00e9tences num\u00e9riques des enseignant\u00b7e\u00b7s et des \u00e9tudiant\u00b7e\u00b7s\u00a0\u00bb, il s\u2019inscrit dans la phase 2021\u22122024 du programme \u00ab&nbsp;P-8 Renforcement des digital skills dans l\u2019enseignement&nbsp;\u00bb men\u00e9 par swissuniversites et vise \u00e0 renforcer les comp\u00e9tences num\u00e9riques tant du corps enseignant pour enseigner que des \u00e9tudiantes et \u00e9tudiants pour apprendre.<\/p>\n\n\n\n<h2 class=\"wp-block-heading\" id=\"le-programme-p-8-digital-skills-de-swissuniversities\">The P-8 Digital Skills Programme of swissuniversities&nbsp;&nbsp;<\/h2>\n\n\n\n<p>Le programme P-8 \u00ab\u00a0Renforcement des digital skills dans l\u2019enseignement\u00a0\u00bb vise \u00e0 soutenir les projets des hautes \u00e9coles dans le domaine de l\u2019enseignement.&nbsp;<\/p>\n\n\n\n<p>The measures are financed through the system of federal project-related contributions.&nbsp;<\/p>\n\n\n\n<p class=\"has-normal-font-size\"><strong>Plus d&rsquo;info <\/strong><\/p>\n\n\n\n<ul class=\"wp-block-list\">\n<li><a href=\"https:\/\/www.swissuniversities.ch\/fr\/themes\/digitalisation\/digital-skills\">P-8 Digital Skills<\/a> &nbsp;<\/li>\n\n\n\n<li><a href=\"https:\/\/www.swissuniversities.ch\/fr\/themes\/digitalisation\/digital-skills\/translate-to-franzoesisch-programmphase-2021-2024\">Programme 2021-2024<\/a><\/li>\n<\/ul>","protected":false},"excerpt":{"rendered":"<p>En mars 2021, le projet pr\u00e9sent\u00e9 par l&rsquo;UNIL et UniDistance est approuv\u00e9 et re\u00e7oit un financement de swissuniversities. Nomm\u00e9 \u00a0\u00bb Future University : d\u00e9velopper les comp\u00e9tences num\u00e9riques des&hellip;<\/p>","protected":false},"author":1002683,"featured_media":0,"parent":1982,"menu_order":0,"comment_status":"closed","ping_status":"closed","template":"template-full-width.php","meta":{"_seopress_robots_primary_cat":"","_seopress_titles_title":"","_seopress_titles_desc":"","_seopress_robots_index":"","footnotes":""},"class_list":["post-1776","page","type-page","status-publish","has-post-thumbnail"],"_links":{"self":[{"href":"https:\/\/wp.unil.ch\/digitalskills\/en\/wp-json\/wp\/v2\/pages\/1776","targetHints":{"allow":["GET"]}}],"collection":[{"href":"https:\/\/wp.unil.ch\/digitalskills\/en\/wp-json\/wp\/v2\/pages"}],"about":[{"href":"https:\/\/wp.unil.ch\/digitalskills\/en\/wp-json\/wp\/v2\/types\/page"}],"author":[{"embeddable":true,"href":"https:\/\/wp.unil.ch\/digitalskills\/en\/wp-json\/wp\/v2\/users\/1002683"}],"replies":[{"embeddable":true,"href":"https:\/\/wp.unil.ch\/digitalskills\/en\/wp-json\/wp\/v2\/comments?post=1776"}],"version-history":[{"count":0,"href":"https:\/\/wp.unil.ch\/digitalskills\/en\/wp-json\/wp\/v2\/pages\/1776\/revisions"}],"up":[{"embeddable":true,"href":"https:\/\/wp.unil.ch\/digitalskills\/en\/wp-json\/wp\/v2\/pages\/1982"}],"wp:attachment":[{"href":"https:\/\/wp.unil.ch\/digitalskills\/en\/wp-json\/wp\/v2\/media?parent=1776"}],"curies":[{"name":"wp","href":"https:\/\/api.w.org\/{rel}","templated":true}]}}