{"id":1756,"date":"2023-10-24T14:55:56","date_gmt":"2023-10-24T12:55:56","guid":{"rendered":"https:\/\/wp.unil.ch\/digitalskills\/?page_id=1756"},"modified":"2024-09-23T07:17:16","modified_gmt":"2024-09-23T05:17:16","slug":"conferences-ateliers","status":"publish","type":"page","link":"https:\/\/wp.unil.ch\/digitalskills\/en\/enseignants\/conferences-ateliers\/","title":{"rendered":"Cycle of conferences and workshops"},"content":{"rendered":"<p>Offered as part of the P8 Future University project supported by swissuniversities, this series of lectures and workshops is aimed at members of the teaching and educational support staff of UNIL, UniDistance Switzerland and all universities and colleges in Switzerland and elsewhere.<\/p>\n\n\n<div class=\"wp-block-image\">\n<figure class=\"aligncenter size-large is-resized\"><img alt=\"\" loading=\"lazy\" decoding=\"async\" width=\"1024\" height=\"683\" src=\"https:\/\/wp.unil.ch\/digitalskills\/files\/2023\/06\/NEWS_hybridation-1024x683.jpg\" class=\"wp-image-1498\" style=\"aspect-ratio:1.499267935578331;width:351px;height:auto\" srcset=\"https:\/\/wp.unil.ch\/digitalskills\/files\/2023\/06\/NEWS_hybridation-1024x683.jpg 1024w, https:\/\/wp.unil.ch\/digitalskills\/files\/2023\/06\/NEWS_hybridation-300x200.jpg 300w, https:\/\/wp.unil.ch\/digitalskills\/files\/2023\/06\/NEWS_hybridation-768x512.jpg 768w, https:\/\/wp.unil.ch\/digitalskills\/files\/2023\/06\/NEWS_hybridation-18x12.jpg 18w, https:\/\/wp.unil.ch\/digitalskills\/files\/2023\/06\/NEWS_hybridation-540x360.jpg 540w, https:\/\/wp.unil.ch\/digitalskills\/files\/2023\/06\/NEWS_hybridation-1080x720.jpg 1080w, https:\/\/wp.unil.ch\/digitalskills\/files\/2023\/06\/NEWS_hybridation.jpg 1200w\" sizes=\"auto, (max-width: 1024px) 100vw, 1024px\" \/><\/figure>\n<\/div>\n\n\n<p>The conferences take place either in Brig or in Lausanne in a hybrid format, on-campus and at a distance. They are followed or preceded by on-campus or hybrid-online workshops.<\/p>\n\n\n\n<h2 class=\"wp-block-heading\">Agenda of 2024's conferences and workshops<\/h2>\n\n\n<div class=\"wp-block-image\">\n<figure class=\"aligncenter size-large is-resized\"><img loading=\"lazy\" decoding=\"async\" width=\"1024\" height=\"576\" src=\"https:\/\/wp.unil.ch\/digitalskills\/files\/2023\/01\/agenda_illustration-1024x576.jpg\" alt=\"Agenda des evenements et formations\" class=\"wp-image-1112\" style=\"aspect-ratio:1.7777777777777777;width:311px;height:auto\" srcset=\"https:\/\/wp.unil.ch\/digitalskills\/files\/2023\/01\/agenda_illustration-1024x576.jpg 1024w, https:\/\/wp.unil.ch\/digitalskills\/files\/2023\/01\/agenda_illustration-300x169.jpg 300w, https:\/\/wp.unil.ch\/digitalskills\/files\/2023\/01\/agenda_illustration-768x432.jpg 768w, https:\/\/wp.unil.ch\/digitalskills\/files\/2023\/01\/agenda_illustration-18x10.jpg 18w, https:\/\/wp.unil.ch\/digitalskills\/files\/2023\/01\/agenda_illustration-540x304.jpg 540w, https:\/\/wp.unil.ch\/digitalskills\/files\/2023\/01\/agenda_illustration-1080x608.jpg 1080w, https:\/\/wp.unil.ch\/digitalskills\/files\/2023\/01\/agenda_illustration.jpg 1200w\" sizes=\"auto, (max-width: 1024px) 100vw, 1024px\" \/><\/figure>\n<\/div>\n\n\n<h3 class=\"wp-block-heading\"><a href=\"https:\/\/wp.unil.ch\/digitalskills\/en\/enseignants\/conferences-ateliers\/journee-scientifique_evaluer-apprentissages-numeriques\/\"><strong>26.08.2024 &#8211; <\/strong>Journ\u00e9e scientifique<\/a><\/h3>\n\n\n\n<p><em>\u00c9valuer les apprentissages avec les outils num\u00e9riques dans l&rsquo;enseignement sup\u00e9rieur<\/em><\/p>\n\n\n\n<p>Lausanne, Salle Nucleo du Vortex &#8211; de 9h \u00e0 17h<\/p>\n\n\n\n<h3 class=\"wp-block-heading\"><a href=\"https:\/\/wp.unil.ch\/digitalskills\/en\/enseignants\/conferences-ateliers\/webinaire-impact-academique-ia\/\"><strong>25.06.2024 &#8211; <\/strong>Webinaire<\/a><\/h3>\n\n\n\n<p><em>Webinaire &#8211; R\u00e9fl\u00e9chir \u00e0 l&rsquo;impact de l&rsquo;IA g\u00e9n\u00e9rative sur les travaux acad\u00e9miques<\/em><\/p>\n\n\n\n<p>Animateur : Jean-Fran\u00e7ois Van de Po\u00ebl<\/p>\n\n\n\n<p>A distance &#8211; Dur\u00e9e : 90 minutes<\/p>\n\n\n\n<h3 class=\"wp-block-heading\"><a href=\"https:\/\/wp.unil.ch\/digitalskills\/en\/enseignants\/conferences-ateliers\/conference-mychelle-pride\/\">11.06.2024 &#8211; Conf\u00e9rence &#8211; Inclusion et apprentissage (EN)<\/a><\/h3>\n\n\n\n<p><em>Conf\u00e9rence et atelier &#8211; L&rsquo;excellence par la diversit\u00e9 : Am\u00e9liorer l&rsquo;apprentissage gr\u00e2ce \u00e0 des pratiques inclusives<\/em><\/p>\n\n\n\n<p>9:30 &#8211; 10:30 Ateliers (bimodal : pr\u00e9sentiel et \u00e0 distance)<br>10:50 &#8211; 12:00 Conf\u00e9rence (bimodal : pr\u00e9sentiel et \u00e0 distance)<\/p>\n\n\n\n<h3 class=\"wp-block-heading\"><strong><a href=\"https:\/\/wp.unil.ch\/digitalskills\/en\/enseignants\/conferences-ateliers\/monica-ward\/\">09.04.2024 &#8211; Conf\u00e9rence &#8211; \u00c9valuation Orale Interactive (EN)<\/a><\/strong><\/h3>\n\n\n\n<p><em>Conference and workshop - Interactive Oral Assessment - an overview.<\/em><\/p>\n\n\n\n<p>Conf\u00e9renci\u00e8re : Monica Ward<\/p>\n\n\n\n<p>9:30 AM \u2013 10:30 AM Conference (bimodal : on-site and online)<br>10:50 AM - 12:20 PM Workshop (on-site only)<\/p>\n\n\n\n<h3 class=\"wp-block-heading\"><a href=\"https:\/\/wp.unil.ch\/digitalskills\/en\/?page_id=2166\"><strong>26 et 28.02.2024 &#8211; Atelier IA et enseignement sup\u00e9rieur<\/strong><\/a><\/h3>\n\n\n\n<p><em>Workshop - Using IA in Higher Education for Multiple Choice Questions<\/em><\/p>\n\n\n\n<p>Facilitatrice : Hiba Asri<\/p>\n\n\n\n<p>9:30 AM \u2013 12:30 PM Workshop<br><\/p>\n\n\n\n<h2 class=\"wp-block-heading\">2023 Past conferences<\/h2>\n\n\n\n<h3 class=\"wp-block-heading\"><strong><a href=\"https:\/\/wp.unil.ch\/digitalskills\/en\/enseignants\/conferences-ateliers\/conference-yannick-rochat\/\">07.12.2023 \u2013 Yannick Rochat, UNIL, Lausanne<\/a><\/strong><\/h3>\n\n\n\n<p><em>Penser et int\u00e9grer le jeu vid\u00e9o dans sa pratique enseignante<\/em><\/p>\n\n\n\n<p>9:00AM-10:30AM Workshop \u2013 11:00AM-12:30PM Conference<br><\/p>\n\n\n\n<h3 class=\"wp-block-heading\"><strong><a href=\"https:\/\/wp.unil.ch\/digitalskills\/en\/enseignants\/conferences-ateliers\/rolf-kruse\/\">27.10.2023 \u2013 Rolf Kruse, UNIL, Lausanne<\/a><\/strong><\/h3>\n\n\n\n<p><em>Opportunities and Challenges of Virtual &amp; Augmented Reality in Higher Education<\/em><\/p>\n\n\n\n<p>9:00AM-10:30AM Workshop \u2013 10:50AM-12:20PM Conference<br><\/p>\n\n\n\n<h3 class=\"wp-block-heading\"><strong><a href=\"https:\/\/wp.unil.ch\/digitalskills\/en\/enseignants\/conferences-ateliers\/rikke-toft-norgard\/\">27.09.2023 \u2013 Rikke Toft Norgardm UniDistance Suisse, Brigue<\/a><\/strong><\/h3>\n\n\n\n<p><em>Hybrid teaching and learning<\/em><\/p>\n\n\n\n<p>9:00AM-10:30AM Conference \u2013 10:50AM-12:20PM Workshop<\/p>\n\n\n\n<p><\/p>\n\n\n\n<h3 class=\"wp-block-heading\"><strong><a href=\"https:\/\/wp.unil.ch\/digitalskills\/en\/enseignants\/conferences-ateliers\/claude-savard\/\">11.05.2023 &#8211; Claude Savard \u00e0 l\u2019UNIL, Lausanne<\/a><\/strong><\/h3>\n\n\n\n<p>9:00AM - 10:30AM \u2013 Bimodal conference<br>\u00ab\u00a0Apprentissage exp\u00e9rientiel et utilisation du num\u00e9rique en enseignement\u00a0\u00bb<\/p>\n\n\n\n<p>10:50AM - 12:20PM - On-site Workshop<br>\u00ab\u00a0Penser, concevoir et mettre en \u0153uvre des apprentissages<br>exp\u00e9rientiels qui impliquent le num\u00e9rique\u00a0\u00bb<\/p>\n\n\n\n<p><\/p>\n\n\n\n<h3 class=\"wp-block-heading\"><strong><a href=\"https:\/\/wp.unil.ch\/digitalskills\/en\/enseignants\/conferences-ateliers\/james-lamb\/\">23.02.2023 \u2013 James Lamb, UniDistance Suisse, Brigue<\/a><\/strong><\/h3>\n\n\n\n<p>9:00AM - 10:30AM \u2013 Bimodal conference<br><em>\u00ab\u00a0Integrating digital technologies in my teaching within the new spatial dimensions of learning spaces\u00a0\u00bb<\/em><\/p>\n\n\n\n<p>10:50AM - 12:20PM - On-site Workshop<br><em>\u00ab\u00a0Provocations around digital technologies and education\u00a0\u00bb<\/em><\/p>\n\n\n\n<h2 class=\"wp-block-heading\">2022 Past conferences<\/h2>\n\n\n\n<h3 class=\"wp-block-heading\"><a href=\"https:\/\/wp.unil.ch\/digitalskills\/en\/enseignants\/conferences-ateliers\/emilie-nordmann\/\">09.06.2022 \u2013 Emily Nordmann, UniDistance Suisse, Brigue<\/a><\/h3>\n\n\n\n<p>\u00ab Lecture recordings: why, when, how \u00bb<\/p>\n\n\n\n<p><\/p>\n\n\n\n<h3 class=\"wp-block-heading\"><a href=\"https:\/\/wp.unil.ch\/digitalskills\/en\/enseignants\/conferences-ateliers\/jen-ross\/\">27.04.2022 \u2013 Jen Ross, UniDistance Suisse, Brigue<\/a><\/h3>\n\n\n\n<p>\u00ab Contact works in multiple ways: online learning communities in higher education \u00bb<\/p>","protected":false},"excerpt":{"rendered":"<p>Propos\u00e9 dans le cadre du projet P8 Future University soutenu par swissuniversities, ce cycle de conf\u00e9rences et ateliers s\u2019adresse aux membres des corps enseignants et personnels de soutien&hellip;<\/p>","protected":false},"author":1002683,"featured_media":0,"parent":1727,"menu_order":0,"comment_status":"closed","ping_status":"closed","template":"template-full-width.php","meta":{"_seopress_robots_primary_cat":"","_seopress_titles_title":"","_seopress_titles_desc":"","_seopress_robots_index":"","footnotes":""},"class_list":["post-1756","page","type-page","status-publish","has-post-thumbnail"],"_links":{"self":[{"href":"https:\/\/wp.unil.ch\/digitalskills\/en\/wp-json\/wp\/v2\/pages\/1756","targetHints":{"allow":["GET"]}}],"collection":[{"href":"https:\/\/wp.unil.ch\/digitalskills\/en\/wp-json\/wp\/v2\/pages"}],"about":[{"href":"https:\/\/wp.unil.ch\/digitalskills\/en\/wp-json\/wp\/v2\/types\/page"}],"author":[{"embeddable":true,"href":"https:\/\/wp.unil.ch\/digitalskills\/en\/wp-json\/wp\/v2\/users\/1002683"}],"replies":[{"embeddable":true,"href":"https:\/\/wp.unil.ch\/digitalskills\/en\/wp-json\/wp\/v2\/comments?post=1756"}],"version-history":[{"count":5,"href":"https:\/\/wp.unil.ch\/digitalskills\/en\/wp-json\/wp\/v2\/pages\/1756\/revisions"}],"predecessor-version":[{"id":2332,"href":"https:\/\/wp.unil.ch\/digitalskills\/en\/wp-json\/wp\/v2\/pages\/1756\/revisions\/2332"}],"up":[{"embeddable":true,"href":"https:\/\/wp.unil.ch\/digitalskills\/en\/wp-json\/wp\/v2\/pages\/1727"}],"wp:attachment":[{"href":"https:\/\/wp.unil.ch\/digitalskills\/en\/wp-json\/wp\/v2\/media?parent=1756"}],"curies":[{"name":"wp","href":"https:\/\/api.w.org\/{rel}","templated":true}]}}