{"id":1748,"date":"2023-10-24T16:23:49","date_gmt":"2023-10-24T14:23:49","guid":{"rendered":"https:\/\/wp.unil.ch\/digitalskills\/?page_id=1748"},"modified":"2023-10-25T13:22:28","modified_gmt":"2023-10-25T11:22:28","slug":"eduhub-days-2023","status":"publish","type":"page","link":"https:\/\/wp.unil.ch\/digitalskills\/en\/projet\/promotion\/eduhub-days-2023\/","title":{"rendered":"EduHub Days 2023"},"content":{"rendered":"<p><strong>Retour en images sur les Eduhub Days 2023, l\u2019une des premi\u00e8res grandes rencontres \u00e0 laquelle nous avons particip\u00e9 en pr\u00e9sentiel depuis le lancement du projet en 2021.<\/strong><\/p>\n\n\n\n<p>Sur le th\u00e8me \u00ab\u00a0Fostering the Future of Higher Education Together !\u00a0\u00bbles journ\u00e9es de r\u00e9seautage de la communaut\u00e9 e-learning Eduhub proposaient cette ann\u00e9e des sessions \u00ab\u00a0Marketplace\u00a0\u00bb d\u00e9di\u00e9es \u00e0 la pr\u00e9sentation de projets dans les universit\u00e9s et hautes \u00e9coles suisses.<\/p>\n\n\n\n<p>A notre stand, les participant\u00b7e\u00b7s ont pu tester leurs comp\u00e9tences num\u00e9riques avec quelques questions issues du cursus Digital Skills pour le d\u00e9veloppement des comp\u00e9tences num\u00e9riques des \u00e9tudiant\u00b7e\u00b7s, et d\u00e9couvrir le concept de notre prochaine formation hybride con\u00e7ue pour accompagner les membres du corps enseignant et le personnel de soutien p\u00e9dagogique.<\/p>\n\n\n\n<p>Une bonne ambiance et de belles d\u00e9couvertes avec en prime un temps splendide sur le campus de l\u2019UNIL\u00a0!<\/p>\n\n\n<ul class=\"filebird-block-filebird-gallery wp-block-gallery blocks-gallery-grid columns-3 is-cropped\" style=\"--columns: 3;--space: 0px;--min-width: 0px;\"><li class=\"blocks-gallery-item\"><figure><a href=\"https:\/\/wp.unil.ch\/digitalskills\/en\/files\/2023\/02\/FUTURE_UNIVERSITY_stand_edhub_days_2023.jpg\/\"><img loading=\"lazy\" decoding=\"async\" width=\"1200\" height=\"945\" src=\"https:\/\/wp.unil.ch\/digitalskills\/files\/2023\/02\/FUTURE_UNIVERSITY_stand_edhub_days_2023.jpg\" alt=\"FUTURE_UNIVERSITY_stand_edhub_days_2023\" class=\"wp-image-1296\" srcset=\"https:\/\/wp.unil.ch\/digitalskills\/files\/2023\/02\/FUTURE_UNIVERSITY_stand_edhub_days_2023.jpg 1200w, https:\/\/wp.unil.ch\/digitalskills\/files\/2023\/02\/FUTURE_UNIVERSITY_stand_edhub_days_2023-300x236.jpg 300w, https:\/\/wp.unil.ch\/digitalskills\/files\/2023\/02\/FUTURE_UNIVERSITY_stand_edhub_days_2023-1024x806.jpg 1024w, https:\/\/wp.unil.ch\/digitalskills\/files\/2023\/02\/FUTURE_UNIVERSITY_stand_edhub_days_2023-768x605.jpg 768w, https:\/\/wp.unil.ch\/digitalskills\/files\/2023\/02\/FUTURE_UNIVERSITY_stand_edhub_days_2023-15x12.jpg 15w, https:\/\/wp.unil.ch\/digitalskills\/files\/2023\/02\/FUTURE_UNIVERSITY_stand_edhub_days_2023-540x425.jpg 540w, https:\/\/wp.unil.ch\/digitalskills\/files\/2023\/02\/FUTURE_UNIVERSITY_stand_edhub_days_2023-1080x851.jpg 1080w\" sizes=\"auto, (max-width: 1200px) 100vw, 1200px\" \/><\/a><figcaption class=\"blocks-gallery-item__caption\">Eduhub Days 2023 &#8211; Stand Future University<\/figcaption><\/figure><\/li><li class=\"blocks-gallery-item\"><figure><a href=\"https:\/\/wp.unil.ch\/digitalskills\/en\/files\/2023\/02\/FUTURE_UNIVERSITY_rollup.jpg\/\"><img loading=\"lazy\" decoding=\"async\" width=\"900\" height=\"1200\" src=\"https:\/\/wp.unil.ch\/digitalskills\/files\/2023\/02\/FUTURE_UNIVERSITY_rollup.jpg\" alt=\"FUTURE_UNIVERSITY_rollup\" class=\"wp-image-1295\" srcset=\"https:\/\/wp.unil.ch\/digitalskills\/files\/2023\/02\/FUTURE_UNIVERSITY_rollup.jpg 900w, https:\/\/wp.unil.ch\/digitalskills\/files\/2023\/02\/FUTURE_UNIVERSITY_rollup-225x300.jpg 225w, https:\/\/wp.unil.ch\/digitalskills\/files\/2023\/02\/FUTURE_UNIVERSITY_rollup-768x1024.jpg 768w, https:\/\/wp.unil.ch\/digitalskills\/files\/2023\/02\/FUTURE_UNIVERSITY_rollup-9x12.jpg 9w, https:\/\/wp.unil.ch\/digitalskills\/files\/2023\/02\/FUTURE_UNIVERSITY_rollup-540x720.jpg 540w\" sizes=\"auto, (max-width: 900px) 100vw, 900px\" \/><\/a><figcaption class=\"blocks-gallery-item__caption\">Eduhub Days 2023 &#8211; Stand Future University<\/figcaption><\/figure><\/li><li class=\"blocks-gallery-item\"><figure><a href=\"https:\/\/wp.unil.ch\/digitalskills\/en\/files\/2023\/02\/FUTURE_UNIVERSITY_etudier.jpg\/\"><img loading=\"lazy\" decoding=\"async\" width=\"1200\" height=\"848\" src=\"https:\/\/wp.unil.ch\/digitalskills\/files\/2023\/02\/FUTURE_UNIVERSITY_etudier.jpg\" alt=\"FUTURE_UNIVERSITY_etudier\" class=\"wp-image-1294\" srcset=\"https:\/\/wp.unil.ch\/digitalskills\/files\/2023\/02\/FUTURE_UNIVERSITY_etudier.jpg 1200w, https:\/\/wp.unil.ch\/digitalskills\/files\/2023\/02\/FUTURE_UNIVERSITY_etudier-300x212.jpg 300w, https:\/\/wp.unil.ch\/digitalskills\/files\/2023\/02\/FUTURE_UNIVERSITY_etudier-1024x724.jpg 1024w, https:\/\/wp.unil.ch\/digitalskills\/files\/2023\/02\/FUTURE_UNIVERSITY_etudier-768x543.jpg 768w, https:\/\/wp.unil.ch\/digitalskills\/files\/2023\/02\/FUTURE_UNIVERSITY_etudier-18x12.jpg 18w, https:\/\/wp.unil.ch\/digitalskills\/files\/2023\/02\/FUTURE_UNIVERSITY_etudier-540x382.jpg 540w, https:\/\/wp.unil.ch\/digitalskills\/files\/2023\/02\/FUTURE_UNIVERSITY_etudier-1080x763.jpg 1080w\" sizes=\"auto, (max-width: 1200px) 100vw, 1200px\" \/><\/a><figcaption class=\"blocks-gallery-item__caption\">Eduhub Days 2023 &#8211; D\u00e9velopper des comp\u00e9tences num\u00e9riques pour \u00e9tudier, illustration Florent Meylan<\/figcaption><\/figure><\/li><li class=\"blocks-gallery-item\"><figure><a href=\"https:\/\/wp.unil.ch\/digitalskills\/en\/files\/2023\/02\/FUTURE_UNIVERSITY_enseigner.jpg\/\"><img loading=\"lazy\" decoding=\"async\" width=\"1200\" height=\"900\" src=\"https:\/\/wp.unil.ch\/digitalskills\/files\/2023\/02\/FUTURE_UNIVERSITY_enseigner.jpg\" alt=\"FUTURE_UNIVERSITY_enseigner\" class=\"wp-image-1293\" srcset=\"https:\/\/wp.unil.ch\/digitalskills\/files\/2023\/02\/FUTURE_UNIVERSITY_enseigner.jpg 1200w, https:\/\/wp.unil.ch\/digitalskills\/files\/2023\/02\/FUTURE_UNIVERSITY_enseigner-300x225.jpg 300w, https:\/\/wp.unil.ch\/digitalskills\/files\/2023\/02\/FUTURE_UNIVERSITY_enseigner-1024x768.jpg 1024w, https:\/\/wp.unil.ch\/digitalskills\/files\/2023\/02\/FUTURE_UNIVERSITY_enseigner-768x576.jpg 768w, https:\/\/wp.unil.ch\/digitalskills\/files\/2023\/02\/FUTURE_UNIVERSITY_enseigner-16x12.jpg 16w, https:\/\/wp.unil.ch\/digitalskills\/files\/2023\/02\/FUTURE_UNIVERSITY_enseigner-540x405.jpg 540w, https:\/\/wp.unil.ch\/digitalskills\/files\/2023\/02\/FUTURE_UNIVERSITY_enseigner-1080x810.jpg 1080w\" sizes=\"auto, (max-width: 1200px) 100vw, 1200px\" \/><\/a><figcaption class=\"blocks-gallery-item__caption\">Eduhub Days 2023 &#8211; D\u00e9velopper des comp\u00e9tences num\u00e9riques pour enseigner, illustration Florent Meylan<\/figcaption><\/figure><\/li><li class=\"blocks-gallery-item\"><figure><a href=\"https:\/\/wp.unil.ch\/digitalskills\/en\/files\/2023\/02\/EDUHUB_DAYS_switch.jpg\/\"><img loading=\"lazy\" decoding=\"async\" width=\"1114\" height=\"1200\" src=\"https:\/\/wp.unil.ch\/digitalskills\/files\/2023\/02\/EDUHUB_DAYS_switch.jpg\" alt=\"EDUHUB_DAYS_switch\" class=\"wp-image-1292\" srcset=\"https:\/\/wp.unil.ch\/digitalskills\/files\/2023\/02\/EDUHUB_DAYS_switch.jpg 1114w, https:\/\/wp.unil.ch\/digitalskills\/files\/2023\/02\/EDUHUB_DAYS_switch-279x300.jpg 279w, https:\/\/wp.unil.ch\/digitalskills\/files\/2023\/02\/EDUHUB_DAYS_switch-951x1024.jpg 951w, https:\/\/wp.unil.ch\/digitalskills\/files\/2023\/02\/EDUHUB_DAYS_switch-768x827.jpg 768w, https:\/\/wp.unil.ch\/digitalskills\/files\/2023\/02\/EDUHUB_DAYS_switch-11x12.jpg 11w, https:\/\/wp.unil.ch\/digitalskills\/files\/2023\/02\/EDUHUB_DAYS_switch-540x582.jpg 540w, https:\/\/wp.unil.ch\/digitalskills\/files\/2023\/02\/EDUHUB_DAYS_switch-1080x1163.jpg 1080w\" sizes=\"auto, (max-width: 1114px) 100vw, 1114px\" \/><\/a><figcaption class=\"blocks-gallery-item__caption\">Eduhub Days 2023, un \u00e9v\u00e9nement organis\u00e9 par Switch pour la communaut\u00e9 e-learning des universit\u00e9s et hautes \u00e9coles suisses<\/figcaption><\/figure><\/li><li class=\"blocks-gallery-item\"><figure><a href=\"https:\/\/wp.unil.ch\/digitalskills\/en\/files\/2023\/02\/EDUHUB_DAYS_2023_switch_hack_the_hacker.jpg\/\"><img loading=\"lazy\" decoding=\"async\" width=\"1200\" height=\"1169\" src=\"https:\/\/wp.unil.ch\/digitalskills\/files\/2023\/02\/EDUHUB_DAYS_2023_switch_hack_the_hacker.jpg\" alt=\"EDUHUB_DAYS_2023_switch_hack_the_hacker\" class=\"wp-image-1291\" srcset=\"https:\/\/wp.unil.ch\/digitalskills\/files\/2023\/02\/EDUHUB_DAYS_2023_switch_hack_the_hacker.jpg 1200w, https:\/\/wp.unil.ch\/digitalskills\/files\/2023\/02\/EDUHUB_DAYS_2023_switch_hack_the_hacker-300x292.jpg 300w, https:\/\/wp.unil.ch\/digitalskills\/files\/2023\/02\/EDUHUB_DAYS_2023_switch_hack_the_hacker-1024x998.jpg 1024w, https:\/\/wp.unil.ch\/digitalskills\/files\/2023\/02\/EDUHUB_DAYS_2023_switch_hack_the_hacker-768x748.jpg 768w, https:\/\/wp.unil.ch\/digitalskills\/files\/2023\/02\/EDUHUB_DAYS_2023_switch_hack_the_hacker-12x12.jpg 12w, https:\/\/wp.unil.ch\/digitalskills\/files\/2023\/02\/EDUHUB_DAYS_2023_switch_hack_the_hacker-540x526.jpg 540w, https:\/\/wp.unil.ch\/digitalskills\/files\/2023\/02\/EDUHUB_DAYS_2023_switch_hack_the_hacker-1080x1052.jpg 1080w\" sizes=\"auto, (max-width: 1200px) 100vw, 1200px\" \/><\/a><figcaption class=\"blocks-gallery-item__caption\">Eduhub Days 2023 &#8211; \u00ab\u00a0Hack the Hacker\u00a0\u00bb, un escape game de sensibilisation \u00e0 la cybers\u00e9curit\u00e9 propos\u00e9 par Switch<\/figcaption><\/figure><\/li><li class=\"blocks-gallery-item\"><figure><a href=\"https:\/\/wp.unil.ch\/digitalskills\/en\/files\/2023\/02\/EDUHUB_DAYS_2023_stand_st-Gall.jpg\/\"><img loading=\"lazy\" decoding=\"async\" width=\"1200\" height=\"1153\" src=\"https:\/\/wp.unil.ch\/digitalskills\/files\/2023\/02\/EDUHUB_DAYS_2023_stand_st-Gall.jpg\" alt=\"EDUHUB_DAYS_2023_stand_st-Gall\" class=\"wp-image-1289\" srcset=\"https:\/\/wp.unil.ch\/digitalskills\/files\/2023\/02\/EDUHUB_DAYS_2023_stand_st-Gall.jpg 1200w, https:\/\/wp.unil.ch\/digitalskills\/files\/2023\/02\/EDUHUB_DAYS_2023_stand_st-Gall-300x288.jpg 300w, https:\/\/wp.unil.ch\/digitalskills\/files\/2023\/02\/EDUHUB_DAYS_2023_stand_st-Gall-1024x984.jpg 1024w, https:\/\/wp.unil.ch\/digitalskills\/files\/2023\/02\/EDUHUB_DAYS_2023_stand_st-Gall-768x738.jpg 768w, https:\/\/wp.unil.ch\/digitalskills\/files\/2023\/02\/EDUHUB_DAYS_2023_stand_st-Gall-12x12.jpg 12w, https:\/\/wp.unil.ch\/digitalskills\/files\/2023\/02\/EDUHUB_DAYS_2023_stand_st-Gall-540x519.jpg 540w, https:\/\/wp.unil.ch\/digitalskills\/files\/2023\/02\/EDUHUB_DAYS_2023_stand_st-Gall-1080x1038.jpg 1080w\" sizes=\"auto, (max-width: 1200px) 100vw, 1200px\" \/><\/a><figcaption class=\"blocks-gallery-item__caption\">Eduhub Days 2023 &#8211; Stand de pr\u00e9sentation de l&rsquo;app \u00ab\u00a0Brian\u00a0\u00bb de l&rsquo;Universit\u00e9 de St-Gall<\/figcaption><\/figure><\/li><li class=\"blocks-gallery-item\"><figure><a href=\"https:\/\/wp.unil.ch\/digitalskills\/en\/files\/2023\/02\/EDUHUB_DAYS_2023_stand.jpg\/\"><img loading=\"lazy\" decoding=\"async\" width=\"1200\" height=\"1178\" src=\"https:\/\/wp.unil.ch\/digitalskills\/files\/2023\/02\/EDUHUB_DAYS_2023_stand.jpg\" alt=\"EDUHUB_DAYS_2023_stand\" class=\"wp-image-1290\" srcset=\"https:\/\/wp.unil.ch\/digitalskills\/files\/2023\/02\/EDUHUB_DAYS_2023_stand.jpg 1200w, https:\/\/wp.unil.ch\/digitalskills\/files\/2023\/02\/EDUHUB_DAYS_2023_stand-300x295.jpg 300w, https:\/\/wp.unil.ch\/digitalskills\/files\/2023\/02\/EDUHUB_DAYS_2023_stand-1024x1005.jpg 1024w, https:\/\/wp.unil.ch\/digitalskills\/files\/2023\/02\/EDUHUB_DAYS_2023_stand-768x754.jpg 768w, https:\/\/wp.unil.ch\/digitalskills\/files\/2023\/02\/EDUHUB_DAYS_2023_stand-12x12.jpg 12w, https:\/\/wp.unil.ch\/digitalskills\/files\/2023\/02\/EDUHUB_DAYS_2023_stand-540x530.jpg 540w, https:\/\/wp.unil.ch\/digitalskills\/files\/2023\/02\/EDUHUB_DAYS_2023_stand-1080x1060.jpg 1080w\" sizes=\"auto, (max-width: 1200px) 100vw, 1200px\" \/><\/a><figcaption class=\"blocks-gallery-item__caption\">Eduhub Days 2023 &#8211; Stand Future University<\/figcaption><\/figure><\/li><li class=\"blocks-gallery-item\"><figure><a href=\"https:\/\/wp.unil.ch\/digitalskills\/en\/files\/2023\/02\/EDUHUB_DAYS_2023_Future_of_Education.jpg\/\"><img loading=\"lazy\" decoding=\"async\" width=\"1200\" height=\"1200\" src=\"https:\/\/wp.unil.ch\/digitalskills\/files\/2023\/02\/EDUHUB_DAYS_2023_Future_of_Education.jpg\" alt=\"EDUHUB_DAYS_2023_Future_of_Education\" class=\"wp-image-1288\" srcset=\"https:\/\/wp.unil.ch\/digitalskills\/files\/2023\/02\/EDUHUB_DAYS_2023_Future_of_Education.jpg 1200w, https:\/\/wp.unil.ch\/digitalskills\/files\/2023\/02\/EDUHUB_DAYS_2023_Future_of_Education-300x300.jpg 300w, https:\/\/wp.unil.ch\/digitalskills\/files\/2023\/02\/EDUHUB_DAYS_2023_Future_of_Education-1024x1024.jpg 1024w, https:\/\/wp.unil.ch\/digitalskills\/files\/2023\/02\/EDUHUB_DAYS_2023_Future_of_Education-150x150.jpg 150w, https:\/\/wp.unil.ch\/digitalskills\/files\/2023\/02\/EDUHUB_DAYS_2023_Future_of_Education-768x768.jpg 768w, https:\/\/wp.unil.ch\/digitalskills\/files\/2023\/02\/EDUHUB_DAYS_2023_Future_of_Education-12x12.jpg 12w, https:\/\/wp.unil.ch\/digitalskills\/files\/2023\/02\/EDUHUB_DAYS_2023_Future_of_Education-540x540.jpg 540w, https:\/\/wp.unil.ch\/digitalskills\/files\/2023\/02\/EDUHUB_DAYS_2023_Future_of_Education-1080x1080.jpg 1080w\" sizes=\"auto, (max-width: 1200px) 100vw, 1200px\" \/><\/a><figcaption class=\"blocks-gallery-item__caption\">Eduhub Days 2023 &#8211; Student&rsquo;s panel \u00ab\u00a0Future of Education\u00a0\u00bb<\/figcaption><\/figure><\/li><li class=\"blocks-gallery-item\"><figure><a href=\"https:\/\/wp.unil.ch\/digitalskills\/en\/files\/2023\/02\/EDUHB_DAYS_2023_magnet.jpg\/\"><img loading=\"lazy\" decoding=\"async\" width=\"1200\" height=\"1200\" src=\"https:\/\/wp.unil.ch\/digitalskills\/files\/2023\/02\/EDUHB_DAYS_2023_magnet.jpg\" alt=\"EDUHB_DAYS_2023_magnet\" class=\"wp-image-1287\" srcset=\"https:\/\/wp.unil.ch\/digitalskills\/files\/2023\/02\/EDUHB_DAYS_2023_magnet.jpg 1200w, https:\/\/wp.unil.ch\/digitalskills\/files\/2023\/02\/EDUHB_DAYS_2023_magnet-300x300.jpg 300w, https:\/\/wp.unil.ch\/digitalskills\/files\/2023\/02\/EDUHB_DAYS_2023_magnet-1024x1024.jpg 1024w, https:\/\/wp.unil.ch\/digitalskills\/files\/2023\/02\/EDUHB_DAYS_2023_magnet-150x150.jpg 150w, https:\/\/wp.unil.ch\/digitalskills\/files\/2023\/02\/EDUHB_DAYS_2023_magnet-768x768.jpg 768w, https:\/\/wp.unil.ch\/digitalskills\/files\/2023\/02\/EDUHB_DAYS_2023_magnet-12x12.jpg 12w, https:\/\/wp.unil.ch\/digitalskills\/files\/2023\/02\/EDUHB_DAYS_2023_magnet-540x540.jpg 540w, https:\/\/wp.unil.ch\/digitalskills\/files\/2023\/02\/EDUHB_DAYS_2023_magnet-1080x1080.jpg 1080w\" sizes=\"auto, (max-width: 1200px) 100vw, 1200px\" \/><\/a><figcaption class=\"blocks-gallery-item__caption\">Eduhub Days 2023 &#8211; Des magnets pour mieux faire connaissance<\/figcaption><\/figure><\/li><li class=\"blocks-gallery-item\"><figure><a href=\"https:\/\/wp.unil.ch\/digitalskills\/en\/files\/2023\/02\/EDHUB_DAYS_2023_EPFL_robot.jpg\/\"><img loading=\"lazy\" decoding=\"async\" width=\"1200\" height=\"752\" src=\"https:\/\/wp.unil.ch\/digitalskills\/files\/2023\/02\/EDHUB_DAYS_2023_EPFL_robot.jpg\" alt=\"EDHUB_DAYS_2023_EPFL_robot\" class=\"wp-image-1286\" srcset=\"https:\/\/wp.unil.ch\/digitalskills\/files\/2023\/02\/EDHUB_DAYS_2023_EPFL_robot.jpg 1200w, https:\/\/wp.unil.ch\/digitalskills\/files\/2023\/02\/EDHUB_DAYS_2023_EPFL_robot-300x188.jpg 300w, https:\/\/wp.unil.ch\/digitalskills\/files\/2023\/02\/EDHUB_DAYS_2023_EPFL_robot-1024x642.jpg 1024w, https:\/\/wp.unil.ch\/digitalskills\/files\/2023\/02\/EDHUB_DAYS_2023_EPFL_robot-768x481.jpg 768w, https:\/\/wp.unil.ch\/digitalskills\/files\/2023\/02\/EDHUB_DAYS_2023_EPFL_robot-18x12.jpg 18w, https:\/\/wp.unil.ch\/digitalskills\/files\/2023\/02\/EDHUB_DAYS_2023_EPFL_robot-540x338.jpg 540w, https:\/\/wp.unil.ch\/digitalskills\/files\/2023\/02\/EDHUB_DAYS_2023_EPFL_robot-1080x677.jpg 1080w\" sizes=\"auto, (max-width: 1200px) 100vw, 1200px\" \/><\/a><figcaption class=\"blocks-gallery-item__caption\">Eduhub Days 2023 &#8211; Artificielle ou non, l&rsquo;intelligence se partage sur le stand du Center for Digital Education de l&rsquo;EPFL<\/figcaption><\/figure><\/li><li class=\"blocks-gallery-item\"><figure><a href=\"https:\/\/wp.unil.ch\/digitalskills\/en\/files\/2023\/02\/EDHUB_DAYS_2023_campus_UNIL.jpg\/\"><img loading=\"lazy\" decoding=\"async\" width=\"1200\" height=\"1200\" src=\"https:\/\/wp.unil.ch\/digitalskills\/files\/2023\/02\/EDHUB_DAYS_2023_campus_UNIL.jpg\" alt=\"EDHUB_DAYS_2023_campus_UNIL\" class=\"wp-image-1285\" srcset=\"https:\/\/wp.unil.ch\/digitalskills\/files\/2023\/02\/EDHUB_DAYS_2023_campus_UNIL.jpg 1200w, https:\/\/wp.unil.ch\/digitalskills\/files\/2023\/02\/EDHUB_DAYS_2023_campus_UNIL-300x300.jpg 300w, https:\/\/wp.unil.ch\/digitalskills\/files\/2023\/02\/EDHUB_DAYS_2023_campus_UNIL-1024x1024.jpg 1024w, https:\/\/wp.unil.ch\/digitalskills\/files\/2023\/02\/EDHUB_DAYS_2023_campus_UNIL-150x150.jpg 150w, https:\/\/wp.unil.ch\/digitalskills\/files\/2023\/02\/EDHUB_DAYS_2023_campus_UNIL-768x768.jpg 768w, https:\/\/wp.unil.ch\/digitalskills\/files\/2023\/02\/EDHUB_DAYS_2023_campus_UNIL-12x12.jpg 12w, https:\/\/wp.unil.ch\/digitalskills\/files\/2023\/02\/EDHUB_DAYS_2023_campus_UNIL-540x540.jpg 540w, https:\/\/wp.unil.ch\/digitalskills\/files\/2023\/02\/EDHUB_DAYS_2023_campus_UNIL-1080x1080.jpg 1080w\" sizes=\"auto, (max-width: 1200px) 100vw, 1200px\" \/><\/a><figcaption class=\"blocks-gallery-item__caption\">Eduhub Days 2023 &#8211; Campus de l&rsquo;UNIL<\/figcaption><\/figure><\/li><li class=\"blocks-gallery-item\"><figure><a href=\"https:\/\/wp.unil.ch\/digitalskills\/en\/files\/2023\/02\/EDHUB_DAYS_2023_amphimax_UNIL.jpg\/\"><img loading=\"lazy\" decoding=\"async\" width=\"1200\" height=\"1200\" src=\"https:\/\/wp.unil.ch\/digitalskills\/files\/2023\/02\/EDHUB_DAYS_2023_amphimax_UNIL.jpg\" alt=\"EDHUB_DAYS_2023_amphimax_UNIL\" class=\"wp-image-1284\" srcset=\"https:\/\/wp.unil.ch\/digitalskills\/files\/2023\/02\/EDHUB_DAYS_2023_amphimax_UNIL.jpg 1200w, https:\/\/wp.unil.ch\/digitalskills\/files\/2023\/02\/EDHUB_DAYS_2023_amphimax_UNIL-300x300.jpg 300w, https:\/\/wp.unil.ch\/digitalskills\/files\/2023\/02\/EDHUB_DAYS_2023_amphimax_UNIL-1024x1024.jpg 1024w, https:\/\/wp.unil.ch\/digitalskills\/files\/2023\/02\/EDHUB_DAYS_2023_amphimax_UNIL-150x150.jpg 150w, https:\/\/wp.unil.ch\/digitalskills\/files\/2023\/02\/EDHUB_DAYS_2023_amphimax_UNIL-768x768.jpg 768w, https:\/\/wp.unil.ch\/digitalskills\/files\/2023\/02\/EDHUB_DAYS_2023_amphimax_UNIL-12x12.jpg 12w, https:\/\/wp.unil.ch\/digitalskills\/files\/2023\/02\/EDHUB_DAYS_2023_amphimax_UNIL-540x540.jpg 540w, https:\/\/wp.unil.ch\/digitalskills\/files\/2023\/02\/EDHUB_DAYS_2023_amphimax_UNIL-1080x1080.jpg 1080w\" sizes=\"auto, (max-width: 1200px) 100vw, 1200px\" \/><\/a><figcaption class=\"blocks-gallery-item__caption\">Eduhub Days 2023 &#8211; Les conf\u00e9rences se sont d\u00e9roul\u00e9es dans le spacieux auditoire de l&rsquo;Amphimax<\/figcaption><\/figure><\/li><\/ul>\n\n\n<p>? <strong>Photos d\u2019ambiance de quelques stands<\/strong><\/p>\n\n\n\n<p><a href=\"https:\/\/www.epfl.ch\/education\/educational-initiatives\/cede\/\" target=\"_blank\" rel=\"noreferrer noopener\">Center for digital education @EPFL<\/a><br>Gamified Learning in Higher Education: <a href=\"https:\/\/brian.study\/\" target=\"_blank\" rel=\"noreferrer noopener\">Learning app \u00ab\u00a0Brian\u00a0\u00bb @Universit\u00e4t St.Gallen<\/a><br><a href=\"https:\/\/www.switch.ch\/fr\/stories\/escape-room-hack-the-hacker\/\" target=\"_blank\" rel=\"noreferrer noopener\">Hack The Hacker\u00bb the escape room @SWITCH<\/a><\/p>\n\n\n\n<p>? Eduhub Days 2023 <a href=\"https:\/\/eduhubdays2023.events.switch.ch\/\" target=\"_blank\" rel=\"noreferrer noopener\">https:\/\/eduhubdays2023.events.switch.ch\/<\/a><\/p>\n\n\n\n<p>?Envie d\u2019en savoir plus sur notre projet Future University? Retrouvez toutes les informations et l\u2019agenda de nos prochaines activit\u00e9s sur le site <a href=\"https:\/\/www.digitalskills-edu.ch\">www.digitalskills-edu.ch<\/a><\/p>","protected":false},"excerpt":{"rendered":"<p>Retour en images sur les Eduhub Days 2023, l\u2019une des premi\u00e8res grandes rencontres \u00e0 laquelle nous avons particip\u00e9 en pr\u00e9sentiel depuis le lancement du projet en 2021. Sur&hellip;<\/p>","protected":false},"author":1002683,"featured_media":0,"parent":1982,"menu_order":0,"comment_status":"closed","ping_status":"closed","template":"template-full-width.php","meta":{"_seopress_robots_primary_cat":"","_seopress_titles_title":"","_seopress_titles_desc":"","_seopress_robots_index":"","footnotes":""},"class_list":["post-1748","page","type-page","status-publish","has-post-thumbnail"],"_links":{"self":[{"href":"https:\/\/wp.unil.ch\/digitalskills\/en\/wp-json\/wp\/v2\/pages\/1748","targetHints":{"allow":["GET"]}}],"collection":[{"href":"https:\/\/wp.unil.ch\/digitalskills\/en\/wp-json\/wp\/v2\/pages"}],"about":[{"href":"https:\/\/wp.unil.ch\/digitalskills\/en\/wp-json\/wp\/v2\/types\/page"}],"author":[{"embeddable":true,"href":"https:\/\/wp.unil.ch\/digitalskills\/en\/wp-json\/wp\/v2\/users\/1002683"}],"replies":[{"embeddable":true,"href":"https:\/\/wp.unil.ch\/digitalskills\/en\/wp-json\/wp\/v2\/comments?post=1748"}],"version-history":[{"count":1,"href":"https:\/\/wp.unil.ch\/digitalskills\/en\/wp-json\/wp\/v2\/pages\/1748\/revisions"}],"predecessor-version":[{"id":2082,"href":"https:\/\/wp.unil.ch\/digitalskills\/en\/wp-json\/wp\/v2\/pages\/1748\/revisions\/2082"}],"up":[{"embeddable":true,"href":"https:\/\/wp.unil.ch\/digitalskills\/en\/wp-json\/wp\/v2\/pages\/1982"}],"wp:attachment":[{"href":"https:\/\/wp.unil.ch\/digitalskills\/en\/wp-json\/wp\/v2\/media?parent=1748"}],"curies":[{"name":"wp","href":"https:\/\/api.w.org\/{rel}","templated":true}]}}