{"id":1733,"date":"2023-10-19T14:44:40","date_gmt":"2023-10-19T12:44:40","guid":{"rendered":"https:\/\/wp.unil.ch\/digitalskills\/?page_id=1733"},"modified":"2023-10-25T13:18:17","modified_gmt":"2023-10-25T11:18:17","slug":"etudiants","status":"publish","type":"page","link":"https:\/\/wp.unil.ch\/digitalskills\/en\/etudiants\/","title":{"rendered":"Students"},"content":{"rendered":"<p>One of the axes of the project is aimed at students : <br><strong>Reinforcing digital skills for learning.<\/strong><\/p>\n\n\n<div class=\"wp-block-image\">\n<figure class=\"aligncenter size-large is-resized\"><img loading=\"lazy\" decoding=\"async\" width=\"1024\" height=\"341\" src=\"https:\/\/wp.unil.ch\/digitalskills\/files\/2022\/04\/firmbee-com-gcsNOsPEXfs-unsplash_b-1024x341.png\" alt=\"bureau avec feuilles, surligneur et smartphone\" class=\"wp-image-276\" style=\"aspect-ratio:3.002932551319648;width:569px;height:auto\" srcset=\"https:\/\/wp.unil.ch\/digitalskills\/files\/2022\/04\/firmbee-com-gcsNOsPEXfs-unsplash_b-1024x341.png 1024w, https:\/\/wp.unil.ch\/digitalskills\/files\/2022\/04\/firmbee-com-gcsNOsPEXfs-unsplash_b-300x100.png 300w, https:\/\/wp.unil.ch\/digitalskills\/files\/2022\/04\/firmbee-com-gcsNOsPEXfs-unsplash_b-768x256.png 768w, https:\/\/wp.unil.ch\/digitalskills\/files\/2022\/04\/firmbee-com-gcsNOsPEXfs-unsplash_b-540x180.png 540w, https:\/\/wp.unil.ch\/digitalskills\/files\/2022\/04\/firmbee-com-gcsNOsPEXfs-unsplash_b-1080x360.png 1080w, https:\/\/wp.unil.ch\/digitalskills\/files\/2022\/04\/firmbee-com-gcsNOsPEXfs-unsplash_b.png 1500w\" sizes=\"auto, (max-width: 1024px) 100vw, 1024px\" \/><\/figure>\n<\/div>\n\n\n<p id=\"le-projet-a-pour-objectif-de-developper-les-competences-numeriques-necessaires-pour-participer-aux-enseignements-hybrides-ou-completement-a-distance-dans-les-meilleures-conditions-pour-collaborer-renforcer-les-apprentissages-et-developper-une-autonomie-numerique-il-vise-a-developper-les-competences-numeriques-des-cinq-domaines-definis-dans-le-digcomp-europeen\" class=\"translation-block\">The project aims to develop the digital skills necessary to participate in hybrid or fully distance learning in the best conditions, to collaborate, to reinforce learning and to develop digital autonomy. It aims to develop digital skills in the five areas defined in the European DigComp.<\/p>\n\n\n\n<p>A number of actions are taken to achieve this objective. <\/p>\n\n\n\n<ol class=\"wp-block-list\">\n<li><strong><a href=\"https:\/\/wp.unil.ch\/digitalskills\/en\/etudiants\/referentiel\/\">Reference framework for studying<\/a><\/strong><br>Team members are developing a reference framework for students, based on DigComp and updated to meet new needs.<br><\/li>\n\n\n\n<li><strong><a href=\"https:\/\/wp.unil.ch\/digitalskills\/en\/etudiants\/auto-positionnement\/\">Auto-positionnement sur les comp\u00e9tences num\u00e9riques<\/a><\/strong><br>This tool has been developed to assess students' abilities in relation to the reference framework for learning. It also provides resources by level.<br><\/li>\n\n\n\n<li><strong><a href=\"https:\/\/wp.unil.ch\/digitalskills\/en\/etudiants\/kairos\/\">Ka\u00efros Learning Platform<\/a><\/strong><br>A learning platform is being built, which takes some of the ideas from other available platforms such as Pix and TOSA, and improves on them. <br><\/li>\n\n\n\n<li><strong><a href=\"https:\/\/wp.unil.ch\/digitalskills\/en\/etudiants\/numeri-labs\/\">Num\u00e9ri-Labs<\/a><\/strong><br>Training in the use of digital tools for educational purposes is provided.<br><\/li>\n\n\n\n<li><a href=\"https:\/\/wp.unil.ch\/digitalskills\/en\/etudiants\/train\/\"><strong>TRAIN<\/strong><\/a><br>The TRAINs are round-table discussions with a panel of experts on a range of subjects linking education and digital technology.<\/li>\n<\/ol>","protected":false},"excerpt":{"rendered":"<p>L&rsquo;un des axes du projet est \u00e0 destination des \u00e9tudiantes et \u00e9tudiants : Renforcer les comp\u00e9tences num\u00e9riques pour apprendre. Le projet a pour objectif de d\u00e9velopper les comp\u00e9tences&hellip;<\/p>","protected":false},"author":1002683,"featured_media":0,"parent":0,"menu_order":0,"comment_status":"closed","ping_status":"closed","template":"template-full-width.php","meta":{"_seopress_robots_primary_cat":"","_seopress_titles_title":"","_seopress_titles_desc":"","_seopress_robots_index":"","footnotes":""},"class_list":["post-1733","page","type-page","status-publish","has-post-thumbnail"],"_links":{"self":[{"href":"https:\/\/wp.unil.ch\/digitalskills\/en\/wp-json\/wp\/v2\/pages\/1733","targetHints":{"allow":["GET"]}}],"collection":[{"href":"https:\/\/wp.unil.ch\/digitalskills\/en\/wp-json\/wp\/v2\/pages"}],"about":[{"href":"https:\/\/wp.unil.ch\/digitalskills\/en\/wp-json\/wp\/v2\/types\/page"}],"author":[{"embeddable":true,"href":"https:\/\/wp.unil.ch\/digitalskills\/en\/wp-json\/wp\/v2\/users\/1002683"}],"replies":[{"embeddable":true,"href":"https:\/\/wp.unil.ch\/digitalskills\/en\/wp-json\/wp\/v2\/comments?post=1733"}],"version-history":[{"count":5,"href":"https:\/\/wp.unil.ch\/digitalskills\/en\/wp-json\/wp\/v2\/pages\/1733\/revisions"}],"predecessor-version":[{"id":2076,"href":"https:\/\/wp.unil.ch\/digitalskills\/en\/wp-json\/wp\/v2\/pages\/1733\/revisions\/2076"}],"wp:attachment":[{"href":"https:\/\/wp.unil.ch\/digitalskills\/en\/wp-json\/wp\/v2\/media?parent=1733"}],"curies":[{"name":"wp","href":"https:\/\/api.w.org\/{rel}","templated":true}]}}